{"id":326,"date":"2021-10-21T18:19:39","date_gmt":"2021-10-21T21:19:39","guid":{"rendered":"https:\/\/wp.ufpel.edu.br\/lapam\/?page_id=326"},"modified":"2025-11-13T10:18:00","modified_gmt":"2025-11-13T13:18:00","slug":"trabalhos-de-conclusao-de-curso","status":"publish","type":"page","link":"https:\/\/wp.ufpel.edu.br\/lapam\/trabalhos-de-conclusao-de-curso\/","title":{"rendered":"Trabalhos de Conclus\u00e3o de Curso &#8211; TCC"},"content":{"rendered":"<h2>2025<\/h2>\n<p>1. <a href=\"https:\/\/pergamum.ufpel.edu.br\/pergamumweb\/download\/FD67BB47-A741-4012-9BB8-3A7A9DDE47CC.pdf\">Mariana Figueira Machado. <strong>Rugosidade da Superf\u00edcie em Pain\u00e9is Produzidos com Diferentes Materiais Lignocelul\u00f3sicos<\/strong>. 2025. Trabalho de Conclus\u00e3o de Curso. (Gradua\u00e7\u00e3o em Engenharia Industrial Madeireira) &#8211; Universidade Federal de Pelotas. Orientador: \u00c9rika da Silva Ferreira.<\/a><\/p>\n<h2>2024<\/h2>\n<p>2. <a href=\"https:\/\/pergamum.ufpel.edu.br\/pergamumweb\/downloadArquivo?vinculo=M0I5ODdFMlkyOWtSVzF3Y21WellUMHpOakltWVdObGNuWnZQVEV5T0RVNU5TWnpaWEZRWVhKaFozSmhabTg5TVNaelpYRlRaV05oYnowNEptdGhjbVJsZUQxT0pteHZZMkZzUVhKeGRXbDJiejFEVDAxUVFWSlVTVXhJUVUxRlRsUlBKbTV2YldWRFlXMXBibWh2UFRBd01ERXlaUzh3TURBeE1tVTVZaTV3WkdZPUZDQ0Y4RjM=&amp;nomeExtensao=.pdf\">Andrey Janke dos Santos. PAIN\u00c9IS ISOLANTES PARA USO INTERNO CONSTITU\u00cdDOS POR MADEIRADE PINUS SP. E CASCA DE ARROZ EM DIFERENTES PROPOR\u00c7\u00d5ES. 2024. Trabalho de Conclus\u00e3o de Curso. (Gradua\u00e7\u00e3o em Engenharia Industrial Madeireira) &#8211; Universidade Federal de Pelotas. Orientador: \u00c9rika da Silva Ferreira.<\/a><\/p>\n<h2>2019<\/h2>\n<p>3. <a href=\"https:\/\/pergamum.ufpel.edu.br\/pergamumweb\/vinculos\/0000db\/0000db77.pdf\">Tha\u00eds Vieira Holz. <strong>PAIN\u00c9IS AGLOMERADOS CONSTITU\u00cdDOS POR MADEIRA DE <em>Pinus elliottii<\/em> TRATADA COM CCA E DIFERENTES PROPOR\u00c7\u00d5ES DE CASCA DE ARROZ<\/strong>. 2019. Trabalho de Conclus\u00e3o de Curso. (Gradua\u00e7\u00e3o em Engenharia Industrial Madeireira) &#8211; Universidade Federal de Pelotas. Orientador: \u00c9rika da Silva Ferreira.<\/a><\/p>\n<p>4. <a href=\"https:\/\/pergamum.ufpel.edu.br\/pergamumweb\/vinculos\/0000c1\/0000c157.pdf\">Arthur Garcia Lucas. <strong>Utiliza\u00e7\u00e3o da casca de <em>Acacia mearnsii<\/em> de Wild. para produ\u00e7\u00e3o de OSB com madeira de pinus em diferentes composi\u00e7\u00f5es de camadas e incorpora\u00e7\u00e3o de nanofibrilas de celulose<\/strong><b>. <\/b>2019. Trabalho de Conclus\u00e3o de Curso. (Gradua\u00e7\u00e3o em Engenharia Industrial Madeireira) &#8211; Universidade Federal de Pelotas. Orientador: \u00c9rika da Silva Ferreira.<\/a><\/p>\n<h2>2017<\/h2>\n<p>5. <a href=\"https:\/\/pergamum.ufpel.edu.br\/pergamumweb\/vinculos\/0000ae\/0000aef9.pdf\">Aline Scheer Knuth. <b>Propriedades f\u00edsico-mec\u00e2nicas de pain\u00e9is aglomerados produzidos com <em>Tectona grandis<\/em> L. f. e adi\u00e7\u00e3o de diferentes teores de polietileno tereftalato<\/b>. 2017. Trabalho de Conclus\u00e3o de Curso. (Gradua\u00e7\u00e3o em Engenharia Industrial Madeireira) &#8211; Universidade Federal de Pelotas. Orientador: \u00c9rika da Silva Ferreira.<\/a><\/p>\n<p>6. <a href=\"https:\/\/pergamum.ufpel.edu.br\/pergamumweb\/vinculos\/0000d8\/0000d830.pdf\">Get\u00falio Reis Louren\u00e7o Neto. <strong>PROPRIEDADES TECNOL\u00d3GICAS DE PAINEIS AGLOMERADOS PRODUZIDOS COM RESIDUOS LIGNOCELULOSICOS<\/strong>. 2017. Trabalho de Conclus\u00e3o de Curso. (Gradua\u00e7\u00e3o em Engenharia Industrial Madeireira) &#8211; Universidade Federal de Pelotas. Orientador: \u00c9rika da Silva Ferreira.<\/a><\/p>\n<h2>2015<\/h2>\n<p>7. <a href=\"https:\/\/pergamum.ufpel.edu.br\/pergamumweb\/vinculos\/0000ac\/0000ac86.pdf\">Felipe Amaral Ribeiro. <strong>Propriedades f\u00edsicas de compensados fen\u00f3licos produzidos com diferentes arranjos de l\u00e2minas de <em>Pinus taeda<\/em> L. e <em>Anacardium occidentale<\/em> L<\/strong>.. 2015. Trabalho de Conclus\u00e3o de Curso. (Gradua\u00e7\u00e3o em Engenharia Industrial Madeireira) &#8211; Universidade Federal de Pelotas. Orientador: \u00c9rika da Silva Ferreira.<\/a><\/p>\n<p>8. <a href=\"https:\/\/pergamum.ufpel.edu.br\/pergamumweb\/vinculos\/0000ac\/0000ac8c.pdf\">H\u00e9lio Marques Ribeiro Neto. <strong>Uso da farinha do endocarpo de <em>Prunus persica<\/em> L. como material de enchimento para produ\u00e7\u00e3o de compensados estruturais de <em>Pinus taeda<\/em> L. e<em> Eucalyptus dunnii<\/em> Maiden<\/strong>. 2015. Trabalho de Conclus\u00e3o de Curso. (Gradua\u00e7\u00e3o em Engenharia Industrial Madeireira) &#8211; Universidade Federal de Pelotas. Orientador: \u00c9rika da Silva Ferreira.<\/a><\/p>\n<p>9. <a href=\"https:\/\/pergamum.ufpel.edu.br\/pergamumweb\/vinculos\/0000ac\/0000ac8e.pdf\">Luciani da Silva Mota. <strong>Propriedades f\u00edsicas de pain\u00e9is aglomerados de baixa densifica\u00e7\u00e3o produzidos com casca de arroz<\/strong>. 2015. Trabalho de Conclus\u00e3o de Curso. (Gradua\u00e7\u00e3o em Engenharia Industrial Madeireira) &#8211; Universidade Federal de Pelotas. Orientador: \u00c9rika da Silva Ferreira.<\/a><\/p>\n<h2>2014<\/h2>\n<p>10. <a href=\"https:\/\/pergamum.ufpel.edu.br\/pergamumweb\/vinculos\/0000fb\/0000fbbe.pdf\">Bruno Guilherme de Oliveira. <strong>Uso de painel laminado de <em>Pinus taeda<\/em> na produ\u00e7\u00e3o de <em>shape<\/em> para Skateboard<\/strong>. 2014. Trabalho de Conclus\u00e3o de Curso. (Gradua\u00e7\u00e3o em Engenharia Industrial Madeireira) &#8211; Universidade Federal de Pelotas. Orientador: \u00c9rika da Silva Ferreira.<\/a><\/p>\n<p>11. <a href=\"https:\/\/pergamum.ufpel.edu.br\/pergamumweb\/vinculos\/0000fb\/0000fbce.pdf\">M\u00f4nica Let\u00edcia Mackedanz Ribeiro. <strong>Desempenho de liga\u00e7\u00f5es adesivas produzidas com madeiras nativas e adesivo PVA<\/strong>. 2014. Trabalho de Conclus\u00e3o de Curso. (Gradua\u00e7\u00e3o em Engenharia Industrial Madeireira) &#8211; Universidade Federal de Pelotas. Orientador: \u00c9rika da Silva Ferreira.<\/a><\/p>\n<p>12. <a href=\"https:\/\/drive.google.com\/file\/d\/1knmE9JoV2G5v6A-d1td9CaCs578PdXvS\/view?usp=sharing\">Ot\u00e1vio Berruti Aleixo. <strong>Estudo comparativo entre os sistemas construtivos em alvenaria estrutural e <em>wood frame<\/em><\/strong>. 2014. Trabalho de Conclus\u00e3o de Curso. (Gradua\u00e7\u00e3o em Engenharia Industrial Madeireira) &#8211; Universidade Federal de Pelotas. Orientador: \u00c9rika da Silva Ferreira.<\/a><\/p>\n<p><!--nextpage--><\/p>\n<p>13. <a href=\"https:\/\/pergamum.ufpel.edu.br\/pergamumweb\/vinculos\/0000fb\/0000fbc6.pdf\">Jairo das Neves Martins. <strong>Potencial de extra\u00e7\u00e3o dos polifen\u00f3is das cascas de folhosas para produ\u00e7\u00e3o de adesivos<\/strong>. 2014. Trabalho de Conclus\u00e3o de Curso. (Gradua\u00e7\u00e3o em Engenharia Industrial Madeireira) &#8211; Universidade Federal de Pelotas. Orientador: \u00c9rika da Silva Ferreira.<\/a><\/p>\n<h2>2013<\/h2>\n<p>14. <a href=\"https:\/\/pergamum.ufpel.edu.br\/pergamumweb\/vinculos\/0000fb\/0000fbc2.pdf\">Caroline Coelho da Silva. <strong>Qualidade de juntas coladas com madeira de teca (<em>Tectona grandis<\/em>) oriunda da regi\u00e3o de C\u00e1ceres &#8211; MT<\/strong>. 2013. Trabalho de Conclus\u00e3o de Curso. (Gradua\u00e7\u00e3o em Engenharia Industrial Madeireira) &#8211; Universidade Federal de Pelotas. Orientador: \u00c9rika da Silva Ferreira.<\/a><\/p>\n<p>15. <a href=\"https:\/\/pergamum.ufpel.edu.br\/pergamumweb\/vinculos\/0000fb\/0000fbc0.pdf\">Carolina Sica Gon\u00e7alves. <strong>Pain\u00e9is compensados decorativos produzidos com madeira de pinus e eucalipto<\/strong>. 2013. Trabalho de Conclus\u00e3o de Curso. (Gradua\u00e7\u00e3o em Engenharia Industrial Madeireira) &#8211; Universidade Federal de Pelotas. Orientador: \u00c9rika da Silva Ferreira.<\/a><\/p>\n<p>16. <a href=\"https:\/\/pergamum.ufpel.edu.br\/pergamumweb\/vinculos\/0000fb\/0000fbdc.pdf\">Alex Michels. <strong>Influ\u00eancia da classe diam\u00e9trica no desempenho de uma serraria de pequeno porte<\/strong>. 2013. Trabalho de Conclus\u00e3o de Curso. (Gradua\u00e7\u00e3o em Engenharia Industrial Madeireira) &#8211; Universidade Federal de Pelotas. Orientador: \u00c9rika da Silva Ferreira.<\/a><\/p>\n<h2>2012<\/h2>\n<p>17. <a href=\"https:\/\/pergamum.ufpel.edu.br\/pergamumweb\/vinculos\/0000fb\/0000fbc8.pdf\">Jean Nunes Laner. <strong>Produ\u00e7\u00e3o de Comp\u00f3sitos Pol\u00edmero &#8211; Madeira<\/strong>. 2012. Trabalho de Conclus\u00e3o de Curso. (Gradua\u00e7\u00e3o em Engenharia Industrial Madeireira) &#8211; Universidade Federal de Pelotas. Orientador: \u00c9rika da Silva Ferreira.<\/a><\/p>\n<h2>2011<\/h2>\n<p>18. <a href=\"https:\/\/drive.google.com\/file\/d\/1xgOdKttbW5qfndo4N8j9jYCbA1Hs-DKI\/view?usp=sharing\">Luiz Ciprandi. <strong>Avalia\u00e7\u00e3o do desempenho de uma Serraria de pequeno porte no Munic\u00edpio de Cachoeira do Sul -RS<\/strong>. 2011. Trabalho de Conclus\u00e3o de Curso. (Gradua\u00e7\u00e3o em Engenharia Industrial Madeireira) &#8211; Universidade Federal de Pelotas. Orientador: \u00c9rika da Silva Ferreira.<\/a><\/p>\n<h2>2010<\/h2>\n<p>19. <a href=\"https:\/\/pergamum.ufpel.edu.br\/pergamumweb\/downloadArquivo?vinculo=NUU4QjM0QlkyOWtSVzF3Y21WellUMHpOakltWVdObGNuWnZQVEV5TnpBME5pWnpaWEZRWVhKaFozSmhabTg5TVNaelpYRlRaV05oYnowNEptdGhjbVJsZUQxT0pteHZZMkZzUVhKeGRXbDJiejFEVDAxUVFWSlVTVXhJUVUxRlRsUlBKbTV2YldWRFlXMXBibWh2UFRBd01ERXhOeTh3TURBeE1UYzVNQzV3WkdZPTEwOTA3Njg=&amp;nomeExtensao=.pdf\">Ananda Morais Barbosa. <strong>Avalia\u00e7\u00e3o da qualidade dos pain\u00e9is MDF comercializados na regi\u00e3o de Pelotas<\/strong>. 2010. Trabalho de Conclus\u00e3o de Curso. (Gradua\u00e7\u00e3o em Engenharia Industrial Madeireira) &#8211; Universidade Federal de Pelotas. Orientador: \u00c9rika da Silva Ferreira.<\/a><\/p>\n<p>20. <a href=\"https:\/\/pergamum.ufpel.edu.br\/pergamumweb\/vinculos\/000081\/00008137.pdf\">Ariane Angelita Pacheco Piccini. <strong>Efeito do teor de s\u00f3lidos e propor\u00e7\u00e3o de catalisador nas propriedades da resina \u00e0 base de tanino de ac\u00e1cia negra<\/strong>. 2010. Trabalho de Conclus\u00e3o de Curso. (Gradua\u00e7\u00e3o em Engenharia Industrial Madeireira) &#8211; Universidade Federal de Pelotas. Orientador: \u00c9rika da Silva Ferreira.<\/a><\/p>\n<p>21. <a href=\"https:\/\/drive.google.com\/file\/d\/1NuwNGSYloLLbifNsNgnBUvowATZEj-d4\/view?usp=sharing\">Fernando Pereira Lima Marques. <strong>Diretrizes b\u00e1sicas para a implementa\u00e7\u00e3o de um sistema de gest\u00e3o integrado<\/strong>. 2010. Trabalho de Conclus\u00e3o de Curso. (Gradua\u00e7\u00e3o em Engenharia Industrial Madeireira) &#8211; Universidade Federal de Pelotas. Orientador: \u00c9rika da Silva Ferreira.<\/a><\/p>\n<p>22. <a href=\"https:\/\/pergamum.ufpel.edu.br\/pergamumweb\/downloadArquivo?vinculo=RTUxQTcyNFkyOWtSVzF3Y21WellUMHpOakltWVdObGNuWnZQVEV5TnpBMU1DWnpaWEZRWVhKaFozSmhabTg5TVNaelpYRlRaV05oYnowNEptdGhjbVJsZUQxT0pteHZZMkZzUVhKeGRXbDJiejFEVDAxUVFWSlVTVXhJUVUxRlRsUlBKbTV2YldWRFlXMXBibWh2UFRBd01ERXhOeTh3TURBeE1UYzVPQzV3WkdZPTBEMjExMDc=&amp;nomeExtensao=.pdf\">Guinter Neutzling Schneid. <strong>Efeito da geometria das part\u00edculas e teores de resina nas propriedades f\u00edsico-mec\u00e2nicas em pain\u00e9is de madeira aglomerada de <em>Pinus taeda<\/em><\/strong>. 2010. Trabalho de Conclus\u00e3o de Curso. (Gradua\u00e7\u00e3o em Engenharia Industrial Madeireira) &#8211; Universidade Federal de Pelotas. Orientador: \u00c9rika da Silva Ferreira.<\/a><\/p>\n<p><!--nextpage--><\/p>\n<p>23. <a href=\"https:\/\/pergamum.ufpel.edu.br\/pergamumweb\/downloadArquivo?vinculo=QkEyMUU4RVkyOWtSVzF3Y21WellUMHpOakltWVdObGNuWnZQVEV5TnpBME9DWnpaWEZRWVhKaFozSmhabTg5TVNaelpYRlRaV05oYnowNEptdGhjbVJsZUQxT0pteHZZMkZzUVhKeGRXbDJiejFEVDAxUVFWSlVTVXhJUVUxRlRsUlBKbTV2YldWRFlXMXBibWh2UFRBd01ERXhOeTh3TURBeE1UYzVOQzV3WkdZPUIzNzM2QTQ=&amp;nomeExtensao=.pdf\">Leonardo Mendes Nogueira. <strong>Avalia\u00e7\u00e3o da viabilidade do descascamento de toras de <em>Pinus elliottii<\/em> para produ\u00e7\u00e3o de l\u00e2minas de madeira<\/strong>. 2010. Trabalho de Conclus\u00e3o de Curso. (Gradua\u00e7\u00e3o em Engenharia Industrial Madeireira) &#8211; Universidade Federal de Pelotas. Orientador: \u00c9rika da Silva Ferreira.<\/a><\/p>\n<p>24. <a href=\"https:\/\/pergamum.ufpel.edu.br\/pergamumweb\/downloadArquivo?vinculo=RURBRjk5QVkyOWtSVzF3Y21WellUMHpOakltWVdObGNuWnZQVEV5TnpBME9TWnpaWEZRWVhKaFozSmhabTg5TVNaelpYRlRaV05oYnowNEptdGhjbVJsZUQxT0pteHZZMkZzUVhKeGRXbDJiejFEVDAxUVFWSlVTVXhJUVUxRlRsUlBKbTV2YldWRFlXMXBibWh2UFRBd01ERXhOeTh3TURBeE1UYzVOaTV3WkdZPTc2RUE4Q0E=&amp;nomeExtensao=.pdf\">Ramon Kuhn Pollnow. <strong>Pain\u00e9is compensados de <em>Pinus taeda<\/em> produzidos com resina ur\u00e9ia-formalde\u00eddo e diferentes propor\u00e7\u00f5es de resina \u00e0 base de tanino<\/strong>. 2010. Trabalho de Conclus\u00e3o de Curso. (Gradua\u00e7\u00e3o em Engenharia Industrial Madeireira) &#8211; Universidade Federal de Pelotas. Orientador: \u00c9rika da Silva Ferreira.<\/a><\/p>\n","protected":false},"excerpt":{"rendered":"<p>2025 1. Mariana Figueira Machado. Rugosidade da Superf\u00edcie em Pain\u00e9is Produzidos com Diferentes Materiais Lignocelul\u00f3sicos. 2025. Trabalho de Conclus\u00e3o de Curso. (Gradua\u00e7\u00e3o em Engenharia Industrial Madeireira) &#8211; Universidade Federal de Pelotas. Orientador: \u00c9rika da Silva Ferreira. 2024 2. Andrey Janke dos Santos. PAIN\u00c9IS ISOLANTES PARA USO INTERNO CONSTITU\u00cdDOS POR MADEIRADE PINUS SP. E CASCA DE [&hellip;]<\/p>\n","protected":false},"author":1058,"featured_media":0,"parent":0,"menu_order":0,"comment_status":"closed","ping_status":"closed","template":"","meta":{"footnotes":""},"class_list":["post-326","page","type-page","status-publish","hentry"],"_links":{"self":[{"href":"https:\/\/wp.ufpel.edu.br\/lapam\/wp-json\/wp\/v2\/pages\/326","targetHints":{"allow":["GET"]}}],"collection":[{"href":"https:\/\/wp.ufpel.edu.br\/lapam\/wp-json\/wp\/v2\/pages"}],"about":[{"href":"https:\/\/wp.ufpel.edu.br\/lapam\/wp-json\/wp\/v2\/types\/page"}],"author":[{"embeddable":true,"href":"https:\/\/wp.ufpel.edu.br\/lapam\/wp-json\/wp\/v2\/users\/1058"}],"replies":[{"embeddable":true,"href":"https:\/\/wp.ufpel.edu.br\/lapam\/wp-json\/wp\/v2\/comments?post=326"}],"version-history":[{"count":3,"href":"https:\/\/wp.ufpel.edu.br\/lapam\/wp-json\/wp\/v2\/pages\/326\/revisions"}],"predecessor-version":[{"id":592,"href":"https:\/\/wp.ufpel.edu.br\/lapam\/wp-json\/wp\/v2\/pages\/326\/revisions\/592"}],"wp:attachment":[{"href":"https:\/\/wp.ufpel.edu.br\/lapam\/wp-json\/wp\/v2\/media?parent=326"}],"curies":[{"name":"wp","href":"https:\/\/api.w.org\/{rel}","templated":true}]}}