{"id":301,"date":"2021-10-13T22:23:18","date_gmt":"2021-10-14T01:23:18","guid":{"rendered":"https:\/\/wp.ufpel.edu.br\/lapam\/?page_id=301"},"modified":"2021-10-13T22:37:22","modified_gmt":"2021-10-14T01:37:22","slug":"paineis-de-madeira-reconstituida","status":"publish","type":"page","link":"https:\/\/wp.ufpel.edu.br\/lapam\/projetos\/ensino\/pac-e-pmr\/paineis-de-madeira-reconstituida\/","title":{"rendered":"Pain\u00e9is de Madeira Reconstitu\u00edda"},"content":{"rendered":"<p>Pain\u00e9is Laminados<\/p>\n<p><iframe title=\"Produ\u00e7\u00e3o de Pain\u00e9is Laminados\" width=\"500\" height=\"281\" src=\"https:\/\/www.youtube.com\/embed\/TxhZAZkc7P0?feature=oembed\" frameborder=\"0\" allow=\"accelerometer; autoplay; clipboard-write; encrypted-media; gyroscope; picture-in-picture; web-share\" referrerpolicy=\"strict-origin-when-cross-origin\" allowfullscreen><\/iframe><\/p>\n<p>&nbsp;<\/p>\n<p>Pain\u00e9is de Fibras<\/p>\n<p><iframe title=\"Produ\u00e7\u00e3o de Pain\u00e9is de Fibras\" width=\"500\" height=\"281\" src=\"https:\/\/www.youtube.com\/embed\/OvdS4FOUcWo?feature=oembed\" frameborder=\"0\" allow=\"accelerometer; autoplay; clipboard-write; encrypted-media; gyroscope; picture-in-picture; web-share\" referrerpolicy=\"strict-origin-when-cross-origin\" allowfullscreen><\/iframe><\/p>\n<p>&nbsp;<\/p>\n<p>Pain\u00e9is Aglomerados (Particulados)<\/p>\n<p><iframe title=\"Produ\u00e7\u00e3o de Pain\u00e9is Aglomerados\" width=\"500\" height=\"281\" src=\"https:\/\/www.youtube.com\/embed\/u9Z5IgLEoWQ?feature=oembed\" frameborder=\"0\" allow=\"accelerometer; autoplay; clipboard-write; encrypted-media; gyroscope; picture-in-picture; web-share\" referrerpolicy=\"strict-origin-when-cross-origin\" allowfullscreen><\/iframe><\/p>\n","protected":false},"excerpt":{"rendered":"<p>Pain\u00e9is Laminados &nbsp; Pain\u00e9is de Fibras &nbsp; Pain\u00e9is Aglomerados (Particulados)<\/p>\n","protected":false},"author":1058,"featured_media":0,"parent":294,"menu_order":0,"comment_status":"closed","ping_status":"closed","template":"","meta":{"footnotes":""},"class_list":["post-301","page","type-page","status-publish","hentry"],"_links":{"self":[{"href":"https:\/\/wp.ufpel.edu.br\/lapam\/wp-json\/wp\/v2\/pages\/301","targetHints":{"allow":["GET"]}}],"collection":[{"href":"https:\/\/wp.ufpel.edu.br\/lapam\/wp-json\/wp\/v2\/pages"}],"about":[{"href":"https:\/\/wp.ufpel.edu.br\/lapam\/wp-json\/wp\/v2\/types\/page"}],"author":[{"embeddable":true,"href":"https:\/\/wp.ufpel.edu.br\/lapam\/wp-json\/wp\/v2\/users\/1058"}],"replies":[{"embeddable":true,"href":"https:\/\/wp.ufpel.edu.br\/lapam\/wp-json\/wp\/v2\/comments?post=301"}],"version-history":[{"count":4,"href":"https:\/\/wp.ufpel.edu.br\/lapam\/wp-json\/wp\/v2\/pages\/301\/revisions"}],"predecessor-version":[{"id":315,"href":"https:\/\/wp.ufpel.edu.br\/lapam\/wp-json\/wp\/v2\/pages\/301\/revisions\/315"}],"up":[{"embeddable":true,"href":"https:\/\/wp.ufpel.edu.br\/lapam\/wp-json\/wp\/v2\/pages\/294"}],"wp:attachment":[{"href":"https:\/\/wp.ufpel.edu.br\/lapam\/wp-json\/wp\/v2\/media?parent=301"}],"curies":[{"name":"wp","href":"https:\/\/api.w.org\/{rel}","templated":true}]}}