{"id":211,"date":"2021-09-10T16:42:33","date_gmt":"2021-09-10T19:42:33","guid":{"rendered":"https:\/\/wp.ufpel.edu.br\/lapam\/?page_id=211"},"modified":"2021-11-24T19:39:05","modified_gmt":"2021-11-24T22:39:05","slug":"ii-ciclo-de-encontros-online-2021","status":"publish","type":"page","link":"https:\/\/wp.ufpel.edu.br\/lapam\/projetos\/ensino\/getecma\/ii-ciclo-de-encontros-online-2021\/","title":{"rendered":"II Ciclo de Encontros Online 2021"},"content":{"rendered":"<h2><strong>MADEIREIROS NO MERCADO DE TRABALHO<\/strong><\/h2>\n<p>Neste ciclo os convidados ir\u00e3o contar suas experi\u00eancias no mercado de trabalho, seja ele diretamente voltado para \u00e1rea do setor madeireiro ou n\u00e3o. Vamos descobrir as mais diversas \u00e1reas de atua\u00e7\u00e3o de um Engenheiro Industrial Madeireiro.<\/p>\n<p>&nbsp;<\/p>\n<p>\u2022\u00a0 Palestra de <strong>Guinter Schneid<\/strong><\/p>\n<p><a href=\"https:\/\/youtu.be\/33dpJNiE9k0\"><img class=\"alignnone size-full wp-image-540\" src=\"https:\/\/wp.ufpel.edu.br\/lapam\/files\/2021\/11\/1-5.jpg\" alt=\"\" width=\"320\" height=\"180\" \/><\/a><\/p>\n<p>\u2022\u00a0 Palestra de <strong>Reinaldo Haerter<\/strong><\/p>\n<p><a href=\"https:\/\/youtu.be\/_5FTZDUdSXc\"><img class=\"alignnone size-full wp-image-541\" src=\"https:\/\/wp.ufpel.edu.br\/lapam\/files\/2021\/11\/2-4.jpg\" alt=\"\" width=\"320\" height=\"180\" \/><\/a><\/p>\n<p>\u2022\u00a0 Palestra de <strong>Caroline Schneider<\/strong><\/p>\n<p><a href=\"https:\/\/youtu.be\/79Y_HNSf4kc\"><img class=\"alignnone size-full wp-image-542\" src=\"https:\/\/wp.ufpel.edu.br\/lapam\/files\/2021\/11\/3-3.jpg\" alt=\"\" width=\"320\" height=\"180\" \/><\/a><\/p>\n<p>\u2022\u00a0 Palestra de <strong>Roberto Lessa<\/strong><\/p>\n<p><a href=\"https:\/\/youtu.be\/k_6_3FAyGtE\"><img class=\"alignnone size-full wp-image-538\" src=\"https:\/\/wp.ufpel.edu.br\/lapam\/files\/2021\/11\/mqdefault.jpg\" alt=\"\" width=\"320\" height=\"180\" \/><\/a><\/p>\n<p>\u2022\u00a0 Palestra de <strong>Kelvin Barbosa<\/strong><\/p>\n<p><a href=\"https:\/\/youtu.be\/BiLFQIEflLg\"><img class=\"alignnone size-full wp-image-539\" src=\"https:\/\/wp.ufpel.edu.br\/lapam\/files\/2021\/11\/4-4.jpg\" alt=\"\" width=\"320\" height=\"180\" \/><\/a><\/p>\n","protected":false},"excerpt":{"rendered":"<p>MADEIREIROS NO MERCADO DE TRABALHO Neste ciclo os convidados ir\u00e3o contar suas experi\u00eancias no mercado de trabalho, seja ele diretamente voltado para \u00e1rea do setor madeireiro ou n\u00e3o. Vamos descobrir as mais diversas \u00e1reas de atua\u00e7\u00e3o de um Engenheiro Industrial Madeireiro. &nbsp; \u2022\u00a0 Palestra de Guinter Schneid \u2022\u00a0 Palestra de Reinaldo Haerter \u2022\u00a0 Palestra de [&hellip;]<\/p>\n","protected":false},"author":1058,"featured_media":0,"parent":138,"menu_order":0,"comment_status":"closed","ping_status":"closed","template":"","meta":{"footnotes":""},"class_list":["post-211","page","type-page","status-publish","hentry"],"_links":{"self":[{"href":"https:\/\/wp.ufpel.edu.br\/lapam\/wp-json\/wp\/v2\/pages\/211","targetHints":{"allow":["GET"]}}],"collection":[{"href":"https:\/\/wp.ufpel.edu.br\/lapam\/wp-json\/wp\/v2\/pages"}],"about":[{"href":"https:\/\/wp.ufpel.edu.br\/lapam\/wp-json\/wp\/v2\/types\/page"}],"author":[{"embeddable":true,"href":"https:\/\/wp.ufpel.edu.br\/lapam\/wp-json\/wp\/v2\/users\/1058"}],"replies":[{"embeddable":true,"href":"https:\/\/wp.ufpel.edu.br\/lapam\/wp-json\/wp\/v2\/comments?post=211"}],"version-history":[{"count":20,"href":"https:\/\/wp.ufpel.edu.br\/lapam\/wp-json\/wp\/v2\/pages\/211\/revisions"}],"predecessor-version":[{"id":413,"href":"https:\/\/wp.ufpel.edu.br\/lapam\/wp-json\/wp\/v2\/pages\/211\/revisions\/413"}],"up":[{"embeddable":true,"href":"https:\/\/wp.ufpel.edu.br\/lapam\/wp-json\/wp\/v2\/pages\/138"}],"wp:attachment":[{"href":"https:\/\/wp.ufpel.edu.br\/lapam\/wp-json\/wp\/v2\/media?parent=211"}],"curies":[{"name":"wp","href":"https:\/\/api.w.org\/{rel}","templated":true}]}}