{"id":208,"date":"2021-09-10T16:41:55","date_gmt":"2021-09-10T19:41:55","guid":{"rendered":"https:\/\/wp.ufpel.edu.br\/lapam\/?page_id=208"},"modified":"2021-11-24T19:35:33","modified_gmt":"2021-11-24T22:35:33","slug":"i-ciclo-de-encontros-online-2021","status":"publish","type":"page","link":"https:\/\/wp.ufpel.edu.br\/lapam\/projetos\/ensino\/getecma\/i-ciclo-de-encontros-online-2021\/","title":{"rendered":"I Ciclo de Encontros Online 2021"},"content":{"rendered":"<h2><strong>PORQUE PERMANECI NA EIM?<\/strong><\/h2>\n<p>Neste ciclo discentes do curso de Engenharia Industrial Madeireira da Universidade Federal de Pelotas contam pelo que foram motivados a permanecer neste curso que oferece tantas oportunidades. Voc\u00ea ir\u00e1 conhecer incr\u00edveis hist\u00f3rias com experi\u00eancia de viv\u00eancia acad\u00eamica, dicas, e muitos mais!<\/p>\n<p>&nbsp;<\/p>\n<p>\u2022\u00a0 Palestra de <strong>Vin\u00edcius Taborda<\/strong><\/p>\n<p><a href=\"https:\/\/youtu.be\/0uF_b2GLmYg\"><img class=\"alignnone size-full wp-image-532\" src=\"https:\/\/wp.ufpel.edu.br\/lapam\/files\/2021\/11\/1-3.jpg\" alt=\"\" width=\"320\" height=\"180\" \/><\/a><\/p>\n<p>&nbsp;<\/p>\n<p>\u2022\u00a0 Palestra de <strong>Mariana Figueira<\/strong><\/p>\n<p><a href=\"https:\/\/youtu.be\/i1bNaopw2lo\"><img class=\"alignnone size-full wp-image-533\" src=\"https:\/\/wp.ufpel.edu.br\/lapam\/files\/2021\/11\/2-3.jpg\" alt=\"\" width=\"320\" height=\"180\" \/><\/a><\/p>\n<p>&nbsp;<\/p>\n<p>\u2022\u00a0 Palestra de <strong>Felipe Cardoso<\/strong><\/p>\n<p><a href=\"https:\/\/youtu.be\/RHpfFelyekY\"><img class=\"alignnone size-full wp-image-536\" src=\"https:\/\/wp.ufpel.edu.br\/lapam\/files\/2021\/11\/1-4.jpg\" alt=\"\" width=\"320\" height=\"180\" \/><\/a><\/p>\n<p>&nbsp;<\/p>\n<p>\u2022\u00a0 Palestra de <strong>Matheus Rech<\/strong><\/p>\n<p><a href=\"https:\/\/youtu.be\/tQQa6igVsqY\"><img class=\"alignnone size-full wp-image-534\" src=\"https:\/\/wp.ufpel.edu.br\/lapam\/files\/2021\/11\/4-3.jpg\" alt=\"\" width=\"320\" height=\"180\" \/><\/a><\/p>\n<p>\u2022\u00a0 Palestra de <strong>Amanda Corr\u00eaa<\/strong><\/p>\n<p><a href=\"https:\/\/youtu.be\/eIwD76dLPt4\"><img class=\"alignnone size-full wp-image-535\" src=\"https:\/\/wp.ufpel.edu.br\/lapam\/files\/2021\/11\/5-2.jpg\" alt=\"\" width=\"320\" height=\"180\" \/><\/a><\/p>\n<p>\u2022\u00a0 Palestra de <strong>Nathalia Gomes<\/strong><\/p>\n<p><a href=\"https:\/\/youtu.be\/yDvVOZKRAGY\"><img class=\"alignnone size-full wp-image-531\" src=\"https:\/\/wp.ufpel.edu.br\/lapam\/files\/2021\/11\/6.jpg\" alt=\"\" width=\"320\" height=\"180\" \/><\/a><\/p>\n","protected":false},"excerpt":{"rendered":"<p>PORQUE PERMANECI NA EIM? Neste ciclo discentes do curso de Engenharia Industrial Madeireira da Universidade Federal de Pelotas contam pelo que foram motivados a permanecer neste curso que oferece tantas oportunidades. Voc\u00ea ir\u00e1 conhecer incr\u00edveis hist\u00f3rias com experi\u00eancia de viv\u00eancia acad\u00eamica, dicas, e muitos mais! &nbsp; \u2022\u00a0 Palestra de Vin\u00edcius Taborda &nbsp; \u2022\u00a0 Palestra de [&hellip;]<\/p>\n","protected":false},"author":1058,"featured_media":0,"parent":138,"menu_order":0,"comment_status":"closed","ping_status":"closed","template":"","meta":{"footnotes":""},"class_list":["post-208","page","type-page","status-publish","hentry"],"_links":{"self":[{"href":"https:\/\/wp.ufpel.edu.br\/lapam\/wp-json\/wp\/v2\/pages\/208","targetHints":{"allow":["GET"]}}],"collection":[{"href":"https:\/\/wp.ufpel.edu.br\/lapam\/wp-json\/wp\/v2\/pages"}],"about":[{"href":"https:\/\/wp.ufpel.edu.br\/lapam\/wp-json\/wp\/v2\/types\/page"}],"author":[{"embeddable":true,"href":"https:\/\/wp.ufpel.edu.br\/lapam\/wp-json\/wp\/v2\/users\/1058"}],"replies":[{"embeddable":true,"href":"https:\/\/wp.ufpel.edu.br\/lapam\/wp-json\/wp\/v2\/comments?post=208"}],"version-history":[{"count":18,"href":"https:\/\/wp.ufpel.edu.br\/lapam\/wp-json\/wp\/v2\/pages\/208\/revisions"}],"predecessor-version":[{"id":233,"href":"https:\/\/wp.ufpel.edu.br\/lapam\/wp-json\/wp\/v2\/pages\/208\/revisions\/233"}],"up":[{"embeddable":true,"href":"https:\/\/wp.ufpel.edu.br\/lapam\/wp-json\/wp\/v2\/pages\/138"}],"wp:attachment":[{"href":"https:\/\/wp.ufpel.edu.br\/lapam\/wp-json\/wp\/v2\/media?parent=208"}],"curies":[{"name":"wp","href":"https:\/\/api.w.org\/{rel}","templated":true}]}}