{"id":203,"date":"2021-09-10T16:35:55","date_gmt":"2021-09-10T19:35:55","guid":{"rendered":"https:\/\/wp.ufpel.edu.br\/lapam\/?page_id=203"},"modified":"2021-11-24T19:30:59","modified_gmt":"2021-11-24T22:30:59","slug":"iii-ciclo-de-encontros-online-2020","status":"publish","type":"page","link":"https:\/\/wp.ufpel.edu.br\/lapam\/projetos\/ensino\/getecma\/iii-ciclo-de-encontros-online-2020\/","title":{"rendered":"III Ciclo de Encontros Online 2020"},"content":{"rendered":"<h2><strong>CONSTRU\u00c7\u00c3O EM MADEIRA, M\u00d3VEIS, MADEIRA SERRADA E CELULOSE E PAPEL<\/strong><\/h2>\n<p>Este ciclo se caracteriza como um bate-papo com profissionais atuantes nas \u00e1reas do setor madeireiro. Contamos com diversas presen\u00e7as ilustres que v\u00e3o nos apresentar \u00e0 este incr\u00edvel mundo que a Engenharia Industrial Madeira pode nos oferecer!<\/p>\n<p>&nbsp;<\/p>\n<p>\u2022\u00a0 Palestra de <strong>CONSTRU\u00c7\u00c3O EM MADEIRA &#8211; Alan Dias, Ramon Pollnow, Profa. \u00c9rika Ferreira<\/strong>.<\/p>\n<p><a href=\"https:\/\/youtu.be\/04dQsdkEKds\"><img class=\"alignnone size-full wp-image-526\" src=\"https:\/\/wp.ufpel.edu.br\/lapam\/files\/2021\/11\/1-2.jpg\" alt=\"\" width=\"320\" height=\"180\" \/><\/a><\/p>\n<p>&nbsp;<\/p>\n<p>\u2022\u00a0 Palestra de <strong>M\u00d3VEIS &#8211; Leonardo Brandi, Luciani Mota, Profa. Merielen Lopes<\/strong>.<\/p>\n<p><a href=\"https:\/\/youtu.be\/vCdvGc9r1YA\"><img class=\"alignnone size-full wp-image-528\" src=\"https:\/\/wp.ufpel.edu.br\/lapam\/files\/2021\/11\/2-2.jpg\" alt=\"\" width=\"320\" height=\"180\" \/><\/a><\/p>\n<p>&nbsp;<\/p>\n<p>\u2022\u00a0 Palestra de <strong>MADEIRA SERRADA &#8211; Gabriel Marques, Marcio da Rocha, Leonardo Oliveira<\/strong>.<\/p>\n<p><a href=\"https:\/\/youtu.be\/94HvixFH1RQ\"><img class=\"alignnone size-full wp-image-527\" src=\"https:\/\/wp.ufpel.edu.br\/lapam\/files\/2021\/11\/3-2.jpg\" alt=\"\" width=\"320\" height=\"180\" \/><\/a><\/p>\n<p>&nbsp;<\/p>\n<p>\u2022\u00a0 Palestra de <strong>CELULOSE E PAPEL &#8211; Lucas Barbosa, Cristiane Pedrazzi, Gabriel Cardoso<\/strong>.<\/p>\n<p><a href=\"https:\/\/youtu.be\/8h205x4Z78Q\"><img class=\"alignnone size-full wp-image-529\" src=\"https:\/\/wp.ufpel.edu.br\/lapam\/files\/2021\/11\/4-2.jpg\" alt=\"\" width=\"320\" height=\"180\" \/><\/a><\/p>\n","protected":false},"excerpt":{"rendered":"<p>CONSTRU\u00c7\u00c3O EM MADEIRA, M\u00d3VEIS, MADEIRA SERRADA E CELULOSE E PAPEL Este ciclo se caracteriza como um bate-papo com profissionais atuantes nas \u00e1reas do setor madeireiro. Contamos com diversas presen\u00e7as ilustres que v\u00e3o nos apresentar \u00e0 este incr\u00edvel mundo que a Engenharia Industrial Madeira pode nos oferecer! &nbsp; \u2022\u00a0 Palestra de CONSTRU\u00c7\u00c3O EM MADEIRA &#8211; Alan [&hellip;]<\/p>\n","protected":false},"author":1058,"featured_media":0,"parent":138,"menu_order":0,"comment_status":"closed","ping_status":"closed","template":"","meta":{"footnotes":""},"class_list":["post-203","page","type-page","status-publish","hentry"],"_links":{"self":[{"href":"https:\/\/wp.ufpel.edu.br\/lapam\/wp-json\/wp\/v2\/pages\/203","targetHints":{"allow":["GET"]}}],"collection":[{"href":"https:\/\/wp.ufpel.edu.br\/lapam\/wp-json\/wp\/v2\/pages"}],"about":[{"href":"https:\/\/wp.ufpel.edu.br\/lapam\/wp-json\/wp\/v2\/types\/page"}],"author":[{"embeddable":true,"href":"https:\/\/wp.ufpel.edu.br\/lapam\/wp-json\/wp\/v2\/users\/1058"}],"replies":[{"embeddable":true,"href":"https:\/\/wp.ufpel.edu.br\/lapam\/wp-json\/wp\/v2\/comments?post=203"}],"version-history":[{"count":15,"href":"https:\/\/wp.ufpel.edu.br\/lapam\/wp-json\/wp\/v2\/pages\/203\/revisions"}],"predecessor-version":[{"id":401,"href":"https:\/\/wp.ufpel.edu.br\/lapam\/wp-json\/wp\/v2\/pages\/203\/revisions\/401"}],"up":[{"embeddable":true,"href":"https:\/\/wp.ufpel.edu.br\/lapam\/wp-json\/wp\/v2\/pages\/138"}],"wp:attachment":[{"href":"https:\/\/wp.ufpel.edu.br\/lapam\/wp-json\/wp\/v2\/media?parent=203"}],"curies":[{"name":"wp","href":"https:\/\/api.w.org\/{rel}","templated":true}]}}