{"id":197,"date":"2021-09-10T16:33:19","date_gmt":"2021-09-10T19:33:19","guid":{"rendered":"https:\/\/wp.ufpel.edu.br\/lapam\/?page_id=197"},"modified":"2021-11-24T19:26:14","modified_gmt":"2021-11-24T22:26:14","slug":"ii-ciclo-de-encontros-online-2020","status":"publish","type":"page","link":"https:\/\/wp.ufpel.edu.br\/lapam\/projetos\/ensino\/getecma\/ii-ciclo-de-encontros-online-2020\/","title":{"rendered":"II Ciclo de Encontros online 2020"},"content":{"rendered":"<h2><strong>MADEIREIROS NO MERCADO DE TRABALHO<\/strong><\/h2>\n<p>Neste ciclo os convidados ir\u00e3o contar suas experi\u00eancias no mercado de trabalho, seja ele diretamente voltado para \u00e1rea do setor madeireiro ou n\u00e3o. Vamos descobrir as mais diversas \u00e1reas de atua\u00e7\u00e3o de um Engenheiro Industrial Madeireiro.<\/p>\n<p>&nbsp;<\/p>\n<p>\u2022\u00a0 Palestra de <strong>Priscila Antuart<\/strong><\/p>\n<p><a href=\"https:\/\/youtu.be\/sU3trDY1_2o\"><img class=\"alignnone size-full wp-image-519\" src=\"https:\/\/wp.ufpel.edu.br\/lapam\/files\/2021\/11\/1-1.jpg\" alt=\"\" width=\"320\" height=\"180\" \/><\/a><\/p>\n<p>&nbsp;<\/p>\n<p>\u2022\u00a0 Palestra de <strong>Kelly Belmiro<\/strong><\/p>\n<p><a href=\"https:\/\/youtu.be\/GsnZicA83Os\"><img class=\"alignnone size-full wp-image-520\" src=\"https:\/\/wp.ufpel.edu.br\/lapam\/files\/2021\/11\/2-1.jpg\" alt=\"\" width=\"320\" height=\"180\" \/><\/a><\/p>\n<p>&nbsp;<\/p>\n<p>\u2022\u00a0 Palestra de <strong>Eduardo Schneid<\/strong><\/p>\n<p><a href=\"https:\/\/youtu.be\/KuLTYWNWy3k\"><img class=\"alignnone size-full wp-image-521\" src=\"https:\/\/wp.ufpel.edu.br\/lapam\/files\/2021\/11\/3-1.jpg\" alt=\"\" width=\"320\" height=\"180\" \/><\/a><\/p>\n<p>&nbsp;<\/p>\n<p>\u2022\u00a0 Palestra de <strong>Patr\u00edcia Bilhalva<\/strong><\/p>\n<p><a href=\"https:\/\/youtu.be\/Q0H6bC8eJMY\"><img class=\"alignnone size-full wp-image-522\" src=\"https:\/\/wp.ufpel.edu.br\/lapam\/files\/2021\/11\/4-1.jpg\" alt=\"\" width=\"320\" height=\"180\" \/><\/a><\/p>\n<p>&nbsp;<\/p>\n<p>\u2022\u00a0 Palestra de <strong>Pedro Cademartori<\/strong>.<\/p>\n<p><a href=\"https:\/\/youtu.be\/Uw1iVXmc2rk\"><img class=\"alignnone size-full wp-image-523\" src=\"https:\/\/wp.ufpel.edu.br\/lapam\/files\/2021\/11\/5-1.jpg\" alt=\"\" width=\"320\" height=\"180\" \/><\/a><\/p>\n","protected":false},"excerpt":{"rendered":"<p>MADEIREIROS NO MERCADO DE TRABALHO Neste ciclo os convidados ir\u00e3o contar suas experi\u00eancias no mercado de trabalho, seja ele diretamente voltado para \u00e1rea do setor madeireiro ou n\u00e3o. Vamos descobrir as mais diversas \u00e1reas de atua\u00e7\u00e3o de um Engenheiro Industrial Madeireiro. &nbsp; \u2022\u00a0 Palestra de Priscila Antuart &nbsp; \u2022\u00a0 Palestra de Kelly Belmiro &nbsp; \u2022\u00a0 [&hellip;]<\/p>\n","protected":false},"author":1058,"featured_media":0,"parent":138,"menu_order":0,"comment_status":"closed","ping_status":"closed","template":"","meta":{"footnotes":""},"class_list":["post-197","page","type-page","status-publish","hentry"],"_links":{"self":[{"href":"https:\/\/wp.ufpel.edu.br\/lapam\/wp-json\/wp\/v2\/pages\/197","targetHints":{"allow":["GET"]}}],"collection":[{"href":"https:\/\/wp.ufpel.edu.br\/lapam\/wp-json\/wp\/v2\/pages"}],"about":[{"href":"https:\/\/wp.ufpel.edu.br\/lapam\/wp-json\/wp\/v2\/types\/page"}],"author":[{"embeddable":true,"href":"https:\/\/wp.ufpel.edu.br\/lapam\/wp-json\/wp\/v2\/users\/1058"}],"replies":[{"embeddable":true,"href":"https:\/\/wp.ufpel.edu.br\/lapam\/wp-json\/wp\/v2\/comments?post=197"}],"version-history":[{"count":17,"href":"https:\/\/wp.ufpel.edu.br\/lapam\/wp-json\/wp\/v2\/pages\/197\/revisions"}],"predecessor-version":[{"id":524,"href":"https:\/\/wp.ufpel.edu.br\/lapam\/wp-json\/wp\/v2\/pages\/197\/revisions\/524"}],"up":[{"embeddable":true,"href":"https:\/\/wp.ufpel.edu.br\/lapam\/wp-json\/wp\/v2\/pages\/138"}],"wp:attachment":[{"href":"https:\/\/wp.ufpel.edu.br\/lapam\/wp-json\/wp\/v2\/media?parent=197"}],"curies":[{"name":"wp","href":"https:\/\/api.w.org\/{rel}","templated":true}]}}