{"id":168,"date":"2020-12-14T15:39:46","date_gmt":"2020-12-14T18:39:46","guid":{"rendered":"https:\/\/wp.ufpel.edu.br\/lapam\/?page_id=168"},"modified":"2021-11-24T19:40:37","modified_gmt":"2021-11-24T22:40:37","slug":"documentos","status":"publish","type":"page","link":"https:\/\/wp.ufpel.edu.br\/lapam\/documentos\/","title":{"rendered":"Documentos"},"content":{"rendered":"<p><a href=\"https:\/\/wp.ufpel.edu.br\/lapam\/files\/2021\/10\/AUTORIZACAO-DE-USO-DO-LAPAM.pdf\">AUTORIZA\u00c7\u00c3O DE USO DO LAPAM<\/a><\/p>\n<p><a href=\"https:\/\/wp.ufpel.edu.br\/lapam\/files\/2021\/10\/AUTORIZACAO-DE-USO-E-TERMO-DE-RESPONSABILIDADE-DE-USO-DO-MOINHO-DE-MARTELO.pdf\">AUTORIZA\u00c7\u00c3O DE USO E TERMO DE RESPONSABILIDADE DE USO DO MOINHO DE MARTELO<\/a><\/p>\n<p><a href=\"https:\/\/wp.ufpel.edu.br\/lapam\/files\/2021\/10\/SOLICITACAO-DE-SERVICO-LAPROM.pdf\">SOLICITA\u00c7\u00c3O DE SERVI\u00c7O LAPROM<\/a><\/p>\n","protected":false},"excerpt":{"rendered":"<p>AUTORIZA\u00c7\u00c3O DE USO DO LAPAM AUTORIZA\u00c7\u00c3O DE USO E TERMO DE RESPONSABILIDADE DE USO DO MOINHO DE MARTELO SOLICITA\u00c7\u00c3O DE SERVI\u00c7O LAPROM<\/p>\n","protected":false},"author":1058,"featured_media":0,"parent":0,"menu_order":0,"comment_status":"closed","ping_status":"closed","template":"","meta":{"footnotes":""},"class_list":["post-168","page","type-page","status-publish","hentry"],"_links":{"self":[{"href":"https:\/\/wp.ufpel.edu.br\/lapam\/wp-json\/wp\/v2\/pages\/168","targetHints":{"allow":["GET"]}}],"collection":[{"href":"https:\/\/wp.ufpel.edu.br\/lapam\/wp-json\/wp\/v2\/pages"}],"about":[{"href":"https:\/\/wp.ufpel.edu.br\/lapam\/wp-json\/wp\/v2\/types\/page"}],"author":[{"embeddable":true,"href":"https:\/\/wp.ufpel.edu.br\/lapam\/wp-json\/wp\/v2\/users\/1058"}],"replies":[{"embeddable":true,"href":"https:\/\/wp.ufpel.edu.br\/lapam\/wp-json\/wp\/v2\/comments?post=168"}],"version-history":[{"count":7,"href":"https:\/\/wp.ufpel.edu.br\/lapam\/wp-json\/wp\/v2\/pages\/168\/revisions"}],"predecessor-version":[{"id":545,"href":"https:\/\/wp.ufpel.edu.br\/lapam\/wp-json\/wp\/v2\/pages\/168\/revisions\/545"}],"wp:attachment":[{"href":"https:\/\/wp.ufpel.edu.br\/lapam\/wp-json\/wp\/v2\/media?parent=168"}],"curies":[{"name":"wp","href":"https:\/\/api.w.org\/{rel}","templated":true}]}}