{"id":138,"date":"2020-12-10T14:55:19","date_gmt":"2020-12-10T17:55:19","guid":{"rendered":"https:\/\/wp.ufpel.edu.br\/lapam\/?page_id=138"},"modified":"2022-05-16T11:12:57","modified_gmt":"2022-05-16T14:12:57","slug":"getecma","status":"publish","type":"page","link":"https:\/\/wp.ufpel.edu.br\/lapam\/projetos\/ensino\/getecma\/","title":{"rendered":"GETECMA"},"content":{"rendered":"<p>\u2022\u00a0 Canal criado para divulga\u00e7\u00e3o das lives realizadas pelo projeto de ensino &#8220;Grupo de Estudos em Tecnologia da Madeira &#8211; GETECMA&#8221; desenvolvido desde 2015 sob coordena\u00e7\u00e3o da Prof. \u00c9rika Ferreira, vinculado ao curso de Engenharia Industrial Madeireira &#8211; EIM \/ Centro de Engenharias &#8211; CEng \/ Universidade Federal de Pelotas &#8211; UFPel. Na edi\u00e7\u00e3o de 2020 foram realizados os seguintes eventos: I Ciclo de Encontros Online: caracterizado pelas hist\u00f3rias de nossos alunos e o que os motivaram a permanecer no curso; II Ciclo de Encontros Online: caracterizado pelas hist\u00f3rias de nossos egressos e sua atua\u00e7\u00e3o profissional do ch\u00e3o de f\u00e1brica ao meio acad\u00eamico; III Ciclo de Encontros Online: caracterizado por profissionais das mais diversas \u00e1reas que atuam no segmento da Madeira. A edi\u00e7\u00e3o de 2021 ser\u00e1 dentro dos mesmos padr\u00f5es de 2020. Nosso querido curso nos fornece pessoas e possibilidades!!!<\/p>\n<p style=\"text-align: justify;\">Nos visite e assista nossas lives no <a href=\"https:\/\/www.youtube.com\/channel\/UCFAsCMVyFF7MNT51ObXW69A\">canal do YouTube GETECMA<\/a>!!<\/p>\n<h2 style=\"text-align: justify;\"><\/h2>\n<h2 style=\"text-align: justify;\">Edi\u00e7\u00e3o 2021<\/h2>\n<h3 style=\"text-align: justify;\"><a href=\"https:\/\/wp.ufpel.edu.br\/lapam\/projetos\/ensino\/getecma\/iii-ciclo-de-encontros-online-2021\/\"><strong>III CICLO 2021 &#8211; CONSTRU\u00c7\u00c3O CIVIL, INTERA\u00c7\u00c3O EMPRESA E ACADEMIA<\/strong><\/a><\/h3>\n<h3 style=\"text-align: justify;\"><strong><a href=\"https:\/\/wp.ufpel.edu.br\/lapam\/getecma\/ii-ciclo-de-encontros-online-2021\/\">II<\/a><a href=\"https:\/\/wp.ufpel.edu.br\/lapam\/getecma\/ii-ciclo-de-encontros-online-2021\/\">\u00a0CICLO 2021 &#8211; MADEIREIROS NO MERCADO DE TRABALHO<\/a><\/strong><\/h3>\n<h3 style=\"text-align: justify;\"><strong><a href=\"https:\/\/wp.ufpel.edu.br\/lapam\/getecma\/i-ciclo-de-encontros-online-2021\/\">I CICLO 2021 &#8211; PORQU\u00ca PERMANECI NA EIM?<\/a><\/strong><\/h3>\n<p style=\"text-align: justify;\"><strong>&#8212;&#8212;&#8212;&#8212;&#8212;&#8212;&#8212;&#8212;&#8212;&#8212;&#8212;&#8212;&#8212;&#8212;&#8212;&#8212;&#8212;&#8212;&#8212;&#8212;&#8212;&#8212;&#8212;&#8212;&#8212;&#8212;&#8212;&#8212;&#8212;&#8212;&#8212;&#8212;&#8212;&#8212;&#8212;&#8212;&#8212;&#8212;&#8212;&#8212;&#8212;&#8212;&#8212;<\/strong><\/p>\n<h2 style=\"text-align: justify;\">Edi\u00e7\u00e3o 2020<\/h2>\n<h3 style=\"text-align: justify;\"><a href=\"https:\/\/wp.ufpel.edu.br\/lapam\/getecma\/iii-ciclo-de-encontros-online-2020\/\">III CICLO 2020 &#8211; CONSTRU\u00c7\u00c3O EM MADEIRA, M\u00d3VEIS, MADEIRA SERRADA E CELULOSE E PAPEL<\/a><\/h3>\n<h3 style=\"text-align: justify;\"><a href=\"https:\/\/wp.ufpel.edu.br\/lapam\/getecma\/ii-ciclo-de-encontros-online-2020\/\">II CICLO 2020 &#8211; MADEIREIROS NO MERCADO DE TRABALHO<\/a><\/h3>\n<h3 style=\"text-align: justify;\"><a href=\"https:\/\/wp.ufpel.edu.br\/lapam\/getecma\/i-ciclo-de-encontros-online-2020\/\">I CICLO 2020 &#8211; PORQU\u00ca PERMANECI NA EIM?<\/a><\/h3>\n","protected":false},"excerpt":{"rendered":"<p>\u2022\u00a0 Canal criado para divulga\u00e7\u00e3o das lives realizadas pelo projeto de ensino &#8220;Grupo de Estudos em Tecnologia da Madeira &#8211; GETECMA&#8221; desenvolvido desde 2015 sob coordena\u00e7\u00e3o da Prof. \u00c9rika Ferreira, vinculado ao curso de Engenharia Industrial Madeireira &#8211; EIM \/ Centro de Engenharias &#8211; CEng \/ Universidade Federal de Pelotas &#8211; UFPel. Na edi\u00e7\u00e3o de [&hellip;]<\/p>\n","protected":false},"author":1058,"featured_media":0,"parent":52,"menu_order":0,"comment_status":"closed","ping_status":"closed","template":"","meta":{"footnotes":""},"class_list":["post-138","page","type-page","status-publish","hentry"],"_links":{"self":[{"href":"https:\/\/wp.ufpel.edu.br\/lapam\/wp-json\/wp\/v2\/pages\/138","targetHints":{"allow":["GET"]}}],"collection":[{"href":"https:\/\/wp.ufpel.edu.br\/lapam\/wp-json\/wp\/v2\/pages"}],"about":[{"href":"https:\/\/wp.ufpel.edu.br\/lapam\/wp-json\/wp\/v2\/types\/page"}],"author":[{"embeddable":true,"href":"https:\/\/wp.ufpel.edu.br\/lapam\/wp-json\/wp\/v2\/users\/1058"}],"replies":[{"embeddable":true,"href":"https:\/\/wp.ufpel.edu.br\/lapam\/wp-json\/wp\/v2\/comments?post=138"}],"version-history":[{"count":20,"href":"https:\/\/wp.ufpel.edu.br\/lapam\/wp-json\/wp\/v2\/pages\/138\/revisions"}],"predecessor-version":[{"id":622,"href":"https:\/\/wp.ufpel.edu.br\/lapam\/wp-json\/wp\/v2\/pages\/138\/revisions\/622"}],"up":[{"embeddable":true,"href":"https:\/\/wp.ufpel.edu.br\/lapam\/wp-json\/wp\/v2\/pages\/52"}],"wp:attachment":[{"href":"https:\/\/wp.ufpel.edu.br\/lapam\/wp-json\/wp\/v2\/media?parent=138"}],"curies":[{"name":"wp","href":"https:\/\/api.w.org\/{rel}","templated":true}]}}