{"id":136,"date":"2020-12-10T14:55:19","date_gmt":"2020-12-10T17:55:19","guid":{"rendered":"https:\/\/wp.ufpel.edu.br\/lapam\/?page_id=136"},"modified":"2021-10-13T22:22:31","modified_gmt":"2021-10-14T01:22:31","slug":"produtos-de-adesao-e-colagem","status":"publish","type":"page","link":"https:\/\/wp.ufpel.edu.br\/lapam\/projetos\/ensino\/pac-e-pmr\/produtos-de-adesao-e-colagem\/","title":{"rendered":"Produtos de Ades\u00e3o e Colagem"},"content":{"rendered":"<p class=\"title style-scope ytd-video-primary-info-renderer\">Determina\u00e7\u00e3o da Densidade<\/p>\n<p><iframe title=\"Determina\u00e7\u00e3o da Densidade\" width=\"500\" height=\"281\" src=\"https:\/\/www.youtube.com\/embed\/k1rPnfNz95o?feature=oembed\" frameborder=\"0\" allow=\"accelerometer; autoplay; clipboard-write; encrypted-media; gyroscope; picture-in-picture; web-share\" referrerpolicy=\"strict-origin-when-cross-origin\" allowfullscreen><\/iframe><\/p>\n<p>&nbsp;<\/p>\n<p class=\"title style-scope ytd-video-primary-info-renderer\">Determina\u00e7\u00e3o da Viscosidade Cinem\u00e1tica e Din\u00e2mica<\/p>\n<p><iframe title=\"Determina\u00e7\u00e3o da Viscosidade Cinem\u00e1tica e Din\u00e2mica\" width=\"500\" height=\"281\" src=\"https:\/\/www.youtube.com\/embed\/BjH1kujyYFI?feature=oembed\" frameborder=\"0\" allow=\"accelerometer; autoplay; clipboard-write; encrypted-media; gyroscope; picture-in-picture; web-share\" referrerpolicy=\"strict-origin-when-cross-origin\" allowfullscreen><\/iframe><\/p>\n<p>&nbsp;<\/p>\n<p class=\"title style-scope ytd-video-primary-info-renderer\">Determina\u00e7\u00e3o do Teor de S\u00f3lidos<\/p>\n<p><iframe title=\"Determina\u00e7\u00e3o do Teor de S\u00f3lidos\" width=\"500\" height=\"281\" src=\"https:\/\/www.youtube.com\/embed\/ywRkLEJMGAs?feature=oembed\" frameborder=\"0\" allow=\"accelerometer; autoplay; clipboard-write; encrypted-media; gyroscope; picture-in-picture; web-share\" referrerpolicy=\"strict-origin-when-cross-origin\" allowfullscreen><\/iframe><\/p>\n<p>&nbsp;<\/p>\n<p class=\"title style-scope ytd-video-primary-info-renderer\">Determina\u00e7\u00e3o do Tempo de Forma\u00e7\u00e3o de Gel<\/p>\n<p><iframe title=\"Determina\u00e7\u00e3o do Tempo de Forma\u00e7\u00e3o de Gel\" width=\"500\" height=\"281\" src=\"https:\/\/www.youtube.com\/embed\/OZabGHUAyj0?feature=oembed\" frameborder=\"0\" allow=\"accelerometer; autoplay; clipboard-write; encrypted-media; gyroscope; picture-in-picture; web-share\" referrerpolicy=\"strict-origin-when-cross-origin\" allowfullscreen><\/iframe><\/p>\n<p>&nbsp;<\/p>\n<p class=\"title style-scope ytd-video-primary-info-renderer\">Determina\u00e7\u00e3o do pH<\/p>\n<p><iframe title=\"Determina\u00e7\u00e3o do pH\" width=\"500\" height=\"281\" src=\"https:\/\/www.youtube.com\/embed\/cfUbMya2E6g?feature=oembed\" frameborder=\"0\" allow=\"accelerometer; autoplay; clipboard-write; encrypted-media; gyroscope; picture-in-picture; web-share\" referrerpolicy=\"strict-origin-when-cross-origin\" allowfullscreen><\/iframe><\/p>\n","protected":false},"excerpt":{"rendered":"<p>Determina\u00e7\u00e3o da Densidade &nbsp; Determina\u00e7\u00e3o da Viscosidade Cinem\u00e1tica e Din\u00e2mica &nbsp; Determina\u00e7\u00e3o do Teor de S\u00f3lidos &nbsp; Determina\u00e7\u00e3o do Tempo de Forma\u00e7\u00e3o de Gel &nbsp; Determina\u00e7\u00e3o do pH<\/p>\n","protected":false},"author":1058,"featured_media":0,"parent":294,"menu_order":0,"comment_status":"closed","ping_status":"closed","template":"","meta":{"footnotes":""},"class_list":["post-136","page","type-page","status-publish","hentry"],"_links":{"self":[{"href":"https:\/\/wp.ufpel.edu.br\/lapam\/wp-json\/wp\/v2\/pages\/136","targetHints":{"allow":["GET"]}}],"collection":[{"href":"https:\/\/wp.ufpel.edu.br\/lapam\/wp-json\/wp\/v2\/pages"}],"about":[{"href":"https:\/\/wp.ufpel.edu.br\/lapam\/wp-json\/wp\/v2\/types\/page"}],"author":[{"embeddable":true,"href":"https:\/\/wp.ufpel.edu.br\/lapam\/wp-json\/wp\/v2\/users\/1058"}],"replies":[{"embeddable":true,"href":"https:\/\/wp.ufpel.edu.br\/lapam\/wp-json\/wp\/v2\/comments?post=136"}],"version-history":[{"count":4,"href":"https:\/\/wp.ufpel.edu.br\/lapam\/wp-json\/wp\/v2\/pages\/136\/revisions"}],"predecessor-version":[{"id":300,"href":"https:\/\/wp.ufpel.edu.br\/lapam\/wp-json\/wp\/v2\/pages\/136\/revisions\/300"}],"up":[{"embeddable":true,"href":"https:\/\/wp.ufpel.edu.br\/lapam\/wp-json\/wp\/v2\/pages\/294"}],"wp:attachment":[{"href":"https:\/\/wp.ufpel.edu.br\/lapam\/wp-json\/wp\/v2\/media?parent=136"}],"curies":[{"name":"wp","href":"https:\/\/api.w.org\/{rel}","templated":true}]}}