{"id":102,"date":"2020-12-10T14:08:40","date_gmt":"2020-12-10T17:08:40","guid":{"rendered":"https:\/\/wp.ufpel.edu.br\/lapam\/?page_id=102"},"modified":"2025-11-13T10:24:55","modified_gmt":"2025-11-13T13:24:55","slug":"equipe","status":"publish","type":"page","link":"https:\/\/wp.ufpel.edu.br\/lapam\/equipe\/","title":{"rendered":"Equipe T\u00e9cnica"},"content":{"rendered":"<p>&nbsp;<\/p>\n<p><img class=\"alignleft\" src=\"http:\/\/servicosweb.cnpq.br\/wspessoa\/servletrecuperafoto?tipo=1&amp;id=K4762955Z1\" width=\"79\" height=\"105\" \/>Coordenadora: <strong>Profa. Dra. \u00c9rika Ferreira<\/strong>.<\/p>\n<p>\u2022 Lattes: <a href=\"http:\/\/lattes.cnpq.br\/6147221489879327\">http:\/\/lattes.cnpq.br\/6147221489879327<\/a><\/p>\n<p>&nbsp;<\/p>\n<p>&nbsp;<\/p>\n<p>&nbsp;<\/p>\n<p><img class=\"alignleft\" src=\"http:\/\/servicosweb.cnpq.br\/wspessoa\/servletrecuperafoto?tipo=1&amp;id=K4440137Z0\" width=\"80\" height=\"70\" \/><\/p>\n<p>Coordenadora adjunta:<strong> Tec. C\u00edntia Boldt<\/strong>.<\/p>\n<p>\u2022 Lattes: <a href=\"http:\/\/lattes.cnpq.br\/6820188370457209\">http:\/\/lattes.cnpq.br\/6820188370457209<\/a><\/p>\n<p>&nbsp;<\/p>\n<p>Estagi\u00e1rios:<\/p>\n<p>Volunt\u00e1ria &#8211; Amanda Corr\u00eaa:<\/p>\n<ul>\n<li>Lattes: <a href=\"http:\/\/lattes.cnpq.br\/6696255426732377\">http:\/\/lattes.cnpq.br\/6696255426732377<\/a><\/li>\n<\/ul>\n<p>Est\u00e1gio Obrigat\u00f3rio na empresa Marini Compensados &#8211; Mariana Figueira:<\/p>\n<ul>\n<li>Lattes: <a href=\"http:\/\/lattes.cnpq.br\/1670349457947989\">http:\/\/lattes.cnpq.br\/1670349457947989<\/a><\/li>\n<\/ul>\n<p>Volunt\u00e1ria &#8211; Marina Hartungs<\/p>\n<ul>\n<li>Lattes:\u00a0<a href=\"http:\/\/lattes.cnpq.br\/8632952646777756\">http:\/\/lattes.cnpq.br\/8632952646777756<\/a><\/li>\n<\/ul>\n","protected":false},"excerpt":{"rendered":"<p>&nbsp; Coordenadora: Profa. Dra. \u00c9rika Ferreira. \u2022 Lattes: http:\/\/lattes.cnpq.br\/6147221489879327 &nbsp; &nbsp; &nbsp; Coordenadora adjunta: Tec. C\u00edntia Boldt. \u2022 Lattes: http:\/\/lattes.cnpq.br\/6820188370457209 &nbsp; Estagi\u00e1rios: Volunt\u00e1ria &#8211; Amanda Corr\u00eaa: Lattes: http:\/\/lattes.cnpq.br\/6696255426732377 Est\u00e1gio Obrigat\u00f3rio na empresa Marini Compensados &#8211; Mariana Figueira: Lattes: http:\/\/lattes.cnpq.br\/1670349457947989 Volunt\u00e1ria &#8211; Marina Hartungs Lattes:\u00a0http:\/\/lattes.cnpq.br\/8632952646777756<\/p>\n","protected":false},"author":1058,"featured_media":0,"parent":0,"menu_order":0,"comment_status":"closed","ping_status":"closed","template":"","meta":{"footnotes":""},"class_list":["post-102","page","type-page","status-publish","hentry"],"_links":{"self":[{"href":"https:\/\/wp.ufpel.edu.br\/lapam\/wp-json\/wp\/v2\/pages\/102","targetHints":{"allow":["GET"]}}],"collection":[{"href":"https:\/\/wp.ufpel.edu.br\/lapam\/wp-json\/wp\/v2\/pages"}],"about":[{"href":"https:\/\/wp.ufpel.edu.br\/lapam\/wp-json\/wp\/v2\/types\/page"}],"author":[{"embeddable":true,"href":"https:\/\/wp.ufpel.edu.br\/lapam\/wp-json\/wp\/v2\/users\/1058"}],"replies":[{"embeddable":true,"href":"https:\/\/wp.ufpel.edu.br\/lapam\/wp-json\/wp\/v2\/comments?post=102"}],"version-history":[{"count":4,"href":"https:\/\/wp.ufpel.edu.br\/lapam\/wp-json\/wp\/v2\/pages\/102\/revisions"}],"predecessor-version":[{"id":1055,"href":"https:\/\/wp.ufpel.edu.br\/lapam\/wp-json\/wp\/v2\/pages\/102\/revisions\/1055"}],"wp:attachment":[{"href":"https:\/\/wp.ufpel.edu.br\/lapam\/wp-json\/wp\/v2\/media?parent=102"}],"curies":[{"name":"wp","href":"https:\/\/api.w.org\/{rel}","templated":true}]}}