{"id":47,"date":"2010-11-03T15:25:35","date_gmt":"2010-11-03T18:25:35","guid":{"rendered":"https:\/\/wp.ufpel.edu.br\/laoufpel\/"},"modified":"2011-04-11T21:11:26","modified_gmt":"2011-04-12T00:11:26","slug":"pesquisa-lao-ufpel","status":"publish","type":"page","link":"https:\/\/wp.ufpel.edu.br\/laoufpel\/pesquisa-lao-ufpel\/","title":{"rendered":"Pesquisa"},"content":{"rendered":"<p>Uma Liga Acad\u00eamica \u00e9 um grupo formado por estudantes da \u00e1rea da sa\u00fade, professores e profissionais interessados no desenvolvimento das \u00e1reas de Pesquisa, Extens\u00e3o e Ensino de um determinado tema. O grande diferencial e princ\u00edpio norteador desse sistema \u00e9 partir do interesse dos acad\u00eamicos, o que o torna um espa\u00e7o de liberdade para a constru\u00e7\u00e3o do conhecimento.<\/p>\n<p>Contudo, toda a liberdade \u00e9 acompanhada de responsabilidades que n\u00f3s, da LAO-UFPel, buscamos cumprir com todo o afinco. Dentre elas est\u00e1 o desenvolvimento da pesquisa em oncologia. A diretoria de pesquisa busca incentivar e auxiliar em todo o poss\u00edvel o desenvolvimento de projetos e publica\u00e7\u00f5es por parte dos membros associados. Para tal, juntos, damos continuidade aos projetos de extens\u00e3o da comunidade, organizando os question\u00e1rios de aplica\u00e7\u00e3o durante os projetos, analisando os dados coletados e proporcionando aos membros a oportunidade de publicar artigos sobre o assunto a partir de experi\u00eancias pr\u00f3prias de pesquisa. Dois monitores de epidemiologia, Jefferson Silva Krug e Daiane Dal Pai, ambos doutorandos pela UFRGS, prestam consultoria aos alunos, auxiliando na qualidade e na universalidade dos projetos, tendo em vista sua experi\u00eancia em outros meios acad\u00eamicos como a pr\u00f3pria UFPel, a UFRG, a FACCAT, a UFSM e a PUCRS. Os membros da LAO-UFPel tamb\u00e9m contam com a valiosa contribui\u00e7\u00e3o do Dr. Marcelo Capilheira &#8211; professor do departamento de sa\u00fade da comunidade da UFPel.<\/p>\n<p>Como iniciantes nesse mundo de conhecimentos e estudos de grande qualidade, tentamos alcan\u00e7ar nosso melhor e, principalmente, criar para os associados a oportunidade de colocar uma pedrinha a mais nessa grande constru\u00e7\u00e3o que \u00e9 a Medicina.<\/p>\n","protected":false},"excerpt":{"rendered":"<p>Uma Liga Acad\u00eamica \u00e9 um grupo formado por estudantes da \u00e1rea da sa\u00fade, professores e profissionais interessados no desenvolvimento das \u00e1reas de Pesquisa, Extens\u00e3o e Ensino de um determinado tema. O grande diferencial e princ\u00edpio norteador desse sistema \u00e9 partir &hellip; <a href=\"https:\/\/wp.ufpel.edu.br\/laoufpel\/pesquisa-lao-ufpel\/\">Continue lendo <span class=\"meta-nav\">&rarr;<\/span><\/a><\/p>\n","protected":false},"author":80,"featured_media":0,"parent":0,"menu_order":5,"comment_status":"closed","ping_status":"closed","template":"","meta":{"footnotes":""},"class_list":["post-47","page","type-page","status-publish","hentry"],"_links":{"self":[{"href":"https:\/\/wp.ufpel.edu.br\/laoufpel\/wp-json\/wp\/v2\/pages\/47","targetHints":{"allow":["GET"]}}],"collection":[{"href":"https:\/\/wp.ufpel.edu.br\/laoufpel\/wp-json\/wp\/v2\/pages"}],"about":[{"href":"https:\/\/wp.ufpel.edu.br\/laoufpel\/wp-json\/wp\/v2\/types\/page"}],"author":[{"embeddable":true,"href":"https:\/\/wp.ufpel.edu.br\/laoufpel\/wp-json\/wp\/v2\/users\/80"}],"replies":[{"embeddable":true,"href":"https:\/\/wp.ufpel.edu.br\/laoufpel\/wp-json\/wp\/v2\/comments?post=47"}],"version-history":[{"count":7,"href":"https:\/\/wp.ufpel.edu.br\/laoufpel\/wp-json\/wp\/v2\/pages\/47\/revisions"}],"predecessor-version":[{"id":130,"href":"https:\/\/wp.ufpel.edu.br\/laoufpel\/wp-json\/wp\/v2\/pages\/47\/revisions\/130"}],"wp:attachment":[{"href":"https:\/\/wp.ufpel.edu.br\/laoufpel\/wp-json\/wp\/v2\/media?parent=47"}],"curies":[{"name":"wp","href":"https:\/\/api.w.org\/{rel}","templated":true}]}}