{"id":45,"date":"2010-11-03T15:25:22","date_gmt":"2010-11-03T18:25:22","guid":{"rendered":"https:\/\/wp.ufpel.edu.br\/laoufpel\/"},"modified":"2011-04-11T22:55:45","modified_gmt":"2011-04-12T01:55:45","slug":"ensino-lao-ufpel","status":"publish","type":"page","link":"https:\/\/wp.ufpel.edu.br\/laoufpel\/ensino-lao-ufpel\/","title":{"rendered":"Ensino"},"content":{"rendered":"<p>Sendo o c\u00e2ncer uma enfermidade que se dissemina em todas as \u00e1reas da medicina, contamos com professores-colaboradores de diversas especialidades, deste modo, a LAO realiza reuni\u00f5es semanais onde s\u00e3o discutidos temas acerca da \u00e1rea oncol\u00f3gica nas abordagens mais variadas<\/p>\n<p>No ano de 2010, tivemos o privil\u00e9gio de contar com a colabora\u00e7\u00e3o de muitos profissionais, entre eles: Dr. F\u00e1bio Braga (Psiquiatra); Dra. Laura Oliveira (Farmac\u00eautica e Bioqu\u00edmica); Dr. Fl\u00e1vio Menezes (Patologista), Dr. Ricardo Haack (Cirurgi\u00e3o Oncol\u00f3gico), Dra. Gertrudes Neugebauer (Dermatologista).\u00a0Iniciamos, tamb\u00e9m, neste ano o acompanhamento de cirurgias oncol\u00f3gicas realizadas na Santa Casa de Pelotas, pelo Dr. Ricardo Haack. A cada semana, uma dupla de membros da LAO acompanha o processo cir\u00fargico, podendo vivenciar na pr\u00e1tica o tratamento, curativo ou n\u00e3o, de neoplasias.<\/p>\n<p><a href=\"https:\/\/wp.ufpel.edu.br\/laoufpel\/files\/2010\/11\/DSC09888.jpg\"><img loading=\"lazy\" decoding=\"async\" class=\"alignnone size-medium wp-image-236\" src=\"https:\/\/wp.ufpel.edu.br\/laoufpel\/files\/2010\/11\/DSC09888-300x225.jpg\" alt=\"\" width=\"300\" height=\"225\" srcset=\"https:\/\/wp.ufpel.edu.br\/laoufpel\/files\/2010\/11\/DSC09888-300x225.jpg 300w, https:\/\/wp.ufpel.edu.br\/laoufpel\/files\/2010\/11\/DSC09888.jpg 640w\" sizes=\"auto, (max-width: 300px) 100vw, 300px\" \/><\/a><a href=\"https:\/\/wp.ufpel.edu.br\/laoufpel\/files\/2010\/11\/DSC09883.jpg\"><img loading=\"lazy\" decoding=\"async\" class=\"alignnone size-medium wp-image-237\" src=\"https:\/\/wp.ufpel.edu.br\/laoufpel\/files\/2010\/11\/DSC09883-300x225.jpg\" alt=\"\" width=\"300\" height=\"225\" srcset=\"https:\/\/wp.ufpel.edu.br\/laoufpel\/files\/2010\/11\/DSC09883-300x225.jpg 300w, https:\/\/wp.ufpel.edu.br\/laoufpel\/files\/2010\/11\/DSC09883.jpg 640w\" sizes=\"auto, (max-width: 300px) 100vw, 300px\" \/><\/a><\/p>\n","protected":false},"excerpt":{"rendered":"<p>Sendo o c\u00e2ncer uma enfermidade que se dissemina em todas as \u00e1reas da medicina, contamos com professores-colaboradores de diversas especialidades, deste modo, a LAO realiza reuni\u00f5es semanais onde s\u00e3o discutidos temas acerca da \u00e1rea oncol\u00f3gica nas abordagens mais variadas No &hellip; <a href=\"https:\/\/wp.ufpel.edu.br\/laoufpel\/ensino-lao-ufpel\/\">Continue lendo <span class=\"meta-nav\">&rarr;<\/span><\/a><\/p>\n","protected":false},"author":80,"featured_media":0,"parent":0,"menu_order":3,"comment_status":"closed","ping_status":"closed","template":"","meta":{"footnotes":""},"class_list":["post-45","page","type-page","status-publish","hentry"],"_links":{"self":[{"href":"https:\/\/wp.ufpel.edu.br\/laoufpel\/wp-json\/wp\/v2\/pages\/45","targetHints":{"allow":["GET"]}}],"collection":[{"href":"https:\/\/wp.ufpel.edu.br\/laoufpel\/wp-json\/wp\/v2\/pages"}],"about":[{"href":"https:\/\/wp.ufpel.edu.br\/laoufpel\/wp-json\/wp\/v2\/types\/page"}],"author":[{"embeddable":true,"href":"https:\/\/wp.ufpel.edu.br\/laoufpel\/wp-json\/wp\/v2\/users\/80"}],"replies":[{"embeddable":true,"href":"https:\/\/wp.ufpel.edu.br\/laoufpel\/wp-json\/wp\/v2\/comments?post=45"}],"version-history":[{"count":8,"href":"https:\/\/wp.ufpel.edu.br\/laoufpel\/wp-json\/wp\/v2\/pages\/45\/revisions"}],"predecessor-version":[{"id":85,"href":"https:\/\/wp.ufpel.edu.br\/laoufpel\/wp-json\/wp\/v2\/pages\/45\/revisions\/85"}],"wp:attachment":[{"href":"https:\/\/wp.ufpel.edu.br\/laoufpel\/wp-json\/wp\/v2\/media?parent=45"}],"curies":[{"name":"wp","href":"https:\/\/api.w.org\/{rel}","templated":true}]}}