{"id":43,"date":"2010-11-03T15:25:05","date_gmt":"2010-11-03T18:25:05","guid":{"rendered":"https:\/\/wp.ufpel.edu.br\/laoufpel\/"},"modified":"2011-03-15T22:18:55","modified_gmt":"2011-03-16T01:18:55","slug":"extensao-lao-ufpel","status":"publish","type":"page","link":"https:\/\/wp.ufpel.edu.br\/laoufpel\/extensao-lao-ufpel\/","title":{"rendered":"Extens\u00e3o"},"content":{"rendered":"<p style=\"text-align: center\"><strong><br \/>\n<\/strong><\/p>\n<p style=\"text-align: center\">\n<p style=\"text-align: left\">A LAO-UFPel tem como obriga\u00e7\u00e3o realizar projetos de extens\u00e3o para a comunidade e para a universidade. Desta maneira, os alunos colocam na pr\u00e1tica os aprendizados das aulas te\u00f3ricas e retribuem para a sociedade o investimento.<\/p>\n<p style=\"text-align: left\">\n<p style=\"text-align: center\"><strong><em><br \/>\n<\/em><\/strong><\/p>\n","protected":false},"excerpt":{"rendered":"<p>A LAO-UFPel tem como obriga\u00e7\u00e3o realizar projetos de extens\u00e3o para a comunidade e para a universidade. Desta maneira, os alunos colocam na pr\u00e1tica os aprendizados das aulas te\u00f3ricas e retribuem para a sociedade o investimento.<\/p>\n","protected":false},"author":80,"featured_media":0,"parent":0,"menu_order":4,"comment_status":"closed","ping_status":"closed","template":"","meta":{"footnotes":""},"class_list":["post-43","page","type-page","status-publish","hentry"],"_links":{"self":[{"href":"https:\/\/wp.ufpel.edu.br\/laoufpel\/wp-json\/wp\/v2\/pages\/43","targetHints":{"allow":["GET"]}}],"collection":[{"href":"https:\/\/wp.ufpel.edu.br\/laoufpel\/wp-json\/wp\/v2\/pages"}],"about":[{"href":"https:\/\/wp.ufpel.edu.br\/laoufpel\/wp-json\/wp\/v2\/types\/page"}],"author":[{"embeddable":true,"href":"https:\/\/wp.ufpel.edu.br\/laoufpel\/wp-json\/wp\/v2\/users\/80"}],"replies":[{"embeddable":true,"href":"https:\/\/wp.ufpel.edu.br\/laoufpel\/wp-json\/wp\/v2\/comments?post=43"}],"version-history":[{"count":10,"href":"https:\/\/wp.ufpel.edu.br\/laoufpel\/wp-json\/wp\/v2\/pages\/43\/revisions"}],"predecessor-version":[{"id":176,"href":"https:\/\/wp.ufpel.edu.br\/laoufpel\/wp-json\/wp\/v2\/pages\/43\/revisions\/176"}],"wp:attachment":[{"href":"https:\/\/wp.ufpel.edu.br\/laoufpel\/wp-json\/wp\/v2\/media?parent=43"}],"curies":[{"name":"wp","href":"https:\/\/api.w.org\/{rel}","templated":true}]}}