{"id":28,"date":"2010-11-03T15:09:00","date_gmt":"2010-11-03T18:09:00","guid":{"rendered":"https:\/\/wp.ufpel.edu.br\/laoufpel\/"},"modified":"2011-02-24T15:49:03","modified_gmt":"2011-02-24T18:49:03","slug":"acesso-para-membros","status":"publish","type":"page","link":"https:\/\/wp.ufpel.edu.br\/laoufpel\/acesso-para-membros\/","title":{"rendered":"Acesso para membros"},"content":{"rendered":"<p>P\u00e1gina de acesso restrito a membros da LAO-UFPel.<\/p>\n<p style=\"text-align: center\"><em><br \/>\n<\/em><\/p>\n<p style=\"text-align: center\"><em>J\u00e1 est\u00e3o dispon\u00edveis os certificados de participa\u00e7\u00e3o da LAO-UFPel do per\u00edodo de 2009 e 2010. <\/em><\/p>\n<p style=\"text-align: center\"><em>Para pedir o seu, entre em contato pela p\u00e1gina de contatos do site da LAO-UFPel.<\/em><\/p>\n","protected":false},"excerpt":{"rendered":"<p>P\u00e1gina de acesso restrito a membros da LAO-UFPel. J\u00e1 est\u00e3o dispon\u00edveis os certificados de participa\u00e7\u00e3o da LAO-UFPel do per\u00edodo de 2009 e 2010. Para pedir o seu, entre em contato pela p\u00e1gina de contatos do site da LAO-UFPel.<\/p>\n","protected":false},"author":80,"featured_media":0,"parent":0,"menu_order":6,"comment_status":"closed","ping_status":"closed","template":"","meta":{"footnotes":""},"class_list":["post-28","page","type-page","status-publish","hentry"],"_links":{"self":[{"href":"https:\/\/wp.ufpel.edu.br\/laoufpel\/wp-json\/wp\/v2\/pages\/28","targetHints":{"allow":["GET"]}}],"collection":[{"href":"https:\/\/wp.ufpel.edu.br\/laoufpel\/wp-json\/wp\/v2\/pages"}],"about":[{"href":"https:\/\/wp.ufpel.edu.br\/laoufpel\/wp-json\/wp\/v2\/types\/page"}],"author":[{"embeddable":true,"href":"https:\/\/wp.ufpel.edu.br\/laoufpel\/wp-json\/wp\/v2\/users\/80"}],"replies":[{"embeddable":true,"href":"https:\/\/wp.ufpel.edu.br\/laoufpel\/wp-json\/wp\/v2\/comments?post=28"}],"version-history":[{"count":10,"href":"https:\/\/wp.ufpel.edu.br\/laoufpel\/wp-json\/wp\/v2\/pages\/28\/revisions"}],"predecessor-version":[{"id":105,"href":"https:\/\/wp.ufpel.edu.br\/laoufpel\/wp-json\/wp\/v2\/pages\/28\/revisions\/105"}],"wp:attachment":[{"href":"https:\/\/wp.ufpel.edu.br\/laoufpel\/wp-json\/wp\/v2\/media?parent=28"}],"curies":[{"name":"wp","href":"https:\/\/api.w.org\/{rel}","templated":true}]}}