{"id":67,"date":"2022-02-26T22:54:10","date_gmt":"2022-02-27T01:54:10","guid":{"rendered":"https:\/\/wp.ufpel.edu.br\/laomed\/?page_id=67"},"modified":"2022-03-14T23:29:27","modified_gmt":"2022-03-15T02:29:27","slug":"sobre-nos","status":"publish","type":"page","link":"https:\/\/wp.ufpel.edu.br\/laomed\/sobre-nos\/","title":{"rendered":"Sobre n\u00f3s"},"content":{"rendered":"<div id=\"pl-67\"  class=\"panel-layout\" ><div id=\"pg-67-0\"  class=\"panel-grid panel-has-style\" ><div class=\"siteorigin-panels-stretch panel-row-style panel-row-style-for-67-0\" data-stretch-type=\"full-stretched\" ><div id=\"pgc-67-0-0\"  class=\"panel-grid-cell\" ><div id=\"panel-67-0-0-0\" class=\"so-panel widget widget_sow-image panel-first-child panel-last-child\" data-index=\"0\" ><div\n\t\t\t\n\t\t\tclass=\"so-widget-sow-image so-widget-sow-image-default-a258e6bfa2d8-67\"\n\t\t\t\n\t\t>\n<div class=\"sow-image-container\">\n\t\t<img \n\tsrc=\"https:\/\/wp.ufpel.edu.br\/laomed\/files\/2022\/02\/SOBRE-NOS.png\" width=\"1280\" height=\"503\" srcset=\"https:\/\/wp.ufpel.edu.br\/laomed\/files\/2022\/02\/SOBRE-NOS.png 1280w, https:\/\/wp.ufpel.edu.br\/laomed\/files\/2022\/02\/SOBRE-NOS-400x157.png 400w, https:\/\/wp.ufpel.edu.br\/laomed\/files\/2022\/02\/SOBRE-NOS-1024x402.png 1024w, https:\/\/wp.ufpel.edu.br\/laomed\/files\/2022\/02\/SOBRE-NOS-768x302.png 768w\" sizes=\"(max-width: 1280px) 100vw, 1280px\" title=\"SOBRE N\u00d3S\" alt=\"\" \t\tclass=\"so-widget-image\"\/>\n\t<\/div>\n\n<\/div><\/div><\/div><\/div><\/div><div id=\"pg-67-1\"  class=\"panel-grid panel-has-style\" ><div class=\"siteorigin-panels-stretch panel-row-style panel-row-style-for-67-1\" id=\"services\" data-stretch-type=\"full\" ><div id=\"pgc-67-1-0\"  class=\"panel-grid-cell\" ><div id=\"panel-67-1-0-0\" class=\"so-panel widget widget_sow-headline panel-first-child\" data-index=\"1\" ><div\n\t\t\t\n\t\t\tclass=\"so-widget-sow-headline so-widget-sow-headline-default-d07e1e83720a-67 so-widget-fittext-wrapper\"\n\t\t\t data-fit-text-compressor=\"0.85\"\n\t\t><div class=\"sow-headline-container \">\n\t\t\t\t\t\t\t<h1 class=\"sow-headline\">\n\t\t\t\t\t\tA LAO ATUA EM DIVERSAS \u00c1REAS\t\t\t\t\t\t<\/h1>\n\t\t\t\t\t\t\t\t\t\t\t<div class=\"decoration\">\n\t\t\t\t\t\t<div class=\"decoration-inside\"><\/div>\n\t\t\t\t\t<\/div>\n\t\t\t\t\t\t\t\t\t\t\t<p class=\"sow-sub-headline\">\n\t\t\t\t\t\tVisando alcan\u00e7ar o maior campo de atua\u00e7\u00e3o na oncologia, a LAO atua em diversas \u00e1reas - contribuindo para o meio cient\u00edfico e com a comunidade externa.\t\t\t\t\t\t<\/p>\n\t\t\t\t\t\t<\/div>\n<\/div><\/div><div id=\"panel-67-1-0-1\" class=\"so-panel widget widget_sow-features panel-last-child\" data-index=\"2\" ><div class=\"panel-widget-style panel-widget-style-for-67-1-0-1\" ><div\n\t\t\t\n\t\t\tclass=\"so-widget-sow-features so-widget-sow-features-default-0d9d299bc709-67\"\n\t\t\t\n\t\t><ul\n\tclass=\"sow-features-list\n\tsow-features-responsive\">\n\n\t\t\t<li\n\t\t\tclass=\"sow-features-feature sow-icon-container-position-top\"\n\t\t\tstyle=\"display: flex; flex-direction: column; width: calc(25% - 25px);\"\n\t\t>\n\t\t\t\n\t\t\t\t\t\t<div\t\t\t\tclass=\"sow-icon-container sow-container-none\"\n\t\t\t\tstyle=\"color: #404040; \"\n\t\t\t\ttitle=\"PESQUISA\"\n\t\t\t\t\t\t\t>\n\t\t\t\t<span class=\"sow-icon-elegantline\" data-sow-icon=\"&#xe037;\"\n\t\tstyle=\"font-size: 54px; color: #333333\" \n\t\taria-hidden=\"true\"><\/span>\t\t\t<\/div>\n\n\t\t\t<div class=\"textwidget\">\n\t\t\t\t\n\t\t\t\t\t\t\t\t\t<h5 class=\"sow-features-feature-title\">\n\t\t\t\t\t\tPESQUISA\t\t\t\t\t<\/h5>\n\t\t\t\t\n\t\t\t\t\t\t\t\t\t<div class=\"sow-features-feature-text\">\n\t\t\t\t\t<p>Frequentemente os membros da LAO produzem e publicam resumos e artigos em revistas e congressos - contribuindo com a comunidade acad\u00eamica.<\/p>\n\t\t\t\t\t<\/div>\n\t\t\t\t\t\t\t\t<\/div>\n\t\t\t\t\t\t\t\t<\/li>\n\n\t\t\t<li\n\t\t\tclass=\"sow-features-feature sow-icon-container-position-top\"\n\t\t\tstyle=\"display: flex; flex-direction: column; width: calc(25% - 25px);\"\n\t\t>\n\t\t\t\n\t\t\t\t\t\t<div\t\t\t\tclass=\"sow-icon-container sow-container-none\"\n\t\t\t\tstyle=\"color: #404040; \"\n\t\t\t\t\n\t\t\t\t\t\t\t>\n\t\t\t\t<span class=\"sow-icon-elegantline\" data-sow-icon=\"&#xe00b;\"\n\t\tstyle=\"font-size: 54px; color: #333333\" \n\t\taria-hidden=\"true\"><\/span>\t\t\t<\/div>\n\n\t\t\t<div class=\"textwidget\">\n\t\t\t\t\n\t\t\t\t\t\t\t\t\t<h5 class=\"sow-features-feature-title\">\n\t\t\t\t\t\tENSINO\t\t\t\t\t<\/h5>\n\t\t\t\t\n\t\t\t\t\t\t\t\t\t<div class=\"sow-features-feature-text\">\n\t\t\t\t\t<p>Semanalmente s\u00e3o realizadas aulas sobre os mais diversos assuntos acerca da oncologia com profissionais especialistas na \u00e1rea.<\/p>\n\t\t\t\t\t<\/div>\n\t\t\t\t\t\t\t\t<\/div>\n\t\t\t\t\t\t\t\t<\/li>\n\n\t\t\t<li\n\t\t\tclass=\"sow-features-feature sow-icon-container-position-top\"\n\t\t\tstyle=\"display: flex; flex-direction: column; width: calc(25% - 25px);\"\n\t\t>\n\t\t\t\n\t\t\t\t\t\t<div\t\t\t\tclass=\"sow-icon-container sow-container-none\"\n\t\t\t\tstyle=\"color: #404040; \"\n\t\t\t\t\n\t\t\t\t\t\t\t>\n\t\t\t\t<span class=\"sow-icon-icomoon\" data-sow-icon=\"&#xe972;\"\n\t\tstyle=\"font-size: 54px; color: #333333\" \n\t\taria-hidden=\"true\"><\/span>\t\t\t<\/div>\n\n\t\t\t<div class=\"textwidget\">\n\t\t\t\t\n\t\t\t\t\t\t\t\t\t<h5 class=\"sow-features-feature-title\">\n\t\t\t\t\t\tEXTENS\u00c3O\t\t\t\t\t<\/h5>\n\t\t\t\t\n\t\t\t\t\t\t\t\t\t<div class=\"sow-features-feature-text\">\n\t\t\t\t\t<p>N\u00f3s temos o compromisso de contribuir com a rela\u00e7\u00e3o entre a oncologia e a comunidade externa e, por isso, desenvolvemos diversas atividades de extens\u00e3o.<\/p>\n\t\t\t\t\t<\/div>\n\t\t\t\t\t\t\t\t<\/div>\n\t\t\t\t\t\t\t\t<\/li>\n\n\t\t\t<li\n\t\t\tclass=\"sow-features-feature sow-icon-container-position-top\"\n\t\t\tstyle=\"display: flex; flex-direction: column; width: calc(25% - 25px);\"\n\t\t>\n\t\t\t\n\t\t\t\t\t\t<div\t\t\t\tclass=\"sow-icon-container sow-container-none\"\n\t\t\t\tstyle=\"color: #404040; \"\n\t\t\t\t\n\t\t\t\t\t\t\t>\n\t\t\t\t<span class=\"sow-icon-elegantline\" data-sow-icon=\"&#xe021;\"\n\t\tstyle=\"font-size: 54px; color: #333333\" \n\t\taria-hidden=\"true\"><\/span>\t\t\t<\/div>\n\n\t\t\t<div class=\"textwidget\">\n\t\t\t\t\n\t\t\t\t\t\t\t\t\t<h5 class=\"sow-features-feature-title\">\n\t\t\t\t\t\tCAMPANHAS\t\t\t\t\t<\/h5>\n\t\t\t\t\n\t\t\t\t\t\t\t\t\t<div class=\"sow-features-feature-text\">\n\t\t\t\t\t<p>A LAO promove anualmente diversas campanhas com o intuito de facilitar o acesso da popula\u00e7\u00e3o \u00e0 oncologia.<\/p>\n\t\t\t\t\t<\/div>\n\t\t\t\t\t\t\t\t<\/div>\n\t\t\t\t\t\t\t\t<\/li>\n\n\t<\/ul>\n<\/div><\/div><\/div><\/div><\/div><\/div><div id=\"pg-67-2\"  class=\"panel-grid panel-has-style\" ><div class=\"siteorigin-panels-stretch panel-row-style panel-row-style-for-67-2\" data-stretch-type=\"full-stretched\" ><div id=\"pgc-67-2-0\"  class=\"panel-grid-cell\" ><div id=\"panel-67-2-0-0\" class=\"so-panel widget widget_sow-headline panel-first-child panel-last-child\" data-index=\"3\" ><div class=\"panel-widget-style panel-widget-style-for-67-2-0-0\" ><div\n\t\t\t\n\t\t\tclass=\"so-widget-sow-headline so-widget-sow-headline-default-5cd3463ff12f-67 so-widget-fittext-wrapper\"\n\t\t\t data-fit-text-compressor=\"0.85\"\n\t\t><div class=\"sow-headline-container \">\n\t\t\t\t\t\t\t<h3 class=\"sow-sub-headline\">\n\t\t\t\t\t\t\"Aliviar seus efeitos \u00e9 uma tarefa di\u00e1ria, cur\u00e1-la, uma ardente esperan\u00e7a.\" \u2014 William Castle\t\t\t\t\t\t<\/h3>\n\t\t\t\t\t\t<\/div>\n<\/div><\/div><\/div><\/div><\/div><\/div><div id=\"pg-67-3\"  class=\"panel-grid panel-has-style\" ><div class=\"siteorigin-panels-stretch panel-row-style panel-row-style-for-67-3\" id=\"work\" data-stretch-type=\"full\" ><div id=\"pgc-67-3-0\"  class=\"panel-grid-cell\" ><div id=\"panel-67-3-0-0\" class=\"so-panel widget widget_sow-headline panel-first-child\" data-index=\"4\" ><div\n\t\t\t\n\t\t\tclass=\"so-widget-sow-headline so-widget-sow-headline-default-d07e1e83720a-67\"\n\t\t\t\n\t\t><div class=\"sow-headline-container \">\n\t\t\t\t\t\t\t<h1 class=\"sow-headline\">\n\t\t\t\t\t\tMAIS QUE UMA LIGA\t\t\t\t\t\t<\/h1>\n\t\t\t\t\t\t\t\t\t\t\t<div class=\"decoration\">\n\t\t\t\t\t\t<div class=\"decoration-inside\"><\/div>\n\t\t\t\t\t<\/div>\n\t\t\t\t\t\t\t\t\t\t\t<p class=\"sow-sub-headline\">\n\t\t\t\t\t\tAs neoplasias malignas atraem a aten\u00e7\u00e3o por sua alta preval\u00eancia, por consumir em grande volume de recursos financeiros, por representarem um grande \u00f4nus social e institucional, e por sua crescente relev\u00e2ncia como causa de morte no Brasil. Assim, considera-se o c\u00e2ncer como um importante problema de sa\u00fade p\u00fablica, que pode ter suas implica\u00e7\u00f5es reduzidas, por meio de a\u00e7\u00f5es que possibilitem o diagn\u00f3stico precoce e a preven\u00e7\u00e3o, compreendendo promo\u00e7\u00e3o \u00e0 sa\u00fade e interven\u00e7\u00e3o dos fatores de risco.  Tendo em vista que a magnitude do c\u00e2ncer em uma popula\u00e7\u00e3o est\u00e1 relacionada  a qualidade de assist\u00eancia a ela prestada e a qualidade da informa\u00e7\u00e3o dispon\u00edvel a ela, a Liga Acad\u00eamica de Oncologia da Universidade Federal de Pelotas \u2013 LAO-UFPel, de forma s\u00e9ria e consciente, mobiliza esfor\u00e7os e proporciona eventos que interfiram na hist\u00f3ria natural do c\u00e2ncer, o qual n\u00e3o se deve ser encarado como um tabu, mas sim como uma realidade pass\u00edvel de interven\u00e7\u00e3o.  Tentando aprimorar a rela\u00e7\u00e3o com os pacientes oncol\u00f3gicos assim como o conhecimento cientifico dos acad\u00eamicos, futuros profissionais da sa\u00fade, a LAO-UFPel cr\u00ea que est\u00e1 contribuindo para a modifica\u00e7\u00e3o da atual realidade do c\u00e2ncer.\t\t\t\t\t\t<\/p>\n\t\t\t\t\t\t<\/div>\n<\/div><\/div><div id=\"panel-67-3-0-1\" class=\"so-panel widget widget_sow-image-grid panel-last-child\" data-index=\"5\" ><div class=\"panel-widget-style panel-widget-style-for-67-3-0-1\" ><div\n\t\t\t\n\t\t\tclass=\"so-widget-sow-image-grid so-widget-sow-image-grid-default-8f674e2ace91-67\"\n\t\t\t\n\t\t>\t<div\n\t\tclass=\"sow-image-grid-wrapper\"\n\t\tdata-max-width=\"300\"\t\tdata-max-height=\"300\"\t>\n\t\t\t\t\t<div class=\"sow-image-grid-image\">\n\t\t\t\t\t\t\t\t\t\t\t\t\t\t\t\t\t\t\t\t\t\t\t<\/div>\n\t\t\t\t\t<div class=\"sow-image-grid-image\">\n\t\t\t\t\t\t\t\t\t\t\t\t<img loading=\"lazy\" decoding=\"async\" width=\"400\" height=\"304\" src=\"https:\/\/wp.ufpel.edu.br\/laomed\/files\/2022\/02\/congresso-400x304.jpg\" class=\"sow-image-grid-image_html\" alt=\"\" title=\"sweet serenity\" srcset=\"https:\/\/wp.ufpel.edu.br\/laomed\/files\/2022\/02\/congresso-400x304.jpg 400w, https:\/\/wp.ufpel.edu.br\/laomed\/files\/2022\/02\/congresso-1024x778.jpg 1024w, https:\/\/wp.ufpel.edu.br\/laomed\/files\/2022\/02\/congresso-768x583.jpg 768w, https:\/\/wp.ufpel.edu.br\/laomed\/files\/2022\/02\/congresso-1536x1167.jpg 1536w, https:\/\/wp.ufpel.edu.br\/laomed\/files\/2022\/02\/congresso.jpg 1788w\" sizes=\"auto, (max-width: 400px) 100vw, 400px\" \/>\t\t\t\t\t\t\t\t\t\t\t<\/div>\n\t\t\t\t\t<div class=\"sow-image-grid-image\">\n\t\t\t\t\t\t\t\t\t\t\t\t<img loading=\"lazy\" decoding=\"async\" width=\"400\" height=\"299\" src=\"https:\/\/wp.ufpel.edu.br\/laomed\/files\/2022\/02\/WhatsApp-Image-2021-10-01-at-15.30.54-1-400x299.jpeg\" class=\"sow-image-grid-image_html\" alt=\"\" title=\"deeply moving\" srcset=\"https:\/\/wp.ufpel.edu.br\/laomed\/files\/2022\/02\/WhatsApp-Image-2021-10-01-at-15.30.54-1-400x299.jpeg 400w, https:\/\/wp.ufpel.edu.br\/laomed\/files\/2022\/02\/WhatsApp-Image-2021-10-01-at-15.30.54-1-1024x766.jpeg 1024w, https:\/\/wp.ufpel.edu.br\/laomed\/files\/2022\/02\/WhatsApp-Image-2021-10-01-at-15.30.54-1-768x575.jpeg 768w, https:\/\/wp.ufpel.edu.br\/laomed\/files\/2022\/02\/WhatsApp-Image-2021-10-01-at-15.30.54-1.jpeg 1280w\" sizes=\"auto, (max-width: 400px) 100vw, 400px\" \/>\t\t\t\t\t\t\t\t\t\t\t<\/div>\n\t\t\t\t\t<div class=\"sow-image-grid-image\">\n\t\t\t\t\t\t\t\t\t\t\t\t<img loading=\"lazy\" decoding=\"async\" width=\"400\" height=\"300\" src=\"https:\/\/wp.ufpel.edu.br\/laomed\/files\/2022\/02\/WhatsApp-Image-2021-10-30-at-16.45.06-1-400x300.jpeg\" class=\"sow-image-grid-image_html\" alt=\"\" title=\"fields of gold\" srcset=\"https:\/\/wp.ufpel.edu.br\/laomed\/files\/2022\/02\/WhatsApp-Image-2021-10-30-at-16.45.06-1-400x300.jpeg 400w, https:\/\/wp.ufpel.edu.br\/laomed\/files\/2022\/02\/WhatsApp-Image-2021-10-30-at-16.45.06-1-1024x768.jpeg 1024w, https:\/\/wp.ufpel.edu.br\/laomed\/files\/2022\/02\/WhatsApp-Image-2021-10-30-at-16.45.06-1-768x576.jpeg 768w, https:\/\/wp.ufpel.edu.br\/laomed\/files\/2022\/02\/WhatsApp-Image-2021-10-30-at-16.45.06-1-1536x1152.jpeg 1536w, https:\/\/wp.ufpel.edu.br\/laomed\/files\/2022\/02\/WhatsApp-Image-2021-10-30-at-16.45.06-1.jpeg 1600w\" sizes=\"auto, (max-width: 400px) 100vw, 400px\" \/>\t\t\t\t\t\t\t\t\t\t\t<\/div>\n\t\t\t<\/div>\n<\/div><\/div><\/div><\/div><\/div><\/div><div id=\"pg-67-4\"  class=\"panel-grid panel-has-style\" ><div class=\"siteorigin-panels-stretch panel-row-style panel-row-style-for-67-4\" id=\"team\" data-stretch-type=\"full\" ><div id=\"pgc-67-4-0\"  class=\"panel-grid-cell\" ><div id=\"panel-67-4-0-0\" class=\"so-panel widget widget_sow-headline panel-first-child panel-last-child\" data-index=\"6\" ><div\n\t\t\t\n\t\t\tclass=\"so-widget-sow-headline so-widget-sow-headline-default-d07e1e83720a-67 so-widget-fittext-wrapper\"\n\t\t\t data-fit-text-compressor=\"0.85\"\n\t\t><div class=\"sow-headline-container \">\n\t\t\t\t\t\t\t<h1 class=\"sow-headline\">\n\t\t\t\t\t\tNOSSO TIME\t\t\t\t\t\t<\/h1>\n\t\t\t\t\t\t\t\t\t\t\t<div class=\"decoration\">\n\t\t\t\t\t\t<div class=\"decoration-inside\"><\/div>\n\t\t\t\t\t<\/div>\n\t\t\t\t\t\t\t\t\t\t\t<p class=\"sow-sub-headline\">\n\t\t\t\t\t\tA LAO \u00e9 composta por 5 diretorias, as quais s\u00e3o definidas pelos cargos de presidente, vice-presidente, diretor de pesquisa, diretor de extens\u00e3o e diretor de marketing.\t\t\t\t\t\t<\/p>\n\t\t\t\t\t\t<\/div>\n<\/div><\/div><\/div><\/div><\/div><div id=\"pg-67-5\"  class=\"panel-grid panel-has-style\" ><div class=\"siteorigin-panels-stretch panel-row-style panel-row-style-for-67-5\" data-stretch-type=\"full-stretched\" ><div id=\"pgc-67-5-0\"  class=\"panel-grid-cell\" ><div id=\"panel-67-5-0-0\" class=\"so-panel widget widget_sow-image panel-first-child\" data-index=\"7\" ><div\n\t\t\t\n\t\t\tclass=\"so-widget-sow-image so-widget-sow-image-default-c67d20f9f743-67\"\n\t\t\t\n\t\t>\n<div class=\"sow-image-container\">\n\t\t<img \n\tsrc=\"https:\/\/wp.ufpel.edu.br\/laomed\/files\/2022\/02\/opa-200x200.jpg\" width=\"200\" height=\"200\" srcset=\"https:\/\/wp.ufpel.edu.br\/laomed\/files\/2022\/02\/opa-200x200.jpg 200w, https:\/\/wp.ufpel.edu.br\/laomed\/files\/2022\/02\/opa-32x32.jpg 32w\" sizes=\"(max-width: 200px) 100vw, 200px\" alt=\"\" \t\tclass=\"so-widget-image\"\/>\n\t<\/div>\n\n<\/div><\/div><div id=\"panel-67-5-0-1\" class=\"so-panel widget widget_sow-editor panel-last-child\" data-index=\"8\" ><div class=\"panel-widget-style panel-widget-style-for-67-5-0-1\" ><div\n\t\t\t\n\t\t\tclass=\"so-widget-sow-editor so-widget-sow-editor-base\"\n\t\t\t\n\t\t>\n<div class=\"siteorigin-widget-tinymce textwidget\">\n\t<h3 class=\"q_team_name\" style=\"text-align: center\">Alana<\/h3>\n<p style=\"text-align: center\">Presidente<\/p>\n<\/div>\n<\/div><\/div><\/div><\/div><div id=\"pgc-67-5-1\"  class=\"panel-grid-cell\" ><div id=\"panel-67-5-1-0\" class=\"so-panel widget widget_sow-image panel-first-child\" data-index=\"9\" ><div\n\t\t\t\n\t\t\tclass=\"so-widget-sow-image so-widget-sow-image-default-c67d20f9f743-67\"\n\t\t\t\n\t\t>\n<div class=\"sow-image-container\">\n\t\t<img \n\tsrc=\"https:\/\/wp.ufpel.edu.br\/laomed\/files\/2022\/02\/WhatsApp-Image-2022-02-27-at-11.02.44-200x200.jpeg\" width=\"200\" height=\"200\" srcset=\"https:\/\/wp.ufpel.edu.br\/laomed\/files\/2022\/02\/WhatsApp-Image-2022-02-27-at-11.02.44-200x200.jpeg 200w, https:\/\/wp.ufpel.edu.br\/laomed\/files\/2022\/02\/WhatsApp-Image-2022-02-27-at-11.02.44-400x400.jpeg 400w, https:\/\/wp.ufpel.edu.br\/laomed\/files\/2022\/02\/WhatsApp-Image-2022-02-27-at-11.02.44-1024x1024.jpeg 1024w, https:\/\/wp.ufpel.edu.br\/laomed\/files\/2022\/02\/WhatsApp-Image-2022-02-27-at-11.02.44-768x768.jpeg 768w, https:\/\/wp.ufpel.edu.br\/laomed\/files\/2022\/02\/WhatsApp-Image-2022-02-27-at-11.02.44-32x32.jpeg 32w, https:\/\/wp.ufpel.edu.br\/laomed\/files\/2022\/02\/WhatsApp-Image-2022-02-27-at-11.02.44.jpeg 1455w\" sizes=\"(max-width: 200px) 100vw, 200px\" title=\"WhatsApp Image 2022-02-27 at 11.02.44\" alt=\"\" \t\tclass=\"so-widget-image\"\/>\n\t<\/div>\n\n<\/div><\/div><div id=\"panel-67-5-1-1\" class=\"so-panel widget widget_sow-editor panel-last-child\" data-index=\"10\" ><div class=\"panel-widget-style panel-widget-style-for-67-5-1-1\" ><div\n\t\t\t\n\t\t\tclass=\"so-widget-sow-editor so-widget-sow-editor-base\"\n\t\t\t\n\t\t>\n<div class=\"siteorigin-widget-tinymce textwidget\">\n\t<h3 class=\"q_team_name\" style=\"text-align: center\">Vinicius<\/h3>\n<p style=\"text-align: center\">Vice-presidente<\/p>\n<\/div>\n<\/div><\/div><\/div><\/div><div id=\"pgc-67-5-2\"  class=\"panel-grid-cell\" ><div id=\"panel-67-5-2-0\" class=\"so-panel widget widget_sow-image panel-first-child\" data-index=\"11\" ><div\n\t\t\t\n\t\t\tclass=\"so-widget-sow-image so-widget-sow-image-default-c67d20f9f743-67\"\n\t\t\t\n\t\t>\n<div class=\"sow-image-container\">\n\t\t<img \n\tsrc=\"https:\/\/wp.ufpel.edu.br\/laomed\/files\/2022\/03\/rayane-200x200.jpeg\" width=\"200\" height=\"200\" srcset=\"https:\/\/wp.ufpel.edu.br\/laomed\/files\/2022\/03\/rayane-200x200.jpeg 200w, https:\/\/wp.ufpel.edu.br\/laomed\/files\/2022\/03\/rayane-400x400.jpeg 400w, https:\/\/wp.ufpel.edu.br\/laomed\/files\/2022\/03\/rayane-768x768.jpeg 768w, https:\/\/wp.ufpel.edu.br\/laomed\/files\/2022\/03\/rayane-32x32.jpeg 32w, https:\/\/wp.ufpel.edu.br\/laomed\/files\/2022\/03\/rayane.jpeg 960w\" sizes=\"(max-width: 200px) 100vw, 200px\" alt=\"\" \t\tclass=\"so-widget-image\"\/>\n\t<\/div>\n\n<\/div><\/div><div id=\"panel-67-5-2-1\" class=\"so-panel widget widget_sow-editor panel-last-child\" data-index=\"12\" ><div class=\"panel-widget-style panel-widget-style-for-67-5-2-1\" ><div\n\t\t\t\n\t\t\tclass=\"so-widget-sow-editor so-widget-sow-editor-base\"\n\t\t\t\n\t\t>\n<div class=\"siteorigin-widget-tinymce textwidget\">\n\t<h3 class=\"q_team_name\" style=\"text-align: center\">Rayane<\/h3>\n<p style=\"text-align: center\">Diretor de Pesquisa<\/p>\n<\/div>\n<\/div><\/div><\/div><\/div><div id=\"pgc-67-5-3\"  class=\"panel-grid-cell\" ><div id=\"panel-67-5-3-0\" class=\"so-panel widget widget_sow-image panel-first-child\" data-index=\"13\" ><div\n\t\t\t\n\t\t\tclass=\"so-widget-sow-image so-widget-sow-image-default-c67d20f9f743-67\"\n\t\t\t\n\t\t>\n<div class=\"sow-image-container\">\n\t\t<img \n\tsrc=\"https:\/\/wp.ufpel.edu.br\/laomed\/files\/2022\/02\/WhatsApp-Image-2022-02-27-at-18.02.58-200x200.jpeg\" width=\"200\" height=\"200\" srcset=\"https:\/\/wp.ufpel.edu.br\/laomed\/files\/2022\/02\/WhatsApp-Image-2022-02-27-at-18.02.58-200x200.jpeg 200w, https:\/\/wp.ufpel.edu.br\/laomed\/files\/2022\/02\/WhatsApp-Image-2022-02-27-at-18.02.58-32x32.jpeg 32w\" sizes=\"(max-width: 200px) 100vw, 200px\" title=\"diretora de marketing\" alt=\"\" \t\tclass=\"so-widget-image\"\/>\n\t<\/div>\n\n<\/div><\/div><div id=\"panel-67-5-3-1\" class=\"so-panel widget widget_sow-editor panel-last-child\" data-index=\"14\" ><div class=\"panel-widget-style panel-widget-style-for-67-5-3-1\" ><div\n\t\t\t\n\t\t\tclass=\"so-widget-sow-editor so-widget-sow-editor-base\"\n\t\t\t\n\t\t>\n<div class=\"siteorigin-widget-tinymce textwidget\">\n\t<h3 class=\"q_team_name\" style=\"text-align: center\">Cintia<\/h3>\n<p style=\"text-align: center\">Diretor de marketing<\/p>\n<\/div>\n<\/div><\/div><\/div><\/div><div id=\"pgc-67-5-4\"  class=\"panel-grid-cell\" ><div id=\"panel-67-5-4-0\" class=\"so-panel widget widget_sow-image panel-first-child\" data-index=\"15\" ><div\n\t\t\t\n\t\t\tclass=\"so-widget-sow-image so-widget-sow-image-default-113ccd71f3e6-67\"\n\t\t\t\n\t\t>\n<div class=\"sow-image-container\">\n\t\t<img \n\tsrc=\"https:\/\/wp.ufpel.edu.br\/laomed\/files\/2022\/03\/mariana-1-200x200.jpeg\" width=\"200\" height=\"200\" srcset=\"https:\/\/wp.ufpel.edu.br\/laomed\/files\/2022\/03\/mariana-1-200x200.jpeg 200w, https:\/\/wp.ufpel.edu.br\/laomed\/files\/2022\/03\/mariana-1-400x400.jpeg 400w, https:\/\/wp.ufpel.edu.br\/laomed\/files\/2022\/03\/mariana-1-1024x1024.jpeg 1024w, https:\/\/wp.ufpel.edu.br\/laomed\/files\/2022\/03\/mariana-1-768x768.jpeg 768w, https:\/\/wp.ufpel.edu.br\/laomed\/files\/2022\/03\/mariana-1-32x32.jpeg 32w, https:\/\/wp.ufpel.edu.br\/laomed\/files\/2022\/03\/mariana-1.jpeg 1074w\" sizes=\"(max-width: 200px) 100vw, 200px\" title=\"mariana 1\" alt=\"\" \t\tclass=\"so-widget-image\"\/>\n\t<\/div>\n\n<\/div><\/div><div id=\"panel-67-5-4-1\" class=\"so-panel widget widget_sow-editor panel-last-child\" data-index=\"16\" ><div class=\"panel-widget-style panel-widget-style-for-67-5-4-1\" ><div\n\t\t\t\n\t\t\tclass=\"so-widget-sow-editor so-widget-sow-editor-base\"\n\t\t\t\n\t\t>\n<div class=\"siteorigin-widget-tinymce textwidget\">\n\t<h3 class=\"q_team_name\" style=\"text-align: center\">Mariana<\/h3>\n<p style=\"text-align: center\">Diretor de extens\u00e3o<\/p>\n<\/div>\n<\/div><\/div><\/div><\/div><\/div><\/div><div id=\"pg-67-6\"  class=\"panel-grid panel-has-style\" ><div class=\"siteorigin-panels-stretch panel-row-style panel-row-style-for-67-6\" id=\"contact\" data-stretch-type=\"full\" ><div id=\"pgc-67-6-0\"  class=\"panel-grid-cell\" ><div id=\"panel-67-6-0-0\" class=\"so-panel widget widget_sow-headline panel-first-child panel-last-child\" data-index=\"17\" ><div\n\t\t\t\n\t\t\tclass=\"so-widget-sow-headline so-widget-sow-headline-default-d07e1e83720a-67 so-widget-fittext-wrapper\"\n\t\t\t data-fit-text-compressor=\"0.85\"\n\t\t><div class=\"sow-headline-container \">\n\t\t\t\t\t\t\t<h1 class=\"sow-headline\">\n\t\t\t\t\t\tAlguma d\u00favida? Fale conosco\t\t\t\t\t\t<\/h1>\n\t\t\t\t\t\t\t\t\t\t\t<div class=\"decoration\">\n\t\t\t\t\t\t<div class=\"decoration-inside\"><\/div>\n\t\t\t\t\t<\/div>\n\t\t\t\t\t<\/div>\n<\/div><\/div><\/div><\/div><\/div><div id=\"pg-67-7\"  class=\"panel-grid panel-has-style\" ><div class=\"siteorigin-panels-stretch panel-row-style panel-row-style-for-67-7\" id=\"contact-2\" data-stretch-type=\"full\" ><div id=\"pgc-67-7-0\"  class=\"panel-grid-cell\" ><div id=\"panel-67-7-0-0\" class=\"so-panel widget widget_sow-contact-form panel-first-child panel-last-child\" data-index=\"18\" ><div\n\t\t\t\n\t\t\tclass=\"so-widget-sow-contact-form so-widget-sow-contact-form-default-e42d8d289204-67\"\n\t\t\t\n\t\t>\t<form\n\t\taction=\"\/laomed\/wp-json\/wp\/v2\/pages\/67\"\n\t\tmethod=\"POST\"\n\t\tclass=\"sow-contact-form\"\n\t\tid=\"contact-form-4e27\"\n\t>\n\n\t\t\n\t\t\t\t\t<div class=\"sow-form-field sow-form-field-name\">\n\t\t\t\t<label class=\"sow-form-field-label-above\" for=\"sow-contact-form-field-your-name-1\">\n\t\t\t\t<strong>\n\t\t\t\t\tYour Name\t\t\t\t\t\t\t\t\t<\/strong>\n\t\t\t<\/label>\n\t\t\t\t\t\t\t<div class=\"sow-field-container\">\n\t\t\t\t\t\t\t<input\n\t\t\ttype=\"text\"\n\t\t\tname=\"your-name-1\"\n\t\t\tid=\"sow-contact-form-field-your-name-1\"\n\t\t\tvalue=\"\"\n\t\t\tclass=\"sow-text-field\"\n\t\t\t\t\t\t\t\t\/>\n\t\t\t\t\t\t<\/div>\n\t\t\t\t\t\t\t<\/div>\n\t\t\t\t\t\t<div class=\"sow-form-field sow-form-field-email\">\n\t\t\t\t<label class=\"sow-form-field-label-above\" for=\"sow-contact-form-field-your-email-1\">\n\t\t\t\t<strong>\n\t\t\t\t\tYour Email\t\t\t\t\t\t\t\t\t<\/strong>\n\t\t\t<\/label>\n\t\t\t\t\t\t\t<div class=\"sow-field-container\">\n\t\t\t\t\t\t\t<input\n\t\t\ttype=\"email\"\n\t\t\tname=\"your-email-1\"\n\t\t\tid=\"sow-contact-form-field-your-email-1\"\n\t\t\tvalue=\"\"\n\t\t\tclass=\"sow-text-field\"\t\t\t\t\t\t\t\t\/>\n\t\t\t\t\t\t<\/div>\n\t\t\t\t\t\t\t<\/div>\n\t\t\t\t\t\t<div class=\"sow-form-field sow-form-field-subject\">\n\t\t\t\t<label class=\"sow-form-field-label-above\" for=\"sow-contact-form-field-subject-1\">\n\t\t\t\t<strong>\n\t\t\t\t\tSubject\t\t\t\t\t\t\t\t\t<\/strong>\n\t\t\t<\/label>\n\t\t\t\t\t\t\t<div class=\"sow-field-container\">\n\t\t\t\t\t\t\t<input\n\t\t\ttype=\"text\"\n\t\t\tname=\"subject-1\"\n\t\t\tid=\"sow-contact-form-field-subject-1\"\n\t\t\tvalue=\"\"\n\t\t\tclass=\"sow-text-field\"\n\t\t\t\t\t\t\t\t\/>\n\t\t\t\t\t\t<\/div>\n\t\t\t\t\t\t\t<\/div>\n\t\t\t\t\t\t<div class=\"sow-form-field sow-form-field-textarea\">\n\t\t\t\t<label class=\"sow-form-field-label-above\" for=\"sow-contact-form-field-message-1\">\n\t\t\t\t<strong>\n\t\t\t\t\tMessage\t\t\t\t\t\t\t\t\t<\/strong>\n\t\t\t<\/label>\n\t\t\t\t\t\t\t<div class=\"sow-field-container\">\n\t\t\t\t\t\t\t<textarea\n\t\t\tname=\"message-1\"\n\t\t\tid=\"sow-contact-form-field-message-1\"\n\t\t\trows=\"10\"\n\t\t\t\t\t\t\t\t><\/textarea>\n\t\t\t\t\t\t<\/div>\n\t\t\t\t\t\t\t<\/div>\n\t\t\t\n\t\t\n\t\t<div class=\"sow-submit-wrapper \n\t\tsow-submit-styled\t\t\">\n\n\t\t\t<button\n\t\t\t\ttype=\"submit\"\n\t\t\t\tclass=\"sow-submit\n\t\t\t\t\t\t\t\t\"\n\t\t\t\t\t\t\t>\n\t\t\t\tContact Us\t\t\t<\/button>\n\t\t<\/div>\n\t\t\t\t<input\n\t\t\ttype=\"hidden\"\n\t\t\tname=\"instance_hash-1\"\n\t\t\tvalue=\"4e27a9f7\"\n\t\t\/>\n\n\t\t<input type=\"hidden\" id=\"_wpnonce\" name=\"_wpnonce\" value=\"b5a85a5dd6\" \/><input type=\"hidden\" name=\"_wp_http_referer\" value=\"\/laomed\/wp-json\/wp\/v2\/pages\/67\" \/>\t<\/form>\n\t<\/div><\/div><\/div><\/div><\/div><\/div>","protected":false},"excerpt":{"rendered":"<p>A LAO ATUA EM DIVERSAS \u00c1REAS Visando alcan\u00e7ar o maior campo de atua\u00e7\u00e3o na oncologia, a LAO atua em diversas \u00e1reas &#8211; contribuindo para o meio cient\u00edfico e com a comunidade externa. PESQUISA Frequentemente os membros da LAO produzem e publicam resumos e artigos em revistas e congressos &#8211; contribuindo com a comunidade acad\u00eamica. ENSINO [&hellip;]<\/p>\n","protected":false},"author":1190,"featured_media":0,"parent":0,"menu_order":0,"comment_status":"closed","ping_status":"closed","template":"templates\/template-full-notitle.php","meta":{"footnotes":""},"class_list":["post-67","page","type-page","status-publish","hentry","post"],"_links":{"self":[{"href":"https:\/\/wp.ufpel.edu.br\/laomed\/wp-json\/wp\/v2\/pages\/67","targetHints":{"allow":["GET"]}}],"collection":[{"href":"https:\/\/wp.ufpel.edu.br\/laomed\/wp-json\/wp\/v2\/pages"}],"about":[{"href":"https:\/\/wp.ufpel.edu.br\/laomed\/wp-json\/wp\/v2\/types\/page"}],"author":[{"embeddable":true,"href":"https:\/\/wp.ufpel.edu.br\/laomed\/wp-json\/wp\/v2\/users\/1190"}],"replies":[{"embeddable":true,"href":"https:\/\/wp.ufpel.edu.br\/laomed\/wp-json\/wp\/v2\/comments?post=67"}],"version-history":[{"count":13,"href":"https:\/\/wp.ufpel.edu.br\/laomed\/wp-json\/wp\/v2\/pages\/67\/revisions"}],"predecessor-version":[{"id":222,"href":"https:\/\/wp.ufpel.edu.br\/laomed\/wp-json\/wp\/v2\/pages\/67\/revisions\/222"}],"wp:attachment":[{"href":"https:\/\/wp.ufpel.edu.br\/laomed\/wp-json\/wp\/v2\/media?parent=67"}],"curies":[{"name":"wp","href":"https:\/\/api.w.org\/{rel}","templated":true}]}}