{"id":6,"date":"2021-12-26T17:15:33","date_gmt":"2021-12-26T20:15:33","guid":{"rendered":"https:\/\/wp.ufpel.edu.br\/laomed\/?page_id=6"},"modified":"2022-03-25T00:01:23","modified_gmt":"2022-03-25T03:01:23","slug":"pagina-inicial","status":"publish","type":"page","link":"https:\/\/wp.ufpel.edu.br\/laomed\/","title":{"rendered":"pagina inicial"},"content":{"rendered":"<div id=\"pl-6\"  class=\"panel-layout\" ><div id=\"pg-6-0\"  class=\"panel-grid panel-no-style\" ><div id=\"pgc-6-0-0\"  class=\"panel-grid-cell\" ><div id=\"panel-6-0-0-0\" class=\"so-panel widget widget_siteorigin-panels-builder panel-first-child panel-last-child\" data-index=\"0\" ><div class=\"panel-widget-style panel-widget-style-for-6-0-0-0\" ><div id=\"pl-w623d30836ba5d\"  class=\"panel-layout\" ><div id=\"pg-w623d30836ba5d-0\"  class=\"panel-grid panel-has-style\" ><div class=\"siteorigin-panels-stretch panel-row-style panel-row-style-for-w623d30836ba5d-0\" data-stretch-type=\"full-stretched\" ><div id=\"pgc-w623d30836ba5d-0-0\"  class=\"panel-grid-cell\" ><div id=\"panel-w623d30836ba5d-0-0-0\" class=\"so-panel widget widget_sow-hero panel-first-child panel-last-child\" data-index=\"0\" ><div\n\t\t\t\n\t\t\tclass=\"so-widget-sow-hero so-widget-sow-hero-default-2d5db1427870 so-widget-fittext-wrapper\"\n\t\t\t data-fit-text-compressor=\"0.85\"\n\t\t>\t\t\t\t<div class=\"sow-slider-base\" style=\"display: none\" tabindex=\"0\">\n\t\t\t\t\t<ul\n\t\t\t\t\tclass=\"sow-slider-images\"\n\t\t\t\t\tdata-settings=\"{&quot;pagination&quot;:true,&quot;speed&quot;:800,&quot;timeout&quot;:8000,&quot;paused&quot;:false,&quot;pause_on_hover&quot;:false,&quot;swipe&quot;:true,&quot;nav_always_show_desktop&quot;:&quot;&quot;,&quot;nav_always_show_mobile&quot;:&quot;&quot;,&quot;breakpoint&quot;:&quot;780px&quot;,&quot;unmute&quot;:false,&quot;anchor&quot;:null}\"\n\t\t\t\t\tstyle=\"min-height: 600px\"\t\t\t\t\tdata-anchor-id=\"\"\n\t\t\t\t>\t\t<li class=\"sow-slider-image  sow-slider-image-cover\" style=\"visibility: visible;;background-color: #444444\" >\n\t\t\t\t\t<div class=\"sow-slider-image-container\">\n\t\t\t<div class=\"sow-slider-image-wrapper\">\n\t\t\t\t<h1 style=\"text-align: center\"><\/h1>\n<p style=\"text-align: center\">\n<\/p>\t\t\t<\/div>\n\t\t<\/div>\n\t\t<div class=\"sow-slider-image-overlay sow-slider-image-cover\" style=\"opacity: 0.9;background-image: url(https:\/\/wp.ufpel.edu.br\/laomed\/files\/2021\/12\/Liga-Academica-de-Oncologia-1.png)\"  ><\/div>\t\t<\/li>\n\t\t<\/ul>\t\t\t\t<ol class=\"sow-slider-pagination\">\n\t\t\t\t\t\t\t\t\t\t\t<li><a href=\"#\" data-goto=\"0\" aria-label=\"Display slide 1\"><\/a><\/li>\n\t\t\t\t\t\t\t\t\t<\/ol>\n\n\t\t\t\t<div class=\"sow-slide-nav sow-slide-nav-next\">\n\t\t\t\t\t<a href=\"#\" data-goto=\"next\" aria-label=\"Next slide\" data-action=\"next\">\n\t\t\t\t\t\t<em class=\"sow-sld-icon-thin-right\"><\/em>\n\t\t\t\t\t<\/a>\n\t\t\t\t<\/div>\n\n\t\t\t\t<div class=\"sow-slide-nav sow-slide-nav-prev\">\n\t\t\t\t\t<a href=\"#\" data-goto=\"previous\" aria-label=\"Previous slide\" data-action=\"prev\">\n\t\t\t\t\t\t<em class=\"sow-sld-icon-thin-left\"><\/em>\n\t\t\t\t\t<\/a>\n\t\t\t\t<\/div>\n\t\t\t\t<\/div><\/div><\/div><\/div><\/div><\/div><div id=\"pg-w623d30836ba5d-1\"  class=\"panel-grid panel-no-style\" ><div id=\"pgc-w623d30836ba5d-1-0\"  class=\"panel-grid-cell\" ><div id=\"panel-w623d30836ba5d-1-0-0\" class=\"so-panel widget widget_sow-button panel-first-child panel-last-child\" data-index=\"1\" ><div\n\t\t\t\n\t\t\tclass=\"so-widget-sow-button so-widget-sow-button-atom-22c120e21dcb\"\n\t\t\t\n\t\t><div class=\"ow-button-base ow-button-align-center\"\n>\n\t\t\t<a\n\t\t\t\t\thref=\"https:\/\/wp.ufpel.edu.br\/laomed\/sobre-nos\/\"\n\t\t\t\t\tclass=\"sowb-button ow-icon-placement-left ow-button-hover\" \t>\n\t\t<span>\n\t\t\t\n\t\t\tConhe\u00e7a a LAO\t\t<\/span>\n\t\t\t<\/a>\n\t<\/div>\n<\/div><\/div><\/div><div id=\"pgc-w623d30836ba5d-1-1\"  class=\"panel-grid-cell\" ><div id=\"panel-w623d30836ba5d-1-1-0\" class=\"so-panel widget widget_sow-social-media-buttons panel-first-child panel-last-child\" data-index=\"2\" ><div\n\t\t\t\n\t\t\tclass=\"so-widget-sow-social-media-buttons so-widget-sow-social-media-buttons-flat-fcc6801c94b4\"\n\t\t\t\n\t\t>\n\n<div class=\"social-media-button-container\">\n\t\n\t\t<a \n\t\tclass=\"ow-button-hover sow-social-media-button-facebook-0 sow-social-media-button\" title=\" em Facebook\" aria-label=\" em Facebook\" target=\"_blank\" rel=\"noopener noreferrer\" href=\"https:\/\/www.facebook.com\/ligaoncologiaufpel\" \t\t>\n\t\t\t<span>\n\t\t\t\t\t\t\t\t<span class=\"sow-icon-fontawesome sow-fab\" data-sow-icon=\"&#xf39e;\"\n\t\t \n\t\taria-hidden=\"true\"><\/span>\t\t\t\t\t\t\t<\/span>\n\t\t<\/a>\n\t\n\t\t<a \n\t\tclass=\"ow-button-hover sow-social-media-button-instagram-0 sow-social-media-button\" title=\" em Instagram\" aria-label=\" em Instagram\" target=\"_blank\" rel=\"noopener noreferrer\" href=\"https:\/\/www.instagram.com\/laomed.ufpel\/\" \t\t>\n\t\t\t<span>\n\t\t\t\t\t\t\t\t<span class=\"sow-icon-fontawesome sow-fab\" data-sow-icon=\"&#xf16d;\"\n\t\t \n\t\taria-hidden=\"true\"><\/span>\t\t\t\t\t\t\t<\/span>\n\t\t<\/a>\n\t\n\t\t<a \n\t\tclass=\"ow-button-hover sow-social-media-button-youtube-0 sow-social-media-button\" title=\" em Youtube\" aria-label=\" em Youtube\" target=\"_blank\" rel=\"noopener noreferrer\" href=\"https:\/\/www.youtube.com\/channel\/UCtJC_ugaauOST5_ttRKDaWg\" \t\t>\n\t\t\t<span>\n\t\t\t\t\t\t\t\t<span class=\"sow-icon-fontawesome sow-fab\" data-sow-icon=\"&#xf167;\"\n\t\t \n\t\taria-hidden=\"true\"><\/span>\t\t\t\t\t\t\t<\/span>\n\t\t<\/a>\n\t<\/div>\n<\/div><\/div><\/div><\/div><div id=\"pg-w623d30836ba5d-2\"  class=\"panel-grid panel-has-style\" ><div class=\"siteorigin-panels-stretch panel-row-style panel-row-style-for-w623d30836ba5d-2\" data-stretch-type=\"full\" ><div id=\"pgc-w623d30836ba5d-2-0\"  class=\"panel-grid-cell\" ><div id=\"panel-w623d30836ba5d-2-0-0\" class=\"so-panel widget widget_sow-headline panel-first-child panel-last-child\" data-index=\"3\" ><div\n\t\t\t\n\t\t\tclass=\"so-widget-sow-headline so-widget-sow-headline-default-50c8e0de215e so-widget-fittext-wrapper\"\n\t\t\t data-fit-text-compressor=\"0.85\"\n\t\t><div class=\"sow-headline-container \">\n\t\t\t\t\t\t\t<h1 class=\"sow-headline\">\n\t\t\t\t\t\tATIVIDADES DA LAO\t\t\t\t\t\t<\/h1>\n\t\t\t\t\t\t<\/div>\n<\/div><\/div><\/div><\/div><\/div><div id=\"pg-w623d30836ba5d-3\"  class=\"panel-grid panel-has-style\" ><div class=\"panel-row-style panel-row-style-for-w623d30836ba5d-3\" ><div id=\"pgc-w623d30836ba5d-3-0\"  class=\"panel-grid-cell\" ><div id=\"panel-w623d30836ba5d-3-0-0\" class=\"so-panel widget widget_sow-image panel-first-child panel-last-child\" data-index=\"4\" ><div\n\t\t\t\n\t\t\tclass=\"so-widget-sow-image so-widget-sow-image-default-c67d20f9f743\"\n\t\t\t\n\t\t>\n<div class=\"sow-image-container\">\n\t\t\t<a href=\"https:\/\/wp.ufpel.edu.br\/laomed\/pesquisa\/\"\n\t\t\t\t\t>\n\t\t\t<img \n\tsrc=\"https:\/\/wp.ufpel.edu.br\/laomed\/files\/2022\/03\/1-2.png\" width=\"100\" height=\"100\" srcset=\"https:\/\/wp.ufpel.edu.br\/laomed\/files\/2022\/03\/1-2.png 100w, https:\/\/wp.ufpel.edu.br\/laomed\/files\/2022\/03\/1-2-32x32.png 32w\" sizes=\"(max-width: 100px) 100vw, 100px\" title=\"1\" alt=\"\" \t\tclass=\"so-widget-image\"\/>\n\t\t\t<\/a><\/div>\n\n<\/div><\/div><\/div><div id=\"pgc-w623d30836ba5d-3-1\"  class=\"panel-grid-cell\" ><div id=\"panel-w623d30836ba5d-3-1-0\" class=\"so-panel widget widget_sow-image panel-first-child panel-last-child\" data-index=\"5\" ><div\n\t\t\t\n\t\t\tclass=\"so-widget-sow-image so-widget-sow-image-default-c67d20f9f743\"\n\t\t\t\n\t\t>\n<div class=\"sow-image-container\">\n\t\t\t<a href=\"https:\/\/wp.ufpel.edu.br\/laomed\/ensino\/\"\n\t\t\t\t\t>\n\t\t\t<img \n\tsrc=\"https:\/\/wp.ufpel.edu.br\/laomed\/files\/2022\/03\/2-2.png\" width=\"100\" height=\"100\" srcset=\"https:\/\/wp.ufpel.edu.br\/laomed\/files\/2022\/03\/2-2.png 100w, https:\/\/wp.ufpel.edu.br\/laomed\/files\/2022\/03\/2-2-32x32.png 32w\" sizes=\"(max-width: 100px) 100vw, 100px\" title=\"2\" alt=\"\" \t\tclass=\"so-widget-image\"\/>\n\t\t\t<\/a><\/div>\n\n<\/div><\/div><\/div><div id=\"pgc-w623d30836ba5d-3-2\"  class=\"panel-grid-cell\" ><div id=\"panel-w623d30836ba5d-3-2-0\" class=\"so-panel widget widget_sow-image panel-first-child panel-last-child\" data-index=\"6\" ><div\n\t\t\t\n\t\t\tclass=\"so-widget-sow-image so-widget-sow-image-default-c67d20f9f743\"\n\t\t\t\n\t\t>\n<div class=\"sow-image-container\">\n\t\t\t<a href=\"https:\/\/wp.ufpel.edu.br\/laomed\/extensao\/\"\n\t\t\t\t\t>\n\t\t\t<img \n\tsrc=\"https:\/\/wp.ufpel.edu.br\/laomed\/files\/2022\/03\/3-1.png\" width=\"100\" height=\"100\" srcset=\"https:\/\/wp.ufpel.edu.br\/laomed\/files\/2022\/03\/3-1.png 100w, https:\/\/wp.ufpel.edu.br\/laomed\/files\/2022\/03\/3-1-32x32.png 32w\" sizes=\"(max-width: 100px) 100vw, 100px\" title=\"3\" alt=\"\" \t\tclass=\"so-widget-image\"\/>\n\t\t\t<\/a><\/div>\n\n<\/div><\/div><\/div><\/div><\/div><div id=\"pg-w623d30836ba5d-4\"  class=\"panel-grid panel-has-style\" ><div class=\"siteorigin-panels-stretch panel-row-style panel-row-style-for-w623d30836ba5d-4\" data-stretch-type=\"full-stretched\" ><div id=\"pgc-w623d30836ba5d-4-0\"  class=\"panel-grid-cell\" ><div id=\"panel-w623d30836ba5d-4-0-0\" class=\"so-panel widget widget_sow-image panel-first-child panel-last-child\" data-index=\"7\" ><div class=\"panel-widget-style panel-widget-style-for-w623d30836ba5d-4-0-0\" ><div\n\t\t\t\n\t\t\tclass=\"so-widget-sow-image so-widget-sow-image-default-113ccd71f3e6\"\n\t\t\t\n\t\t>\n<div class=\"sow-image-container\">\n\t\t<img \n\tsrc=\"https:\/\/wp.ufpel.edu.br\/laomed\/files\/2021\/12\/site.png\" width=\"1320\" height=\"300\" srcset=\"https:\/\/wp.ufpel.edu.br\/laomed\/files\/2021\/12\/site.png 1320w, https:\/\/wp.ufpel.edu.br\/laomed\/files\/2021\/12\/site-400x91.png 400w, https:\/\/wp.ufpel.edu.br\/laomed\/files\/2021\/12\/site-1024x233.png 1024w, https:\/\/wp.ufpel.edu.br\/laomed\/files\/2021\/12\/site-768x175.png 768w\" sizes=\"(max-width: 1320px) 100vw, 1320px\" alt=\"\" \t\tclass=\"so-widget-image\"\/>\n\t<\/div>\n\n<\/div><\/div><\/div><\/div><\/div><\/div><div id=\"pg-w623d30836ba5d-5\"  class=\"panel-grid panel-no-style\" ><div id=\"pgc-w623d30836ba5d-5-0\"  class=\"panel-grid-cell\" ><div id=\"panel-w623d30836ba5d-5-0-0\" class=\"so-panel widget widget_sow-image panel-first-child\" data-index=\"8\" ><div\n\t\t\t\n\t\t\tclass=\"so-widget-sow-image so-widget-sow-image-default-113ccd71f3e6\"\n\t\t\t\n\t\t>\n<div class=\"sow-image-container\">\n\t\t<img \n\tsrc=\"https:\/\/wp.ufpel.edu.br\/laomed\/files\/2021\/12\/ca-mama-iba-200x200.png\" width=\"200\" height=\"200\" srcset=\"https:\/\/wp.ufpel.edu.br\/laomed\/files\/2021\/12\/ca-mama-iba-200x200.png 200w, https:\/\/wp.ufpel.edu.br\/laomed\/files\/2021\/12\/ca-mama-iba-32x32.png 32w\" sizes=\"(max-width: 200px) 100vw, 200px\" title=\"ca mama iba\" alt=\"\" \t\tclass=\"so-widget-image\"\/>\n\t<\/div>\n\n<\/div><\/div><div id=\"panel-w623d30836ba5d-5-0-1\" class=\"so-panel widget widget_sow-headline\" data-index=\"9\" ><div\n\t\t\t\n\t\t\tclass=\"so-widget-sow-headline so-widget-sow-headline-default-9303a5e46454 so-widget-fittext-wrapper\"\n\t\t\t data-fit-text-compressor=\"0.85\"\n\t\t><div class=\"sow-headline-container \">\n\t\t\t\t\t\t\t<h2 class=\"sow-headline\">\n\t\t\t\t\t\tCampanhas C\u00e2ncer de mama\t\t\t\t\t\t<\/h2>\n\t\t\t\t\t\t\t\t\t\t\t<div class=\"decoration\">\n\t\t\t\t\t\t<div class=\"decoration-inside\"><\/div>\n\t\t\t\t\t<\/div>\n\t\t\t\t\t<\/div>\n<\/div><\/div><div id=\"panel-w623d30836ba5d-5-0-2\" class=\"so-panel widget widget_sow-button panel-last-child\" data-index=\"10\" ><div\n\t\t\t\n\t\t\tclass=\"so-widget-sow-button so-widget-sow-button-atom-cc5f53b8411f\"\n\t\t\t\n\t\t><div class=\"ow-button-base ow-button-align-center\"\n>\n\t\t\t<a\n\t\t\t\t\thref=\"https:\/\/wp.ufpel.edu.br\/laomed\/campanha-cancer-de-mama\/\"\n\t\t\t\t\tclass=\"sowb-button ow-icon-placement-left ow-button-hover\" \t>\n\t\t<span>\n\t\t\t\n\t\t\tCLIQUE AQUI\t\t<\/span>\n\t\t\t<\/a>\n\t<\/div>\n<\/div><\/div><\/div><div id=\"pgc-w623d30836ba5d-5-1\"  class=\"panel-grid-cell\" ><div id=\"panel-w623d30836ba5d-5-1-0\" class=\"so-panel widget widget_sow-image panel-first-child\" data-index=\"11\" ><div\n\t\t\t\n\t\t\tclass=\"so-widget-sow-image so-widget-sow-image-default-113ccd71f3e6\"\n\t\t\t\n\t\t>\n<div class=\"sow-image-container\">\n\t\t<img \n\tsrc=\"https:\/\/wp.ufpel.edu.br\/laomed\/files\/2021\/12\/6-200x200.png\" width=\"200\" height=\"200\" srcset=\"https:\/\/wp.ufpel.edu.br\/laomed\/files\/2021\/12\/6-200x200.png 200w, https:\/\/wp.ufpel.edu.br\/laomed\/files\/2021\/12\/6-32x32.png 32w\" sizes=\"(max-width: 200px) 100vw, 200px\" alt=\"\" \t\tclass=\"so-widget-image\"\/>\n\t<\/div>\n\n<\/div><\/div><div id=\"panel-w623d30836ba5d-5-1-1\" class=\"so-panel widget widget_sow-headline\" data-index=\"12\" ><div\n\t\t\t\n\t\t\tclass=\"so-widget-sow-headline so-widget-sow-headline-default-9303a5e46454 so-widget-fittext-wrapper\"\n\t\t\t data-fit-text-compressor=\"0.85\"\n\t\t><div class=\"sow-headline-container \">\n\t\t\t\t\t\t\t<h2 class=\"sow-headline\">\n\t\t\t\t\t\tCampanhas C\u00e2ncer de pele\t\t\t\t\t\t<\/h2>\n\t\t\t\t\t\t\t\t\t\t\t<div class=\"decoration\">\n\t\t\t\t\t\t<div class=\"decoration-inside\"><\/div>\n\t\t\t\t\t<\/div>\n\t\t\t\t\t<\/div>\n<\/div><\/div><div id=\"panel-w623d30836ba5d-5-1-2\" class=\"so-panel widget widget_sow-button panel-last-child\" data-index=\"13\" ><div\n\t\t\t\n\t\t\tclass=\"so-widget-sow-button so-widget-sow-button-atom-cc5f53b8411f\"\n\t\t\t\n\t\t><div class=\"ow-button-base ow-button-align-center\"\n>\n\t\t\t<a\n\t\t\t\t\thref=\"https:\/\/wp.ufpel.edu.br\/laomed\/campanha-cancer-de-pele\/\"\n\t\t\t\t\tclass=\"sowb-button ow-icon-placement-left ow-button-hover\" \t>\n\t\t<span>\n\t\t\t\n\t\t\tCLIQUE AQUI\t\t<\/span>\n\t\t\t<\/a>\n\t<\/div>\n<\/div><\/div><\/div><\/div><div id=\"pg-w623d30836ba5d-6\"  class=\"panel-grid panel-has-style\" ><div class=\"siteorigin-panels-stretch panel-row-style panel-row-style-for-w623d30836ba5d-6\" data-stretch-type=\"full\" ><div id=\"pgc-w623d30836ba5d-6-0\"  class=\"panel-grid-cell\" ><div id=\"panel-w623d30836ba5d-6-0-0\" class=\"so-panel widget widget_sow-headline panel-first-child\" data-index=\"14\" ><div\n\t\t\t\n\t\t\tclass=\"so-widget-sow-headline so-widget-sow-headline-default-34d4c63e0a33 so-widget-fittext-wrapper\"\n\t\t\t data-fit-text-compressor=\"0.85\"\n\t\t><div class=\"sow-headline-container \">\n\t\t\t\t\t\t<div class=\"decoration\">\n\t\t\t\t\t\t<div class=\"decoration-inside\"><\/div>\n\t\t\t\t\t<\/div>\n\t\t\t\t\t\t\t\t\t\t\t<h1 class=\"sow-headline\">\n\t\t\t\t\t\tQUER FAZER PARTE DA LAO?\t\t\t\t\t\t<\/h1>\n\t\t\t\t\t\t<\/div>\n<\/div><\/div><div id=\"panel-w623d30836ba5d-6-0-1\" class=\"so-panel widget widget_sow-button panel-last-child\" data-index=\"15\" ><div\n\t\t\t\n\t\t\tclass=\"so-widget-sow-button so-widget-sow-button-atom-81ddb62ba931\"\n\t\t\t\n\t\t><div class=\"ow-button-base ow-button-align-center\"\n>\n\t\t\t<a\n\t\t\t\t\thref=\"https:\/\/forms.gle\/yoFUfkUbmfMxc4YC7\"\n\t\t\t\t\tclass=\"sowb-button ow-icon-placement-left ow-button-hover\" \t>\n\t\t<span>\n\t\t\t\n\t\t\tClique aqui\t\t<\/span>\n\t\t\t<\/a>\n\t<\/div>\n<\/div><\/div><\/div><\/div><\/div><div id=\"pg-w623d30836ba5d-7\"  class=\"panel-grid panel-no-style\" ><div id=\"pgc-w623d30836ba5d-7-0\"  class=\"panel-grid-cell\" ><div id=\"panel-w623d30836ba5d-7-0-0\" class=\"so-panel widget widget_media_image panel-first-child\" data-index=\"16\" ><img loading=\"lazy\" decoding=\"async\" width=\"1320\" height=\"300\" src=\"https:\/\/wp.ufpel.edu.br\/laomed\/files\/2022\/01\/Area-para-membros.png\" class=\"image wp-image-40  attachment-full size-full\" alt=\"\" style=\"max-width: 100%; height: auto;\" srcset=\"https:\/\/wp.ufpel.edu.br\/laomed\/files\/2022\/01\/Area-para-membros.png 1320w, https:\/\/wp.ufpel.edu.br\/laomed\/files\/2022\/01\/Area-para-membros-400x91.png 400w, https:\/\/wp.ufpel.edu.br\/laomed\/files\/2022\/01\/Area-para-membros-1024x233.png 1024w, https:\/\/wp.ufpel.edu.br\/laomed\/files\/2022\/01\/Area-para-membros-768x175.png 768w\" sizes=\"auto, (max-width: 1320px) 100vw, 1320px\" \/><\/div><div id=\"panel-w623d30836ba5d-7-0-1\" class=\"so-panel widget widget_sow-button panel-last-child\" data-index=\"17\" ><div\n\t\t\t\n\t\t\tclass=\"so-widget-sow-button so-widget-sow-button-atom-9e4c27117f16\"\n\t\t\t\n\t\t><div class=\"ow-button-base ow-button-align-center\"\n>\n\t\t\t<a\n\t\t\t\t\thref=\"https:\/\/wp.ufpel.edu.br\/laomed\/area-para-membros\/\"\n\t\t\t\t\tclass=\"sowb-button ow-icon-placement-left ow-button-hover\" \t>\n\t\t<span>\n\t\t\t\n\t\t\tCLIQUE AQUI\t\t<\/span>\n\t\t\t<\/a>\n\t<\/div>\n<\/div><\/div><\/div><\/div><div id=\"pg-w623d30836ba5d-8\"  class=\"panel-grid panel-no-style\" ><div id=\"pgc-w623d30836ba5d-8-0\"  class=\"panel-grid-cell\" ><div id=\"panel-w623d30836ba5d-8-0-0\" class=\"so-panel widget widget_sow-headline panel-first-child\" data-index=\"18\" ><div\n\t\t\t\n\t\t\tclass=\"so-widget-sow-headline so-widget-sow-headline-default-3e7777480d66\"\n\t\t\t\n\t\t><div class=\"sow-headline-container \">\n\t\t\t\t\t\t<div class=\"decoration\">\n\t\t\t\t\t\t<div class=\"decoration-inside\"><\/div>\n\t\t\t\t\t<\/div>\n\t\t\t\t\t\t\t\t\t\t\t<h2 class=\"sow-headline\">\n\t\t\t\t\t\tNossos Contatos:\t\t\t\t\t\t<\/h2>\n\t\t\t\t\t\t<\/div>\n<\/div><\/div><div id=\"panel-w623d30836ba5d-8-0-1\" class=\"so-panel widget widget_sow-social-media-buttons panel-last-child\" data-index=\"19\" ><div\n\t\t\t\n\t\t\tclass=\"so-widget-sow-social-media-buttons so-widget-sow-social-media-buttons-atom-0442ce471731\"\n\t\t\t\n\t\t>\n\n<div class=\"social-media-button-container\">\n\t\n\t\t<a \n\t\tclass=\"ow-button-hover sow-social-media-button-envelope-0 sow-social-media-button\" title=\"Email\" aria-label=\"Email\" target=\"_blank\" rel=\"noopener noreferrer\" href=\"mailto:ufpel.oncologia@gmail.com\" \t\t>\n\t\t\t<span>\n\t\t\t\t\t\t\t\t<span class=\"sow-icon-fontawesome sow-fas\" data-sow-icon=\"&#xf0e0;\"\n\t\t \n\t\taria-hidden=\"true\"><\/span>\t\t\t\t\t\t\t<\/span>\n\t\t<\/a>\n\t\n\t\t<a \n\t\tclass=\"ow-button-hover sow-social-media-button-phone-0 sow-social-media-button\" title=\"Telefone\" aria-label=\"Telefone\" href=\"tel:\" \t\t>\n\t\t\t<span>\n\t\t\t\t\t\t\t\t<span class=\"sow-icon-fontawesome sow-fas\" data-sow-icon=\"&#xf095;\"\n\t\t \n\t\taria-hidden=\"true\"><\/span>\t\t\t\t\t\t\t<\/span>\n\t\t<\/a>\n\t<\/div>\n<\/div><\/div><\/div><\/div><\/div><\/div><\/div><\/div><\/div><\/div>","protected":false},"excerpt":{"rendered":"<p>Conhe\u00e7a a LAO ATIVIDADES DA LAO Campanhas C\u00e2ncer de mama CLIQUE AQUI Campanhas C\u00e2ncer de pele CLIQUE AQUI QUER FAZER PARTE DA LAO? Clique aqui CLIQUE AQUI Nossos Contatos:<\/p>\n","protected":false},"author":1190,"featured_media":0,"parent":0,"menu_order":0,"comment_status":"closed","ping_status":"closed","template":"templates\/template-full-notitle.php","meta":{"footnotes":""},"class_list":["post-6","page","type-page","status-publish","hentry","post"],"_links":{"self":[{"href":"https:\/\/wp.ufpel.edu.br\/laomed\/wp-json\/wp\/v2\/pages\/6","targetHints":{"allow":["GET"]}}],"collection":[{"href":"https:\/\/wp.ufpel.edu.br\/laomed\/wp-json\/wp\/v2\/pages"}],"about":[{"href":"https:\/\/wp.ufpel.edu.br\/laomed\/wp-json\/wp\/v2\/types\/page"}],"author":[{"embeddable":true,"href":"https:\/\/wp.ufpel.edu.br\/laomed\/wp-json\/wp\/v2\/users\/1190"}],"replies":[{"embeddable":true,"href":"https:\/\/wp.ufpel.edu.br\/laomed\/wp-json\/wp\/v2\/comments?post=6"}],"version-history":[{"count":100,"href":"https:\/\/wp.ufpel.edu.br\/laomed\/wp-json\/wp\/v2\/pages\/6\/revisions"}],"predecessor-version":[{"id":333,"href":"https:\/\/wp.ufpel.edu.br\/laomed\/wp-json\/wp\/v2\/pages\/6\/revisions\/333"}],"wp:attachment":[{"href":"https:\/\/wp.ufpel.edu.br\/laomed\/wp-json\/wp\/v2\/media?parent=6"}],"curies":[{"name":"wp","href":"https:\/\/api.w.org\/{rel}","templated":true}]}}