{"id":47,"date":"2022-02-15T03:15:59","date_gmt":"2022-02-15T06:15:59","guid":{"rendered":"https:\/\/wp.ufpel.edu.br\/laomed\/?page_id=47"},"modified":"2022-02-15T03:41:04","modified_gmt":"2022-02-15T06:41:04","slug":"ensino","status":"publish","type":"page","link":"https:\/\/wp.ufpel.edu.br\/laomed\/ensino\/","title":{"rendered":"ensino"},"content":{"rendered":"<div id=\"pl-47\"  class=\"panel-layout\" ><div id=\"pg-47-0\"  class=\"panel-grid panel-has-style\" ><div class=\"siteorigin-panels-stretch panel-row-style panel-row-style-for-47-0\" data-stretch-type=\"full-stretched\" ><div id=\"pgc-47-0-0\"  class=\"panel-grid-cell\" ><div id=\"panel-47-0-0-0\" class=\"so-panel widget widget_sow-slider panel-first-child panel-last-child\" data-index=\"0\" ><div\n\t\t\t\n\t\t\tclass=\"so-widget-sow-slider so-widget-sow-slider-default-71d5c9d9c341-47\"\n\t\t\t\n\t\t>\t\t\t\t<div class=\"sow-slider-base\" style=\"display: none\" tabindex=\"0\">\n\t\t\t\t\t<ul\n\t\t\t\t\tclass=\"sow-slider-images\"\n\t\t\t\t\tdata-settings=\"{&quot;pagination&quot;:true,&quot;speed&quot;:&quot;800&quot;,&quot;timeout&quot;:&quot;8000&quot;,&quot;paused&quot;:false,&quot;pause_on_hover&quot;:false,&quot;swipe&quot;:true,&quot;nav_always_show_desktop&quot;:&quot;&quot;,&quot;nav_always_show_mobile&quot;:&quot;&quot;,&quot;breakpoint&quot;:&quot;780px&quot;,&quot;unmute&quot;:false,&quot;anchor&quot;:null}\"\n\t\t\t\t\t\t\t\t\t\tdata-anchor-id=\"\"\n\t\t\t\t>\t\t<li class=\"sow-slider-image\" style=\"visibility: visible;\" >\n\t\t\t\t\t\t<img loading=\"lazy\" decoding=\"async\" width=\"1280\" height=\"503\" src=\"https:\/\/wp.ufpel.edu.br\/laomed\/files\/2022\/02\/site-1280-px-\u00d7-503-px.png\" class=\"sow-slider-background-image\" alt=\"\" style=\"\" srcset=\"https:\/\/wp.ufpel.edu.br\/laomed\/files\/2022\/02\/site-1280-px-\u00d7-503-px.png 1280w, https:\/\/wp.ufpel.edu.br\/laomed\/files\/2022\/02\/site-1280-px-\u00d7-503-px-400x157.png 400w, https:\/\/wp.ufpel.edu.br\/laomed\/files\/2022\/02\/site-1280-px-\u00d7-503-px-1024x402.png 1024w, https:\/\/wp.ufpel.edu.br\/laomed\/files\/2022\/02\/site-1280-px-\u00d7-503-px-768x302.png 768w\" sizes=\"auto, (max-width: 1280px) 100vw, 1280px\" \/>\t\t<\/li>\n\t\t<\/ul>\t\t\t\t<ol class=\"sow-slider-pagination\">\n\t\t\t\t\t\t\t\t\t\t\t<li><a href=\"#\" data-goto=\"0\" aria-label=\"Display slide 1\"><\/a><\/li>\n\t\t\t\t\t\t\t\t\t<\/ol>\n\n\t\t\t\t<div class=\"sow-slide-nav sow-slide-nav-next\">\n\t\t\t\t\t<a href=\"#\" data-goto=\"next\" aria-label=\"Next slide\" data-action=\"next\">\n\t\t\t\t\t\t<em class=\"sow-sld-icon-thin-right\"><\/em>\n\t\t\t\t\t<\/a>\n\t\t\t\t<\/div>\n\n\t\t\t\t<div class=\"sow-slide-nav sow-slide-nav-prev\">\n\t\t\t\t\t<a href=\"#\" data-goto=\"previous\" aria-label=\"Previous slide\" data-action=\"prev\">\n\t\t\t\t\t\t<em class=\"sow-sld-icon-thin-left\"><\/em>\n\t\t\t\t\t<\/a>\n\t\t\t\t<\/div>\n\t\t\t\t<\/div><\/div><\/div><\/div><\/div><\/div><div id=\"pg-47-1\"  class=\"panel-grid panel-no-style\" ><div id=\"pgc-47-1-0\"  class=\"panel-grid-cell\" ><div id=\"panel-47-1-0-0\" class=\"so-panel widget widget_sow-headline panel-first-child panel-last-child\" data-index=\"1\" ><div\n\t\t\t\n\t\t\tclass=\"so-widget-sow-headline so-widget-sow-headline-default-15d1a65a8ff0-47\"\n\t\t\t\n\t\t><div class=\"sow-headline-container \">\n\t\t\t\t\t\t\t<h2 class=\"sow-headline\">\n\t\t\t\t\t\tNossa fun\u00e7\u00e3o tamb\u00e9m \u00e9 divulgar a oncologia!\t\t\t\t\t\t<\/h2>\n\t\t\t\t\t\t\t\t\t\t\t<div class=\"decoration\">\n\t\t\t\t\t\t<div class=\"decoration-inside\"><\/div>\n\t\t\t\t\t<\/div>\n\t\t\t\t\t\t\t\t\t\t\t<h3 class=\"sow-sub-headline\">\n\t\t\t\t\t\tDisponibilizamos algumas aulas de forma p\u00fablica. Se quiser conhecer a liga e as nossas aulas, n\u00e3o deixe de conferir!\t\t\t\t\t\t<\/h3>\n\t\t\t\t\t\t<\/div>\n<\/div><\/div><\/div><\/div><div id=\"pg-47-2\"  class=\"panel-grid panel-has-style\" ><div class=\"panel-row-style panel-row-style-for-47-2\" ><div id=\"pgc-47-2-0\"  class=\"panel-grid-cell\" ><div id=\"panel-47-2-0-0\" class=\"so-panel widget widget_sow-image panel-first-child\" data-index=\"2\" ><div\n\t\t\t\n\t\t\tclass=\"so-widget-sow-image so-widget-sow-image-default-8b5b6f678277-47\"\n\t\t\t\n\t\t>\n<div class=\"sow-image-container\">\n\t\t\t<a href=\"https:\/\/www.youtube.com\/watch?v=k9qneUKgKrw\"\n\t\t\t\t\t>\n\t\t\t<img \n\tsrc=\"https:\/\/wp.ufpel.edu.br\/laomed\/files\/2022\/02\/Post-para-redes-sociais-convite-live-12-768x768.png\" width=\"600\" height=\"600\" srcset=\"https:\/\/wp.ufpel.edu.br\/laomed\/files\/2022\/02\/Post-para-redes-sociais-convite-live-12-768x768.png 768w, https:\/\/wp.ufpel.edu.br\/laomed\/files\/2022\/02\/Post-para-redes-sociais-convite-live-12-400x400.png 400w, https:\/\/wp.ufpel.edu.br\/laomed\/files\/2022\/02\/Post-para-redes-sociais-convite-live-12-1024x1024.png 1024w, https:\/\/wp.ufpel.edu.br\/laomed\/files\/2022\/02\/Post-para-redes-sociais-convite-live-12-200x200.png 200w, https:\/\/wp.ufpel.edu.br\/laomed\/files\/2022\/02\/Post-para-redes-sociais-convite-live-12-32x32.png 32w, https:\/\/wp.ufpel.edu.br\/laomed\/files\/2022\/02\/Post-para-redes-sociais-convite-live-12.png 1080w\" sizes=\"(max-width: 600px) 100vw, 600px\" title=\"Post para redes sociais convite live (12)\" alt=\"\" \t\tclass=\"so-widget-image\"\/>\n\t\t\t<\/a><\/div>\n\n<\/div><\/div><div id=\"panel-47-2-0-1\" class=\"so-panel widget widget_sow-headline panel-last-child\" data-index=\"3\" ><div\n\t\t\t\n\t\t\tclass=\"so-widget-sow-headline so-widget-sow-headline-default-3da5240aa4ed-47\"\n\t\t\t\n\t\t><div class=\"sow-headline-container \">\n\t\t\t\t\t\t\t<h2 class=\"sow-headline\">\n\t\t\t\t\t\tC\u00e2ncer de mama\t\t\t\t\t\t<\/h2>\n\t\t\t\t\t\t\t\t\t\t\t\t<h3 class=\"sow-sub-headline\">\n\t\t\t\t\t\t\t\t\t\t\t\t\t<a href=\"https:\/\/www.youtube.com\/watch?v=k9qneUKgKrw\" >\n\t\t\t\t\t\t\t\tAssistir aula<\/a>\t\t\t\t\t\t<\/h3>\n\t\t\t\t\t\t\t\t\t\t\t<div class=\"decoration\">\n\t\t\t\t\t\t<div class=\"decoration-inside\"><\/div>\n\t\t\t\t\t<\/div>\n\t\t\t\t\t<\/div>\n<\/div><\/div><\/div><div id=\"pgc-47-2-1\"  class=\"panel-grid-cell\" ><div id=\"panel-47-2-1-0\" class=\"so-panel widget widget_sow-image panel-first-child\" data-index=\"4\" ><div\n\t\t\t\n\t\t\tclass=\"so-widget-sow-image so-widget-sow-image-default-8b5b6f678277-47\"\n\t\t\t\n\t\t>\n<div class=\"sow-image-container\">\n\t\t<img \n\tsrc=\"https:\/\/wp.ufpel.edu.br\/laomed\/files\/2022\/02\/Post-para-redes-sociais-convite-live-15-768x768.png\" width=\"600\" height=\"600\" srcset=\"https:\/\/wp.ufpel.edu.br\/laomed\/files\/2022\/02\/Post-para-redes-sociais-convite-live-15-768x768.png 768w, https:\/\/wp.ufpel.edu.br\/laomed\/files\/2022\/02\/Post-para-redes-sociais-convite-live-15-400x400.png 400w, https:\/\/wp.ufpel.edu.br\/laomed\/files\/2022\/02\/Post-para-redes-sociais-convite-live-15-1024x1024.png 1024w, https:\/\/wp.ufpel.edu.br\/laomed\/files\/2022\/02\/Post-para-redes-sociais-convite-live-15-200x200.png 200w, https:\/\/wp.ufpel.edu.br\/laomed\/files\/2022\/02\/Post-para-redes-sociais-convite-live-15-32x32.png 32w, https:\/\/wp.ufpel.edu.br\/laomed\/files\/2022\/02\/Post-para-redes-sociais-convite-live-15.png 1080w\" sizes=\"(max-width: 600px) 100vw, 600px\" title=\"Post para redes sociais convite live (15)\" alt=\"\" \t\tclass=\"so-widget-image\"\/>\n\t<\/div>\n\n<\/div><\/div><div id=\"panel-47-2-1-1\" class=\"so-panel widget widget_sow-headline panel-last-child\" data-index=\"5\" ><div\n\t\t\t\n\t\t\tclass=\"so-widget-sow-headline so-widget-sow-headline-default-3f8bfe3116c0-47\"\n\t\t\t\n\t\t><div class=\"sow-headline-container \">\n\t\t\t\t\t\t\t<h2 class=\"sow-headline\">\n\t\t\t\t\t\tPreven\u00e7\u00e3o do c\u00e2ncer de intestino\t\t\t\t\t\t<\/h2>\n\t\t\t\t\t\t\t\t\t\t\t\t<h3 class=\"sow-sub-headline\">\n\t\t\t\t\t\t\t\t\t\t\t\t\t<a href=\"https:\/\/www.youtube.com\/watch?v=xENkqGt0Fqc\" >\n\t\t\t\t\t\t\t\tAssistir aula<\/a>\t\t\t\t\t\t<\/h3>\n\t\t\t\t\t\t\t\t\t\t\t<div class=\"decoration\">\n\t\t\t\t\t\t<div class=\"decoration-inside\"><\/div>\n\t\t\t\t\t<\/div>\n\t\t\t\t\t<\/div>\n<\/div><\/div><\/div><div id=\"pgc-47-2-2\"  class=\"panel-grid-cell\" ><div id=\"panel-47-2-2-0\" class=\"so-panel widget widget_sow-image panel-first-child\" data-index=\"6\" ><div\n\t\t\t\n\t\t\tclass=\"so-widget-sow-image so-widget-sow-image-default-8b5b6f678277-47\"\n\t\t\t\n\t\t>\n<div class=\"sow-image-container\">\n\t\t<img \n\tsrc=\"https:\/\/wp.ufpel.edu.br\/laomed\/files\/2022\/02\/Post-para-redes-sociais-convite-live-14-768x768.png\" width=\"600\" height=\"600\" srcset=\"https:\/\/wp.ufpel.edu.br\/laomed\/files\/2022\/02\/Post-para-redes-sociais-convite-live-14-768x768.png 768w, https:\/\/wp.ufpel.edu.br\/laomed\/files\/2022\/02\/Post-para-redes-sociais-convite-live-14-400x400.png 400w, https:\/\/wp.ufpel.edu.br\/laomed\/files\/2022\/02\/Post-para-redes-sociais-convite-live-14-1024x1024.png 1024w, https:\/\/wp.ufpel.edu.br\/laomed\/files\/2022\/02\/Post-para-redes-sociais-convite-live-14-200x200.png 200w, https:\/\/wp.ufpel.edu.br\/laomed\/files\/2022\/02\/Post-para-redes-sociais-convite-live-14-32x32.png 32w, https:\/\/wp.ufpel.edu.br\/laomed\/files\/2022\/02\/Post-para-redes-sociais-convite-live-14.png 1080w\" sizes=\"(max-width: 600px) 100vw, 600px\" title=\"Post para redes sociais convite live (14)\" alt=\"\" \t\tclass=\"so-widget-image\"\/>\n\t<\/div>\n\n<\/div><\/div><div id=\"panel-47-2-2-1\" class=\"so-panel widget widget_sow-headline panel-last-child\" data-index=\"7\" ><div\n\t\t\t\n\t\t\tclass=\"so-widget-sow-headline so-widget-sow-headline-default-3f8d5cecb27a-47\"\n\t\t\t\n\t\t><div class=\"sow-headline-container \">\n\t\t\t\t\t\t\t<h2 class=\"sow-headline\">\n\t\t\t\t\t\tPrinc\u00edpios de cirurgia oncol\u00f3gica\t\t\t\t\t\t<\/h2>\n\t\t\t\t\t\t\t\t\t\t\t<div class=\"decoration\">\n\t\t\t\t\t\t<div class=\"decoration-inside\"><\/div>\n\t\t\t\t\t<\/div>\n\t\t\t\t\t\t\t\t\t\t\t<h3 class=\"sow-sub-headline\">\n\t\t\t\t\t\t\t\t\t\t\t\t\t<a href=\"https:\/\/www.youtube.com\/watch?v=8syTxEw1PxA\" >\n\t\t\t\t\t\t\t\tAssistir aula<\/a>\t\t\t\t\t\t<\/h3>\n\t\t\t\t\t\t<\/div>\n<\/div><\/div><\/div><\/div><\/div><div id=\"pg-47-3\"  class=\"panel-grid panel-no-style\" ><div id=\"pgc-47-3-0\"  class=\"panel-grid-cell\" ><div id=\"panel-47-3-0-0\" class=\"so-panel widget widget_sow-headline panel-first-child panel-last-child\" data-index=\"8\" ><div\n\t\t\t\n\t\t\tclass=\"so-widget-sow-headline so-widget-sow-headline-default-559b2a1cbf44-47\"\n\t\t\t\n\t\t><div class=\"sow-headline-container \">\n\t\t\t\t\t\t<div class=\"decoration\">\n\t\t\t\t\t\t<div class=\"decoration-inside\"><\/div>\n\t\t\t\t\t<\/div>\n\t\t\t\t\t\t\t\t\t\t\t<h2 class=\"sow-headline\">\n\t\t\t\t\t\tEm breve mais aulas ser\u00e3o disponibilizadas!\t\t\t\t\t\t<\/h2>\n\t\t\t\t\t\t<\/div>\n<\/div><\/div><\/div><\/div><div id=\"pg-47-4\"  class=\"panel-grid panel-has-style\" ><div class=\"siteorigin-panels-stretch panel-row-style panel-row-style-for-47-4\" data-stretch-type=\"full\" ><div id=\"pgc-47-4-0\"  class=\"panel-grid-cell\" ><div id=\"panel-47-4-0-0\" class=\"so-panel widget widget_sow-headline panel-first-child\" data-index=\"9\" ><div\n\t\t\t\n\t\t\tclass=\"so-widget-sow-headline so-widget-sow-headline-default-1e60093082f7-47\"\n\t\t\t\n\t\t><div class=\"sow-headline-container \">\n\t\t\t\t\t\t\t<h2 class=\"sow-headline\">\n\t\t\t\t\t\tAlguma d\u00favida?\t\t\t\t\t\t<\/h2>\n\t\t\t\t\t\t\t\t\t\t\t<div class=\"decoration\">\n\t\t\t\t\t\t<div class=\"decoration-inside\"><\/div>\n\t\t\t\t\t<\/div>\n\t\t\t\t\t<\/div>\n<\/div><\/div><div id=\"panel-47-4-0-1\" class=\"so-panel widget widget_sow-button panel-last-child\" data-index=\"10\" ><div class=\"panel-widget-style panel-widget-style-for-47-4-0-1\" ><div\n\t\t\t\n\t\t\tclass=\"so-widget-sow-button so-widget-sow-button-flat-11b34b45e88d-47\"\n\t\t\t\n\t\t><div class=\"ow-button-base ow-button-align-center\"\n>\n\t\t\t<a\n\t\t\t\t\thref=\"mailto:ufpel.oncologia@gmail.com\"\n\t\t\t\t\tclass=\"sowb-button ow-icon-placement-right\" target=\"_blank\" rel=\"noopener noreferrer\" \t>\n\t\t<span>\n\t\t\t<span class=\"sow-icon-fontawesome sow-far\" data-sow-icon=\"&#xf0e0;\"\n\t\tstyle=\"\" \n\t\taria-hidden=\"true\"><\/span>\n\t\t\tFale conosco!\t\t<\/span>\n\t\t\t<\/a>\n\t<\/div>\n<\/div><\/div><\/div><\/div><\/div><\/div><\/div>","protected":false},"excerpt":{"rendered":"<p>Nossa fun\u00e7\u00e3o tamb\u00e9m \u00e9 divulgar a oncologia! Disponibilizamos algumas aulas de forma p\u00fablica. Se quiser conhecer a liga e as nossas aulas, n\u00e3o deixe de conferir! C\u00e2ncer de mama Assistir aula Preven\u00e7\u00e3o do c\u00e2ncer de intestino Assistir aula Princ\u00edpios de cirurgia oncol\u00f3gica Assistir aula Em breve mais aulas ser\u00e3o disponibilizadas! Alguma d\u00favida? Fale conosco!<\/p>\n","protected":false},"author":1190,"featured_media":0,"parent":0,"menu_order":0,"comment_status":"closed","ping_status":"closed","template":"templates\/template-full-notitle.php","meta":{"footnotes":""},"class_list":["post-47","page","type-page","status-publish","hentry","post"],"_links":{"self":[{"href":"https:\/\/wp.ufpel.edu.br\/laomed\/wp-json\/wp\/v2\/pages\/47","targetHints":{"allow":["GET"]}}],"collection":[{"href":"https:\/\/wp.ufpel.edu.br\/laomed\/wp-json\/wp\/v2\/pages"}],"about":[{"href":"https:\/\/wp.ufpel.edu.br\/laomed\/wp-json\/wp\/v2\/types\/page"}],"author":[{"embeddable":true,"href":"https:\/\/wp.ufpel.edu.br\/laomed\/wp-json\/wp\/v2\/users\/1190"}],"replies":[{"embeddable":true,"href":"https:\/\/wp.ufpel.edu.br\/laomed\/wp-json\/wp\/v2\/comments?post=47"}],"version-history":[{"count":6,"href":"https:\/\/wp.ufpel.edu.br\/laomed\/wp-json\/wp\/v2\/pages\/47\/revisions"}],"predecessor-version":[{"id":64,"href":"https:\/\/wp.ufpel.edu.br\/laomed\/wp-json\/wp\/v2\/pages\/47\/revisions\/64"}],"wp:attachment":[{"href":"https:\/\/wp.ufpel.edu.br\/laomed\/wp-json\/wp\/v2\/media?parent=47"}],"curies":[{"name":"wp","href":"https:\/\/api.w.org\/{rel}","templated":true}]}}