{"id":126,"date":"2022-03-07T03:33:03","date_gmt":"2022-03-07T06:33:03","guid":{"rendered":"https:\/\/wp.ufpel.edu.br\/laomed\/?page_id=126"},"modified":"2022-03-07T03:34:28","modified_gmt":"2022-03-07T06:34:28","slug":"extensao","status":"publish","type":"page","link":"https:\/\/wp.ufpel.edu.br\/laomed\/extensao\/","title":{"rendered":"Extens\u00e3o"},"content":{"rendered":"<div id=\"pl-126\"  class=\"panel-layout\" ><div id=\"pg-126-0\"  class=\"panel-grid panel-has-style\" ><div class=\"siteorigin-panels-stretch panel-row-style panel-row-style-for-126-0\" data-stretch-type=\"full-stretched\" ><div id=\"pgc-126-0-0\"  class=\"panel-grid-cell\" ><div id=\"panel-126-0-0-0\" class=\"so-panel widget widget_sow-slider panel-first-child panel-last-child\" data-index=\"0\" ><div\n\t\t\t\n\t\t\tclass=\"so-widget-sow-slider so-widget-sow-slider-default-6d39609536fd-126\"\n\t\t\t\n\t\t>\t\t\t\t<div class=\"sow-slider-base\" style=\"display: none\" tabindex=\"0\">\n\t\t\t\t\t<ul\n\t\t\t\t\tclass=\"sow-slider-images\"\n\t\t\t\t\tdata-settings=\"{&quot;pagination&quot;:true,&quot;speed&quot;:800,&quot;timeout&quot;:8000,&quot;paused&quot;:false,&quot;pause_on_hover&quot;:false,&quot;swipe&quot;:true,&quot;nav_always_show_desktop&quot;:&quot;&quot;,&quot;nav_always_show_mobile&quot;:&quot;&quot;,&quot;breakpoint&quot;:&quot;780px&quot;,&quot;unmute&quot;:false,&quot;anchor&quot;:null}\"\n\t\t\t\t\t\t\t\t\t\tdata-anchor-id=\"\"\n\t\t\t\t>\t\t<li class=\"sow-slider-image\" style=\"visibility: visible;\" >\n\t\t\t\t\t\t<img loading=\"lazy\" decoding=\"async\" width=\"1280\" height=\"503\" src=\"https:\/\/wp.ufpel.edu.br\/laomed\/files\/2022\/03\/EXTENSAO.png\" class=\"sow-slider-background-image\" alt=\"\" style=\"\" srcset=\"https:\/\/wp.ufpel.edu.br\/laomed\/files\/2022\/03\/EXTENSAO.png 1280w, https:\/\/wp.ufpel.edu.br\/laomed\/files\/2022\/03\/EXTENSAO-400x157.png 400w, https:\/\/wp.ufpel.edu.br\/laomed\/files\/2022\/03\/EXTENSAO-1024x402.png 1024w, https:\/\/wp.ufpel.edu.br\/laomed\/files\/2022\/03\/EXTENSAO-768x302.png 768w\" sizes=\"auto, (max-width: 1280px) 100vw, 1280px\" \/>\t\t<\/li>\n\t\t<\/ul>\t\t\t\t<ol class=\"sow-slider-pagination\">\n\t\t\t\t\t\t\t\t\t\t\t<li><a href=\"#\" data-goto=\"0\" aria-label=\"Display slide 1\"><\/a><\/li>\n\t\t\t\t\t\t\t\t\t<\/ol>\n\n\t\t\t\t<div class=\"sow-slide-nav sow-slide-nav-next\">\n\t\t\t\t\t<a href=\"#\" data-goto=\"next\" aria-label=\"Next slide\" data-action=\"next\">\n\t\t\t\t\t\t<em class=\"sow-sld-icon-thin-right\"><\/em>\n\t\t\t\t\t<\/a>\n\t\t\t\t<\/div>\n\n\t\t\t\t<div class=\"sow-slide-nav sow-slide-nav-prev\">\n\t\t\t\t\t<a href=\"#\" data-goto=\"previous\" aria-label=\"Previous slide\" data-action=\"prev\">\n\t\t\t\t\t\t<em class=\"sow-sld-icon-thin-left\"><\/em>\n\t\t\t\t\t<\/a>\n\t\t\t\t<\/div>\n\t\t\t\t<\/div><\/div><\/div><\/div><\/div><\/div><div id=\"pg-126-1\"  class=\"panel-grid panel-no-style\" ><div id=\"pgc-126-1-0\"  class=\"panel-grid-cell\" ><div id=\"panel-126-1-0-0\" class=\"so-panel widget widget_sow-headline panel-first-child panel-last-child\" data-index=\"1\" ><div\n\t\t\t\n\t\t\tclass=\"so-widget-sow-headline so-widget-sow-headline-default-687854d44908-126\"\n\t\t\t\n\t\t><div class=\"sow-headline-container \">\n\t\t\t\t\t\t\t<h2 class=\"sow-headline\">\n\t\t\t\t\t\tVEJA ABAIXO AS NOSSAS ATIVIDADES DE EXTENS\u00c3O\t\t\t\t\t\t<\/h2>\n\t\t\t\t\t\t\t\t\t\t\t<div class=\"decoration\">\n\t\t\t\t\t\t<div class=\"decoration-inside\"><\/div>\n\t\t\t\t\t<\/div>\n\t\t\t\t\t\t\t\t\t\t\t<h3 class=\"sow-sub-headline\">\n\t\t\t\t\t\tAl\u00e9m da \u00e1rea de pesquisa e ensino, a LAO investe fortemente nas atividades de extens\u00e3o - proporcionando um contato pr\u00f3ximo com a comunidade externa \u00e0 liga.\t\t\t\t\t\t<\/h3>\n\t\t\t\t\t\t<\/div>\n<\/div><\/div><\/div><\/div><div id=\"pg-126-2\"  class=\"panel-grid panel-no-style\" ><div id=\"pgc-126-2-0\"  class=\"panel-grid-cell\" ><div id=\"panel-126-2-0-0\" class=\"so-panel widget widget_sow-headline panel-first-child panel-last-child\" data-index=\"2\" ><div\n\t\t\t\n\t\t\tclass=\"so-widget-sow-headline so-widget-sow-headline-default-3e9091d7298e-126\"\n\t\t\t\n\t\t><div class=\"sow-headline-container \">\n\t\t\t\t\t\t<div class=\"decoration\">\n\t\t\t\t\t\t<div class=\"decoration-inside\"><\/div>\n\t\t\t\t\t<\/div>\n\t\t\t\t\t\t\t\t\t\t\t<h2 class=\"sow-headline\">\n\t\t\t\t\t\tCAMPANHAS\t\t\t\t\t\t<\/h2>\n\t\t\t\t\t\t\t\t\t\t\t\t<h3 class=\"sow-sub-headline\">\n\t\t\t\t\t\tAs campanhas s\u00e3o de grande import\u00e2ncia para a nossa liga - por isso, para saber mais sobre elas, separamos uma \u00e1rea espec\u00edfica para as campanhas na p\u00e1gina inicial do nosso site!\t\t\t\t\t\t<\/h3>\n\t\t\t\t\t\t<\/div>\n<\/div><\/div><\/div><\/div><div id=\"pg-126-3\"  class=\"panel-grid panel-has-style\" ><div class=\"panel-row-style panel-row-style-for-126-3\" ><div id=\"pgc-126-3-0\"  class=\"panel-grid-cell\" ><div id=\"panel-126-3-0-0\" class=\"so-panel widget widget_sow-image panel-first-child panel-last-child\" data-index=\"3\" ><div\n\t\t\t\n\t\t\tclass=\"so-widget-sow-image so-widget-sow-image-default-334eeca80698-126\"\n\t\t\t\n\t\t>\n<div class=\"sow-image-container\">\n\t\t<img \n\tsrc=\"https:\/\/wp.ufpel.edu.br\/laomed\/files\/2022\/03\/LAO-400x300.jpeg\" width=\"400\" height=\"300\" srcset=\"https:\/\/wp.ufpel.edu.br\/laomed\/files\/2022\/03\/LAO-400x300.jpeg 400w, https:\/\/wp.ufpel.edu.br\/laomed\/files\/2022\/03\/LAO-1024x768.jpeg 1024w, https:\/\/wp.ufpel.edu.br\/laomed\/files\/2022\/03\/LAO-768x576.jpeg 768w, https:\/\/wp.ufpel.edu.br\/laomed\/files\/2022\/03\/LAO-1536x1152.jpeg 1536w, https:\/\/wp.ufpel.edu.br\/laomed\/files\/2022\/03\/LAO.jpeg 1600w\" sizes=\"(max-width: 400px) 100vw, 400px\" alt=\"\" \t\tclass=\"so-widget-image\"\/>\n\t<\/div>\n\n<\/div><\/div><\/div><div id=\"pgc-126-3-1\"  class=\"panel-grid-cell\" ><div id=\"panel-126-3-1-0\" class=\"so-panel widget widget_sow-image panel-first-child panel-last-child\" data-index=\"4\" ><div\n\t\t\t\n\t\t\tclass=\"so-widget-sow-image so-widget-sow-image-default-334eeca80698-126\"\n\t\t\t\n\t\t>\n<div class=\"sow-image-container\">\n\t\t<img \n\tsrc=\"https:\/\/wp.ufpel.edu.br\/laomed\/files\/2022\/02\/campanha-400x281.png\" width=\"400\" height=\"281\" srcset=\"https:\/\/wp.ufpel.edu.br\/laomed\/files\/2022\/02\/campanha-400x281.png 400w, https:\/\/wp.ufpel.edu.br\/laomed\/files\/2022\/02\/campanha.png 554w\" sizes=\"(max-width: 400px) 100vw, 400px\" alt=\"\" \t\tclass=\"so-widget-image\"\/>\n\t<\/div>\n\n<\/div><\/div><\/div><\/div><\/div><div id=\"pg-126-4\"  class=\"panel-grid panel-no-style\" ><div id=\"pgc-126-4-0\"  class=\"panel-grid-cell\" ><div id=\"panel-126-4-0-0\" class=\"so-panel widget widget_sow-headline panel-first-child panel-last-child\" data-index=\"5\" ><div\n\t\t\t\n\t\t\tclass=\"so-widget-sow-headline so-widget-sow-headline-default-3e9091d7298e-126\"\n\t\t\t\n\t\t><div class=\"sow-headline-container \">\n\t\t\t\t\t\t<div class=\"decoration\">\n\t\t\t\t\t\t<div class=\"decoration-inside\"><\/div>\n\t\t\t\t\t<\/div>\n\t\t\t\t\t\t\t\t\t\t\t<h2 class=\"sow-headline\">\n\t\t\t\t\t\tCONGRESSOS E JORNADAS ACAD\u00caMICAS\t\t\t\t\t\t<\/h2>\n\t\t\t\t\t\t\t\t\t\t\t\t<h3 class=\"sow-sub-headline\">\n\t\t\t\t\t\tA LAO esteve envolvida na organiza\u00e7\u00e3o de congressos e jornadas acad\u00eamicas. Esses eventos contaram com a participa\u00e7\u00e3o de diversos profissionais palestrantes e estudantes interessados em oncologia.\t\t\t\t\t\t<\/h3>\n\t\t\t\t\t\t<\/div>\n<\/div><\/div><\/div><\/div><div id=\"pg-126-5\"  class=\"panel-grid panel-no-style\" ><div id=\"pgc-126-5-0\"  class=\"panel-grid-cell\" ><div id=\"panel-126-5-0-0\" class=\"so-panel widget widget_sow-image panel-first-child\" data-index=\"6\" ><div\n\t\t\t\n\t\t\tclass=\"so-widget-sow-image so-widget-sow-image-default-334eeca80698-126\"\n\t\t\t\n\t\t>\n<div class=\"sow-image-container\">\n\t\t<img \n\tsrc=\"https:\/\/wp.ufpel.edu.br\/laomed\/files\/2022\/02\/congresso-400x304.jpg\" width=\"400\" height=\"304\" srcset=\"https:\/\/wp.ufpel.edu.br\/laomed\/files\/2022\/02\/congresso-400x304.jpg 400w, https:\/\/wp.ufpel.edu.br\/laomed\/files\/2022\/02\/congresso-1024x778.jpg 1024w, https:\/\/wp.ufpel.edu.br\/laomed\/files\/2022\/02\/congresso-768x583.jpg 768w, https:\/\/wp.ufpel.edu.br\/laomed\/files\/2022\/02\/congresso-1536x1167.jpg 1536w, https:\/\/wp.ufpel.edu.br\/laomed\/files\/2022\/02\/congresso.jpg 1788w\" sizes=\"(max-width: 400px) 100vw, 400px\" alt=\"\" \t\tclass=\"so-widget-image\"\/>\n\t<\/div>\n\n<\/div><\/div><div id=\"panel-126-5-0-1\" class=\"so-panel widget widget_sow-headline panel-last-child\" data-index=\"7\" ><div\n\t\t\t\n\t\t\tclass=\"so-widget-sow-headline so-widget-sow-headline-default-7ffd0ccbccdd-126\"\n\t\t\t\n\t\t><div class=\"sow-headline-container \">\n\t\t\t\t\t\t\t<h2 class=\"sow-headline\">\n\t\t\t\t\t\t2\u00b0 Congresso de Oncologia de Pelotas - 2018\t\t\t\t\t\t<\/h2>\n\t\t\t\t\t\t\t\t\t\t\t<div class=\"decoration\">\n\t\t\t\t\t\t<div class=\"decoration-inside\"><\/div>\n\t\t\t\t\t<\/div>\n\t\t\t\t\t<\/div>\n<\/div><\/div><\/div><div id=\"pgc-126-5-1\"  class=\"panel-grid-cell\" ><div id=\"panel-126-5-1-0\" class=\"so-panel widget widget_sow-image panel-first-child\" data-index=\"8\" ><div\n\t\t\t\n\t\t\tclass=\"so-widget-sow-image so-widget-sow-image-default-334eeca80698-126\"\n\t\t\t\n\t\t>\n<div class=\"sow-image-container\">\n\t\t<img \n\tsrc=\"https:\/\/wp.ufpel.edu.br\/laomed\/files\/2022\/03\/1\u00b0-congresso-de-onco-400x225.jpg\" width=\"400\" height=\"225\" srcset=\"https:\/\/wp.ufpel.edu.br\/laomed\/files\/2022\/03\/1\u00b0-congresso-de-onco-400x225.jpg 400w, https:\/\/wp.ufpel.edu.br\/laomed\/files\/2022\/03\/1\u00b0-congresso-de-onco-1024x576.jpg 1024w, https:\/\/wp.ufpel.edu.br\/laomed\/files\/2022\/03\/1\u00b0-congresso-de-onco-768x432.jpg 768w, https:\/\/wp.ufpel.edu.br\/laomed\/files\/2022\/03\/1\u00b0-congresso-de-onco.jpg 1280w\" sizes=\"(max-width: 400px) 100vw, 400px\" title=\"1\u00b0 congresso de onco\" alt=\"\" \t\tclass=\"so-widget-image\"\/>\n\t<\/div>\n\n<\/div><\/div><div id=\"panel-126-5-1-1\" class=\"so-panel widget widget_sow-headline\" data-index=\"9\" ><div\n\t\t\t\n\t\t\tclass=\"so-widget-sow-headline so-widget-sow-headline-default-7ffd0ccbccdd-126\"\n\t\t\t\n\t\t><div class=\"sow-headline-container \">\n\t\t\t\t\t\t<div class=\"decoration\">\n\t\t\t\t\t\t<div class=\"decoration-inside\"><\/div>\n\t\t\t\t\t<\/div>\n\t\t\t\t\t<\/div>\n<\/div><\/div><div id=\"panel-126-5-1-2\" class=\"so-panel widget widget_sow-headline\" data-index=\"10\" ><div\n\t\t\t\n\t\t\tclass=\"so-widget-sow-headline so-widget-sow-headline-default-7ffd0ccbccdd-126\"\n\t\t\t\n\t\t><div class=\"sow-headline-container \">\n\t\t\t\t\t\t<div class=\"decoration\">\n\t\t\t\t\t\t<div class=\"decoration-inside\"><\/div>\n\t\t\t\t\t<\/div>\n\t\t\t\t\t<\/div>\n<\/div><\/div><div id=\"panel-126-5-1-3\" class=\"so-panel widget widget_sow-headline panel-last-child\" data-index=\"11\" ><div\n\t\t\t\n\t\t\tclass=\"so-widget-sow-headline so-widget-sow-headline-default-7ffd0ccbccdd-126\"\n\t\t\t\n\t\t><div class=\"sow-headline-container \">\n\t\t\t\t\t\t\t<h2 class=\"sow-headline\">\n\t\t\t\t\t\tBanner de divulga\u00e7\u00e3o do 1\u00b0 Congresso de Oncologia de Pelotas - 2017\t\t\t\t\t\t<\/h2>\n\t\t\t\t\t\t\t\t\t\t\t<div class=\"decoration\">\n\t\t\t\t\t\t<div class=\"decoration-inside\"><\/div>\n\t\t\t\t\t<\/div>\n\t\t\t\t\t<\/div>\n<\/div><\/div><\/div><\/div><div id=\"pg-126-6\"  class=\"panel-grid panel-no-style\" ><div id=\"pgc-126-6-0\"  class=\"panel-grid-cell\" ><div id=\"panel-126-6-0-0\" class=\"so-panel widget widget_sow-headline panel-first-child panel-last-child\" data-index=\"12\" ><div\n\t\t\t\n\t\t\tclass=\"so-widget-sow-headline so-widget-sow-headline-default-559b2a1cbf44-126\"\n\t\t\t\n\t\t><div class=\"sow-headline-container \">\n\t\t\t\t\t\t<div class=\"decoration\">\n\t\t\t\t\t\t<div class=\"decoration-inside\"><\/div>\n\t\t\t\t\t<\/div>\n\t\t\t\t\t\t\t\t\t\t\t<h2 class=\"sow-headline\">\n\t\t\t\t\t\tEm breve publicaremos nossas outras atividades de extens\u00e3o.\t\t\t\t\t\t<\/h2>\n\t\t\t\t\t\t<\/div>\n<\/div><\/div><\/div><\/div><div id=\"pg-126-7\"  class=\"panel-grid panel-has-style\" ><div class=\"siteorigin-panels-stretch panel-row-style panel-row-style-for-126-7\" data-stretch-type=\"full\" ><div id=\"pgc-126-7-0\"  class=\"panel-grid-cell\" ><div id=\"panel-126-7-0-0\" class=\"so-panel widget widget_sow-headline panel-first-child\" data-index=\"13\" ><div\n\t\t\t\n\t\t\tclass=\"so-widget-sow-headline so-widget-sow-headline-default-1e60093082f7-126\"\n\t\t\t\n\t\t><div class=\"sow-headline-container \">\n\t\t\t\t\t\t\t<h2 class=\"sow-headline\">\n\t\t\t\t\t\tAlguma d\u00favida?\t\t\t\t\t\t<\/h2>\n\t\t\t\t\t\t\t\t\t\t\t<div class=\"decoration\">\n\t\t\t\t\t\t<div class=\"decoration-inside\"><\/div>\n\t\t\t\t\t<\/div>\n\t\t\t\t\t<\/div>\n<\/div><\/div><div id=\"panel-126-7-0-1\" class=\"so-panel widget widget_sow-button panel-last-child\" data-index=\"14\" ><div class=\"panel-widget-style panel-widget-style-for-126-7-0-1\" ><div\n\t\t\t\n\t\t\tclass=\"so-widget-sow-button so-widget-sow-button-flat-11b34b45e88d-126\"\n\t\t\t\n\t\t><div class=\"ow-button-base ow-button-align-center\"\n>\n\t\t\t<a\n\t\t\t\t\thref=\"mailto:ufpel.oncologia@gmail.com\"\n\t\t\t\t\tclass=\"sowb-button ow-icon-placement-right\" target=\"_blank\" rel=\"noopener noreferrer\" \t>\n\t\t<span>\n\t\t\t<span class=\"sow-icon-fontawesome sow-far\" data-sow-icon=\"&#xf0e0;\"\n\t\tstyle=\"\" \n\t\taria-hidden=\"true\"><\/span>\n\t\t\tFale conosco!\t\t<\/span>\n\t\t\t<\/a>\n\t<\/div>\n<\/div><\/div><\/div><\/div><\/div><\/div><\/div>","protected":false},"excerpt":{"rendered":"<p>VEJA ABAIXO AS NOSSAS ATIVIDADES DE EXTENS\u00c3O Al\u00e9m da \u00e1rea de pesquisa e ensino, a LAO investe fortemente nas atividades de extens\u00e3o &#8211; proporcionando um contato pr\u00f3ximo com a comunidade externa \u00e0 liga. CAMPANHAS As campanhas s\u00e3o de grande import\u00e2ncia para a nossa liga &#8211; por isso, para saber mais sobre elas, separamos uma \u00e1rea [&hellip;]<\/p>\n","protected":false},"author":1190,"featured_media":0,"parent":0,"menu_order":0,"comment_status":"closed","ping_status":"closed","template":"templates\/template-full-notitle.php","meta":{"footnotes":""},"class_list":["post-126","page","type-page","status-publish","hentry","post"],"_links":{"self":[{"href":"https:\/\/wp.ufpel.edu.br\/laomed\/wp-json\/wp\/v2\/pages\/126","targetHints":{"allow":["GET"]}}],"collection":[{"href":"https:\/\/wp.ufpel.edu.br\/laomed\/wp-json\/wp\/v2\/pages"}],"about":[{"href":"https:\/\/wp.ufpel.edu.br\/laomed\/wp-json\/wp\/v2\/types\/page"}],"author":[{"embeddable":true,"href":"https:\/\/wp.ufpel.edu.br\/laomed\/wp-json\/wp\/v2\/users\/1190"}],"replies":[{"embeddable":true,"href":"https:\/\/wp.ufpel.edu.br\/laomed\/wp-json\/wp\/v2\/comments?post=126"}],"version-history":[{"count":4,"href":"https:\/\/wp.ufpel.edu.br\/laomed\/wp-json\/wp\/v2\/pages\/126\/revisions"}],"predecessor-version":[{"id":149,"href":"https:\/\/wp.ufpel.edu.br\/laomed\/wp-json\/wp\/v2\/pages\/126\/revisions\/149"}],"wp:attachment":[{"href":"https:\/\/wp.ufpel.edu.br\/laomed\/wp-json\/wp\/v2\/media?parent=126"}],"curies":[{"name":"wp","href":"https:\/\/api.w.org\/{rel}","templated":true}]}}