{"id":69,"date":"2013-08-13T17:50:23","date_gmt":"2013-08-13T20:50:23","guid":{"rendered":"https:\/\/wp.ufpel.edu.br\/lampell\/?page_id=69"},"modified":"2013-08-27T18:00:31","modified_gmt":"2013-08-27T21:00:31","slug":"icaro","status":"publish","type":"page","link":"https:\/\/wp.ufpel.edu.br\/lampell\/grupos-de-pesquisa\/icaro\/","title":{"rendered":"\u00cdCARO"},"content":{"rendered":"<p style=\"text-align: justify\"><span>O grupo de pesquisa \u00cdCARO tem por objetivo refletir sobre a forma\u00e7\u00e3o cultural a partir das experi\u00eancias regionais e de sua rela\u00e7\u00e3o com outras culturas e das aproxima\u00e7\u00f5es\/afastamentos existentes no pensar quest\u00f5es como identidade-identifica\u00e7\u00e3o, igualdade e diferen\u00e7a. As quest\u00f5es principais a serem desenvolvidas atrav\u00e9s de atividades de pesquisa e extens\u00e3o podem ser percebidas por meio das iniciais das palavras que comp\u00f5em o nome do grupo: Interdisciplinaridade (perspectiva fundamental de trabalho em Literatura Comparada), Cr\u00edtica ao Autoritarismo (evidenciada pela abordagem da Teoria Cr\u00edtica da Sociedade), Regionalidade e Oralidade (conceitos relevantes para reflex\u00e3o acerca do sentido expressivo da forma\u00e7\u00e3o cultural)<\/span><\/p>\n<p><a href=\"https:\/\/wp.ufpel.edu.br\/grupoicaro\/apresentacao\/o-grupo\/\" target=\"_blank\">Acesse o site do grupo \u00cdCARO<\/a><br \/>\n<a href=\"http:\/\/dgp.cnpq.br\/buscaoperacional\/detalhegrupo.jsp?grupo=0045802CMT3EOV\" target=\"_blank\"> Diret\u00f3rio dos Grupos de Pesquisa no Brasil<\/a><\/p>\n","protected":false},"excerpt":{"rendered":"<p>O grupo de pesquisa \u00cdCARO tem por objetivo refletir sobre a forma\u00e7\u00e3o cultural a partir das experi\u00eancias regionais e de sua rela\u00e7\u00e3o com outras culturas e das aproxima\u00e7\u00f5es\/afastamentos existentes no pensar quest\u00f5es como identidade-identifica\u00e7\u00e3o, igualdade e diferen\u00e7a. As quest\u00f5es principais a serem desenvolvidas atrav\u00e9s de atividades de pesquisa e extens\u00e3o podem ser percebidas por meio &hellip; <\/p>\n<p><a class=\"more-link btn\" href=\"https:\/\/wp.ufpel.edu.br\/lampell\/grupos-de-pesquisa\/icaro\/\">Continue lendo<\/a><\/p>\n","protected":false},"author":258,"featured_media":0,"parent":67,"menu_order":0,"comment_status":"closed","ping_status":"closed","template":"","meta":{"footnotes":""},"class_list":["post-69","page","type-page","status-publish","hentry","nodate","item-wrap"],"_links":{"self":[{"href":"https:\/\/wp.ufpel.edu.br\/lampell\/wp-json\/wp\/v2\/pages\/69","targetHints":{"allow":["GET"]}}],"collection":[{"href":"https:\/\/wp.ufpel.edu.br\/lampell\/wp-json\/wp\/v2\/pages"}],"about":[{"href":"https:\/\/wp.ufpel.edu.br\/lampell\/wp-json\/wp\/v2\/types\/page"}],"author":[{"embeddable":true,"href":"https:\/\/wp.ufpel.edu.br\/lampell\/wp-json\/wp\/v2\/users\/258"}],"replies":[{"embeddable":true,"href":"https:\/\/wp.ufpel.edu.br\/lampell\/wp-json\/wp\/v2\/comments?post=69"}],"version-history":[{"count":5,"href":"https:\/\/wp.ufpel.edu.br\/lampell\/wp-json\/wp\/v2\/pages\/69\/revisions"}],"predecessor-version":[{"id":161,"href":"https:\/\/wp.ufpel.edu.br\/lampell\/wp-json\/wp\/v2\/pages\/69\/revisions\/161"}],"up":[{"embeddable":true,"href":"https:\/\/wp.ufpel.edu.br\/lampell\/wp-json\/wp\/v2\/pages\/67"}],"wp:attachment":[{"href":"https:\/\/wp.ufpel.edu.br\/lampell\/wp-json\/wp\/v2\/media?parent=69"}],"curies":[{"name":"wp","href":"https:\/\/api.w.org\/{rel}","templated":true}]}}