{"id":171,"date":"2014-04-22T15:00:43","date_gmt":"2014-04-22T18:00:43","guid":{"rendered":"https:\/\/wp.ufpel.edu.br\/lampell\/?page_id=171"},"modified":"2014-04-22T15:00:43","modified_gmt":"2014-04-22T18:00:43","slug":"caderno-de-letras","status":"publish","type":"page","link":"https:\/\/wp.ufpel.edu.br\/lampell\/projetos\/caderno-de-letras\/","title":{"rendered":"Caderno de Letras"},"content":{"rendered":"<p><b>CADERNO DE LETRAS \u2013 APRESENTA\u00c7\u00c3O<\/b><\/p>\n<p>A Revista Caderno de Letras surgiu em 1982, como resultado do esfor\u00e7o dos professores e pesquisadores que integravam o Departamento de Letras do Instituto de Letras e Artes da Universidade Federal de Pelotas.<\/p>\n<p><a href=\"https:\/\/wp.ufpel.edu.br\/cadernodeletras\/\" target=\"_blank\">Clique aqui<\/a> para ver o site da revista<\/p>\n","protected":false},"excerpt":{"rendered":"<p>CADERNO DE LETRAS \u2013 APRESENTA\u00c7\u00c3O A Revista Caderno de Letras surgiu em 1982, como resultado do esfor\u00e7o dos professores e pesquisadores que integravam o Departamento de Letras do Instituto de Letras e Artes da Universidade Federal de Pelotas. Clique aqui para ver o site da revista<\/p>\n","protected":false},"author":258,"featured_media":0,"parent":90,"menu_order":0,"comment_status":"closed","ping_status":"closed","template":"","meta":{"footnotes":""},"class_list":["post-171","page","type-page","status-publish","hentry","nodate","item-wrap"],"_links":{"self":[{"href":"https:\/\/wp.ufpel.edu.br\/lampell\/wp-json\/wp\/v2\/pages\/171","targetHints":{"allow":["GET"]}}],"collection":[{"href":"https:\/\/wp.ufpel.edu.br\/lampell\/wp-json\/wp\/v2\/pages"}],"about":[{"href":"https:\/\/wp.ufpel.edu.br\/lampell\/wp-json\/wp\/v2\/types\/page"}],"author":[{"embeddable":true,"href":"https:\/\/wp.ufpel.edu.br\/lampell\/wp-json\/wp\/v2\/users\/258"}],"replies":[{"embeddable":true,"href":"https:\/\/wp.ufpel.edu.br\/lampell\/wp-json\/wp\/v2\/comments?post=171"}],"version-history":[{"count":1,"href":"https:\/\/wp.ufpel.edu.br\/lampell\/wp-json\/wp\/v2\/pages\/171\/revisions"}],"predecessor-version":[{"id":172,"href":"https:\/\/wp.ufpel.edu.br\/lampell\/wp-json\/wp\/v2\/pages\/171\/revisions\/172"}],"up":[{"embeddable":true,"href":"https:\/\/wp.ufpel.edu.br\/lampell\/wp-json\/wp\/v2\/pages\/90"}],"wp:attachment":[{"href":"https:\/\/wp.ufpel.edu.br\/lampell\/wp-json\/wp\/v2\/media?parent=171"}],"curies":[{"name":"wp","href":"https:\/\/api.w.org\/{rel}","templated":true}]}}