{"id":7,"date":"2015-05-14T16:37:19","date_gmt":"2015-05-14T19:37:19","guid":{"rendered":"https:\/\/wp.ufpel.edu.br\/lamina\/?page_id=7"},"modified":"2019-11-15T00:57:49","modified_gmt":"2019-11-15T03:57:49","slug":"integrantes","status":"publish","type":"page","link":"https:\/\/wp.ufpel.edu.br\/lamina\/integrantes\/","title":{"rendered":"Integrantes"},"content":{"rendered":"<h2>Integrantes da equipe atual<\/h2>\n<h3>Corpo Docente:<\/h3>\n<ul>\n<li>Prof. Dr. Jaime Mujica Sall\u00e9s (Coordenador Geral)<\/li>\n<li>Prof. Dr. Pedro Lu\u00eds Machado Sanches (Coordenador Acervos)<\/li>\n<li>Prof. Dr. Diego Lemos (Coordenador Extens\u00e3o)<\/li>\n<li>Prof. Dr. Cl\u00e1udio Baptista Carle<\/li>\n<\/ul>\n<h3>Corpo Discente:<\/h3>\n<ul>\n<li>Ana Julia dos Santos<\/li>\n<li>B\u00e1rbara Denise Xavier da Costa<\/li>\n<li>Clarissa Garcia<\/li>\n<li>Daiana Oliveira Felix de Oliveira<\/li>\n<li>Eneri James Borges Medeiros<\/li>\n<li><span style=\"font-weight: 400\">Heloise de Oliveira Woehl<\/span><\/li>\n<li>Julia Braga dos Santos<\/li>\n<li>Katrin Souza Baumgarten<\/li>\n<li>Marcela dos Santos Dode<\/li>\n<li>Maria Waleska Peil<\/li>\n<li>Mariana Brauner Lobato<\/li>\n<li>Marina Monteiro Nascimento<\/li>\n<li>Mari Denise Martins Santos<\/li>\n<li>Priscila Poeta Darley<\/li>\n<li>Ra\u00edssa Lima Bertasi<\/li>\n<li>Tainara Cristina Silva Carvalho<\/li>\n<\/ul>\n<h3>Pesquisadores Associados:<\/h3>\n<ul>\n<li>Prof. Dr. Eduardo Dornelles<\/li>\n<li>Conservador Restaurador, Esp.\u00a0 Conserva\u00e7\u00e3o do Patrim\u00f4nio Fabio Barreto Silva<\/li>\n<li>Conservadora Restauradora, Esp.\u00a0 Conserva\u00e7\u00e3o do Patrim\u00f4nio M\u00e1rcia Regina Ribeiro<\/li>\n<li>Prof\u00aa. Dr\u00aa Maria \u00c9lida Farias<\/li>\n<li>Conservadora Restauradora, MSc. Susana dos Santos Dode<\/li>\n<li>Conservadora Restauradora, MSc. Taciane Silveira Souza<\/li>\n<\/ul>\n<h2>Integrantes da equipe 2017<\/h2>\n<p>Corpo Docente:<\/p>\n<ul>\n<li>Prof. Dr. Jaime Mujica Sall\u00e9s<\/li>\n<li>Prof. Dr. Pedro Lu\u00eds Machado Sanches<\/li>\n<li>Prof. Dr. Diego Lemos<\/li>\n<li>Prof. Dr. Cl\u00e1udio Baptista Carle<\/li>\n<\/ul>\n<h3>Corpo Discente:<\/h3>\n<ul>\n<li>B\u00e1rbara Denise Xavier da Costa<\/li>\n<li>Daiana Oliveira Felix de Oliveira<\/li>\n<li>Eneri James Borges Medeiros<\/li>\n<li>Marcela dos Santos Dode<\/li>\n<li>Mari Denise Martins Santos<\/li>\n<li>Priscila Poeta Darley<\/li>\n<li>Ra\u00edssa Lima Bertasi<\/li>\n<\/ul>\n<h3>Pesquisadores Associados:<\/h3>\n<ul>\n<li>Prof. Dr. Eduardo Dornelles<\/li>\n<li>Fabio Barreto Silva<\/li>\n<li>M\u00e1rcia Regina Ribeiro<\/li>\n<li>Prof\u00aa Dr\u00aa Maria \u00c9lida Farias<\/li>\n<li>MSc. Susana dos Santos Dode<\/li>\n<li>MSc. Taciane Silveira Souza<\/li>\n<\/ul>\n<h2><strong>Integrantes da equipe 2016<\/strong><\/h2>\n<h3>Corpo Docente:<\/h3>\n<ul>\n<li>Prof. Dr. Jaime Mujica Sall\u00e9s<\/li>\n<li>Prof. Dr. Pedro Lu\u00eds Machado Sanches<\/li>\n<\/ul>\n<h3>Corpo Discente:<\/h3>\n<ul>\n<li>Daiana Oliveira Felix de Oliveira<\/li>\n<li>Eneri James Borges Medeiros<\/li>\n<li>Fabio Barreto Silva<\/li>\n<li>Marcela dos Santos Dode<\/li>\n<li>M\u00e1rcia Regina Ribeiro<\/li>\n<li>Priscila Poeta Darley<\/li>\n<li>Ra\u00edssa Lima Bertasi<\/li>\n<li>Susana dos Santos Dode<\/li>\n<li>Taciane Silveira Souza<\/li>\n<\/ul>\n<h3>Pesquisadores Associados:<\/h3>\n<ul>\n<li>Prof. Dr. Eduardo Dornelles<\/li>\n<li>Prof\u00aa Dr\u00aa Maria \u00c9lida Farias<\/li>\n<\/ul>\n<p>&nbsp;<\/p>\n","protected":false},"excerpt":{"rendered":"<p>Integrantes da equipe atual Corpo Docente: Prof. Dr. Jaime Mujica Sall\u00e9s (Coordenador Geral) Prof. Dr. Pedro Lu\u00eds Machado Sanches (Coordenador Acervos) Prof. Dr. Diego Lemos (Coordenador Extens\u00e3o) Prof. Dr. Cl\u00e1udio Baptista Carle Corpo Discente: Ana Julia dos Santos B\u00e1rbara Denise &hellip; <a href=\"https:\/\/wp.ufpel.edu.br\/lamina\/integrantes\/\">Continue lendo <span class=\"meta-nav\">&rarr;<\/span><\/a><\/p>\n","protected":false},"author":524,"featured_media":0,"parent":0,"menu_order":0,"comment_status":"closed","ping_status":"closed","template":"","meta":{"footnotes":""},"class_list":["post-7","page","type-page","status-publish","hentry"],"_links":{"self":[{"href":"https:\/\/wp.ufpel.edu.br\/lamina\/wp-json\/wp\/v2\/pages\/7","targetHints":{"allow":["GET"]}}],"collection":[{"href":"https:\/\/wp.ufpel.edu.br\/lamina\/wp-json\/wp\/v2\/pages"}],"about":[{"href":"https:\/\/wp.ufpel.edu.br\/lamina\/wp-json\/wp\/v2\/types\/page"}],"author":[{"embeddable":true,"href":"https:\/\/wp.ufpel.edu.br\/lamina\/wp-json\/wp\/v2\/users\/524"}],"replies":[{"embeddable":true,"href":"https:\/\/wp.ufpel.edu.br\/lamina\/wp-json\/wp\/v2\/comments?post=7"}],"version-history":[{"count":7,"href":"https:\/\/wp.ufpel.edu.br\/lamina\/wp-json\/wp\/v2\/pages\/7\/revisions"}],"predecessor-version":[{"id":252,"href":"https:\/\/wp.ufpel.edu.br\/lamina\/wp-json\/wp\/v2\/pages\/7\/revisions\/252"}],"wp:attachment":[{"href":"https:\/\/wp.ufpel.edu.br\/lamina\/wp-json\/wp\/v2\/media?parent=7"}],"curies":[{"name":"wp","href":"https:\/\/api.w.org\/{rel}","templated":true}]}}