{"id":228,"date":"2019-05-01T21:09:03","date_gmt":"2019-05-02T00:09:03","guid":{"rendered":"https:\/\/wp.ufpel.edu.br\/lamina\/?page_id=228"},"modified":"2019-05-01T21:15:11","modified_gmt":"2019-05-02T00:15:11","slug":"capacitacao-sobre-material-ceramico-historico","status":"publish","type":"page","link":"https:\/\/wp.ufpel.edu.br\/lamina\/capacitacao-sobre-material-ceramico-historico\/","title":{"rendered":"CAPACITA\u00c7\u00c3O SOBRE MATERIAL CER\u00c2MICO HIST\u00d3RICO"},"content":{"rendered":"<p>No dia 30 de abril de 2019 tivemos uma capacita\u00e7\u00e3o sobre <em><strong>Material Cer\u00e2mico Hist\u00f3rico<\/strong><\/em> ministrada pelo Dr. Pedro Sanches no L\u00c2MINA. Discentes dos Cursos de Antropologia op\u00e7\u00e3o Arqueolog\u00eda e de Museologia participaram desta atividade aproveitando a grande experi\u00eancia do docente no estudo da cer\u00e2mica antiga.<\/p>\n<p><a href=\"https:\/\/wp.ufpel.edu.br\/lamina\/files\/2019\/05\/Imagem1.png\"><img loading=\"lazy\" decoding=\"async\" class=\"aligncenter size-medium wp-image-230\" src=\"https:\/\/wp.ufpel.edu.br\/lamina\/files\/2019\/05\/Imagem1-401x318.png\" alt=\"\" width=\"401\" height=\"318\" srcset=\"https:\/\/wp.ufpel.edu.br\/lamina\/files\/2019\/05\/Imagem1-401x318.png 401w, https:\/\/wp.ufpel.edu.br\/lamina\/files\/2019\/05\/Imagem1-201x159.png 201w, https:\/\/wp.ufpel.edu.br\/lamina\/files\/2019\/05\/Imagem1-768x609.png 768w, https:\/\/wp.ufpel.edu.br\/lamina\/files\/2019\/05\/Imagem1.png 920w\" sizes=\"auto, (max-width: 401px) 100vw, 401px\" \/><\/a><\/p>\n","protected":false},"excerpt":{"rendered":"<p>No dia 30 de abril de 2019 tivemos uma capacita\u00e7\u00e3o sobre Material Cer\u00e2mico Hist\u00f3rico ministrada pelo Dr. Pedro Sanches no L\u00c2MINA. Discentes dos Cursos de Antropologia op\u00e7\u00e3o Arqueolog\u00eda e de Museologia participaram desta atividade aproveitando a grande experi\u00eancia do docente &hellip; <a href=\"https:\/\/wp.ufpel.edu.br\/lamina\/capacitacao-sobre-material-ceramico-historico\/\">Continue lendo <span class=\"meta-nav\">&rarr;<\/span><\/a><\/p>\n","protected":false},"author":524,"featured_media":0,"parent":0,"menu_order":0,"comment_status":"closed","ping_status":"closed","template":"","meta":{"footnotes":""},"class_list":["post-228","page","type-page","status-publish","hentry"],"_links":{"self":[{"href":"https:\/\/wp.ufpel.edu.br\/lamina\/wp-json\/wp\/v2\/pages\/228","targetHints":{"allow":["GET"]}}],"collection":[{"href":"https:\/\/wp.ufpel.edu.br\/lamina\/wp-json\/wp\/v2\/pages"}],"about":[{"href":"https:\/\/wp.ufpel.edu.br\/lamina\/wp-json\/wp\/v2\/types\/page"}],"author":[{"embeddable":true,"href":"https:\/\/wp.ufpel.edu.br\/lamina\/wp-json\/wp\/v2\/users\/524"}],"replies":[{"embeddable":true,"href":"https:\/\/wp.ufpel.edu.br\/lamina\/wp-json\/wp\/v2\/comments?post=228"}],"version-history":[{"count":3,"href":"https:\/\/wp.ufpel.edu.br\/lamina\/wp-json\/wp\/v2\/pages\/228\/revisions"}],"predecessor-version":[{"id":233,"href":"https:\/\/wp.ufpel.edu.br\/lamina\/wp-json\/wp\/v2\/pages\/228\/revisions\/233"}],"wp:attachment":[{"href":"https:\/\/wp.ufpel.edu.br\/lamina\/wp-json\/wp\/v2\/media?parent=228"}],"curies":[{"name":"wp","href":"https:\/\/api.w.org\/{rel}","templated":true}]}}