{"id":81,"date":"2022-08-30T11:10:40","date_gmt":"2022-08-30T14:10:40","guid":{"rendered":"https:\/\/wp.ufpel.edu.br\/lai\/?page_id=81"},"modified":"2023-05-18T11:42:47","modified_gmt":"2023-05-18T14:42:47","slug":"tccs","status":"publish","type":"page","link":"https:\/\/wp.ufpel.edu.br\/lai\/tccs\/","title":{"rendered":"TCC&#8217;S"},"content":{"rendered":"<h2><strong>Trabalhos de Conclus\u00e3o de Curso (TCC)<\/strong><\/h2>\n<div class=\"layout-cell layout-cell-11\">\n<div class=\"layout-cell-pad-5\" style=\"text-align: justify;\"><strong>Carlos Vinicius Marcondes Dijan Dom\u00eanico<\/strong>. <a href=\"https:\/\/wp.ufpel.edu.br\/lai\/files\/2023\/05\/Carlos_Vinicius_Marcondes_Dijan_Domenico.pdf\">PROJETO DE DESENVOLVIMENTO DE SISTEMA DE ACIONAMENTOS: de comportas de elevadoras de ni\u0301vel para Peri\u0301metro de Irrigac\u0327a\u0303o<\/a>. 2022. Trabalho de Conclus\u00e3o de Curso (Gradua\u00e7\u00e3o em Engenharia de Produ\u00e7\u00e3o) &#8211; Universidade Federal de Pelotas. Orientador: <strong>Gilson Sim\u00f5es Porci\u00fancula<\/strong>.<\/div>\n<div><a href=\"https:\/\/wp.ufpel.edu.br\/lai\/files\/2023\/05\/Carlos_Vinicius_Marcondes_Dijan_Domenico.pdf\"><img loading=\"lazy\" decoding=\"async\" class=\"alignnone size-medium wp-image-285\" src=\"https:\/\/wp.ufpel.edu.br\/lai\/files\/2023\/05\/Tcc-Domenico-400x159.jpg\" alt=\"\" width=\"400\" height=\"159\" srcset=\"https:\/\/wp.ufpel.edu.br\/lai\/files\/2023\/05\/Tcc-Domenico-400x159.jpg 400w, https:\/\/wp.ufpel.edu.br\/lai\/files\/2023\/05\/Tcc-Domenico-1024x406.jpg 1024w, https:\/\/wp.ufpel.edu.br\/lai\/files\/2023\/05\/Tcc-Domenico-768x304.jpg 768w, https:\/\/wp.ufpel.edu.br\/lai\/files\/2023\/05\/Tcc-Domenico-1536x609.jpg 1536w, https:\/\/wp.ufpel.edu.br\/lai\/files\/2023\/05\/Tcc-Domenico-2048x812.jpg 2048w\" sizes=\"auto, (max-width: 400px) 100vw, 400px\" \/><\/a><\/div>\n<\/div>\n<div style=\"text-align: justify;\"><\/div>\n<div style=\"text-align: justify;\"><strong>Ricardo da Silveira dos Santos<\/strong>. <a href=\"https:\/\/wp.ufpel.edu.br\/lai\/files\/2023\/05\/TCC-Ricardo-da-Silveira-dos-Santos.pdf\">Sistema de Automa\u00e7\u00e3o e Acionamento de Infraestruturas de Elevadores de N\u00edvel para Per\u00edmetros de Irriga\u00e7\u00e3o<\/a>. 2021. Trabalho de Conclus\u00e3o de Curso. (Gradua\u00e7\u00e3o em Engenharia de Controle e Automa\u00e7\u00e3o) &#8211; Universidade Federal de Pelotas. Orientador: <strong>Gilson Sim\u00f5es Porci\u00fancula<\/strong>.<\/div>\n<div><a href=\"https:\/\/wp.ufpel.edu.br\/lai\/files\/2023\/05\/TCC-Ricardo-da-Silveira-dos-Santos.pdf\"><img loading=\"lazy\" decoding=\"async\" class=\"alignnone size-medium wp-image-287\" src=\"https:\/\/wp.ufpel.edu.br\/lai\/files\/2023\/05\/Tcc-Ricardo-400x286.jpg\" alt=\"\" width=\"400\" height=\"286\" srcset=\"https:\/\/wp.ufpel.edu.br\/lai\/files\/2023\/05\/Tcc-Ricardo-400x286.jpg 400w, https:\/\/wp.ufpel.edu.br\/lai\/files\/2023\/05\/Tcc-Ricardo-1024x733.jpg 1024w, https:\/\/wp.ufpel.edu.br\/lai\/files\/2023\/05\/Tcc-Ricardo-768x550.jpg 768w, https:\/\/wp.ufpel.edu.br\/lai\/files\/2023\/05\/Tcc-Ricardo-1536x1099.jpg 1536w, https:\/\/wp.ufpel.edu.br\/lai\/files\/2023\/05\/Tcc-Ricardo.jpg 1998w\" sizes=\"auto, (max-width: 400px) 100vw, 400px\" \/><\/a><\/div>\n<div><\/div>\n<div style=\"text-align: justify;\"><strong>Felipe Saldanha de Araujo Junior<\/strong>. <a href=\"https:\/\/wp.ufpel.edu.br\/lai\/files\/2023\/05\/tcc_felipe_saldanha_de_araujo_junior.pdf\">ESTUDO DO PROCESSO DE AN\u00c1LISE DE FALHA EM SISTEMAS HIDR\u00c1ULICOS E PNEUM\u00c1TICOS<\/a>. 2020. Trabalho de Conclus\u00e3o de Curso. (Gradua\u00e7\u00e3o em Engenharia de Produ\u00e7\u00e3o) &#8211; Universidade Federal de Pelotas. Orientador: <strong>Gilson Sim\u00f5es Porci\u00fancula<\/strong>.<\/div>\n<div><a href=\"https:\/\/wp.ufpel.edu.br\/lai\/files\/2023\/05\/tcc_felipe_saldanha_de_araujo_junior.pdf\"> <img loading=\"lazy\" decoding=\"async\" class=\"alignnone size-medium wp-image-289\" src=\"https:\/\/wp.ufpel.edu.br\/lai\/files\/2023\/05\/FTA-Felipe-400x255.jpg\" alt=\"\" width=\"400\" height=\"255\" srcset=\"https:\/\/wp.ufpel.edu.br\/lai\/files\/2023\/05\/FTA-Felipe-400x255.jpg 400w, https:\/\/wp.ufpel.edu.br\/lai\/files\/2023\/05\/FTA-Felipe-1024x654.jpg 1024w, https:\/\/wp.ufpel.edu.br\/lai\/files\/2023\/05\/FTA-Felipe-768x490.jpg 768w, https:\/\/wp.ufpel.edu.br\/lai\/files\/2023\/05\/FTA-Felipe-1536x980.jpg 1536w, https:\/\/wp.ufpel.edu.br\/lai\/files\/2023\/05\/FTA-Felipe-2048x1307.jpg 2048w\" sizes=\"auto, (max-width: 400px) 100vw, 400px\" \/><\/a><\/div>\n<div><\/div>\n<div style=\"text-align: justify;\"><\/div>\n<div style=\"text-align: justify;\">\n<div class=\"layout-cell layout-cell-11\">\n<div class=\"layout-cell-pad-5\"><strong>Monica Moura Pacheco<\/strong>. <a href=\"https:\/\/wp.ufpel.edu.br\/lai\/files\/2023\/05\/TCC_Monica_Pacheco_2016.pdf\">AVALIA\u00c7\u00c3O DOS M\u00c9TODOS DE AN\u00c1LISE DE CONFIABILIDADE E SUAS APLICA\u00c7\u00d5ES EM SISTEMAS AUTOM\u00c1TICOS<\/a>. 2016. Trabalho de Conclus\u00e3o de Curso. (Gradua\u00e7\u00e3o em Engenharia de Produ\u00e7\u00e3o) &#8211; Universidade Federal de Pelotas. Orientador: <strong>Gilson Sim\u00f5es Porci\u00fancula<\/strong>.<\/div>\n<div><a href=\"https:\/\/wp.ufpel.edu.br\/lai\/files\/2023\/05\/TCC_Monica_Pacheco_2016.pdf\"><img loading=\"lazy\" decoding=\"async\" class=\"alignnone size-medium wp-image-292\" src=\"https:\/\/wp.ufpel.edu.br\/lai\/files\/2023\/05\/MACSAweb-400x216.jpg\" alt=\"\" width=\"400\" height=\"216\" srcset=\"https:\/\/wp.ufpel.edu.br\/lai\/files\/2023\/05\/MACSAweb-400x216.jpg 400w, https:\/\/wp.ufpel.edu.br\/lai\/files\/2023\/05\/MACSAweb-1024x553.jpg 1024w, https:\/\/wp.ufpel.edu.br\/lai\/files\/2023\/05\/MACSAweb-768x415.jpg 768w, https:\/\/wp.ufpel.edu.br\/lai\/files\/2023\/05\/MACSAweb-1536x829.jpg 1536w, https:\/\/wp.ufpel.edu.br\/lai\/files\/2023\/05\/MACSAweb.jpg 2038w\" sizes=\"auto, (max-width: 400px) 100vw, 400px\" \/><\/a><\/div>\n<div><\/div>\n<div><\/div>\n<\/div>\n<div><strong>Carolina Amaral Ehlert<\/strong>. <a href=\"https:\/\/drive.google.com\/drive\/u\/0\/folders\/1sESc0M7ddj_dMmxRA7FNBVArx8ty5Lhy\">Sistema de Controle do funcionamento das comportas da Barragem-Eclusa do Canal de S\u00e3o Gon\u00e7alo<\/a>. 2015. Trabalho de Conclus\u00e3o de Curso. (Gradua\u00e7\u00e3o em Engenharia de Controle e Automa\u00e7\u00e3o) &#8211; Universidade Federal de Pelotas. Orientador: <strong>Gilson Sim\u00f5es Porci\u00fancula<\/strong>.<\/div>\n<div class=\"layout-cell layout-cell-11\"><\/div>\n<\/div>\n<p style=\"text-align: justify;\">\n","protected":false},"excerpt":{"rendered":"<p>Trabalhos de Conclus\u00e3o de Curso (TCC) Carlos Vinicius Marcondes Dijan Dom\u00eanico. PROJETO DE DESENVOLVIMENTO DE SISTEMA DE ACIONAMENTOS: de comportas de elevadoras de ni\u0301vel para Peri\u0301metro de Irrigac\u0327a\u0303o. 2022. Trabalho de Conclus\u00e3o de Curso (Gradua\u00e7\u00e3o em Engenharia de Produ\u00e7\u00e3o) &#8211; Universidade Federal de Pelotas. Orientador: Gilson Sim\u00f5es Porci\u00fancula. Ricardo da Silveira dos Santos. Sistema de [&hellip;]<\/p>\n","protected":false},"author":1260,"featured_media":0,"parent":0,"menu_order":0,"comment_status":"closed","ping_status":"closed","template":"","meta":{"footnotes":""},"class_list":["post-81","page","type-page","status-publish","hentry"],"_links":{"self":[{"href":"https:\/\/wp.ufpel.edu.br\/lai\/wp-json\/wp\/v2\/pages\/81","targetHints":{"allow":["GET"]}}],"collection":[{"href":"https:\/\/wp.ufpel.edu.br\/lai\/wp-json\/wp\/v2\/pages"}],"about":[{"href":"https:\/\/wp.ufpel.edu.br\/lai\/wp-json\/wp\/v2\/types\/page"}],"author":[{"embeddable":true,"href":"https:\/\/wp.ufpel.edu.br\/lai\/wp-json\/wp\/v2\/users\/1260"}],"replies":[{"embeddable":true,"href":"https:\/\/wp.ufpel.edu.br\/lai\/wp-json\/wp\/v2\/comments?post=81"}],"version-history":[{"count":8,"href":"https:\/\/wp.ufpel.edu.br\/lai\/wp-json\/wp\/v2\/pages\/81\/revisions"}],"predecessor-version":[{"id":132,"href":"https:\/\/wp.ufpel.edu.br\/lai\/wp-json\/wp\/v2\/pages\/81\/revisions\/132"}],"wp:attachment":[{"href":"https:\/\/wp.ufpel.edu.br\/lai\/wp-json\/wp\/v2\/media?parent=81"}],"curies":[{"name":"wp","href":"https:\/\/api.w.org\/{rel}","templated":true}]}}