{"id":76,"date":"2022-08-30T10:05:24","date_gmt":"2022-08-30T13:05:24","guid":{"rendered":"https:\/\/wp.ufpel.edu.br\/lai\/?page_id=76"},"modified":"2023-05-18T10:46:37","modified_gmt":"2023-05-18T13:46:37","slug":"ensino","status":"publish","type":"page","link":"https:\/\/wp.ufpel.edu.br\/lai\/ensino\/","title":{"rendered":"Ensino"},"content":{"rendered":"<h2><strong>Ensino\u00a0<\/strong><\/h2>\n<p style=\"text-align: justify;\">SANTOS, R. S. ;\u00a0<b>PORCI\u00daNCULA, G. S.<\/b>\u00a0. A<a href=\"https:\/\/cti.ufpel.edu.br\/siepe\/arquivos\/2021\/G4_02043.pdf\">plica\u00e7\u00e3o do Software FluidSim\u00ae na Disciplina de Acionamentos Hidr\u00e1ulicos e Pneum\u00e1ticos.<\/a> In: VII Semana Integrada UFPel 2021, 2021, Pelotas. VII Congresso de Ensino de Gradua\u00e7\u00e3o, 2021. v. 7.<\/p>\n<p><a href=\"https:\/\/cti.ufpel.edu.br\/siepe\/arquivos\/2021\/G4_02043.pdf\"><img loading=\"lazy\" decoding=\"async\" class=\"alignnone size-medium wp-image-272\" src=\"https:\/\/wp.ufpel.edu.br\/lai\/files\/2023\/05\/Uso-do-Fluid-SIM-400x108.jpg\" alt=\"\" width=\"400\" height=\"108\" srcset=\"https:\/\/wp.ufpel.edu.br\/lai\/files\/2023\/05\/Uso-do-Fluid-SIM-400x108.jpg 400w, https:\/\/wp.ufpel.edu.br\/lai\/files\/2023\/05\/Uso-do-Fluid-SIM-1024x277.jpg 1024w, https:\/\/wp.ufpel.edu.br\/lai\/files\/2023\/05\/Uso-do-Fluid-SIM-768x208.jpg 768w, https:\/\/wp.ufpel.edu.br\/lai\/files\/2023\/05\/Uso-do-Fluid-SIM-1536x416.jpg 1536w, https:\/\/wp.ufpel.edu.br\/lai\/files\/2023\/05\/Uso-do-Fluid-SIM-2048x555.jpg 2048w\" sizes=\"auto, (max-width: 400px) 100vw, 400px\" \/><\/a><\/p>\n<p style=\"text-align: justify;\">ARAUJO JUNIOR, F. S. ; SANTOS, R. S. ;\u00a0<b>PORCI\u00daNCULA, G. S.<\/b>\u00a0. <a href=\"https:\/\/cti.ufpel.edu.br\/siepe\/arquivos\/2019\/EN_04723.pdf\">AN\u00c1LISE DE DESEMPENHO DE BANCADA HIDR\u00c1ULICA FRENTE AOS FEN\u00d4MENOS DE CAVITA\u00c7\u00c3O E AERA\u00c7\u00c3O.<\/a> In: V Semana Integrada UFPel, 2019, Pelotas. V Congresso de Ensino de Gradua\u00e7\u00e3o. Pelotas: UFPel, 2019. v. V.<\/p>\n<p><a href=\"https:\/\/cti.ufpel.edu.br\/siepe\/arquivos\/2019\/EN_04723.pdf\"><img loading=\"lazy\" decoding=\"async\" class=\"alignnone size-medium wp-image-273\" src=\"https:\/\/wp.ufpel.edu.br\/lai\/files\/2023\/05\/Cavitac\u0327a\u0303o-Aerac\u0327a\u0303o-400x135.jpg\" alt=\"\" width=\"400\" height=\"135\" srcset=\"https:\/\/wp.ufpel.edu.br\/lai\/files\/2023\/05\/Cavitac\u0327a\u0303o-Aerac\u0327a\u0303o-400x135.jpg 400w, https:\/\/wp.ufpel.edu.br\/lai\/files\/2023\/05\/Cavitac\u0327a\u0303o-Aerac\u0327a\u0303o-1024x345.jpg 1024w, https:\/\/wp.ufpel.edu.br\/lai\/files\/2023\/05\/Cavitac\u0327a\u0303o-Aerac\u0327a\u0303o-768x259.jpg 768w, https:\/\/wp.ufpel.edu.br\/lai\/files\/2023\/05\/Cavitac\u0327a\u0303o-Aerac\u0327a\u0303o-1536x517.jpg 1536w, https:\/\/wp.ufpel.edu.br\/lai\/files\/2023\/05\/Cavitac\u0327a\u0303o-Aerac\u0327a\u0303o-2048x690.jpg 2048w\" sizes=\"auto, (max-width: 400px) 100vw, 400px\" \/><\/a><\/p>\n<p style=\"text-align: justify;\">SANTOS, R. S. ;\u00a0<b>PORCI\u00daNCULA, G. S.<\/b>\u00a0. <a href=\"https:\/\/cti.ufpel.edu.br\/siepe\/arquivos\/2018\/EN_04430.pdf\">DESEMPENHO DE BANCADA DIDATICA DE HIDRAULICA: AVALI\u00c7\u00c3O DE RENDIMENTOS.<\/a> In: IV Semana Integrada UFPel, 2018, Pelotas. IV Congresso de Ensino de Gradua\u00e7\u00e3o. Pelotas: UFPel, 2018. v. IV.<\/p>\n<p style=\"text-align: justify;\">SANTOS, R. S. ;\u00a0<b>PORCI\u00daNCULA, G. S.<\/b>\u00a0. <a href=\"https:\/\/cti.ufpel.edu.br\/siepe\/arquivos\/2017\/EN_03372.pdf\">DESEMPENHO DE BANCADA DIDATICA DE HIDRAULICA: AVALI\u00c7\u00c3O DE RENDIMENTOS.<\/a> In: III Congresso de de Ensino de Gradua\u00e7\u00e3o &#8211; III Semana Integrada Ufpel 2017, 2017, Pelotas. III Congresso de de Ensino de Gradua\u00e7\u00e3o, 2017.<\/p>\n<p><a href=\"https:\/\/cti.ufpel.edu.br\/siepe\/arquivos\/2018\/EN_04430.pdf\"><img loading=\"lazy\" decoding=\"async\" class=\"alignnone size-medium wp-image-274\" src=\"https:\/\/wp.ufpel.edu.br\/lai\/files\/2023\/05\/rendimento-bancada-400x203.jpg\" alt=\"\" width=\"400\" height=\"203\" srcset=\"https:\/\/wp.ufpel.edu.br\/lai\/files\/2023\/05\/rendimento-bancada-400x203.jpg 400w, https:\/\/wp.ufpel.edu.br\/lai\/files\/2023\/05\/rendimento-bancada-1024x519.jpg 1024w, https:\/\/wp.ufpel.edu.br\/lai\/files\/2023\/05\/rendimento-bancada-768x389.jpg 768w, https:\/\/wp.ufpel.edu.br\/lai\/files\/2023\/05\/rendimento-bancada-1536x778.jpg 1536w, https:\/\/wp.ufpel.edu.br\/lai\/files\/2023\/05\/rendimento-bancada-2048x1038.jpg 2048w\" sizes=\"auto, (max-width: 400px) 100vw, 400px\" \/><\/a><\/p>\n<p style=\"text-align: justify;\">PACHECO, M. M. ; SILVEIRA, L. T. ; GOUVEA, A. M. ; BARRIENTO, S. B. ; NUNES, E. T. ;\u00a0<b>PORCI\u00daNCULA, G. S.<\/b>\u00a0. <a href=\"https:\/\/cti.ufpel.edu.br\/siepe\/arquivos\/2016\/EN_04376.pdf\">LABORAT\u00d3RIO DID\u00c1TICO COMO BASE DE APOIO AOS TRABALHOS DE FORMA\u00c7\u00c3O EM ENGENHARIA.<\/a> In: Congresso de Gradua\u00e7\u00e3o, 2016, PELOTAS. Congresso de Gradua\u00e7\u00e3o, 2016.<\/p>\n<p><a href=\"https:\/\/cti.ufpel.edu.br\/siepe\/arquivos\/2016\/EN_04376.pdf\"><img loading=\"lazy\" decoding=\"async\" class=\"alignnone size-medium wp-image-277\" src=\"https:\/\/wp.ufpel.edu.br\/lai\/files\/2023\/05\/artigo-do-laboratorio-400x145.jpg\" alt=\"\" width=\"400\" height=\"145\" srcset=\"https:\/\/wp.ufpel.edu.br\/lai\/files\/2023\/05\/artigo-do-laboratorio-400x145.jpg 400w, https:\/\/wp.ufpel.edu.br\/lai\/files\/2023\/05\/artigo-do-laboratorio-1024x371.jpg 1024w, https:\/\/wp.ufpel.edu.br\/lai\/files\/2023\/05\/artigo-do-laboratorio-768x278.jpg 768w, https:\/\/wp.ufpel.edu.br\/lai\/files\/2023\/05\/artigo-do-laboratorio-1536x556.jpg 1536w, https:\/\/wp.ufpel.edu.br\/lai\/files\/2023\/05\/artigo-do-laboratorio-2048x742.jpg 2048w\" sizes=\"auto, (max-width: 400px) 100vw, 400px\" \/><\/a><\/p>\n","protected":false},"excerpt":{"rendered":"<p>Ensino\u00a0 SANTOS, R. S. ;\u00a0PORCI\u00daNCULA, G. S.\u00a0. Aplica\u00e7\u00e3o do Software FluidSim\u00ae na Disciplina de Acionamentos Hidr\u00e1ulicos e Pneum\u00e1ticos. In: VII Semana Integrada UFPel 2021, 2021, Pelotas. VII Congresso de Ensino de Gradua\u00e7\u00e3o, 2021. v. 7. ARAUJO JUNIOR, F. S. ; SANTOS, R. S. ;\u00a0PORCI\u00daNCULA, G. S.\u00a0. AN\u00c1LISE DE DESEMPENHO DE BANCADA HIDR\u00c1ULICA FRENTE AOS FEN\u00d4MENOS [&hellip;]<\/p>\n","protected":false},"author":1260,"featured_media":0,"parent":0,"menu_order":0,"comment_status":"closed","ping_status":"closed","template":"","meta":{"footnotes":""},"class_list":["post-76","page","type-page","status-publish","hentry"],"_links":{"self":[{"href":"https:\/\/wp.ufpel.edu.br\/lai\/wp-json\/wp\/v2\/pages\/76","targetHints":{"allow":["GET"]}}],"collection":[{"href":"https:\/\/wp.ufpel.edu.br\/lai\/wp-json\/wp\/v2\/pages"}],"about":[{"href":"https:\/\/wp.ufpel.edu.br\/lai\/wp-json\/wp\/v2\/types\/page"}],"author":[{"embeddable":true,"href":"https:\/\/wp.ufpel.edu.br\/lai\/wp-json\/wp\/v2\/users\/1260"}],"replies":[{"embeddable":true,"href":"https:\/\/wp.ufpel.edu.br\/lai\/wp-json\/wp\/v2\/comments?post=76"}],"version-history":[{"count":4,"href":"https:\/\/wp.ufpel.edu.br\/lai\/wp-json\/wp\/v2\/pages\/76\/revisions"}],"predecessor-version":[{"id":280,"href":"https:\/\/wp.ufpel.edu.br\/lai\/wp-json\/wp\/v2\/pages\/76\/revisions\/280"}],"wp:attachment":[{"href":"https:\/\/wp.ufpel.edu.br\/lai\/wp-json\/wp\/v2\/media?parent=76"}],"curies":[{"name":"wp","href":"https:\/\/api.w.org\/{rel}","templated":true}]}}