{"id":73,"date":"2022-08-30T10:05:07","date_gmt":"2022-08-30T13:05:07","guid":{"rendered":"https:\/\/wp.ufpel.edu.br\/lai\/?page_id=73"},"modified":"2023-05-18T21:29:49","modified_gmt":"2023-05-19T00:29:49","slug":"artigos-cientificos","status":"publish","type":"page","link":"https:\/\/wp.ufpel.edu.br\/lai\/artigos-cientificos\/","title":{"rendered":"Artigos Cient\u00edficos"},"content":{"rendered":"<p><strong>Artigos Cient\u00edficos\u00a0<\/strong><\/p>\n<p>MENDES, F. M. ; DIAS, M. C. ;\u00a0<b>PORCI\u00daNCULA, G. S.<\/b>\u00a0; VIANNA, H. D. ; SOLER, A. C. P. . <a href=\"https:\/\/wp.ufpel.edu.br\/lai\/files\/2023\/05\/Artigo-Pontal-Marjana.pdf\">MAPEAMENTO A\u00c9REO COM VANT PARA O MONITORAMENTO DO TRECHO DE ACESSO AO PONTAL DA BARRA\/PELOTAS ? RIO GRANDE DO SUL &#8211; BRASIL<\/a>. In: Alexandre Barcellos Dalri; Glauco Eduardo Pereira Cortez; Teresa Cristina Tarl\u00e9 Pissarra. (Org.). 50 anos do profissional Engenheiro Agr\u00edcola: revisitando o passado para transformar o futuro. 08ed.: , 2022, v. , p. 25-30.<\/p>\n<p><a href=\"https:\/\/wp.ufpel.edu.br\/lai\/files\/2023\/05\/Artigo-Pontal-Marjana.pdf\"><img loading=\"lazy\" decoding=\"async\" class=\"alignnone size-medium wp-image-298\" src=\"https:\/\/wp.ufpel.edu.br\/lai\/files\/2023\/05\/Modelo-3d-Acesso-Pontal-400x127.jpg\" alt=\"\" width=\"400\" height=\"127\" srcset=\"https:\/\/wp.ufpel.edu.br\/lai\/files\/2023\/05\/Modelo-3d-Acesso-Pontal-400x127.jpg 400w, https:\/\/wp.ufpel.edu.br\/lai\/files\/2023\/05\/Modelo-3d-Acesso-Pontal-1024x325.jpg 1024w, https:\/\/wp.ufpel.edu.br\/lai\/files\/2023\/05\/Modelo-3d-Acesso-Pontal-768x243.jpg 768w, https:\/\/wp.ufpel.edu.br\/lai\/files\/2023\/05\/Modelo-3d-Acesso-Pontal-1536x487.jpg 1536w, https:\/\/wp.ufpel.edu.br\/lai\/files\/2023\/05\/Modelo-3d-Acesso-Pontal-2048x649.jpg 2048w\" sizes=\"auto, (max-width: 400px) 100vw, 400px\" \/><\/a><\/p>\n<p>ANTUNES, J. T. ; DIAS, M. C. ; SANTOS, R. S. ;\u00a0<b>PORCI\u00daNCULA, G. S.<\/b>\u00a0. <a href=\"https:\/\/wp.ufpel.edu.br\/lai\/files\/2023\/05\/Artigo-comando-de-Voz-Joab.pdf\">AUTOMA\u00c7\u00c3O RESIDENCIAL: UMA CONCEP\u00c7\u00c3O PARA ACIONAMENTOS PNEUM\u00c1TICOS VIA ASSISTENTE DE VOZ<\/a>. In: 8 semana Integrada UFPEL2022, 2022, Pelotas. 8 Congresso de Ensino de Gradua\u00e7\u00e3o, 2022.<\/p>\n<p><a href=\"https:\/\/wp.ufpel.edu.br\/lai\/files\/2023\/05\/Artigo-comando-de-Voz-Joab.pdf\"><img loading=\"lazy\" decoding=\"async\" class=\"alignnone size-medium wp-image-306\" src=\"https:\/\/wp.ufpel.edu.br\/lai\/files\/2023\/05\/Joab-400x127.jpg\" alt=\"\" width=\"400\" height=\"127\" srcset=\"https:\/\/wp.ufpel.edu.br\/lai\/files\/2023\/05\/Joab-400x127.jpg 400w, https:\/\/wp.ufpel.edu.br\/lai\/files\/2023\/05\/Joab-1024x325.jpg 1024w, https:\/\/wp.ufpel.edu.br\/lai\/files\/2023\/05\/Joab-768x244.jpg 768w, https:\/\/wp.ufpel.edu.br\/lai\/files\/2023\/05\/Joab-1536x487.jpg 1536w, https:\/\/wp.ufpel.edu.br\/lai\/files\/2023\/05\/Joab-2048x650.jpg 2048w\" sizes=\"auto, (max-width: 400px) 100vw, 400px\" \/><\/a><\/p>\n<p>DIAS, M. C. ; ANTUNES, J. T. ; NUNES, E. T. ; SANTOS, R. S. ; RODRIGUES, J. L. ;\u00a0<b>PORCI\u00daNCULA, G. S.<\/b>\u00a0. <a href=\"https:\/\/wp.ufpel.edu.br\/lai\/files\/2023\/05\/artigo-Maik-Pneuma\u0301tica.pdf\">M\u00c9TODOS DE PROJETO DE SISTEMAS PNEUM\u00c1TICOS: Uma An\u00e1lise da Flexibiliza\u00e7\u00e3o da Automa\u00e7\u00e3o Industrial<\/a>. In: 8 semana Integrada UFPel 2022, 2022, Pelotas. XXXI Congresso de Inicia\u00e7\u00e3o Cient\u00edfica, 2022.<\/p>\n<p><a href=\"https:\/\/wp.ufpel.edu.br\/lai\/files\/2023\/05\/artigo-Maik-Pneuma\u0301tica.pdf\"><img loading=\"lazy\" decoding=\"async\" class=\"alignnone size-medium wp-image-307\" src=\"https:\/\/wp.ufpel.edu.br\/lai\/files\/2023\/05\/Maik-pneumatica-400x169.jpg\" alt=\"\" width=\"400\" height=\"169\" srcset=\"https:\/\/wp.ufpel.edu.br\/lai\/files\/2023\/05\/Maik-pneumatica-400x169.jpg 400w, https:\/\/wp.ufpel.edu.br\/lai\/files\/2023\/05\/Maik-pneumatica-1024x433.jpg 1024w, https:\/\/wp.ufpel.edu.br\/lai\/files\/2023\/05\/Maik-pneumatica-768x324.jpg 768w, https:\/\/wp.ufpel.edu.br\/lai\/files\/2023\/05\/Maik-pneumatica-1536x649.jpg 1536w, https:\/\/wp.ufpel.edu.br\/lai\/files\/2023\/05\/Maik-pneumatica.jpg 1766w\" sizes=\"auto, (max-width: 400px) 100vw, 400px\" \/><\/a><\/p>\n<p style=\"text-align: justify;\">SANTOS, R. S. ;\u00a0<b>PORCI\u00daNCULA, G. S.<\/b>\u00a0; DIAS, M. C. . <a href=\"https:\/\/revistas.ufpel.edu.br\/index.php\/prociencias\/article\/view\/1627\/1247\">SISTEMA DE AUTOMA\u00c7\u00c3O PARA INFRAESTRUTURAS DE ELEVADORES DE N\u00cdVEL UTILIZADAS EM PER\u00cdMETROS DE IRRIGA\u00c7\u00c3O.<\/a> Revista Proci\u00eancias, v. 5, p. 116, 2022.<\/p>\n<p style=\"text-align: justify;\"><a href=\"https:\/\/revistas.ufpel.edu.br\/index.php\/prociencias\/article\/view\/1627\/1247\"><img loading=\"lazy\" decoding=\"async\" class=\"alignnone size-medium wp-image-269\" src=\"https:\/\/wp.ufpel.edu.br\/lai\/files\/2023\/05\/artigo-prociencia-400x225.jpg\" alt=\"\" width=\"400\" height=\"225\" srcset=\"https:\/\/wp.ufpel.edu.br\/lai\/files\/2023\/05\/artigo-prociencia-400x225.jpg 400w, https:\/\/wp.ufpel.edu.br\/lai\/files\/2023\/05\/artigo-prociencia-1024x576.jpg 1024w, https:\/\/wp.ufpel.edu.br\/lai\/files\/2023\/05\/artigo-prociencia-768x432.jpg 768w, https:\/\/wp.ufpel.edu.br\/lai\/files\/2023\/05\/artigo-prociencia-1536x864.jpg 1536w, https:\/\/wp.ufpel.edu.br\/lai\/files\/2023\/05\/artigo-prociencia-2048x1152.jpg 2048w, https:\/\/wp.ufpel.edu.br\/lai\/files\/2023\/05\/artigo-prociencia-780x440.jpg 780w\" sizes=\"auto, (max-width: 400px) 100vw, 400px\" \/><\/a><\/p>\n<p style=\"text-align: justify;\">RODRIGUES, I. M. ;\u00a0<b>PORCI\u00daNCULA, G. S.<\/b>\u00a0. <a href=\"https:\/\/cti.ufpel.edu.br\/siepe\/arquivos\/2021\/EN_04490.pdf\">AUTOMA\u00c7\u00c3O PNEUM\u00c1TICA: Uma evolu\u00e7\u00e3o h\u00edbrida.<\/a> In: VII Semana Integrada UFPel 2021, 2021, Pelotas. XXX Congresso de Inicia\u00e7\u00e3o Cient\u00edfica, 2021. v. 15.<\/p>\n<p><a href=\"https:\/\/cti.ufpel.edu.br\/siepe\/arquivos\/2021\/EN_04490.pdf\"><img loading=\"lazy\" decoding=\"async\" class=\"alignnone size-medium wp-image-270\" src=\"https:\/\/wp.ufpel.edu.br\/lai\/files\/2023\/05\/Artigo-pneumatica-hibrida-400x228.jpg\" alt=\"\" width=\"400\" height=\"228\" srcset=\"https:\/\/wp.ufpel.edu.br\/lai\/files\/2023\/05\/Artigo-pneumatica-hibrida-400x228.jpg 400w, https:\/\/wp.ufpel.edu.br\/lai\/files\/2023\/05\/Artigo-pneumatica-hibrida-1024x584.jpg 1024w, https:\/\/wp.ufpel.edu.br\/lai\/files\/2023\/05\/Artigo-pneumatica-hibrida-768x438.jpg 768w, https:\/\/wp.ufpel.edu.br\/lai\/files\/2023\/05\/Artigo-pneumatica-hibrida.jpg 1258w\" sizes=\"auto, (max-width: 400px) 100vw, 400px\" \/><\/a><\/p>\n<p style=\"text-align: justify;\">SANTOS, R. S. ;\u00a0<b>PORCI\u00daNCULA, G. S.<\/b>\u00a0. A<a href=\"https:\/\/cti.ufpel.edu.br\/siepe\/arquivos\/2021\/G4_02043.pdf\">plica\u00e7\u00e3o do Software FluidSim\u00ae na Disciplina de Acionamentos Hidr\u00e1ulicos e Pneum\u00e1ticos.<\/a> In: VII Semana Integrada UFPel 2021, 2021, Pelotas. VII Congresso de Ensino de Gradua\u00e7\u00e3o, 2021. v. 7.<\/p>\n<p><a href=\"https:\/\/cti.ufpel.edu.br\/siepe\/arquivos\/2021\/G4_02043.pdf\"><img loading=\"lazy\" decoding=\"async\" class=\"alignnone size-medium wp-image-272\" src=\"https:\/\/wp.ufpel.edu.br\/lai\/files\/2023\/05\/Uso-do-Fluid-SIM-400x108.jpg\" alt=\"\" width=\"400\" height=\"108\" srcset=\"https:\/\/wp.ufpel.edu.br\/lai\/files\/2023\/05\/Uso-do-Fluid-SIM-400x108.jpg 400w, https:\/\/wp.ufpel.edu.br\/lai\/files\/2023\/05\/Uso-do-Fluid-SIM-1024x277.jpg 1024w, https:\/\/wp.ufpel.edu.br\/lai\/files\/2023\/05\/Uso-do-Fluid-SIM-768x208.jpg 768w, https:\/\/wp.ufpel.edu.br\/lai\/files\/2023\/05\/Uso-do-Fluid-SIM-1536x416.jpg 1536w, https:\/\/wp.ufpel.edu.br\/lai\/files\/2023\/05\/Uso-do-Fluid-SIM-2048x555.jpg 2048w\" sizes=\"auto, (max-width: 400px) 100vw, 400px\" \/><\/a><\/p>\n<p style=\"text-align: justify;\">ARAUJO JUNIOR, F. S. ; SANTOS, R. S. ;\u00a0<b>PORCI\u00daNCULA, G. S.<\/b>\u00a0. <a href=\"https:\/\/cti.ufpel.edu.br\/siepe\/arquivos\/2019\/EN_04723.pdf\">AN\u00c1LISE DE DESEMPENHO DE BANCADA HIDR\u00c1ULICA FRENTE AOS FEN\u00d4MENOS DE CAVITA\u00c7\u00c3O E AERA\u00c7\u00c3O.<\/a> In: V Semana Integrada UFPel, 2019, Pelotas. V Congresso de Ensino de Gradua\u00e7\u00e3o. Pelotas: UFPel, 2019. v. V.<\/p>\n<p><a href=\"https:\/\/cti.ufpel.edu.br\/siepe\/arquivos\/2019\/EN_04723.pdf\"><img loading=\"lazy\" decoding=\"async\" class=\"alignnone size-medium wp-image-273\" src=\"https:\/\/wp.ufpel.edu.br\/lai\/files\/2023\/05\/Cavitac\u0327a\u0303o-Aerac\u0327a\u0303o-400x135.jpg\" alt=\"\" width=\"400\" height=\"135\" srcset=\"https:\/\/wp.ufpel.edu.br\/lai\/files\/2023\/05\/Cavitac\u0327a\u0303o-Aerac\u0327a\u0303o-400x135.jpg 400w, https:\/\/wp.ufpel.edu.br\/lai\/files\/2023\/05\/Cavitac\u0327a\u0303o-Aerac\u0327a\u0303o-1024x345.jpg 1024w, https:\/\/wp.ufpel.edu.br\/lai\/files\/2023\/05\/Cavitac\u0327a\u0303o-Aerac\u0327a\u0303o-768x259.jpg 768w, https:\/\/wp.ufpel.edu.br\/lai\/files\/2023\/05\/Cavitac\u0327a\u0303o-Aerac\u0327a\u0303o-1536x517.jpg 1536w, https:\/\/wp.ufpel.edu.br\/lai\/files\/2023\/05\/Cavitac\u0327a\u0303o-Aerac\u0327a\u0303o-2048x690.jpg 2048w\" sizes=\"auto, (max-width: 400px) 100vw, 400px\" \/><\/a><\/p>\n<p style=\"text-align: justify;\">SANTOS, R. S. ;\u00a0<b>PORCI\u00daNCULA, G. S.<\/b>\u00a0. <a href=\"https:\/\/cti.ufpel.edu.br\/siepe\/arquivos\/2018\/EN_04430.pdf\">DESEMPENHO DE BANCADA DIDATICA DE HIDRAULICA: AVALI\u00c7\u00c3O DE RENDIMENTOS.<\/a> In: IV Semana Integrada UFPel, 2018, Pelotas. IV Congresso de Ensino de Gradua\u00e7\u00e3o. Pelotas: UFPel, 2018. v. IV.<\/p>\n<p>SANTOS, R. S. ;\u00a0<b>PORCI\u00daNCULA, G. S.<\/b>\u00a0. <a href=\"https:\/\/cti.ufpel.edu.br\/siepe\/arquivos\/2017\/EN_03372.pdf\">DESEMPENHO DE BANCADA DIDATICA DE HIDRAULICA: AVALI\u00c7\u00c3O DE RENDIMENTOS.<\/a> In: III Congresso de de Ensino de Gradua\u00e7\u00e3o &#8211; III Semana Integrada Ufpel 2017, 2017, Pelotas. III Congresso de de Ensino de Gradua\u00e7\u00e3o, 2017.<\/p>\n<p><a href=\"https:\/\/cti.ufpel.edu.br\/siepe\/arquivos\/2018\/EN_04430.pdf\"><img loading=\"lazy\" decoding=\"async\" class=\"alignnone size-medium wp-image-274\" src=\"https:\/\/wp.ufpel.edu.br\/lai\/files\/2023\/05\/rendimento-bancada-400x203.jpg\" alt=\"\" width=\"400\" height=\"203\" srcset=\"https:\/\/wp.ufpel.edu.br\/lai\/files\/2023\/05\/rendimento-bancada-400x203.jpg 400w, https:\/\/wp.ufpel.edu.br\/lai\/files\/2023\/05\/rendimento-bancada-1024x519.jpg 1024w, https:\/\/wp.ufpel.edu.br\/lai\/files\/2023\/05\/rendimento-bancada-768x389.jpg 768w, https:\/\/wp.ufpel.edu.br\/lai\/files\/2023\/05\/rendimento-bancada-1536x778.jpg 1536w, https:\/\/wp.ufpel.edu.br\/lai\/files\/2023\/05\/rendimento-bancada-2048x1038.jpg 2048w\" sizes=\"auto, (max-width: 400px) 100vw, 400px\" \/><\/a><\/p>\n<p style=\"text-align: justify;\">ROSSI FILHO, G. ;\u00a0<b>PORCI\u00daNCULA, G. S.<\/b>\u00a0. <a href=\"https:\/\/cti.ufpel.edu.br\/siepe\/arquivos\/2017\/EN_04775.pdf\">AN\u00c1LISE FUNCIONAL E ESTRUTURAL DE SISTEMAS HIDR\u00c1ULICOS POR MEIO DE REPRESENTA\u00c7\u00c3O MATRICIAL.<\/a> In: III Semana Integrada da UFPel 2017 &#8211; XXVI &#8211; Congresso de Inicia\u00e7\u00e3o Cient\u00edfica, 2017, Pelotas. XXVI Congresso de Inicia\u00e7\u00e3o Cient\u00edfica, 2017.<\/p>\n<p><a href=\"https:\/\/cti.ufpel.edu.br\/siepe\/arquivos\/2017\/EN_04775.pdf\"><img loading=\"lazy\" decoding=\"async\" class=\"alignnone size-medium wp-image-275\" src=\"https:\/\/wp.ufpel.edu.br\/lai\/files\/2023\/05\/representac\u0327a\u0303o-matricial-400x336.jpg\" alt=\"\" width=\"400\" height=\"336\" srcset=\"https:\/\/wp.ufpel.edu.br\/lai\/files\/2023\/05\/representac\u0327a\u0303o-matricial-400x336.jpg 400w, https:\/\/wp.ufpel.edu.br\/lai\/files\/2023\/05\/representac\u0327a\u0303o-matricial-1024x861.jpg 1024w, https:\/\/wp.ufpel.edu.br\/lai\/files\/2023\/05\/representac\u0327a\u0303o-matricial-768x646.jpg 768w, https:\/\/wp.ufpel.edu.br\/lai\/files\/2023\/05\/representac\u0327a\u0303o-matricial.jpg 1308w\" sizes=\"auto, (max-width: 400px) 100vw, 400px\" \/><\/a><\/p>\n<div class=\"layout-cell layout-cell-11\" style=\"text-align: justify;\">\n<div class=\"layout-cell-pad-5\">PACHECO, M. M. ;\u00a0<b>PORCI\u00daNCULA, G. S.<\/b>\u00a0. <a href=\"https:\/\/cti.ufpel.edu.br\/siepe\/arquivos\/2016\/EN_04358.pdf\">SISTEMA HIDR\u00c1ULICO COM CONTROLE DE FOR\u00c7A: SIMULA\u00c7\u00c3O DE UMA PRENSA HIDR\u00c1ULICA EM LABORAT\u00d3RIO.<\/a> In: Congresso de Inicia\u00e7\u00e3o Cient\u00edfica, 2016, PELOTAS. Congresso de Inicia\u00e7\u00e3o Cient\u00edfica, 2016.<\/div>\n<div><a href=\"https:\/\/cti.ufpel.edu.br\/siepe\/arquivos\/2016\/EN_04358.pdf\"><img loading=\"lazy\" decoding=\"async\" class=\"alignnone size-medium wp-image-276\" src=\"https:\/\/wp.ufpel.edu.br\/lai\/files\/2023\/05\/sistema-de-forc\u0327a-400x199.jpg\" alt=\"\" width=\"400\" height=\"199\" srcset=\"https:\/\/wp.ufpel.edu.br\/lai\/files\/2023\/05\/sistema-de-forc\u0327a-400x199.jpg 400w, https:\/\/wp.ufpel.edu.br\/lai\/files\/2023\/05\/sistema-de-forc\u0327a-1024x509.jpg 1024w, https:\/\/wp.ufpel.edu.br\/lai\/files\/2023\/05\/sistema-de-forc\u0327a-768x382.jpg 768w, https:\/\/wp.ufpel.edu.br\/lai\/files\/2023\/05\/sistema-de-forc\u0327a-1536x763.jpg 1536w, https:\/\/wp.ufpel.edu.br\/lai\/files\/2023\/05\/sistema-de-forc\u0327a.jpg 2028w\" sizes=\"auto, (max-width: 400px) 100vw, 400px\" \/><\/a><\/div>\n<\/div>\n<p style=\"text-align: justify;\">PACHECO, M. M. ; SILVEIRA, L. T. ; GOUVEA, A. M. ; BARRIENTO, S. B. ; NUNES, E. T. ;\u00a0<b>PORCI\u00daNCULA, G. S.<\/b>\u00a0. <a href=\"https:\/\/cti.ufpel.edu.br\/siepe\/arquivos\/2016\/EN_04376.pdf\">LABORAT\u00d3RIO DID\u00c1TICO COMO BASE DE APOIO AOS TRABALHOS DE FORMA\u00c7\u00c3O EM ENGENHARIA.<\/a> In: Congresso de Gradua\u00e7\u00e3o, 2016, PELOTAS. Congresso de Gradua\u00e7\u00e3o, 2016.<\/p>\n<p><a href=\"https:\/\/cti.ufpel.edu.br\/siepe\/arquivos\/2016\/EN_04376.pdf\"><img loading=\"lazy\" decoding=\"async\" class=\"alignnone size-medium wp-image-277\" src=\"https:\/\/wp.ufpel.edu.br\/lai\/files\/2023\/05\/artigo-do-laboratorio-400x145.jpg\" alt=\"\" width=\"400\" height=\"145\" srcset=\"https:\/\/wp.ufpel.edu.br\/lai\/files\/2023\/05\/artigo-do-laboratorio-400x145.jpg 400w, https:\/\/wp.ufpel.edu.br\/lai\/files\/2023\/05\/artigo-do-laboratorio-1024x371.jpg 1024w, https:\/\/wp.ufpel.edu.br\/lai\/files\/2023\/05\/artigo-do-laboratorio-768x278.jpg 768w, https:\/\/wp.ufpel.edu.br\/lai\/files\/2023\/05\/artigo-do-laboratorio-1536x556.jpg 1536w, https:\/\/wp.ufpel.edu.br\/lai\/files\/2023\/05\/artigo-do-laboratorio-2048x742.jpg 2048w\" sizes=\"auto, (max-width: 400px) 100vw, 400px\" \/><\/a><\/p>\n<p style=\"text-align: justify;\">MEDEIROS, R. R. ; CARVALHO, R. O. ; STEFANELO, G. ; BUENO, M. V. ;\u00a0<b><a class=\"tooltip\" tabindex=\"160\" title=\"Clique para visualizar o curr\u00edculo\" href=\"http:\/\/lattes.cnpq.br\/1455474364995693\" target=\"_blank\" rel=\"noopener\">PORCI\u00daNCULA, G. S.<\/a><\/b>\u00a0. <a href=\"https:\/\/www2.ufpel.edu.br\/cic\/2011\/anais\/pdf\/EN\/EN_01400.pdf\">M\u00c9TODOS DE AN\u00c1LISE DE FALHA EM SISTEMAS HIDR\u00c1ULICOS.<\/a> In: XX Congresso de Inicia\u00e7\u00e3o Cient\u00edfica da UFPEL, 2011, Pelotas. XX Congresso de Inicia\u00e7\u00e3o Cient\u00edfica da UFPEL, 2011.<\/p>\n<p><a href=\"https:\/\/www2.ufpel.edu.br\/cic\/2011\/anais\/pdf\/EN\/EN_01400.pdf\"><img loading=\"lazy\" decoding=\"async\" class=\"alignnone size-medium wp-image-278\" src=\"https:\/\/wp.ufpel.edu.br\/lai\/files\/2023\/05\/analise-de-falha-400x262.jpg\" alt=\"\" width=\"400\" height=\"262\" srcset=\"https:\/\/wp.ufpel.edu.br\/lai\/files\/2023\/05\/analise-de-falha-400x262.jpg 400w, https:\/\/wp.ufpel.edu.br\/lai\/files\/2023\/05\/analise-de-falha-1024x670.jpg 1024w, https:\/\/wp.ufpel.edu.br\/lai\/files\/2023\/05\/analise-de-falha-768x502.jpg 768w, https:\/\/wp.ufpel.edu.br\/lai\/files\/2023\/05\/analise-de-falha-1536x1005.jpg 1536w, https:\/\/wp.ufpel.edu.br\/lai\/files\/2023\/05\/analise-de-falha.jpg 1666w\" sizes=\"auto, (max-width: 400px) 100vw, 400px\" \/><\/a><\/p>\n<div class=\"layout-cell layout-cell-11\" style=\"text-align: justify;\"><\/div>\n<div style=\"text-align: justify;\"><\/div>\n<p>&nbsp;<\/p>\n","protected":false},"excerpt":{"rendered":"<p>Artigos Cient\u00edficos\u00a0 MENDES, F. M. ; DIAS, M. C. ;\u00a0PORCI\u00daNCULA, G. S.\u00a0; VIANNA, H. D. ; SOLER, A. C. P. . MAPEAMENTO A\u00c9REO COM VANT PARA O MONITORAMENTO DO TRECHO DE ACESSO AO PONTAL DA BARRA\/PELOTAS ? RIO GRANDE DO SUL &#8211; BRASIL. In: Alexandre Barcellos Dalri; Glauco Eduardo Pereira Cortez; Teresa Cristina Tarl\u00e9 Pissarra. [&hellip;]<\/p>\n","protected":false},"author":1260,"featured_media":0,"parent":0,"menu_order":0,"comment_status":"closed","ping_status":"closed","template":"","meta":{"footnotes":""},"class_list":["post-73","page","type-page","status-publish","hentry"],"_links":{"self":[{"href":"https:\/\/wp.ufpel.edu.br\/lai\/wp-json\/wp\/v2\/pages\/73","targetHints":{"allow":["GET"]}}],"collection":[{"href":"https:\/\/wp.ufpel.edu.br\/lai\/wp-json\/wp\/v2\/pages"}],"about":[{"href":"https:\/\/wp.ufpel.edu.br\/lai\/wp-json\/wp\/v2\/types\/page"}],"author":[{"embeddable":true,"href":"https:\/\/wp.ufpel.edu.br\/lai\/wp-json\/wp\/v2\/users\/1260"}],"replies":[{"embeddable":true,"href":"https:\/\/wp.ufpel.edu.br\/lai\/wp-json\/wp\/v2\/comments?post=73"}],"version-history":[{"count":8,"href":"https:\/\/wp.ufpel.edu.br\/lai\/wp-json\/wp\/v2\/pages\/73\/revisions"}],"predecessor-version":[{"id":308,"href":"https:\/\/wp.ufpel.edu.br\/lai\/wp-json\/wp\/v2\/pages\/73\/revisions\/308"}],"wp:attachment":[{"href":"https:\/\/wp.ufpel.edu.br\/lai\/wp-json\/wp\/v2\/media?parent=73"}],"curies":[{"name":"wp","href":"https:\/\/api.w.org\/{rel}","templated":true}]}}