{"id":67,"date":"2022-08-30T09:57:58","date_gmt":"2022-08-30T12:57:58","guid":{"rendered":"https:\/\/wp.ufpel.edu.br\/lai\/?page_id=67"},"modified":"2022-09-28T09:43:59","modified_gmt":"2022-09-28T12:43:59","slug":"cursos","status":"publish","type":"page","link":"https:\/\/wp.ufpel.edu.br\/lai\/cursos\/","title":{"rendered":"Cursos"},"content":{"rendered":"<h1><strong>Cursos Ofertados<\/strong><\/h1>\n<h2 id=\"yui_3_17_2_1_1664288669320_25\"><a href=\"https:\/\/wp.ufpel.edu.br\/lai\/2022\/09\/28\/mini-curso-de-operacao-e-pilotagem-de-drone\/\">Mini Curso de Opera\u00e7\u00e3o e Pilotagem de Drone<\/a><\/h2>\n<p>&nbsp;<\/p>\n<table style=\"width: 100%; border-collapse: collapse;\" border=\"0\">\n<tbody>\n<tr style=\"height: 206px;\">\n<td style=\"width: 22.1755%; height: 206px;\"><img loading=\"lazy\" decoding=\"async\" class=\"alignnone size-medium wp-image-194\" src=\"https:\/\/wp.ufpel.edu.br\/lai\/files\/2022\/09\/294478810_3200624700190507_2361540180161387605_n-400x400.jpg\" alt=\"\" width=\"400\" height=\"400\" srcset=\"https:\/\/wp.ufpel.edu.br\/lai\/files\/2022\/09\/294478810_3200624700190507_2361540180161387605_n-400x400.jpg 400w, https:\/\/wp.ufpel.edu.br\/lai\/files\/2022\/09\/294478810_3200624700190507_2361540180161387605_n-1024x1024.jpg 1024w, https:\/\/wp.ufpel.edu.br\/lai\/files\/2022\/09\/294478810_3200624700190507_2361540180161387605_n-200x200.jpg 200w, https:\/\/wp.ufpel.edu.br\/lai\/files\/2022\/09\/294478810_3200624700190507_2361540180161387605_n-768x768.jpg 768w, https:\/\/wp.ufpel.edu.br\/lai\/files\/2022\/09\/294478810_3200624700190507_2361540180161387605_n-600x600.jpg 600w, https:\/\/wp.ufpel.edu.br\/lai\/files\/2022\/09\/294478810_3200624700190507_2361540180161387605_n-150x150.jpg 150w, https:\/\/wp.ufpel.edu.br\/lai\/files\/2022\/09\/294478810_3200624700190507_2361540180161387605_n.jpg 1080w\" sizes=\"auto, (max-width: 400px) 100vw, 400px\" \/><\/td>\n<td style=\"width: 2.06612%;\"><\/td>\n<td style=\"width: 77.0255%; height: 206px; text-align: justify;\">O Laborat\u00f3rio de Automa\u00e7\u00e3o Industrial (LAI), juntamente com PROEDAI (Projeto Exatas Diversidade Afro-Ind\u00edgenas Brasileira), ofereceu o mini curso de Opera\u00e7\u00e3o e Pilotagem de Drone, no mesmo foi visto apresenta\u00e7\u00e3o do drone DJI Mavic 2 Pro a configura\u00e7\u00e3o do equipamento, t\u00e9cnicas utilizadas\u00a0 e tratamento de imagens em softwares.<\/td>\n<\/tr>\n<\/tbody>\n<\/table>\n<p>&nbsp;<\/p>\n<h2><a href=\"https:\/\/wp.ufpel.edu.br\/lai\/2022\/09\/28\/mini-curso-de-eletropneumatica\/\">Mini Curso de Eletropneum\u00e1tica\u00a0<\/a><\/h2>\n<table style=\"width: 100%; border-collapse: collapse;\" border=\"0\">\n<tbody>\n<tr style=\"height: 206px;\">\n<td style=\"width: 22.1755%; height: 206px;\"><img loading=\"lazy\" decoding=\"async\" class=\"alignnone size-medium wp-image-206\" src=\"https:\/\/wp.ufpel.edu.br\/lai\/files\/2022\/09\/Eletropneumatica-400x400.png\" alt=\"\" width=\"400\" height=\"400\" srcset=\"https:\/\/wp.ufpel.edu.br\/lai\/files\/2022\/09\/Eletropneumatica-400x400.png 400w, https:\/\/wp.ufpel.edu.br\/lai\/files\/2022\/09\/Eletropneumatica-1024x1024.png 1024w, https:\/\/wp.ufpel.edu.br\/lai\/files\/2022\/09\/Eletropneumatica-200x200.png 200w, https:\/\/wp.ufpel.edu.br\/lai\/files\/2022\/09\/Eletropneumatica-768x768.png 768w, https:\/\/wp.ufpel.edu.br\/lai\/files\/2022\/09\/Eletropneumatica-600x600.png 600w, https:\/\/wp.ufpel.edu.br\/lai\/files\/2022\/09\/Eletropneumatica-150x150.png 150w, https:\/\/wp.ufpel.edu.br\/lai\/files\/2022\/09\/Eletropneumatica.png 1080w\" sizes=\"auto, (max-width: 400px) 100vw, 400px\" \/><\/td>\n<td style=\"width: 2.06612%;\"><\/td>\n<td style=\"width: 77.0255%; height: 206px; text-align: justify;\">O Laborat\u00f3rio de Automa\u00e7\u00e3o Industrial vem por meio deste oferecer um curso de Eletropneum\u00e1tica com objetivo de suprir a mat\u00e9ria n\u00e3o ministrada no EAD no per\u00edodo da Pandemia de Covid-19, al\u00e9m de acrescentar aulas praticas de Pneum\u00e1tica aos alunos que cursaram a disciplina no ensino remoto, no per\u00edodo de 2020 a 2022.<\/td>\n<\/tr>\n<\/tbody>\n<\/table>\n<p>&nbsp;<\/p>\n","protected":false},"excerpt":{"rendered":"<p>Cursos Ofertados Mini Curso de Opera\u00e7\u00e3o e Pilotagem de Drone &nbsp; O Laborat\u00f3rio de Automa\u00e7\u00e3o Industrial (LAI), juntamente com PROEDAI (Projeto Exatas Diversidade Afro-Ind\u00edgenas Brasileira), ofereceu o mini curso de Opera\u00e7\u00e3o e Pilotagem de Drone, no mesmo foi visto apresenta\u00e7\u00e3o do drone DJI Mavic 2 Pro a configura\u00e7\u00e3o do equipamento, t\u00e9cnicas utilizadas\u00a0 e tratamento de [&hellip;]<\/p>\n","protected":false},"author":1260,"featured_media":0,"parent":0,"menu_order":0,"comment_status":"closed","ping_status":"closed","template":"","meta":{"footnotes":""},"class_list":["post-67","page","type-page","status-publish","hentry"],"_links":{"self":[{"href":"https:\/\/wp.ufpel.edu.br\/lai\/wp-json\/wp\/v2\/pages\/67","targetHints":{"allow":["GET"]}}],"collection":[{"href":"https:\/\/wp.ufpel.edu.br\/lai\/wp-json\/wp\/v2\/pages"}],"about":[{"href":"https:\/\/wp.ufpel.edu.br\/lai\/wp-json\/wp\/v2\/types\/page"}],"author":[{"embeddable":true,"href":"https:\/\/wp.ufpel.edu.br\/lai\/wp-json\/wp\/v2\/users\/1260"}],"replies":[{"embeddable":true,"href":"https:\/\/wp.ufpel.edu.br\/lai\/wp-json\/wp\/v2\/comments?post=67"}],"version-history":[{"count":7,"href":"https:\/\/wp.ufpel.edu.br\/lai\/wp-json\/wp\/v2\/pages\/67\/revisions"}],"predecessor-version":[{"id":217,"href":"https:\/\/wp.ufpel.edu.br\/lai\/wp-json\/wp\/v2\/pages\/67\/revisions\/217"}],"wp:attachment":[{"href":"https:\/\/wp.ufpel.edu.br\/lai\/wp-json\/wp\/v2\/media?parent=67"}],"curies":[{"name":"wp","href":"https:\/\/api.w.org\/{rel}","templated":true}]}}