{"id":63,"date":"2022-08-30T09:56:02","date_gmt":"2022-08-30T12:56:02","guid":{"rendered":"https:\/\/wp.ufpel.edu.br\/lai\/?page_id=63"},"modified":"2023-05-23T16:08:52","modified_gmt":"2023-05-23T19:08:52","slug":"links","status":"publish","type":"page","link":"https:\/\/wp.ufpel.edu.br\/lai\/links\/","title":{"rendered":"Links"},"content":{"rendered":"<p><strong>Links de Interesse<\/strong><\/p>\n<p><a href=\"https:\/\/portal.ufpel.edu.br\/\">UFPEL &#8211; Portal da Universidade Federal de Pelotas<\/a><\/p>\n<p><a href=\"https:\/\/wp.ufpel.edu.br\/ceng\/\">CENG &#8211; Portal do Centro de Engenharias<\/a><\/p>\n<p><a href=\"https:\/\/ppgmec.posgrad.ufsc.br\/\">POSMEC &#8211; Portal do Programa de P\u00f3s-gradua\u00e7\u00e3o em Engenharia Mec\u00e2nica da UFSC<\/a><\/p>\n<p><a href=\"https:\/\/laship.ufsc.br\/site\/\">LASHIP &#8211; Laborat\u00f3rio de Sistemas Hidr\u00e1ulicos e Pneum\u00e1ticos da UFSC<\/a><\/p>\n<p><a href=\"https:\/\/www.parker.com\/portal\/site\/PARKER\/menuitem.223a4a3cce02eb6315731910237ad1ca\/?vgnextoid=94a68380a865e210VgnVCM10000048021dacRCRD&amp;vgnextfmt=PT&amp;vgnextfmt=PT\">PARKER &#8211; Portal da Parker<\/a><\/p>\n<p>&nbsp;<\/p>\n<p>&nbsp;<\/p>\n","protected":false},"excerpt":{"rendered":"<p>Links de Interesse UFPEL &#8211; Portal da Universidade Federal de Pelotas CENG &#8211; Portal do Centro de Engenharias POSMEC &#8211; Portal do Programa de P\u00f3s-gradua\u00e7\u00e3o em Engenharia Mec\u00e2nica da UFSC LASHIP &#8211; Laborat\u00f3rio de Sistemas Hidr\u00e1ulicos e Pneum\u00e1ticos da UFSC PARKER &#8211; Portal da Parker &nbsp; &nbsp;<\/p>\n","protected":false},"author":1260,"featured_media":0,"parent":0,"menu_order":0,"comment_status":"closed","ping_status":"closed","template":"","meta":{"footnotes":""},"class_list":["post-63","page","type-page","status-publish","hentry"],"_links":{"self":[{"href":"https:\/\/wp.ufpel.edu.br\/lai\/wp-json\/wp\/v2\/pages\/63","targetHints":{"allow":["GET"]}}],"collection":[{"href":"https:\/\/wp.ufpel.edu.br\/lai\/wp-json\/wp\/v2\/pages"}],"about":[{"href":"https:\/\/wp.ufpel.edu.br\/lai\/wp-json\/wp\/v2\/types\/page"}],"author":[{"embeddable":true,"href":"https:\/\/wp.ufpel.edu.br\/lai\/wp-json\/wp\/v2\/users\/1260"}],"replies":[{"embeddable":true,"href":"https:\/\/wp.ufpel.edu.br\/lai\/wp-json\/wp\/v2\/comments?post=63"}],"version-history":[{"count":3,"href":"https:\/\/wp.ufpel.edu.br\/lai\/wp-json\/wp\/v2\/pages\/63\/revisions"}],"predecessor-version":[{"id":356,"href":"https:\/\/wp.ufpel.edu.br\/lai\/wp-json\/wp\/v2\/pages\/63\/revisions\/356"}],"wp:attachment":[{"href":"https:\/\/wp.ufpel.edu.br\/lai\/wp-json\/wp\/v2\/media?parent=63"}],"curies":[{"name":"wp","href":"https:\/\/api.w.org\/{rel}","templated":true}]}}