{"id":53,"date":"2022-08-30T09:36:15","date_gmt":"2022-08-30T12:36:15","guid":{"rendered":"https:\/\/wp.ufpel.edu.br\/lai\/?page_id=53"},"modified":"2023-05-23T17:31:42","modified_gmt":"2023-05-23T20:31:42","slug":"materiais","status":"publish","type":"page","link":"https:\/\/wp.ufpel.edu.br\/lai\/materiais\/","title":{"rendered":"Infraestrutura"},"content":{"rendered":"<h2><a href=\"https:\/\/wp.ufpel.edu.br\/lai\/files\/2023\/05\/Regimento-Interno-de-Laborato\u0301rio-de-Automac\u0327a\u0303o-Industrial.pdf\">Regimento Interno de Laborato\u0301rio de Automac\u0327a\u0303o Industrial<\/a><\/h2>\n<h2><a href=\"https:\/\/wp.ufpel.edu.br\/lai\/files\/2023\/05\/MANUAL-PGPR-2022-LAI.pdf\">Plano de\u00a0 Gerenciamento de Res\u00edduos Perigosos do LAI<\/a><\/h2>\n<h2><strong>Equipamentos<\/strong><\/h2>\n<p><strong>Bancada Did\u00e1tica de de treinamento Pneum\u00e1tica \/ Eletropneum\u00e1tica<\/strong><\/p>\n<p><img loading=\"lazy\" decoding=\"async\" class=\"alignnone size-medium wp-image-350\" src=\"https:\/\/wp.ufpel.edu.br\/lai\/files\/2023\/05\/eletropneumatica-400x300.jpg\" alt=\"\" width=\"400\" height=\"300\" srcset=\"https:\/\/wp.ufpel.edu.br\/lai\/files\/2023\/05\/eletropneumatica-400x300.jpg 400w, https:\/\/wp.ufpel.edu.br\/lai\/files\/2023\/05\/eletropneumatica-1024x768.jpg 1024w, https:\/\/wp.ufpel.edu.br\/lai\/files\/2023\/05\/eletropneumatica-768x576.jpg 768w, https:\/\/wp.ufpel.edu.br\/lai\/files\/2023\/05\/eletropneumatica-1536x1152.jpg 1536w, https:\/\/wp.ufpel.edu.br\/lai\/files\/2023\/05\/eletropneumatica-2048x1536.jpg 2048w\" sizes=\"auto, (max-width: 400px) 100vw, 400px\" \/><\/p>\n<p><strong>Bancada Did\u00e1tica de de treinamento Hidr\u00e1ulica \/ Eletro-hidr\u00e1ulica<\/strong><\/p>\n<p><img loading=\"lazy\" decoding=\"async\" class=\"alignnone size-medium wp-image-351\" src=\"https:\/\/wp.ufpel.edu.br\/lai\/files\/2023\/05\/IMG_3715-400x300.jpeg\" alt=\"\" width=\"400\" height=\"300\" srcset=\"https:\/\/wp.ufpel.edu.br\/lai\/files\/2023\/05\/IMG_3715-400x300.jpeg 400w, https:\/\/wp.ufpel.edu.br\/lai\/files\/2023\/05\/IMG_3715-1024x768.jpeg 1024w, https:\/\/wp.ufpel.edu.br\/lai\/files\/2023\/05\/IMG_3715-768x576.jpeg 768w, https:\/\/wp.ufpel.edu.br\/lai\/files\/2023\/05\/IMG_3715-1536x1152.jpeg 1536w, https:\/\/wp.ufpel.edu.br\/lai\/files\/2023\/05\/IMG_3715-2048x1536.jpeg 2048w\" sizes=\"auto, (max-width: 400px) 100vw, 400px\" \/><\/p>\n<p><strong>M\u00f3dulo did\u00e1tico de Hidr\u00e1ulica Proporcional<\/strong><\/p>\n<p><img loading=\"lazy\" decoding=\"async\" class=\"alignnone size-medium wp-image-352\" src=\"https:\/\/wp.ufpel.edu.br\/lai\/files\/2023\/05\/DSC06130-400x300.jpg\" alt=\"\" width=\"400\" height=\"300\" srcset=\"https:\/\/wp.ufpel.edu.br\/lai\/files\/2023\/05\/DSC06130-400x300.jpg 400w, https:\/\/wp.ufpel.edu.br\/lai\/files\/2023\/05\/DSC06130-1024x768.jpg 1024w, https:\/\/wp.ufpel.edu.br\/lai\/files\/2023\/05\/DSC06130-768x576.jpg 768w, https:\/\/wp.ufpel.edu.br\/lai\/files\/2023\/05\/DSC06130-1536x1152.jpg 1536w, https:\/\/wp.ufpel.edu.br\/lai\/files\/2023\/05\/DSC06130.jpg 2048w\" sizes=\"auto, (max-width: 400px) 100vw, 400px\" \/><\/p>\n<p><strong>M\u00f3dulo de Controlador L\u00f3gico Program\u00e1vel<\/strong><\/p>\n<p>&nbsp;<\/p>\n<p><strong>M\u00f3dulo Port\u00e1til\u00a0 digital de diagn\u00f3stico de press\u00e3o vaz\u00e3o e temperatura<\/strong><\/p>\n<p><img loading=\"lazy\" decoding=\"async\" class=\"alignnone size-medium wp-image-353\" src=\"https:\/\/wp.ufpel.edu.br\/lai\/files\/2023\/05\/modulo-portattil-digital-300x400.jpg\" alt=\"\" width=\"300\" height=\"400\" srcset=\"https:\/\/wp.ufpel.edu.br\/lai\/files\/2023\/05\/modulo-portattil-digital-300x400.jpg 300w, https:\/\/wp.ufpel.edu.br\/lai\/files\/2023\/05\/modulo-portattil-digital-768x1024.jpg 768w, https:\/\/wp.ufpel.edu.br\/lai\/files\/2023\/05\/modulo-portattil-digital-1152x1536.jpg 1152w, https:\/\/wp.ufpel.edu.br\/lai\/files\/2023\/05\/modulo-portattil-digital-1536x2048.jpg 1536w, https:\/\/wp.ufpel.edu.br\/lai\/files\/2023\/05\/modulo-portattil-digital-scaled.jpg 1920w\" sizes=\"auto, (max-width: 300px) 100vw, 300px\" \/><\/p>\n<p>&nbsp;<\/p>\n<h2>Materiais Did\u00e1ticos<\/h2>\n<p><strong>Componentes em Corte com cores t\u00e9cnicas<\/strong><\/p>\n<p><strong>S\u00edmbolos Magn\u00e9ticos de componentes, pneum\u00e1ticos, hidr\u00e1ulicos e de comandos el\u00e9tricos<\/strong><\/p>\n<p><strong>Apostilas Pneum\u00e1tica e Eletropneum\u00e1tica<\/strong><\/p>\n<p><strong>Apostila Hidr\u00e1ulica e Eletro-hidr\u00e1ulica<\/strong><\/p>\n","protected":false},"excerpt":{"rendered":"<p>Regimento Interno de Laborato\u0301rio de Automac\u0327a\u0303o Industrial Plano de\u00a0 Gerenciamento de Res\u00edduos Perigosos do LAI Equipamentos Bancada Did\u00e1tica de de treinamento Pneum\u00e1tica \/ Eletropneum\u00e1tica Bancada Did\u00e1tica de de treinamento Hidr\u00e1ulica \/ Eletro-hidr\u00e1ulica M\u00f3dulo did\u00e1tico de Hidr\u00e1ulica Proporcional M\u00f3dulo de Controlador L\u00f3gico Program\u00e1vel &nbsp; M\u00f3dulo Port\u00e1til\u00a0 digital de diagn\u00f3stico de press\u00e3o vaz\u00e3o e temperatura &nbsp; Materiais [&hellip;]<\/p>\n","protected":false},"author":1260,"featured_media":0,"parent":0,"menu_order":0,"comment_status":"closed","ping_status":"closed","template":"","meta":{"footnotes":""},"class_list":["post-53","page","type-page","status-publish","hentry"],"_links":{"self":[{"href":"https:\/\/wp.ufpel.edu.br\/lai\/wp-json\/wp\/v2\/pages\/53","targetHints":{"allow":["GET"]}}],"collection":[{"href":"https:\/\/wp.ufpel.edu.br\/lai\/wp-json\/wp\/v2\/pages"}],"about":[{"href":"https:\/\/wp.ufpel.edu.br\/lai\/wp-json\/wp\/v2\/types\/page"}],"author":[{"embeddable":true,"href":"https:\/\/wp.ufpel.edu.br\/lai\/wp-json\/wp\/v2\/users\/1260"}],"replies":[{"embeddable":true,"href":"https:\/\/wp.ufpel.edu.br\/lai\/wp-json\/wp\/v2\/comments?post=53"}],"version-history":[{"count":7,"href":"https:\/\/wp.ufpel.edu.br\/lai\/wp-json\/wp\/v2\/pages\/53\/revisions"}],"predecessor-version":[{"id":359,"href":"https:\/\/wp.ufpel.edu.br\/lai\/wp-json\/wp\/v2\/pages\/53\/revisions\/359"}],"wp:attachment":[{"href":"https:\/\/wp.ufpel.edu.br\/lai\/wp-json\/wp\/v2\/media?parent=53"}],"curies":[{"name":"wp","href":"https:\/\/api.w.org\/{rel}","templated":true}]}}