{"id":45,"date":"2022-08-30T09:32:39","date_gmt":"2022-08-30T12:32:39","guid":{"rendered":"https:\/\/wp.ufpel.edu.br\/lai\/?page_id=45"},"modified":"2023-05-18T11:42:20","modified_gmt":"2023-05-18T14:42:20","slug":"siiepe","status":"publish","type":"page","link":"https:\/\/wp.ufpel.edu.br\/lai\/siiepe\/","title":{"rendered":"SIIEPE"},"content":{"rendered":"<h2><strong>Trabalhos Publicados na SIIEPE\u00a0<\/strong><\/h2>\n<p style=\"text-align: justify;\">RODRIGUES, I. M. ;\u00a0<b>PORCI\u00daNCULA, G. S.<\/b>\u00a0.\u00a0<a href=\"https:\/\/cti.ufpel.edu.br\/siepe\/arquivos\/2021\/EN_04490.pdf\">AUTOMA\u00c7\u00c3O PNEUM\u00c1TICA: Uma evolu\u00e7\u00e3o h\u00edbrida.<\/a>\u00a0In: VII Semana Integrada UFPel 2021, 2021, Pelotas. XXX Congresso de Inicia\u00e7\u00e3o Cient\u00edfica, 2021. v. 15.<\/p>\n<p><a href=\"https:\/\/cti.ufpel.edu.br\/siepe\/arquivos\/2021\/EN_04490.pdf\"><img loading=\"lazy\" decoding=\"async\" class=\"alignnone size-medium wp-image-270\" src=\"https:\/\/wp.ufpel.edu.br\/lai\/files\/2023\/05\/Artigo-pneumatica-hibrida-400x228.jpg\" alt=\"\" width=\"400\" height=\"228\" srcset=\"https:\/\/wp.ufpel.edu.br\/lai\/files\/2023\/05\/Artigo-pneumatica-hibrida-400x228.jpg 400w, https:\/\/wp.ufpel.edu.br\/lai\/files\/2023\/05\/Artigo-pneumatica-hibrida-1024x584.jpg 1024w, https:\/\/wp.ufpel.edu.br\/lai\/files\/2023\/05\/Artigo-pneumatica-hibrida-768x438.jpg 768w, https:\/\/wp.ufpel.edu.br\/lai\/files\/2023\/05\/Artigo-pneumatica-hibrida.jpg 1258w\" sizes=\"auto, (max-width: 400px) 100vw, 400px\" \/><\/a><\/p>\n<p style=\"text-align: justify;\">SANTOS, R. S. ;\u00a0<b>PORCI\u00daNCULA, G. S.<\/b>\u00a0. A<a href=\"https:\/\/cti.ufpel.edu.br\/siepe\/arquivos\/2021\/G4_02043.pdf\">plica\u00e7\u00e3o do Software FluidSim\u00ae na Disciplina de Acionamentos Hidr\u00e1ulicos e Pneum\u00e1ticos.<\/a>\u00a0In: VII Semana Integrada UFPel 2021, 2021, Pelotas. VII Congresso de Ensino de Gradua\u00e7\u00e3o, 2021. v. 7.<\/p>\n<p><a href=\"https:\/\/cti.ufpel.edu.br\/siepe\/arquivos\/2021\/G4_02043.pdf\"><img loading=\"lazy\" decoding=\"async\" class=\"alignnone size-medium wp-image-272\" src=\"https:\/\/wp.ufpel.edu.br\/lai\/files\/2023\/05\/Uso-do-Fluid-SIM-400x108.jpg\" alt=\"\" width=\"400\" height=\"108\" srcset=\"https:\/\/wp.ufpel.edu.br\/lai\/files\/2023\/05\/Uso-do-Fluid-SIM-400x108.jpg 400w, https:\/\/wp.ufpel.edu.br\/lai\/files\/2023\/05\/Uso-do-Fluid-SIM-1024x277.jpg 1024w, https:\/\/wp.ufpel.edu.br\/lai\/files\/2023\/05\/Uso-do-Fluid-SIM-768x208.jpg 768w, https:\/\/wp.ufpel.edu.br\/lai\/files\/2023\/05\/Uso-do-Fluid-SIM-1536x416.jpg 1536w, https:\/\/wp.ufpel.edu.br\/lai\/files\/2023\/05\/Uso-do-Fluid-SIM-2048x555.jpg 2048w\" sizes=\"auto, (max-width: 400px) 100vw, 400px\" \/><\/a><\/p>\n<p style=\"text-align: justify;\">ARAUJO JUNIOR, F. S. ; SANTOS, R. S. ;\u00a0<b>PORCI\u00daNCULA, G. S.<\/b>\u00a0.\u00a0<a href=\"https:\/\/cti.ufpel.edu.br\/siepe\/arquivos\/2019\/EN_04723.pdf\">AN\u00c1LISE DE DESEMPENHO DE BANCADA HIDR\u00c1ULICA FRENTE AOS FEN\u00d4MENOS DE CAVITA\u00c7\u00c3O E AERA\u00c7\u00c3O.<\/a>\u00a0In: V Semana Integrada UFPel, 2019, Pelotas. V Congresso de Ensino de Gradua\u00e7\u00e3o. Pelotas: UFPel, 2019. v. V.<\/p>\n<p><a href=\"https:\/\/cti.ufpel.edu.br\/siepe\/arquivos\/2019\/EN_04723.pdf\"><img loading=\"lazy\" decoding=\"async\" class=\"alignnone size-medium wp-image-273\" src=\"https:\/\/wp.ufpel.edu.br\/lai\/files\/2023\/05\/Cavitac\u0327a\u0303o-Aerac\u0327a\u0303o-400x135.jpg\" alt=\"\" width=\"400\" height=\"135\" srcset=\"https:\/\/wp.ufpel.edu.br\/lai\/files\/2023\/05\/Cavitac\u0327a\u0303o-Aerac\u0327a\u0303o-400x135.jpg 400w, https:\/\/wp.ufpel.edu.br\/lai\/files\/2023\/05\/Cavitac\u0327a\u0303o-Aerac\u0327a\u0303o-1024x345.jpg 1024w, https:\/\/wp.ufpel.edu.br\/lai\/files\/2023\/05\/Cavitac\u0327a\u0303o-Aerac\u0327a\u0303o-768x259.jpg 768w, https:\/\/wp.ufpel.edu.br\/lai\/files\/2023\/05\/Cavitac\u0327a\u0303o-Aerac\u0327a\u0303o-1536x517.jpg 1536w, https:\/\/wp.ufpel.edu.br\/lai\/files\/2023\/05\/Cavitac\u0327a\u0303o-Aerac\u0327a\u0303o-2048x690.jpg 2048w\" sizes=\"auto, (max-width: 400px) 100vw, 400px\" \/><\/a><\/p>\n<p style=\"text-align: justify;\">SANTOS, R. S. ;\u00a0<b>PORCI\u00daNCULA, G. S.<\/b>\u00a0.\u00a0<a href=\"https:\/\/cti.ufpel.edu.br\/siepe\/arquivos\/2018\/EN_04430.pdf\">DESEMPENHO DE BANCADA DIDATICA DE HIDRAULICA: AVALI\u00c7\u00c3O DE RENDIMENTOS.<\/a>\u00a0In: IV Semana Integrada UFPel, 2018, Pelotas. IV Congresso de Ensino de Gradua\u00e7\u00e3o. Pelotas: UFPel, 2018. v. IV.<\/p>\n<p style=\"text-align: justify;\">SANTOS, R. S. ;\u00a0<b>PORCI\u00daNCULA, G. S.<\/b>\u00a0.\u00a0<a href=\"https:\/\/cti.ufpel.edu.br\/siepe\/arquivos\/2017\/EN_03372.pdf\">DESEMPENHO DE BANCADA DIDATICA DE HIDRAULICA: AVALI\u00c7\u00c3O DE RENDIMENTOS.<\/a>\u00a0In: III Congresso de de Ensino de Gradua\u00e7\u00e3o \u2013 III Semana Integrada Ufpel 2017, 2017, Pelotas. III Congresso de de Ensino de Gradua\u00e7\u00e3o, 2017.<\/p>\n<p><a href=\"https:\/\/cti.ufpel.edu.br\/siepe\/arquivos\/2018\/EN_04430.pdf\"><img loading=\"lazy\" decoding=\"async\" class=\"alignnone size-medium wp-image-274\" src=\"https:\/\/wp.ufpel.edu.br\/lai\/files\/2023\/05\/rendimento-bancada-400x203.jpg\" alt=\"\" width=\"400\" height=\"203\" srcset=\"https:\/\/wp.ufpel.edu.br\/lai\/files\/2023\/05\/rendimento-bancada-400x203.jpg 400w, https:\/\/wp.ufpel.edu.br\/lai\/files\/2023\/05\/rendimento-bancada-1024x519.jpg 1024w, https:\/\/wp.ufpel.edu.br\/lai\/files\/2023\/05\/rendimento-bancada-768x389.jpg 768w, https:\/\/wp.ufpel.edu.br\/lai\/files\/2023\/05\/rendimento-bancada-1536x778.jpg 1536w, https:\/\/wp.ufpel.edu.br\/lai\/files\/2023\/05\/rendimento-bancada-2048x1038.jpg 2048w\" sizes=\"auto, (max-width: 400px) 100vw, 400px\" \/><\/a><\/p>\n<p style=\"text-align: justify;\">ROSSI FILHO, G. ;\u00a0<b>PORCI\u00daNCULA, G. S.<\/b>\u00a0.\u00a0<a href=\"https:\/\/cti.ufpel.edu.br\/siepe\/arquivos\/2017\/EN_04775.pdf\">AN\u00c1LISE FUNCIONAL E ESTRUTURAL DE SISTEMAS HIDR\u00c1ULICOS POR MEIO DE REPRESENTA\u00c7\u00c3O MATRICIAL.<\/a> In: III Semana Integrada da UFPel 2017 \u2013 XXVI \u2013 Congresso de Inicia\u00e7\u00e3o Cient\u00edfica, 2017, Pelotas. XXVI Congresso de Inicia\u00e7\u00e3o Cient\u00edfica, 2017.<\/p>\n<p><a href=\"https:\/\/cti.ufpel.edu.br\/siepe\/arquivos\/2017\/EN_04775.pdf\"><img loading=\"lazy\" decoding=\"async\" class=\"alignnone size-medium wp-image-275\" src=\"https:\/\/wp.ufpel.edu.br\/lai\/files\/2023\/05\/representac\u0327a\u0303o-matricial-400x336.jpg\" alt=\"\" width=\"400\" height=\"336\" srcset=\"https:\/\/wp.ufpel.edu.br\/lai\/files\/2023\/05\/representac\u0327a\u0303o-matricial-400x336.jpg 400w, https:\/\/wp.ufpel.edu.br\/lai\/files\/2023\/05\/representac\u0327a\u0303o-matricial-1024x861.jpg 1024w, https:\/\/wp.ufpel.edu.br\/lai\/files\/2023\/05\/representac\u0327a\u0303o-matricial-768x646.jpg 768w, https:\/\/wp.ufpel.edu.br\/lai\/files\/2023\/05\/representac\u0327a\u0303o-matricial.jpg 1308w\" sizes=\"auto, (max-width: 400px) 100vw, 400px\" \/><\/a><\/p>\n<div class=\"layout-cell layout-cell-11\" style=\"text-align: justify;\"><\/div>\n<div style=\"text-align: justify;\"><\/div>\n","protected":false},"excerpt":{"rendered":"<p>Trabalhos Publicados na SIIEPE\u00a0 RODRIGUES, I. M. ;\u00a0PORCI\u00daNCULA, G. S.\u00a0.\u00a0AUTOMA\u00c7\u00c3O PNEUM\u00c1TICA: Uma evolu\u00e7\u00e3o h\u00edbrida.\u00a0In: VII Semana Integrada UFPel 2021, 2021, Pelotas. XXX Congresso de Inicia\u00e7\u00e3o Cient\u00edfica, 2021. v. 15. SANTOS, R. S. ;\u00a0PORCI\u00daNCULA, G. S.\u00a0. Aplica\u00e7\u00e3o do Software FluidSim\u00ae na Disciplina de Acionamentos Hidr\u00e1ulicos e Pneum\u00e1ticos.\u00a0In: VII Semana Integrada UFPel 2021, 2021, Pelotas. VII Congresso [&hellip;]<\/p>\n","protected":false},"author":1260,"featured_media":0,"parent":0,"menu_order":0,"comment_status":"closed","ping_status":"closed","template":"","meta":{"footnotes":""},"class_list":["post-45","page","type-page","status-publish","hentry"],"_links":{"self":[{"href":"https:\/\/wp.ufpel.edu.br\/lai\/wp-json\/wp\/v2\/pages\/45","targetHints":{"allow":["GET"]}}],"collection":[{"href":"https:\/\/wp.ufpel.edu.br\/lai\/wp-json\/wp\/v2\/pages"}],"about":[{"href":"https:\/\/wp.ufpel.edu.br\/lai\/wp-json\/wp\/v2\/types\/page"}],"author":[{"embeddable":true,"href":"https:\/\/wp.ufpel.edu.br\/lai\/wp-json\/wp\/v2\/users\/1260"}],"replies":[{"embeddable":true,"href":"https:\/\/wp.ufpel.edu.br\/lai\/wp-json\/wp\/v2\/comments?post=45"}],"version-history":[{"count":6,"href":"https:\/\/wp.ufpel.edu.br\/lai\/wp-json\/wp\/v2\/pages\/45\/revisions"}],"predecessor-version":[{"id":295,"href":"https:\/\/wp.ufpel.edu.br\/lai\/wp-json\/wp\/v2\/pages\/45\/revisions\/295"}],"wp:attachment":[{"href":"https:\/\/wp.ufpel.edu.br\/lai\/wp-json\/wp\/v2\/media?parent=45"}],"curies":[{"name":"wp","href":"https:\/\/api.w.org\/{rel}","templated":true}]}}