{"id":37,"date":"2022-08-30T09:31:13","date_gmt":"2022-08-30T12:31:13","guid":{"rendered":"https:\/\/wp.ufpel.edu.br\/lai\/?page_id=37"},"modified":"2022-09-27T11:39:41","modified_gmt":"2022-09-27T14:39:41","slug":"atividades","status":"publish","type":"page","link":"https:\/\/wp.ufpel.edu.br\/lai\/atividades\/","title":{"rendered":"Atividades"},"content":{"rendered":"<h1><strong>Atividades Realizadas no Laborat\u00f3rio de Automa\u00e7\u00e3o Industrial<\/strong><\/h1>\n<h2><a href=\"https:\/\/wp.ufpel.edu.br\/lai\/projetos\/\">Projetos<\/a><\/h2>\n<h2><a href=\"https:\/\/wp.ufpel.edu.br\/lai\/publicacoes\/\">Publica\u00e7\u00f5es<\/a><\/h2>\n","protected":false},"excerpt":{"rendered":"<p>Atividades Realizadas no Laborat\u00f3rio de Automa\u00e7\u00e3o Industrial Projetos Publica\u00e7\u00f5es<\/p>\n","protected":false},"author":1260,"featured_media":0,"parent":0,"menu_order":0,"comment_status":"closed","ping_status":"closed","template":"","meta":{"footnotes":""},"class_list":["post-37","page","type-page","status-publish","hentry"],"_links":{"self":[{"href":"https:\/\/wp.ufpel.edu.br\/lai\/wp-json\/wp\/v2\/pages\/37","targetHints":{"allow":["GET"]}}],"collection":[{"href":"https:\/\/wp.ufpel.edu.br\/lai\/wp-json\/wp\/v2\/pages"}],"about":[{"href":"https:\/\/wp.ufpel.edu.br\/lai\/wp-json\/wp\/v2\/types\/page"}],"author":[{"embeddable":true,"href":"https:\/\/wp.ufpel.edu.br\/lai\/wp-json\/wp\/v2\/users\/1260"}],"replies":[{"embeddable":true,"href":"https:\/\/wp.ufpel.edu.br\/lai\/wp-json\/wp\/v2\/comments?post=37"}],"version-history":[{"count":3,"href":"https:\/\/wp.ufpel.edu.br\/lai\/wp-json\/wp\/v2\/pages\/37\/revisions"}],"predecessor-version":[{"id":179,"href":"https:\/\/wp.ufpel.edu.br\/lai\/wp-json\/wp\/v2\/pages\/37\/revisions\/179"}],"wp:attachment":[{"href":"https:\/\/wp.ufpel.edu.br\/lai\/wp-json\/wp\/v2\/media?parent=37"}],"curies":[{"name":"wp","href":"https:\/\/api.w.org\/{rel}","templated":true}]}}