{"id":310,"date":"2023-05-23T09:52:24","date_gmt":"2023-05-23T12:52:24","guid":{"rendered":"https:\/\/wp.ufpel.edu.br\/lai\/?page_id=310"},"modified":"2023-05-23T14:04:42","modified_gmt":"2023-05-23T17:04:42","slug":"resumo","status":"publish","type":"page","link":"https:\/\/wp.ufpel.edu.br\/lai\/resumo\/","title":{"rendered":"Resumo"},"content":{"rendered":"<p style=\"text-align: justify;\">O Laborat\u00f3rio de Automa\u00e7\u00e3o Industrial (LAI) est\u00e1 localizado na sala 110.2 no pr\u00e9dio da COTADA, do Centro de Engenharias da Universidade Federal de Pelotas (UFPel). Ele desempenha um papel fundamental no suporte aos cursos de gradua\u00e7\u00e3o em Engenharia de Produ\u00e7\u00e3o, Engenharia de Controle e Automa\u00e7\u00e3o, Engenharia Agr\u00edcola e Engenharia Industrial Madeireira. Al\u00e9m disso, o LAI oferece oportunidades de pesquisa nas \u00e1reas de Sistemas Hidr\u00e1ulicos e Pneum\u00e1ticos, Hidr\u00e1ulica Proporcional, bem como em sistemas Eletro-Hidr\u00e1ulicos e Eletro-Pneum\u00e1ticos.<\/p>\n<p><img loading=\"lazy\" decoding=\"async\" class=\" wp-image-312 aligncenter\" src=\"https:\/\/wp.ufpel.edu.br\/lai\/files\/2023\/05\/IMG_6766-400x300.jpg\" alt=\"\" width=\"483\" height=\"362\" srcset=\"https:\/\/wp.ufpel.edu.br\/lai\/files\/2023\/05\/IMG_6766-400x300.jpg 400w, https:\/\/wp.ufpel.edu.br\/lai\/files\/2023\/05\/IMG_6766-1024x768.jpg 1024w, https:\/\/wp.ufpel.edu.br\/lai\/files\/2023\/05\/IMG_6766-768x576.jpg 768w, https:\/\/wp.ufpel.edu.br\/lai\/files\/2023\/05\/IMG_6766-1536x1152.jpg 1536w, https:\/\/wp.ufpel.edu.br\/lai\/files\/2023\/05\/IMG_6766-2048x1536.jpg 2048w\" sizes=\"auto, (max-width: 483px) 100vw, 483px\" \/><\/p>\n<p style=\"text-align: justify;\">O laborat\u00f3rio conta com duas Bancadas Did\u00e1ticas de Sistemas Hidr\u00e1ulicos e duas Bancadas Did\u00e1ticas de Sistemas Pneum\u00e1ticos. Al\u00e9m disso, possui um Kit de Hidr\u00e1ulica Proporcional e componentes eletroeletr\u00f4nicos, Controladores L\u00f3gicos Program\u00e1veis (CLPs) e sistemas de Medi\u00e7\u00e3o de Temperatura, Vaz\u00e3o e Press\u00e3o. Essa infraestrutura permite o desenvolvimento de atividades pr\u00e1ticas, que apoiam o ensino, a pesquisa e a extens\u00e3o no campo do projeto de sistemas mec\u00e2nicos e acionamentos utilizando Sistemas Hidr\u00e1ulicos e Pneum\u00e1ticos.<\/p>\n<p style=\"text-align: justify;\">Al\u00e9m das atividades mencionadas, o LAI tamb\u00e9m tem se envolvido em projetos com Ve\u00edculo A\u00e9reo N\u00e3o Tripulado (VANT), realizando levantamentos de imagens digitais de \u00e1reas e estruturas. Essa abordagem amplia as possibilidades de aplica\u00e7\u00e3o do laborat\u00f3rio, explorando tecnologias emergentes e fortalecendo a integra\u00e7\u00e3o com outras \u00e1reas de estudo.<\/p>\n<p style=\"text-align: justify;\">Em resumo, o Laborat\u00f3rio de Automa\u00e7\u00e3o Industrial da UFPel desempenha um papel importante no apoio aos cursos de engenharia, oferecendo uma variedade de recursos e oportunidades de pesquisa. Com suas bancadas did\u00e1ticas, equipamentos especializados e projetos inovadores, o LAI contribui para a forma\u00e7\u00e3o dos estudantes e para o avan\u00e7o do conhecimento na \u00e1rea de automa\u00e7\u00e3o industrial.<\/p>\n","protected":false},"excerpt":{"rendered":"<p>O Laborat\u00f3rio de Automa\u00e7\u00e3o Industrial (LAI) est\u00e1 localizado na sala 110.2 no pr\u00e9dio da COTADA, do Centro de Engenharias da Universidade Federal de Pelotas (UFPel). Ele desempenha um papel fundamental no suporte aos cursos de gradua\u00e7\u00e3o em Engenharia de Produ\u00e7\u00e3o, Engenharia de Controle e Automa\u00e7\u00e3o, Engenharia Agr\u00edcola e Engenharia Industrial Madeireira. Al\u00e9m disso, o LAI [&hellip;]<\/p>\n","protected":false},"author":1260,"featured_media":0,"parent":0,"menu_order":1,"comment_status":"closed","ping_status":"closed","template":"","meta":{"footnotes":""},"class_list":["post-310","page","type-page","status-publish","hentry"],"_links":{"self":[{"href":"https:\/\/wp.ufpel.edu.br\/lai\/wp-json\/wp\/v2\/pages\/310","targetHints":{"allow":["GET"]}}],"collection":[{"href":"https:\/\/wp.ufpel.edu.br\/lai\/wp-json\/wp\/v2\/pages"}],"about":[{"href":"https:\/\/wp.ufpel.edu.br\/lai\/wp-json\/wp\/v2\/types\/page"}],"author":[{"embeddable":true,"href":"https:\/\/wp.ufpel.edu.br\/lai\/wp-json\/wp\/v2\/users\/1260"}],"replies":[{"embeddable":true,"href":"https:\/\/wp.ufpel.edu.br\/lai\/wp-json\/wp\/v2\/comments?post=310"}],"version-history":[{"count":2,"href":"https:\/\/wp.ufpel.edu.br\/lai\/wp-json\/wp\/v2\/pages\/310\/revisions"}],"predecessor-version":[{"id":330,"href":"https:\/\/wp.ufpel.edu.br\/lai\/wp-json\/wp\/v2\/pages\/310\/revisions\/330"}],"wp:attachment":[{"href":"https:\/\/wp.ufpel.edu.br\/lai\/wp-json\/wp\/v2\/media?parent=310"}],"curies":[{"name":"wp","href":"https:\/\/api.w.org\/{rel}","templated":true}]}}