{"id":29,"date":"2022-08-30T09:29:35","date_gmt":"2022-08-30T12:29:35","guid":{"rendered":"https:\/\/wp.ufpel.edu.br\/lai\/?page_id=29"},"modified":"2022-09-27T11:44:58","modified_gmt":"2022-09-27T14:44:58","slug":"publicacoes","status":"publish","type":"page","link":"https:\/\/wp.ufpel.edu.br\/lai\/publicacoes\/","title":{"rendered":"Publica\u00e7\u00f5es"},"content":{"rendered":"<h1><strong>Publica\u00e7\u00f5es do Laborat\u00f3rio de Automa\u00e7\u00e3o Industrial<\/strong><\/h1>\n<header class=\"vl-main-header\">\n<h2><a href=\"https:\/\/wp.ufpel.edu.br\/lai\/artigos-cientificos\/\">Artigos Cient\u00edficos<\/a><\/h2>\n<\/header>\n<article id=\"post-73\" class=\"vl-article-content post-73 page type-page status-publish hentry\">\n<div class=\"entry-content\">\n<h1><a href=\"https:\/\/wp.ufpel.edu.br\/lai\/siiepe\/\">SIIEPE<\/a><\/h1>\n<h1><a href=\"https:\/\/wp.ufpel.edu.br\/lai\/ensino\/\">Ensino<\/a><\/h1>\n<h1><a href=\"https:\/\/wp.ufpel.edu.br\/lai\/pesquisa\/\">Pesquisa<\/a><\/h1>\n<h1><a href=\"https:\/\/wp.ufpel.edu.br\/lai\/extensao\/\">Extens\u00e3o<\/a><\/h1>\n<\/div>\n<\/article>\n","protected":false},"excerpt":{"rendered":"<p>Publica\u00e7\u00f5es do Laborat\u00f3rio de Automa\u00e7\u00e3o Industrial Artigos Cient\u00edficos SIIEPE Ensino Pesquisa Extens\u00e3o<\/p>\n","protected":false},"author":1260,"featured_media":0,"parent":0,"menu_order":0,"comment_status":"closed","ping_status":"closed","template":"","meta":{"footnotes":""},"class_list":["post-29","page","type-page","status-publish","hentry"],"_links":{"self":[{"href":"https:\/\/wp.ufpel.edu.br\/lai\/wp-json\/wp\/v2\/pages\/29","targetHints":{"allow":["GET"]}}],"collection":[{"href":"https:\/\/wp.ufpel.edu.br\/lai\/wp-json\/wp\/v2\/pages"}],"about":[{"href":"https:\/\/wp.ufpel.edu.br\/lai\/wp-json\/wp\/v2\/types\/page"}],"author":[{"embeddable":true,"href":"https:\/\/wp.ufpel.edu.br\/lai\/wp-json\/wp\/v2\/users\/1260"}],"replies":[{"embeddable":true,"href":"https:\/\/wp.ufpel.edu.br\/lai\/wp-json\/wp\/v2\/comments?post=29"}],"version-history":[{"count":3,"href":"https:\/\/wp.ufpel.edu.br\/lai\/wp-json\/wp\/v2\/pages\/29\/revisions"}],"predecessor-version":[{"id":181,"href":"https:\/\/wp.ufpel.edu.br\/lai\/wp-json\/wp\/v2\/pages\/29\/revisions\/181"}],"wp:attachment":[{"href":"https:\/\/wp.ufpel.edu.br\/lai\/wp-json\/wp\/v2\/media?parent=29"}],"curies":[{"name":"wp","href":"https:\/\/api.w.org\/{rel}","templated":true}]}}