{"id":23,"date":"2022-08-30T09:28:39","date_gmt":"2022-08-30T12:28:39","guid":{"rendered":"https:\/\/wp.ufpel.edu.br\/lai\/?page_id=23"},"modified":"2023-05-23T14:10:28","modified_gmt":"2023-05-23T17:10:28","slug":"extensao","status":"publish","type":"page","link":"https:\/\/wp.ufpel.edu.br\/lai\/extensao\/","title":{"rendered":"Extens\u00e3o"},"content":{"rendered":"<p><strong>Artigos Cient\u00edficos oriundos e Projetos de <\/strong><strong>Extens\u00e3o do Laborat\u00f3rio de Automa\u00e7\u00e3o Industrial<\/strong><\/p>\n<p>MENDES, F. M. ; DIAS, M. C. ;\u00a0<b>PORCI\u00daNCULA, G. S.<\/b>\u00a0; VIANNA, H. D. ; SOLER, A. C. P. . <a href=\"https:\/\/wp.ufpel.edu.br\/lai\/files\/2023\/05\/Artigo-Pontal-Marjana.pdf\">MAPEAMENTO A\u00c9REO COM VANT PARA O MONITORAMENTO DO TRECHO DE ACESSO AO PONTAL DA BARRA\/PELOTAS ? RIO GRANDE DO SUL &#8211; BRASIL<\/a>. In: Alexandre Barcellos Dalri; Glauco Eduardo Pereira Cortez; Teresa Cristina Tarl\u00e9 Pissarra. (Org.). 50 anos do profissional Engenheiro Agr\u00edcola: revisitando o passado para transformar o futuro. 08ed.: , 2022, v. , p. 25-30.<\/p>\n<p><a href=\"https:\/\/wp.ufpel.edu.br\/lai\/files\/2023\/05\/Artigo-Pontal-Marjana.pdf\"><img loading=\"lazy\" decoding=\"async\" class=\"alignnone size-medium wp-image-298\" src=\"https:\/\/wp.ufpel.edu.br\/lai\/files\/2023\/05\/Modelo-3d-Acesso-Pontal-400x127.jpg\" alt=\"\" width=\"400\" height=\"127\" srcset=\"https:\/\/wp.ufpel.edu.br\/lai\/files\/2023\/05\/Modelo-3d-Acesso-Pontal-400x127.jpg 400w, https:\/\/wp.ufpel.edu.br\/lai\/files\/2023\/05\/Modelo-3d-Acesso-Pontal-1024x325.jpg 1024w, https:\/\/wp.ufpel.edu.br\/lai\/files\/2023\/05\/Modelo-3d-Acesso-Pontal-768x243.jpg 768w, https:\/\/wp.ufpel.edu.br\/lai\/files\/2023\/05\/Modelo-3d-Acesso-Pontal-1536x487.jpg 1536w, https:\/\/wp.ufpel.edu.br\/lai\/files\/2023\/05\/Modelo-3d-Acesso-Pontal-2048x649.jpg 2048w\" sizes=\"auto, (max-width: 400px) 100vw, 400px\" \/><\/a><\/p>\n<p>&nbsp;<\/p>\n<p style=\"text-align: justify;\">SANTOS, R. S. ;\u00a0<b>PORCI\u00daNCULA, G. S.<\/b>\u00a0; DIAS, M. C. . <a href=\"https:\/\/revistas.ufpel.edu.br\/index.php\/prociencias\/article\/view\/1627\/1247\">SISTEMA DE AUTOMA\u00c7\u00c3O PARA INFRAESTRUTURAS DE ELEVADORES DE N\u00cdVEL UTILIZADAS EM PER\u00cdMETROS DE IRRIGA\u00c7\u00c3O.<\/a> Revista Proci\u00eancias, v. 5, p. 116, 2022.<\/p>\n<p style=\"text-align: justify;\"><a href=\"https:\/\/revistas.ufpel.edu.br\/index.php\/prociencias\/article\/view\/1627\/1247\"><img loading=\"lazy\" decoding=\"async\" class=\"alignnone size-medium wp-image-269\" src=\"https:\/\/wp.ufpel.edu.br\/lai\/files\/2023\/05\/artigo-prociencia-400x225.jpg\" alt=\"\" width=\"400\" height=\"225\" srcset=\"https:\/\/wp.ufpel.edu.br\/lai\/files\/2023\/05\/artigo-prociencia-400x225.jpg 400w, https:\/\/wp.ufpel.edu.br\/lai\/files\/2023\/05\/artigo-prociencia-1024x576.jpg 1024w, https:\/\/wp.ufpel.edu.br\/lai\/files\/2023\/05\/artigo-prociencia-768x432.jpg 768w, https:\/\/wp.ufpel.edu.br\/lai\/files\/2023\/05\/artigo-prociencia-1536x864.jpg 1536w, https:\/\/wp.ufpel.edu.br\/lai\/files\/2023\/05\/artigo-prociencia-2048x1152.jpg 2048w, https:\/\/wp.ufpel.edu.br\/lai\/files\/2023\/05\/artigo-prociencia-780x440.jpg 780w\" sizes=\"auto, (max-width: 400px) 100vw, 400px\" \/><\/a><\/p>\n","protected":false},"excerpt":{"rendered":"<p>Artigos Cient\u00edficos oriundos e Projetos de Extens\u00e3o do Laborat\u00f3rio de Automa\u00e7\u00e3o Industrial MENDES, F. M. ; DIAS, M. C. ;\u00a0PORCI\u00daNCULA, G. S.\u00a0; VIANNA, H. D. ; SOLER, A. C. P. . MAPEAMENTO A\u00c9REO COM VANT PARA O MONITORAMENTO DO TRECHO DE ACESSO AO PONTAL DA BARRA\/PELOTAS ? RIO GRANDE DO SUL &#8211; BRASIL. In: Alexandre [&hellip;]<\/p>\n","protected":false},"author":1260,"featured_media":0,"parent":0,"menu_order":0,"comment_status":"closed","ping_status":"closed","template":"","meta":{"footnotes":""},"class_list":["post-23","page","type-page","status-publish","hentry"],"_links":{"self":[{"href":"https:\/\/wp.ufpel.edu.br\/lai\/wp-json\/wp\/v2\/pages\/23","targetHints":{"allow":["GET"]}}],"collection":[{"href":"https:\/\/wp.ufpel.edu.br\/lai\/wp-json\/wp\/v2\/pages"}],"about":[{"href":"https:\/\/wp.ufpel.edu.br\/lai\/wp-json\/wp\/v2\/types\/page"}],"author":[{"embeddable":true,"href":"https:\/\/wp.ufpel.edu.br\/lai\/wp-json\/wp\/v2\/users\/1260"}],"replies":[{"embeddable":true,"href":"https:\/\/wp.ufpel.edu.br\/lai\/wp-json\/wp\/v2\/comments?post=23"}],"version-history":[{"count":3,"href":"https:\/\/wp.ufpel.edu.br\/lai\/wp-json\/wp\/v2\/pages\/23\/revisions"}],"predecessor-version":[{"id":331,"href":"https:\/\/wp.ufpel.edu.br\/lai\/wp-json\/wp\/v2\/pages\/23\/revisions\/331"}],"wp:attachment":[{"href":"https:\/\/wp.ufpel.edu.br\/lai\/wp-json\/wp\/v2\/media?parent=23"}],"curies":[{"name":"wp","href":"https:\/\/api.w.org\/{rel}","templated":true}]}}