{"id":20,"date":"2022-08-30T09:27:57","date_gmt":"2022-08-30T12:27:57","guid":{"rendered":"https:\/\/wp.ufpel.edu.br\/lai\/?page_id=20"},"modified":"2023-05-18T10:53:18","modified_gmt":"2023-05-18T13:53:18","slug":"pesquisa","status":"publish","type":"page","link":"https:\/\/wp.ufpel.edu.br\/lai\/pesquisa\/","title":{"rendered":"Pesquisa"},"content":{"rendered":"<p><strong>Pesquisas<\/strong><\/p>\n<p style=\"text-align: justify;\">SANTOS, R. S. ;\u00a0<b>PORCI\u00daNCULA, G. S.<\/b>\u00a0; DIAS, M. C. . <a href=\"https:\/\/revistas.ufpel.edu.br\/index.php\/prociencias\/article\/view\/1627\/1247\">SISTEMA DE AUTOMA\u00c7\u00c3O PARA INFRAESTRUTURAS DE ELEVADORES DE N\u00cdVEL UTILIZADAS EM PER\u00cdMETROS DE IRRIGA\u00c7\u00c3O.<\/a> Revista Proci\u00eancias, v. 5, p. 116, 2022.<\/p>\n<p><a href=\"https:\/\/revistas.ufpel.edu.br\/index.php\/prociencias\/article\/view\/1627\/1247\"><img loading=\"lazy\" decoding=\"async\" class=\"alignnone size-medium wp-image-269\" src=\"https:\/\/wp.ufpel.edu.br\/lai\/files\/2023\/05\/artigo-prociencia-400x225.jpg\" alt=\"\" width=\"400\" height=\"225\" srcset=\"https:\/\/wp.ufpel.edu.br\/lai\/files\/2023\/05\/artigo-prociencia-400x225.jpg 400w, https:\/\/wp.ufpel.edu.br\/lai\/files\/2023\/05\/artigo-prociencia-1024x576.jpg 1024w, https:\/\/wp.ufpel.edu.br\/lai\/files\/2023\/05\/artigo-prociencia-768x432.jpg 768w, https:\/\/wp.ufpel.edu.br\/lai\/files\/2023\/05\/artigo-prociencia-1536x864.jpg 1536w, https:\/\/wp.ufpel.edu.br\/lai\/files\/2023\/05\/artigo-prociencia-2048x1152.jpg 2048w, https:\/\/wp.ufpel.edu.br\/lai\/files\/2023\/05\/artigo-prociencia-780x440.jpg 780w\" sizes=\"auto, (max-width: 400px) 100vw, 400px\" \/><\/a><\/p>\n<p style=\"text-align: justify;\">RODRIGUES, I. M. ;\u00a0<b>PORCI\u00daNCULA, G. S.<\/b>\u00a0. <a href=\"https:\/\/cti.ufpel.edu.br\/siepe\/arquivos\/2021\/EN_04490.pdf\">AUTOMA\u00c7\u00c3O PNEUM\u00c1TICA: Uma evolu\u00e7\u00e3o h\u00edbrida.<\/a> In: VII Semana Integrada UFPel 2021, 2021, Pelotas. XXX Congresso de Inicia\u00e7\u00e3o Cient\u00edfica, 2021. v. 15.<\/p>\n<p><a href=\"https:\/\/cti.ufpel.edu.br\/siepe\/arquivos\/2021\/EN_04490.pdf\"><img loading=\"lazy\" decoding=\"async\" class=\"alignnone size-medium wp-image-270\" src=\"https:\/\/wp.ufpel.edu.br\/lai\/files\/2023\/05\/Artigo-pneumatica-hibrida-400x228.jpg\" alt=\"\" width=\"400\" height=\"228\" srcset=\"https:\/\/wp.ufpel.edu.br\/lai\/files\/2023\/05\/Artigo-pneumatica-hibrida-400x228.jpg 400w, https:\/\/wp.ufpel.edu.br\/lai\/files\/2023\/05\/Artigo-pneumatica-hibrida-1024x584.jpg 1024w, https:\/\/wp.ufpel.edu.br\/lai\/files\/2023\/05\/Artigo-pneumatica-hibrida-768x438.jpg 768w, https:\/\/wp.ufpel.edu.br\/lai\/files\/2023\/05\/Artigo-pneumatica-hibrida.jpg 1258w\" sizes=\"auto, (max-width: 400px) 100vw, 400px\" \/><\/a><\/p>\n<p style=\"text-align: justify;\">ROSSI FILHO, G. ;\u00a0<b>PORCI\u00daNCULA, G. S.<\/b>\u00a0. <a href=\"https:\/\/cti.ufpel.edu.br\/siepe\/arquivos\/2017\/EN_04775.pdf\">AN\u00c1LISE FUNCIONAL E ESTRUTURAL DE SISTEMAS HIDR\u00c1ULICOS POR MEIO DE REPRESENTA\u00c7\u00c3O MATRICIAL.<\/a> In: III Semana Integrada da UFPel 2017 &#8211; XXVI &#8211; Congresso de Inicia\u00e7\u00e3o Cient\u00edfica, 2017, Pelotas. XXVI Congresso de Inicia\u00e7\u00e3o Cient\u00edfica, 2017.<\/p>\n<p><a href=\"https:\/\/cti.ufpel.edu.br\/siepe\/arquivos\/2017\/EN_04775.pdf\"><img loading=\"lazy\" decoding=\"async\" class=\"alignnone size-medium wp-image-275\" src=\"https:\/\/wp.ufpel.edu.br\/lai\/files\/2023\/05\/representac\u0327a\u0303o-matricial-400x336.jpg\" alt=\"\" width=\"400\" height=\"336\" srcset=\"https:\/\/wp.ufpel.edu.br\/lai\/files\/2023\/05\/representac\u0327a\u0303o-matricial-400x336.jpg 400w, https:\/\/wp.ufpel.edu.br\/lai\/files\/2023\/05\/representac\u0327a\u0303o-matricial-1024x861.jpg 1024w, https:\/\/wp.ufpel.edu.br\/lai\/files\/2023\/05\/representac\u0327a\u0303o-matricial-768x646.jpg 768w, https:\/\/wp.ufpel.edu.br\/lai\/files\/2023\/05\/representac\u0327a\u0303o-matricial.jpg 1308w\" sizes=\"auto, (max-width: 400px) 100vw, 400px\" \/><\/a><\/p>\n<div class=\"layout-cell layout-cell-11\" style=\"text-align: justify;\">\n<div class=\"layout-cell-pad-5\">PACHECO, M. M. ;\u00a0<b>PORCI\u00daNCULA, G. S.<\/b>\u00a0. <a href=\"https:\/\/cti.ufpel.edu.br\/siepe\/arquivos\/2016\/EN_04358.pdf\">SISTEMA HIDR\u00c1ULICO COM CONTROLE DE FOR\u00c7A: SIMULA\u00c7\u00c3O DE UMA PRENSA HIDR\u00c1ULICA EM LABORAT\u00d3RIO.<\/a> In: Congresso de Inicia\u00e7\u00e3o Cient\u00edfica, 2016, PELOTAS. Congresso de Inicia\u00e7\u00e3o Cient\u00edfica, 2016.<\/div>\n<div><a href=\"https:\/\/cti.ufpel.edu.br\/siepe\/arquivos\/2016\/EN_04358.pdf\"><img loading=\"lazy\" decoding=\"async\" class=\"alignnone size-medium wp-image-276\" src=\"https:\/\/wp.ufpel.edu.br\/lai\/files\/2023\/05\/sistema-de-forc\u0327a-400x199.jpg\" alt=\"\" width=\"400\" height=\"199\" srcset=\"https:\/\/wp.ufpel.edu.br\/lai\/files\/2023\/05\/sistema-de-forc\u0327a-400x199.jpg 400w, https:\/\/wp.ufpel.edu.br\/lai\/files\/2023\/05\/sistema-de-forc\u0327a-1024x509.jpg 1024w, https:\/\/wp.ufpel.edu.br\/lai\/files\/2023\/05\/sistema-de-forc\u0327a-768x382.jpg 768w, https:\/\/wp.ufpel.edu.br\/lai\/files\/2023\/05\/sistema-de-forc\u0327a-1536x763.jpg 1536w, https:\/\/wp.ufpel.edu.br\/lai\/files\/2023\/05\/sistema-de-forc\u0327a.jpg 2028w\" sizes=\"auto, (max-width: 400px) 100vw, 400px\" \/><\/a><\/div>\n<\/div>\n<p style=\"text-align: justify;\">MEDEIROS, R. R. ; CARVALHO, R. O. ; STEFANELO, G. ; BUENO, M. V. ;\u00a0<b><a class=\"tooltip\" tabindex=\"160\" title=\"Clique para visualizar o curr\u00edculo\" href=\"http:\/\/lattes.cnpq.br\/1455474364995693\" target=\"_blank\" rel=\"noopener\">PORCI\u00daNCULA, G. S.<\/a><\/b>\u00a0. <a href=\"https:\/\/www2.ufpel.edu.br\/cic\/2011\/anais\/pdf\/EN\/EN_01400.pdf\">M\u00c9TODOS DE AN\u00c1LISE DE FALHA EM SISTEMAS HIDR\u00c1ULICOS.<\/a> In: XX Congresso de Inicia\u00e7\u00e3o Cient\u00edfica da UFPEL, 2011, Pelotas. XX Congresso de Inicia\u00e7\u00e3o Cient\u00edfica da UFPEL, 2011.<\/p>\n<p><a href=\"https:\/\/www2.ufpel.edu.br\/cic\/2011\/anais\/pdf\/EN\/EN_01400.pdf\"><img loading=\"lazy\" decoding=\"async\" class=\"alignnone size-medium wp-image-278\" src=\"https:\/\/wp.ufpel.edu.br\/lai\/files\/2023\/05\/analise-de-falha-400x262.jpg\" alt=\"\" width=\"400\" height=\"262\" srcset=\"https:\/\/wp.ufpel.edu.br\/lai\/files\/2023\/05\/analise-de-falha-400x262.jpg 400w, https:\/\/wp.ufpel.edu.br\/lai\/files\/2023\/05\/analise-de-falha-1024x670.jpg 1024w, https:\/\/wp.ufpel.edu.br\/lai\/files\/2023\/05\/analise-de-falha-768x502.jpg 768w, https:\/\/wp.ufpel.edu.br\/lai\/files\/2023\/05\/analise-de-falha-1536x1005.jpg 1536w, https:\/\/wp.ufpel.edu.br\/lai\/files\/2023\/05\/analise-de-falha.jpg 1666w\" sizes=\"auto, (max-width: 400px) 100vw, 400px\" \/><\/a><\/p>\n","protected":false},"excerpt":{"rendered":"<p>Pesquisas SANTOS, R. S. ;\u00a0PORCI\u00daNCULA, G. S.\u00a0; DIAS, M. C. . SISTEMA DE AUTOMA\u00c7\u00c3O PARA INFRAESTRUTURAS DE ELEVADORES DE N\u00cdVEL UTILIZADAS EM PER\u00cdMETROS DE IRRIGA\u00c7\u00c3O. Revista Proci\u00eancias, v. 5, p. 116, 2022. RODRIGUES, I. M. ;\u00a0PORCI\u00daNCULA, G. S.\u00a0. AUTOMA\u00c7\u00c3O PNEUM\u00c1TICA: Uma evolu\u00e7\u00e3o h\u00edbrida. In: VII Semana Integrada UFPel 2021, 2021, Pelotas. XXX Congresso de Inicia\u00e7\u00e3o [&hellip;]<\/p>\n","protected":false},"author":1260,"featured_media":0,"parent":0,"menu_order":0,"comment_status":"closed","ping_status":"closed","template":"","meta":{"footnotes":""},"class_list":["post-20","page","type-page","status-publish","hentry"],"_links":{"self":[{"href":"https:\/\/wp.ufpel.edu.br\/lai\/wp-json\/wp\/v2\/pages\/20","targetHints":{"allow":["GET"]}}],"collection":[{"href":"https:\/\/wp.ufpel.edu.br\/lai\/wp-json\/wp\/v2\/pages"}],"about":[{"href":"https:\/\/wp.ufpel.edu.br\/lai\/wp-json\/wp\/v2\/types\/page"}],"author":[{"embeddable":true,"href":"https:\/\/wp.ufpel.edu.br\/lai\/wp-json\/wp\/v2\/users\/1260"}],"replies":[{"embeddable":true,"href":"https:\/\/wp.ufpel.edu.br\/lai\/wp-json\/wp\/v2\/comments?post=20"}],"version-history":[{"count":4,"href":"https:\/\/wp.ufpel.edu.br\/lai\/wp-json\/wp\/v2\/pages\/20\/revisions"}],"predecessor-version":[{"id":284,"href":"https:\/\/wp.ufpel.edu.br\/lai\/wp-json\/wp\/v2\/pages\/20\/revisions\/284"}],"wp:attachment":[{"href":"https:\/\/wp.ufpel.edu.br\/lai\/wp-json\/wp\/v2\/media?parent=20"}],"curies":[{"name":"wp","href":"https:\/\/api.w.org\/{rel}","templated":true}]}}