{"id":2,"date":"2022-08-25T17:08:47","date_gmt":"2022-08-25T20:08:47","guid":{"rendered":"https:\/\/wp.ufpel.edu.br\/lai\/?page_id=2"},"modified":"2022-09-17T21:36:28","modified_gmt":"2022-09-18T00:36:28","slug":"pagina-exemplo","status":"publish","type":"page","link":"https:\/\/wp.ufpel.edu.br\/lai\/pagina-exemplo\/","title":{"rendered":"Hist\u00f3rico"},"content":{"rendered":"\r\n<p>\u00a0 \u00a0 \u00a0 \u00a0 \u00a0 \u00a0 \u00a0 \u00a0 \u00a0 \u00a0 O Laborat\u00f3rio de Automa\u00e7\u00e3o Industrial (LAI) foi criado em 2011 no Centro de Engenharias. As Bancadas Hidr\u00e1ulicas e Pneum\u00e1ticas do\u00a0 LAI foram adquiridas com recursos do REUNI e na sua instala\u00e7\u00e3o alunos e professores receberam treinamento de t\u00e9cnicos da PARKER, conforme Figura 1.<\/p>\r\n<p><img loading=\"lazy\" decoding=\"async\" class=\"wp-image-106 aligncenter\" src=\"https:\/\/wp.ufpel.edu.br\/lai\/files\/2022\/09\/DSC06115-400x300.jpg\" alt=\"\" width=\"596\" height=\"447\" srcset=\"https:\/\/wp.ufpel.edu.br\/lai\/files\/2022\/09\/DSC06115-400x300.jpg 400w, https:\/\/wp.ufpel.edu.br\/lai\/files\/2022\/09\/DSC06115-1024x768.jpg 1024w, https:\/\/wp.ufpel.edu.br\/lai\/files\/2022\/09\/DSC06115-768x576.jpg 768w, https:\/\/wp.ufpel.edu.br\/lai\/files\/2022\/09\/DSC06115-1536x1152.jpg 1536w, https:\/\/wp.ufpel.edu.br\/lai\/files\/2022\/09\/DSC06115.jpg 2048w\" sizes=\"auto, (max-width: 596px) 100vw, 596px\" \/><\/p>\r\n<p style=\"text-align: center;\">Figura 1\u00a0 &#8211; Foto registro treinamento com t\u00e9cnico da PARKER<\/p>\r\n<p>\u00a0 \u00a0 \u00a0 \u00a0 \u00a0 \u00a0 \u00a0 \u00a0 \u00a0 \u00a0 \u00a0 \u00a0 Durante estes 11 anos de atividades o Laborat\u00f3rio de Automa\u00e7\u00e3o Industrial do Centro de Engenharias tem desenvolvidos atividades de Ensino, Pesquisa e Extens\u00e3o. Durante este per\u00edodo v\u00e1rios bolsistas desenvolveram atividades no LAI, os primeiros bolsistas foram o Marcos e o Ricardo, conforme registrado na Figura 2.\u00a0<\/p>\r\n<p><img loading=\"lazy\" decoding=\"async\" class=\" wp-image-107 aligncenter\" src=\"https:\/\/wp.ufpel.edu.br\/lai\/files\/2022\/09\/DSC06116-1024x768.jpg\" alt=\"\" width=\"603\" height=\"452\" srcset=\"https:\/\/wp.ufpel.edu.br\/lai\/files\/2022\/09\/DSC06116-1024x768.jpg 1024w, https:\/\/wp.ufpel.edu.br\/lai\/files\/2022\/09\/DSC06116-400x300.jpg 400w, https:\/\/wp.ufpel.edu.br\/lai\/files\/2022\/09\/DSC06116-768x576.jpg 768w, https:\/\/wp.ufpel.edu.br\/lai\/files\/2022\/09\/DSC06116-1536x1152.jpg 1536w, https:\/\/wp.ufpel.edu.br\/lai\/files\/2022\/09\/DSC06116.jpg 2048w\" sizes=\"auto, (max-width: 603px) 100vw, 603px\" \/><\/p>\r\n<p style=\"text-align: center;\">Figura 2\u00a0 &#8211; Foto registro primeiros bolsistas do LAI<\/p>\r\n<p>\u00a0 \u00a0 \u00a0 \u00a0 \u00a0 \u00a0 \u00a0 \u00a0 \u00a0 \u00a0 \u00a0 Em 2015 e 2016\u00a0 atuaram como bolsista os alunos Leonardo Teixeira da Silveira e Monica Moura Pacheco. Em 2017 e 2018 atuaram como bolsistas os alunos Ricardo da Silveira Santos (Figura 3) e Gilmar Rossi Filho.<\/p>\r\n<p><img loading=\"lazy\" decoding=\"async\" class=\" wp-image-108 aligncenter\" src=\"https:\/\/wp.ufpel.edu.br\/lai\/files\/2022\/09\/IMG-20171123-WA0030.jpeg\" alt=\"\" width=\"624\" height=\"390\" srcset=\"https:\/\/wp.ufpel.edu.br\/lai\/files\/2022\/09\/IMG-20171123-WA0030.jpeg 759w, https:\/\/wp.ufpel.edu.br\/lai\/files\/2022\/09\/IMG-20171123-WA0030-400x250.jpeg 400w\" sizes=\"auto, (max-width: 624px) 100vw, 624px\" \/><\/p>\r\n<p>&nbsp;<\/p>\r\n<p>\u00a0 \u00a0 \u00a0 \u00a0 \u00a0 \u00a0 \u00a0 \u00a0 \u00a0 \u00a0 \u00a0Os alunos Carlos Vinicius Dom\u00eanico, Julia Lopes Rodrigues e Mois\u00e9s Ribeiro Ferreira atuaram como bolsistas entre os anos de 2019 a 2021. No ano de 2022 os bolsistas atuantes no LAI s\u00e3o: Edenilton Teixeira Nunes, Joab Tavares Fagundes, Maik Concei\u00e7\u00e3o Dias e Marjana Ferreira Mendes. A Figura 4 mostra a equipe de 2022 do LAI.<\/p>\r\n<p><img loading=\"lazy\" decoding=\"async\" class=\"wp-image-109 aligncenter\" src=\"https:\/\/wp.ufpel.edu.br\/lai\/files\/2022\/09\/equipe-2022-1024x653.jpg\" alt=\"\" width=\"599\" height=\"382\" srcset=\"https:\/\/wp.ufpel.edu.br\/lai\/files\/2022\/09\/equipe-2022-1024x653.jpg 1024w, https:\/\/wp.ufpel.edu.br\/lai\/files\/2022\/09\/equipe-2022-400x255.jpg 400w, https:\/\/wp.ufpel.edu.br\/lai\/files\/2022\/09\/equipe-2022-768x490.jpg 768w, https:\/\/wp.ufpel.edu.br\/lai\/files\/2022\/09\/equipe-2022.jpg 1110w\" sizes=\"auto, (max-width: 599px) 100vw, 599px\" \/><\/p>\r\n<p>&nbsp;<\/p>\r\n","protected":false},"excerpt":{"rendered":"<p>\u00a0 \u00a0 \u00a0 \u00a0 \u00a0 \u00a0 \u00a0 \u00a0 \u00a0 \u00a0 O Laborat\u00f3rio de Automa\u00e7\u00e3o Industrial (LAI) foi criado em 2011 no Centro de Engenharias. As Bancadas Hidr\u00e1ulicas e Pneum\u00e1ticas do\u00a0 LAI foram adquiridas com recursos do REUNI e na sua instala\u00e7\u00e3o alunos e professores receberam treinamento de t\u00e9cnicos da PARKER, conforme Figura 1. Figura 1\u00a0 [&hellip;]<\/p>\n","protected":false},"author":1260,"featured_media":0,"parent":0,"menu_order":0,"comment_status":"closed","ping_status":"closed","template":"","meta":{"footnotes":""},"class_list":["post-2","page","type-page","status-publish","hentry"],"_links":{"self":[{"href":"https:\/\/wp.ufpel.edu.br\/lai\/wp-json\/wp\/v2\/pages\/2","targetHints":{"allow":["GET"]}}],"collection":[{"href":"https:\/\/wp.ufpel.edu.br\/lai\/wp-json\/wp\/v2\/pages"}],"about":[{"href":"https:\/\/wp.ufpel.edu.br\/lai\/wp-json\/wp\/v2\/types\/page"}],"author":[{"embeddable":true,"href":"https:\/\/wp.ufpel.edu.br\/lai\/wp-json\/wp\/v2\/users\/1260"}],"replies":[{"embeddable":true,"href":"https:\/\/wp.ufpel.edu.br\/lai\/wp-json\/wp\/v2\/comments?post=2"}],"version-history":[{"count":4,"href":"https:\/\/wp.ufpel.edu.br\/lai\/wp-json\/wp\/v2\/pages\/2\/revisions"}],"predecessor-version":[{"id":91,"href":"https:\/\/wp.ufpel.edu.br\/lai\/wp-json\/wp\/v2\/pages\/2\/revisions\/91"}],"wp:attachment":[{"href":"https:\/\/wp.ufpel.edu.br\/lai\/wp-json\/wp\/v2\/media?parent=2"}],"curies":[{"name":"wp","href":"https:\/\/api.w.org\/{rel}","templated":true}]}}