{"id":185,"date":"2022-09-27T11:51:32","date_gmt":"2022-09-27T14:51:32","guid":{"rendered":"https:\/\/wp.ufpel.edu.br\/lai\/?page_id=185"},"modified":"2023-05-24T10:25:26","modified_gmt":"2023-05-24T13:25:26","slug":"disciplinas","status":"publish","type":"page","link":"https:\/\/wp.ufpel.edu.br\/lai\/disciplinas\/","title":{"rendered":"Disciplinas"},"content":{"rendered":"<h2><a href=\"https:\/\/wp.ufpel.edu.br\/lai\/horario-de-disciplinas\/\" target=\"_blank\" rel=\"noopener\">Hor\u00e1rio de Disciplinas<\/a><\/h2>\n<h2><a href=\"https:\/\/wp.ufpel.edu.br\/lai\/2022\/09\/28\/ahp\/\">Acionamentos Hidraulicos e Pneum\u00e1ticos<\/a><\/h2>\n<p>A Disciplina de Acionamentos Hidr\u00e1ulicos e Pneum\u00e1ticos atende os cursos de <a href=\"\/\/wp.ufpel.edu.br\/producao\/\">Engenharia de Produ\u00e7\u00e3o<\/a> ,\u00a0<a href=\"https:\/\/wp.ufpel.edu.br\/ceca\/\">Engenharia de Controle e Automa\u00e7\u00e3o<\/a> e <a href=\"https:\/\/wp.ufpel.edu.br\/cea\/\">Engenharia Agr\u00edcola<\/a><\/p>\n<p style=\"text-align: justify;\">A disciplina de Acionamentos Hidr\u00e1ulicos e Pneum\u00e1ticos aborda os seguinte conte\u00fados: Introdu\u00e7\u00e3o \u00e0 Sistemas Hidr\u00e1ulicos e Pneum\u00e1ticos. Sistemas Hidr\u00e1ulicos: princ\u00edpios de funcionamento caracter\u00edsticas principais dos sistemas hidr\u00e1ulicos, circuitos hidr\u00e1ulicos, dimensionamento de componentes hidr\u00e1ulicos para especifica\u00e7\u00f5es, hidr\u00e1ulica proporcional e mobil.<br \/>\nSistemas Pneum\u00e1ticos: produ\u00e7\u00e3o prepara\u00e7\u00e3o distribui\u00e7\u00e3o de ar comprimido, componentes pneum\u00e1ticos b\u00e1sicos, circuitos pneum\u00e1ticos, sistemas eletropneum\u00e1ticos e m\u00e9todos de circuitos sequenciais<\/p>\n<p><img loading=\"lazy\" decoding=\"async\" class=\" wp-image-261 aligncenter\" src=\"https:\/\/wp.ufpel.edu.br\/lai\/files\/2023\/05\/IMG_1832-400x300.jpeg\" alt=\"\" width=\"605\" height=\"454\" srcset=\"https:\/\/wp.ufpel.edu.br\/lai\/files\/2023\/05\/IMG_1832-400x300.jpeg 400w, https:\/\/wp.ufpel.edu.br\/lai\/files\/2023\/05\/IMG_1832-1024x768.jpeg 1024w, https:\/\/wp.ufpel.edu.br\/lai\/files\/2023\/05\/IMG_1832-768x576.jpeg 768w, https:\/\/wp.ufpel.edu.br\/lai\/files\/2023\/05\/IMG_1832-1536x1152.jpeg 1536w, https:\/\/wp.ufpel.edu.br\/lai\/files\/2023\/05\/IMG_1832-2048x1536.jpeg 2048w\" sizes=\"auto, (max-width: 605px) 100vw, 605px\" \/><\/p>\n<h2><a href=\"https:\/\/wp.ufpel.edu.br\/lai\/2022\/09\/28\/controle\/\">Controle e Automa\u00e7\u00e3o Industrial<\/a><\/h2>\n<p style=\"text-align: justify;\">A Disciplina de Controle e Automa\u00e7\u00e3o Industrial atende os cursos de <a href=\"https:\/\/wp.ufpel.edu.br\/cea\/\">Engenharia Agr\u00edcola<\/a> e <a href=\"https:\/\/wp.ufpel.edu.br\/ceimad\/\">Engenharia Industrial Madeireira<\/a><\/p>\n<p style=\"text-align: justify;\">A disciplina de Controle e Automa\u00e7\u00e3o Industrial aborda os seguinte conte\u00fados: Gest\u00e3o da Automa\u00e7\u00e3o. Interface homem m\u00e1quina. Softwares aplicados \u00e0 Automa\u00e7\u00e3o e Controle. Sistemas pneum\u00e1ticos. Sistemas Eletropneum\u00e1ticos. Introdu\u00e7\u00e3o aos Transdutores. Introdu\u00e7\u00e3o aos Sistemas Integrados de Manufatura. Introdu\u00e7\u00e3o a Barramentos e Protocolo de comunica\u00e7\u00e3o. Introdu\u00e7\u00e3o aos sistemas de controle. Introdu\u00e7\u00e3o ao CLP e Microcontrolador. Introdu\u00e7\u00e3o \u00e0 Rob\u00f3tica.<\/p>\n<p style=\"text-align: justify;\"><img loading=\"lazy\" decoding=\"async\" class=\" wp-image-266 aligncenter\" src=\"https:\/\/wp.ufpel.edu.br\/lai\/files\/2023\/05\/WhatsApp-Image-2023-05-16-at-19.51.34-225x400.jpeg\" alt=\"\" width=\"303\" height=\"539\" srcset=\"https:\/\/wp.ufpel.edu.br\/lai\/files\/2023\/05\/WhatsApp-Image-2023-05-16-at-19.51.34-225x400.jpeg 225w, https:\/\/wp.ufpel.edu.br\/lai\/files\/2023\/05\/WhatsApp-Image-2023-05-16-at-19.51.34-576x1024.jpeg 576w, https:\/\/wp.ufpel.edu.br\/lai\/files\/2023\/05\/WhatsApp-Image-2023-05-16-at-19.51.34-768x1365.jpeg 768w, https:\/\/wp.ufpel.edu.br\/lai\/files\/2023\/05\/WhatsApp-Image-2023-05-16-at-19.51.34-864x1536.jpeg 864w, https:\/\/wp.ufpel.edu.br\/lai\/files\/2023\/05\/WhatsApp-Image-2023-05-16-at-19.51.34.jpeg 900w\" sizes=\"auto, (max-width: 303px) 100vw, 303px\" \/><\/p>\n","protected":false},"excerpt":{"rendered":"<p>Hor\u00e1rio de Disciplinas Acionamentos Hidraulicos e Pneum\u00e1ticos A Disciplina de Acionamentos Hidr\u00e1ulicos e Pneum\u00e1ticos atende os cursos de Engenharia de Produ\u00e7\u00e3o ,\u00a0Engenharia de Controle e Automa\u00e7\u00e3o e Engenharia Agr\u00edcola A disciplina de Acionamentos Hidr\u00e1ulicos e Pneum\u00e1ticos aborda os seguinte conte\u00fados: Introdu\u00e7\u00e3o \u00e0 Sistemas Hidr\u00e1ulicos e Pneum\u00e1ticos. Sistemas Hidr\u00e1ulicos: princ\u00edpios de funcionamento caracter\u00edsticas principais dos sistemas [&hellip;]<\/p>\n","protected":false},"author":1260,"featured_media":0,"parent":0,"menu_order":0,"comment_status":"closed","ping_status":"closed","template":"","meta":{"footnotes":""},"class_list":["post-185","page","type-page","status-publish","hentry"],"_links":{"self":[{"href":"https:\/\/wp.ufpel.edu.br\/lai\/wp-json\/wp\/v2\/pages\/185","targetHints":{"allow":["GET"]}}],"collection":[{"href":"https:\/\/wp.ufpel.edu.br\/lai\/wp-json\/wp\/v2\/pages"}],"about":[{"href":"https:\/\/wp.ufpel.edu.br\/lai\/wp-json\/wp\/v2\/types\/page"}],"author":[{"embeddable":true,"href":"https:\/\/wp.ufpel.edu.br\/lai\/wp-json\/wp\/v2\/users\/1260"}],"replies":[{"embeddable":true,"href":"https:\/\/wp.ufpel.edu.br\/lai\/wp-json\/wp\/v2\/comments?post=185"}],"version-history":[{"count":14,"href":"https:\/\/wp.ufpel.edu.br\/lai\/wp-json\/wp\/v2\/pages\/185\/revisions"}],"predecessor-version":[{"id":368,"href":"https:\/\/wp.ufpel.edu.br\/lai\/wp-json\/wp\/v2\/pages\/185\/revisions\/368"}],"wp:attachment":[{"href":"https:\/\/wp.ufpel.edu.br\/lai\/wp-json\/wp\/v2\/media?parent=185"}],"curies":[{"name":"wp","href":"https:\/\/api.w.org\/{rel}","templated":true}]}}