{"id":90,"date":"2013-05-14T21:57:36","date_gmt":"2013-05-14T21:57:36","guid":{"rendered":"https:\/\/wp.ufpel.edu.br\/lahbbio\/?page_id=90"},"modified":"2013-05-14T21:57:36","modified_gmt":"2013-05-14T21:57:36","slug":"fotos","status":"publish","type":"page","link":"https:\/\/wp.ufpel.edu.br\/lahbbio\/fotos\/","title":{"rendered":"Fotos"},"content":{"rendered":"<div style=\"width: 510px\" class=\"wp-caption aligncenter\"><img loading=\"lazy\" decoding=\"async\" src=\"https:\/\/fbcdn-sphotos-a-a.akamaihd.net\/hphotos-ak-snc7\/395042_346294275469767_91105236_n.jpg\" alt=\"\" width=\"500\" height=\"300\" \/><p class=\"wp-caption-text\">Alunos do LaHBBio e LaQuiABio no Congresso de Inicia\u00e7\u00e3o Cient\u00edfica &#8211; UFPel<\/p><\/div>\n<div style=\"width: 586px\" class=\"wp-caption alignnone\"><img loading=\"lazy\" decoding=\"async\" src=\"https:\/\/fbcdn-sphotos-b-a.akamaihd.net\/hphotos-ak-ash4\/309708_326311850803379_495133479_n.jpg\" alt=\"\" width=\"576\" height=\"432\" \/><p class=\"wp-caption-text\">Alunos dos Laborat\u00f3rios de Qu\u00edmica Org\u00e2nica do CCQFA &#8211; Centro de Ci\u00eancias Qu\u00edmicas, Farmac\u00eauticas e de Alimentos<\/p><\/div>\n","protected":false},"excerpt":{"rendered":"","protected":false},"author":131,"featured_media":0,"parent":0,"menu_order":0,"comment_status":"closed","ping_status":"open","template":"","meta":{"footnotes":""},"class_list":["post-90","page","type-page","status-publish","hentry"],"_links":{"self":[{"href":"https:\/\/wp.ufpel.edu.br\/lahbbio\/wp-json\/wp\/v2\/pages\/90","targetHints":{"allow":["GET"]}}],"collection":[{"href":"https:\/\/wp.ufpel.edu.br\/lahbbio\/wp-json\/wp\/v2\/pages"}],"about":[{"href":"https:\/\/wp.ufpel.edu.br\/lahbbio\/wp-json\/wp\/v2\/types\/page"}],"author":[{"embeddable":true,"href":"https:\/\/wp.ufpel.edu.br\/lahbbio\/wp-json\/wp\/v2\/users\/131"}],"replies":[{"embeddable":true,"href":"https:\/\/wp.ufpel.edu.br\/lahbbio\/wp-json\/wp\/v2\/comments?post=90"}],"version-history":[{"count":4,"href":"https:\/\/wp.ufpel.edu.br\/lahbbio\/wp-json\/wp\/v2\/pages\/90\/revisions"}],"predecessor-version":[{"id":119,"href":"https:\/\/wp.ufpel.edu.br\/lahbbio\/wp-json\/wp\/v2\/pages\/90\/revisions\/119"}],"wp:attachment":[{"href":"https:\/\/wp.ufpel.edu.br\/lahbbio\/wp-json\/wp\/v2\/media?parent=90"}],"curies":[{"name":"wp","href":"https:\/\/api.w.org\/{rel}","templated":true}]}}