{"id":2,"date":"2011-09-02T13:48:38","date_gmt":"2011-09-02T13:48:38","guid":{"rendered":"https:\/\/wp.ufpel.edu.br\/lahbbio\/?page_id=2"},"modified":"2013-05-14T19:25:56","modified_gmt":"2013-05-14T19:25:56","slug":"equipe","status":"publish","type":"page","link":"https:\/\/wp.ufpel.edu.br\/lahbbio\/equipe\/","title":{"rendered":"Equipe"},"content":{"rendered":"<ul>\n<li><a title=\"Laborat\u00f3rio de Heterociclos Bioativos e Bioprospec\u00e7\u00e3o - Orientadores\" href=\"https:\/\/wp.ufpel.edu.br\/lahbbio\/equipe\/orientadores\/\"><strong>Orientadores<\/strong><\/a><\/li>\n<\/ul>\n<ul>\n<li><a title=\"Laborat\u00f3rio de Heterociclos Bioativos e Bioprospec\u00e7\u00e3o - Alunos (Mestrado)\" href=\"https:\/\/wp.ufpel.edu.br\/lahbbio\/equipe\/alunos-mestrado\/\"><strong>Alunos (Mestrado)<\/strong><\/a><\/li>\n<\/ul>\n<ul>\n<li><a title=\"Laborat\u00f3rio de Heterociclos Bioativos e Bioprospec\u00e7\u00e3o - Alunos (Inicia\u00e7\u00e3o Cient\u00edfica)\" href=\"https:\/\/wp.ufpel.edu.br\/lahbbio\/equipe\/alunos-iniciacao-cientifica\/\"><strong>Alunos (Inicia\u00e7\u00e3o Cient\u00edfica)<\/strong><\/a><\/li>\n<\/ul>\n","protected":false},"excerpt":{"rendered":"<p>Orientadores Alunos (Mestrado) Alunos (Inicia\u00e7\u00e3o Cient\u00edfica)<\/p>\n","protected":false},"author":131,"featured_media":0,"parent":0,"menu_order":0,"comment_status":"closed","ping_status":"closed","template":"","meta":{"footnotes":""},"class_list":["post-2","page","type-page","status-publish","hentry"],"_links":{"self":[{"href":"https:\/\/wp.ufpel.edu.br\/lahbbio\/wp-json\/wp\/v2\/pages\/2","targetHints":{"allow":["GET"]}}],"collection":[{"href":"https:\/\/wp.ufpel.edu.br\/lahbbio\/wp-json\/wp\/v2\/pages"}],"about":[{"href":"https:\/\/wp.ufpel.edu.br\/lahbbio\/wp-json\/wp\/v2\/types\/page"}],"author":[{"embeddable":true,"href":"https:\/\/wp.ufpel.edu.br\/lahbbio\/wp-json\/wp\/v2\/users\/131"}],"replies":[{"embeddable":true,"href":"https:\/\/wp.ufpel.edu.br\/lahbbio\/wp-json\/wp\/v2\/comments?post=2"}],"version-history":[{"count":16,"href":"https:\/\/wp.ufpel.edu.br\/lahbbio\/wp-json\/wp\/v2\/pages\/2\/revisions"}],"predecessor-version":[{"id":31,"href":"https:\/\/wp.ufpel.edu.br\/lahbbio\/wp-json\/wp\/v2\/pages\/2\/revisions\/31"}],"wp:attachment":[{"href":"https:\/\/wp.ufpel.edu.br\/lahbbio\/wp-json\/wp\/v2\/media?parent=2"}],"curies":[{"name":"wp","href":"https:\/\/api.w.org\/{rel}","templated":true}]}}