{"id":108,"date":"2013-05-14T19:21:10","date_gmt":"2013-05-14T19:21:10","guid":{"rendered":"https:\/\/wp.ufpel.edu.br\/lahbbio\/?page_id=108"},"modified":"2013-05-14T19:21:10","modified_gmt":"2013-05-14T19:21:10","slug":"alunos-iniciacao-cientifica","status":"publish","type":"page","link":"https:\/\/wp.ufpel.edu.br\/lahbbio\/equipe\/alunos-iniciacao-cientifica\/","title":{"rendered":"Alunos (Inicia\u00e7\u00e3o Cient\u00edfica)"},"content":{"rendered":"<p>Bruno Vargas Muchale<\/p>\n<p>Caroline Carapina<\/p>\n<p>Chayane Porto Flores<\/p>\n<p>Cristiano Vozer da Paula<\/p>\n<p>J\u00e9ssica Possignollo<\/p>\n<p>Manuela Longo Gomes<\/p>\n<p>Silvana Alves Rosa<\/p>\n<p>Thiely Fernandes Jacobsen<\/p>\n<p>Vanderleia Sinhor<\/p>\n","protected":false},"excerpt":{"rendered":"<p>Bruno Vargas Muchale Caroline Carapina Chayane Porto Flores Cristiano Vozer da Paula J\u00e9ssica Possignollo Manuela Longo Gomes Silvana Alves Rosa Thiely Fernandes Jacobsen Vanderleia Sinhor<\/p>\n","protected":false},"author":131,"featured_media":0,"parent":2,"menu_order":3,"comment_status":"closed","ping_status":"open","template":"","meta":{"footnotes":""},"class_list":["post-108","page","type-page","status-publish","hentry"],"_links":{"self":[{"href":"https:\/\/wp.ufpel.edu.br\/lahbbio\/wp-json\/wp\/v2\/pages\/108","targetHints":{"allow":["GET"]}}],"collection":[{"href":"https:\/\/wp.ufpel.edu.br\/lahbbio\/wp-json\/wp\/v2\/pages"}],"about":[{"href":"https:\/\/wp.ufpel.edu.br\/lahbbio\/wp-json\/wp\/v2\/types\/page"}],"author":[{"embeddable":true,"href":"https:\/\/wp.ufpel.edu.br\/lahbbio\/wp-json\/wp\/v2\/users\/131"}],"replies":[{"embeddable":true,"href":"https:\/\/wp.ufpel.edu.br\/lahbbio\/wp-json\/wp\/v2\/comments?post=108"}],"version-history":[{"count":1,"href":"https:\/\/wp.ufpel.edu.br\/lahbbio\/wp-json\/wp\/v2\/pages\/108\/revisions"}],"predecessor-version":[{"id":109,"href":"https:\/\/wp.ufpel.edu.br\/lahbbio\/wp-json\/wp\/v2\/pages\/108\/revisions\/109"}],"up":[{"embeddable":true,"href":"https:\/\/wp.ufpel.edu.br\/lahbbio\/wp-json\/wp\/v2\/pages\/2"}],"wp:attachment":[{"href":"https:\/\/wp.ufpel.edu.br\/lahbbio\/wp-json\/wp\/v2\/media?parent=108"}],"curies":[{"name":"wp","href":"https:\/\/api.w.org\/{rel}","templated":true}]}}