{"id":104,"date":"2013-05-14T19:19:01","date_gmt":"2013-05-14T19:19:01","guid":{"rendered":"https:\/\/wp.ufpel.edu.br\/lahbbio\/?page_id=104"},"modified":"2013-05-15T15:49:01","modified_gmt":"2013-05-15T15:49:01","slug":"alunos-mestrado","status":"publish","type":"page","link":"https:\/\/wp.ufpel.edu.br\/lahbbio\/equipe\/alunos-mestrado\/","title":{"rendered":"Alunos (Mestrado)"},"content":{"rendered":"<p><a href=\"https:\/\/wp.ufpel.edu.br\/lahbbio\/files\/2013\/05\/Imagem-90.jpg\"><img loading=\"lazy\" decoding=\"async\" class=\"alignleft size-full wp-image-131\" src=\"https:\/\/wp.ufpel.edu.br\/lahbbio\/files\/2013\/05\/Imagem-90-e1368632417268.jpg\" alt=\"\" width=\"118\" height=\"184\" \/><\/a><\/p>\n<p style=\"text-align: center\"><a title=\"Bruna Silveira Pacheco\" href=\"http:\/\/buscatextual.cnpq.br\/buscatextual\/visualizacv.do?id=K4486222E5\" target=\"_blank\">Bruna Silveira Pacheco <\/a>&#8211;\u00a0Programa de P\u00f3s Gradua\u00e7\u00e3o em Bioquimica e Bioprospec\u00e7\u00e3o<\/p>\n<p>&nbsp;<\/p>\n<p>&nbsp;<\/p>\n<p>&nbsp;<\/p>\n<p><a href=\"https:\/\/wp.ufpel.edu.br\/lahbbio\/files\/2013\/05\/QUI-07672.jpg\"><img loading=\"lazy\" decoding=\"async\" class=\"alignleft size-full wp-image-136\" src=\"https:\/\/wp.ufpel.edu.br\/lahbbio\/files\/2013\/05\/QUI-07672-e1368632815444.jpg\" alt=\"\" width=\"118\" height=\"177\" \/><\/a><\/p>\n<p><a title=\"Camila Francine Paes Nunes\" href=\"http:\/\/buscatextual.cnpq.br\/buscatextual\/visualizacv.do?id=K4488731J0\" target=\"_blank\">Camila Francine Paes Nunes<\/a> &#8211;\u00a0Programa de P\u00f3s Gradua\u00e7\u00e3o em Bioquimica e Bioprospec\u00e7\u00e3o<\/p>\n<p>&nbsp;<\/p>\n<p>&nbsp;<\/p>\n<p><a title=\"Carolina Elicker\" href=\"http:\/\/buscatextual.cnpq.br\/buscatextual\/visualizacv.do?id=K4458626A3\" target=\"_blank\">Carolina Elicker<\/a> &#8211;\u00a0Programa de P\u00f3s Gradua\u00e7\u00e3o em Engenharia e Ci\u00eancias de Materias<\/p>\n<p><a href=\"https:\/\/wp.ufpel.edu.br\/lahbbio\/files\/2013\/05\/Sem-t\u00edtulo.png\"><img loading=\"lazy\" decoding=\"async\" class=\"alignleft size-full wp-image-122\" src=\"https:\/\/wp.ufpel.edu.br\/lahbbio\/files\/2013\/05\/Sem-t\u00edtulo.png\" alt=\"\" width=\"118\" height=\"152\" \/><\/a><\/p>\n<p>&nbsp;<\/p>\n<p><a title=\"Caroline Tuchtenhagen Rockembach\" href=\"http:\/\/buscatextual.cnpq.br\/buscatextual\/visualizacv.do?id=K4279449A4\" target=\"_blank\">Caroline Tuchtenhagen Rockembach<\/a> &#8211;\u00a0Programa de P\u00f3s Gradua\u00e7\u00e3o em Bioquimica e Bioprospec\u00e7\u00e3o<\/p>\n<p>&nbsp;<\/p>\n<p><a title=\"Marco Aur\u00e9lio Z. dos Santos\" href=\"http:\/\/buscatextual.cnpq.br\/buscatextual\/visualizacv.do?id=K4701218U4\" target=\"_blank\">Marco Aur\u00e9lio Z. dos Santos<\/a> \u2013 Programa de P\u00f3s Gradua\u00e7\u00e3o em Bioquimica e Bioprospec\u00e7\u00e3o<\/p>\n<p><a href=\"https:\/\/wp.ufpel.edu.br\/lahbbio\/files\/2013\/05\/pkg_util_img3.jpg\"><img loading=\"lazy\" decoding=\"async\" class=\"alignleft size-full wp-image-129\" src=\"https:\/\/wp.ufpel.edu.br\/lahbbio\/files\/2013\/05\/pkg_util_img3-e1368571681259.jpg\" alt=\"\" width=\"118\" height=\"163\" \/><\/a><\/p>\n<p>&nbsp;<\/p>\n<p><a title=\"Marina Ritter\" href=\"http:\/\/buscatextual.cnpq.br\/buscatextual\/visualizacv.do?id=K4430315P9\" target=\"_blank\">Marina Ritter<\/a> \u2013 Programa de P\u00f3s Gradua\u00e7\u00e3o em Bioquimica e Bioprospec\u00e7\u00e3o<\/p>\n<p>&nbsp;<\/p>\n<p>&nbsp;<\/p>\n<p>&nbsp;<\/p>\n<p><a title=\"Priscila Oliveira de Souza\" href=\"http:\/\/buscatextual.cnpq.br\/buscatextual\/visualizacv.do?id=K4211501Z1\" target=\"_blank\">Priscila Oliveira de Souza<\/a> \u2013 Programa de P\u00f3s Gradua\u00e7\u00e3o em Bioquimica e Bioprospec\u00e7\u00e3o<\/p>\n","protected":false},"excerpt":{"rendered":"<p>Bruna Silveira Pacheco &#8211;\u00a0Programa de P\u00f3s Gradua\u00e7\u00e3o em Bioquimica e Bioprospec\u00e7\u00e3o &nbsp; &nbsp; &nbsp; Camila Francine Paes Nunes &#8211;\u00a0Programa de P\u00f3s Gradua\u00e7\u00e3o em Bioquimica e Bioprospec\u00e7\u00e3o &nbsp; &nbsp; Carolina Elicker &#8211;\u00a0Programa de P\u00f3s Gradua\u00e7\u00e3o em Engenharia e Ci\u00eancias de Materias &hellip; <a href=\"https:\/\/wp.ufpel.edu.br\/lahbbio\/equipe\/alunos-mestrado\/\">Continue lendo <span class=\"meta-nav\">&rarr;<\/span><\/a><\/p>\n","protected":false},"author":131,"featured_media":0,"parent":2,"menu_order":2,"comment_status":"closed","ping_status":"open","template":"","meta":{"footnotes":""},"class_list":["post-104","page","type-page","status-publish","hentry"],"_links":{"self":[{"href":"https:\/\/wp.ufpel.edu.br\/lahbbio\/wp-json\/wp\/v2\/pages\/104","targetHints":{"allow":["GET"]}}],"collection":[{"href":"https:\/\/wp.ufpel.edu.br\/lahbbio\/wp-json\/wp\/v2\/pages"}],"about":[{"href":"https:\/\/wp.ufpel.edu.br\/lahbbio\/wp-json\/wp\/v2\/types\/page"}],"author":[{"embeddable":true,"href":"https:\/\/wp.ufpel.edu.br\/lahbbio\/wp-json\/wp\/v2\/users\/131"}],"replies":[{"embeddable":true,"href":"https:\/\/wp.ufpel.edu.br\/lahbbio\/wp-json\/wp\/v2\/comments?post=104"}],"version-history":[{"count":22,"href":"https:\/\/wp.ufpel.edu.br\/lahbbio\/wp-json\/wp\/v2\/pages\/104\/revisions"}],"predecessor-version":[{"id":141,"href":"https:\/\/wp.ufpel.edu.br\/lahbbio\/wp-json\/wp\/v2\/pages\/104\/revisions\/141"}],"up":[{"embeddable":true,"href":"https:\/\/wp.ufpel.edu.br\/lahbbio\/wp-json\/wp\/v2\/pages\/2"}],"wp:attachment":[{"href":"https:\/\/wp.ufpel.edu.br\/lahbbio\/wp-json\/wp\/v2\/media?parent=104"}],"curies":[{"name":"wp","href":"https:\/\/api.w.org\/{rel}","templated":true}]}}