{"id":64,"date":"2026-04-09T19:15:02","date_gmt":"2026-04-09T22:15:02","guid":{"rendered":"https:\/\/wp.ufpel.edu.br\/lafiufpel\/?page_id=64"},"modified":"2026-04-09T19:15:20","modified_gmt":"2026-04-09T22:15:20","slug":"mais-uma-previsao-acertada-antecipamos-a-alta-das-acoes-da-weg-s-a-on-n1-wege3","status":"publish","type":"page","link":"https:\/\/wp.ufpel.edu.br\/lafiufpel\/mais-uma-previsao-acertada-antecipamos-a-alta-das-acoes-da-weg-s-a-on-n1-wege3\/","title":{"rendered":"Mais uma previs\u00e3o acertada: antecipamos a alta das a\u00e7\u00f5es da WEG S.A. ON N1 (WEGE3)"},"content":{"rendered":"<p class=\"post-title entry-title\"><span style=\"text-align: justify; color: var(--cor-texto); font-family: var(--fonte-corpo); font-size: 16px;\">\u00a0 \u00a0Caro leitor, \u00e9 com orgulho que informamos que o LAFI\/UFPEL acertou novamente uma previs\u00e3o feita com bastante anteced\u00eancia. <\/span><span style=\"color: var(--cor-texto); font-family: var(--fonte-corpo);\">\u00a0 No dia 12 de agosto do ano passado (h\u00e1 quase 8 meses atr\u00e1s, portanto), publicamos que a a\u00e7\u00e3o ordin\u00e1ria da WEG (WEGE3) poderia subir 27,41% (conforme o LAFI model, que ent\u00e3o se chamava modelo de Passos, pois o LAFI ainda n\u00e3o tinha sido criado).\u00a0<\/span><\/p>\n<div id=\"post-body-6191852711696804085\" class=\"post-body entry-content\">\n<p>\u00a0 Isto est\u00e1 nos dois gr\u00e1ficos de barras que republicamos no final deste artigo (junto com a \u00edntegra do texto,\u00a0<a href=\"https:\/\/lafiufpel.blogspot.com\/2025\/08\/rrelatorio-de-valuation-da-weg-on-n1.html\">que pode ser acessado aqui<\/a>). Neles, o leitor pode ver que os outros cinco modelos tamb\u00e9m apontavam estimativas id\u00eanticas, considerando a margem de erro.<\/p>\n<p>Assim, n\u00f3s dissemos naquela data que a a\u00e7\u00e3o poderia subir de R$ 36,61 (que foi o pre\u00e7o de fechamento da a\u00e7\u00e3o em 12\/08\/2025) para um intervalo com valor m\u00ednimo de R$ 46,61 (c\u00e1lculo do modelo de Damodaran) e m\u00e1ximo de R$ 46,70 (conforme os modelos de Miles &amp; Ezzell e Harris, Pringle &amp; Ruback). Resumindo: previmos que quem comprasse a a\u00e7\u00e3o lucraria cerca de R$ 10,00 por a\u00e7\u00e3o.<\/p>\n<p>Dito e feito: ela subiu e fechou em R$ 46,35 no dia 20 de janeiro de 2026 (gr\u00e1fico de linha abaixo).<\/p>\n<\/div>\n<p>&nbsp;<\/p>\n<p><img src=\"https:\/\/blogger.googleusercontent.com\/img\/a\/AVvXsEhE7OGvPpgCVr8L_cbu8KfxLKJOiu5v8rHbhF0bS69-6g0Sey0EZ_dx-54C4VEFf96jrD4F0xmvYnt7e9Q0M9YI-c1auXhhDP4Oz4b_QKMbonAIXqNPRGqBk0RFF9DyOxZ6BsX7SIQ47MmiWHrmTgioOondHtMPEtjpcj8UCi5LSCtsrb8NlBh0pzVy\" \/><\/p>\n<p>E ela subiu mais depois disso, mas voltou a cair e atingir R$ 46,80 no dia 11 de mar\u00e7o de 2026 (gr\u00e1fico de linha seguinte):<\/p>\n<p><img class=\"aligncenter\" src=\"https:\/\/blogger.googleusercontent.com\/img\/a\/AVvXsEiQoNMxU08DVto1UP5sty-zymvkib3WfYYhj4_ism6oPR5AfSx5w5Xtaiqgt6yAGVx5P2pqKqPqmBSs8xvLTEadBJw2pFrztnhomJmFSbGfCJckgX8qHspZvUyifzApKDiNa-AFBfAGgupMNvz4xhHSwwx1HGH98GCqiA7HpDgS_RLHHdtdp-PqSNhO\" width=\"843\" height=\"418\" \/><\/p>\n<p>&nbsp;<\/p>\n<p>Republicamos agora a \u00edntegra do texto de 12 de agosto do ano passado. Nele est\u00e3o tamb\u00e9m os dois gr\u00e1ficos de barras com as estimativas de valuation. N\u00f3s mantivemos os negritos do texto original.<\/p>\n<p><i>&#8220;Os pre\u00e7os-alvos da a\u00e7\u00e3o WEGE3, conforme as estimativas dos modelos citados, foram os que est\u00e3o no gr\u00e1fico a seguir. A partir dele, temos que os valores mais conservadores foram o do modelo de Damodaran (R$ 46,61) e o do modelo de Passos (R$ 46,64).\u00a0<\/i><\/p>\n<p><i>Estas estimativas podem ser traduzidas como sendo\u00a0<b>um lucro potencial (u<\/b><b>pside<\/b><b>) de R$ 10,00 por a\u00e7\u00e3o, pelo modelo de Damodaran e de R$ 10,03 pelo modelo de Passos<\/b>. Todavia, em termos pr\u00e1ticos, estes valores s\u00e3o\u00a0<b>estatisticamente iguais<\/b>, pois h\u00e1 uma\u00a0 margem de erro de 2 pontos porcentuais para cima ou para baixo.\u00a0<\/i><\/p>\n<p>&nbsp;<\/p>\n<p><img class=\"aligncenter\" src=\"https:\/\/blogger.googleusercontent.com\/img\/a\/AVvXsEiHUIMTVGF45i3kPo8-QtClNAVeYLYbZpaO0JrkOPn8AfPDizhYWDdopAnkaVG2mygwQMvBB6YFxPAVGSaFR09qxEB6HfPrXxktYOU_sMbsCy6BqyUH7GgljG2hLfUEkIl7v7Cv52BsKu4QKyfHPUAHho85zUMHC563XBGxbJQmkPKDQINK0VpMRPNZ\" width=\"578\" height=\"504\" \/><\/p>\n<p>&nbsp;<\/p>\n<p><i>\u00a0 Estes pre\u00e7os-alvos equivalem, de acordo com o segundo gr\u00e1fico, <b>a um\u00a0upside\u00a0(potencial de alta) de 27,33%, de acordo com o modelo de Damodaran, e de 27,41%, pelo modelo de Passos<\/b>. Os demais modelos foram um pouco mais otimistas, mas tamb\u00e9m geraram estimativas id\u00eanticas, considerando a margem de erro.\u00a0<\/i><\/p>\n<p>&nbsp;<\/p>\n<p><img class=\"aligncenter\" src=\"https:\/\/blogger.googleusercontent.com\/img\/a\/AVvXsEhwY3sUIt3Jix4tHiB8MqY11tnUw4PnvxF7Hm3OrUlq00-aPUskwmnUL7CYUd-HBgbNR6Ztnro2zgR8vOyWviStJk68p26gjUVd33JUqE4oZztf3UE7rxLCEAC5YNhaxIoJW4wX53s5WPdU1tRPQAvhELupBhvVBOq1Yov8gv-gsED-PtpqdkOj5pld=w474-h388\" width=\"622\" height=\"506\" \/><\/p>\n<p>&nbsp;<\/p>\n<p><i>Finalmente, conv\u00e9m ressaltar que\u00a0<b>as a\u00e7\u00f5es da WEG sofreram quedas recentes em raz\u00e3o das incertezas geradas pelos an\u00fancios de tarifas impostas ao Brasil por Donald Trump<\/b>. E que a cota\u00e7\u00e3o m\u00e1xima de WEGE3, nas \u00faltimas 52 semanas, foi R$ 57,65, um n\u00edvel acima, portanto, das estimativas geradas por estes modelos de valuation.\u00a0<\/i><\/p>\n<p><i>Isto refor\u00e7a, de certa maneira, que este ativo se encontra em baixa\u00a0<b>e, em raz\u00e3o de seus fundamentos, \u00e9 poss\u00edvel esperar uma alta futura<\/b>.&#8221;<\/i><\/p>\n<p>Ressaltamos, contudo, que <strong>n\u00e3o fazemos recomenda\u00e7\u00f5es de investimentos<\/strong>. Apenas divulgamos os resultados de nossas pesquisas de avalia\u00e7\u00e3o (valuation), por machine learning, das a\u00e7\u00f5es das 10 maiores empresas da B3. <strong>N\u00e3o temos v\u00ednculo com nenhuma institui\u00e7\u00e3o financeira ou empresa. Nosso foco \u00e9 promover a pesquisa independente e puramente acad\u00eamica em finan\u00e7as computacionais\/quantitativas<\/strong>.<\/p>\n<div class=\"separator\">\u00a0 \u00a0Nosso grupo \u00e9 formado pelos seguintes pesquisadores:<\/div>\n<div class=\"separator\">\n<ul>\n<li><strong>Clarissa de Souza<\/strong> \u2013 departamento financeiro da Safras &amp; Cifras e acad\u00eamica do Curso de Ci\u00eancias Econ\u00f4micas da UFPEL.<\/li>\n<li><strong>Prof\u00aa Dra. Daniela Miguel Coelho<\/strong> \u2013 Professora e pesquisadora do Departamento de Economia e do Programa de P\u00f3s-Gradua\u00e7\u00e3o em Organiza\u00e7\u00f5es e Mercados da Universidade Federal de Pelotas (DECON\/PPGOM\/UFPEL). Doutora em Ci\u00eancias Cont\u00e1beis pela Unisinos.<\/li>\n<li><strong>Fl\u00e1vio de Vasconcellos Corr\u00eaa<\/strong> \u2013 economista e engenheiro da UFPEL. Mestrando em Economia Aplicada no PPGOM\/UFPEL.<\/li>\n<li><strong>Isabelle Braum de Mello<\/strong> \u2013 acad\u00eamica do Curso de Ci\u00eancias Econ\u00f4micas da UFPEL.<\/li>\n<li><strong>Prof. Dr. Marcelo de Oliveira Passos<\/strong> \u2013 Coordenador do LAFI. Professor e pesquisador do DECON\/PPGOM\/UFPEL. Doutor em Desenvolvimento Econ\u00f4mico pela UFPR. Est\u00e1gio p\u00f3s-doutoral em Economia Computacional no Research Unit on Complexity and Economics do ISEG\/Universidade de Lisboa.<\/li>\n<\/ul>\n<\/div>\n","protected":false},"excerpt":{"rendered":"<p>\u00a0 \u00a0Caro leitor, \u00e9 com orgulho que informamos que o LAFI\/UFPEL acertou novamente uma previs\u00e3o feita com bastante anteced\u00eancia. \u00a0 No dia 12 de agosto do ano passado (h\u00e1 quase 8 meses atr\u00e1s, portanto), publicamos que a a\u00e7\u00e3o ordin\u00e1ria da WEG (WEGE3) poderia subir 27,41% (conforme o LAFI model, que ent\u00e3o se chamava modelo de [&hellip;]<\/p>\n","protected":false},"author":1546,"featured_media":0,"parent":0,"menu_order":0,"comment_status":"closed","ping_status":"closed","template":"","meta":{"footnotes":""},"class_list":["post-64","page","type-page","status-publish","hentry"],"_links":{"self":[{"href":"https:\/\/wp.ufpel.edu.br\/lafiufpel\/wp-json\/wp\/v2\/pages\/64","targetHints":{"allow":["GET"]}}],"collection":[{"href":"https:\/\/wp.ufpel.edu.br\/lafiufpel\/wp-json\/wp\/v2\/pages"}],"about":[{"href":"https:\/\/wp.ufpel.edu.br\/lafiufpel\/wp-json\/wp\/v2\/types\/page"}],"author":[{"embeddable":true,"href":"https:\/\/wp.ufpel.edu.br\/lafiufpel\/wp-json\/wp\/v2\/users\/1546"}],"replies":[{"embeddable":true,"href":"https:\/\/wp.ufpel.edu.br\/lafiufpel\/wp-json\/wp\/v2\/comments?post=64"}],"version-history":[{"count":1,"href":"https:\/\/wp.ufpel.edu.br\/lafiufpel\/wp-json\/wp\/v2\/pages\/64\/revisions"}],"predecessor-version":[{"id":66,"href":"https:\/\/wp.ufpel.edu.br\/lafiufpel\/wp-json\/wp\/v2\/pages\/64\/revisions\/66"}],"wp:attachment":[{"href":"https:\/\/wp.ufpel.edu.br\/lafiufpel\/wp-json\/wp\/v2\/media?parent=64"}],"curies":[{"name":"wp","href":"https:\/\/api.w.org\/{rel}","templated":true}]}}