{"id":58,"date":"2026-03-25T03:10:05","date_gmt":"2026-03-25T06:10:05","guid":{"rendered":"https:\/\/wp.ufpel.edu.br\/lafiufpel\/?page_id=58"},"modified":"2026-03-26T02:17:25","modified_gmt":"2026-03-26T05:17:25","slug":"o-lafi-acertou-novamente-previmos-o-quanto-a-acao-itub3-iria-cair","status":"publish","type":"page","link":"https:\/\/wp.ufpel.edu.br\/lafiufpel\/o-lafi-acertou-novamente-previmos-o-quanto-a-acao-itub3-iria-cair\/","title":{"rendered":"O LAFI ACERTOU NOVAMENTE: PREVIMOS O QUANTO A A\u00c7\u00c3O ITUB3 IRIA CAIR."},"content":{"rendered":"<p>Novamente acertamos uma previs\u00e3o sobre uma das a\u00e7\u00f5es mais importantes da B3: a do Ita\u00fa Unibanco ON N1 (ITUB3).<\/p>\n<p>Quem realmente conhece modelos quantitativos de valuation de a\u00e7\u00f5es, sabe o quanto \u00e9 dif\u00edcil avaliar a\u00e7\u00f5es de bancos e seguradoras. \u00c9 o que dizem Koller, Goedhart e Wessels (2022), neste livro patrocinado pela Mckinsey, uma das principais consultorias financeiras do mundo, da qual Koller \u00e9 s\u00f3cio.<\/p>\n<p>A equipe do LAFI (Laborat\u00f3rio de Finan\u00e7as da UFPEL) rodou estimativas de valuation em cinco dos mais conhecidos modelos da literatura (ver gr\u00e1fico ). Tamb\u00e9m rodamos no nosso modelo de valuation por machine learning: o LAFI Model.<\/p>\n<p>Resultado: quantificamos com mais de 2 meses de anteced\u00eancia a queda desta a\u00e7\u00e3o. Provamos que n\u00e3o somente somos capazes de predizer quantitativamente a alta de uma a\u00e7\u00e3o (upside), mas tamb\u00e9m sabemos medir seu potencial de queda (downside).<\/p>\n<p>A an\u00e1lise foi postada <a href=\"https:\/\/lafiufpel.blogspot.com\/2026\/02\/relatorio-de-valuation-da-itub3-itau.html\">no blog\u00a0<\/a> e tamb\u00e9m <a href=\"https:\/\/wp.ufpel.edu.br\/lafiufpel\/wp-admin\/post.php?post=3&amp;action=edit\">aqui no site<\/a> em 12\/02\/2026. Ou seja, h\u00e1 2 meses e 13 dias atr\u00e1s. <strong>Republicamos aqui o gr\u00e1fico daquela postagem de 12 de fevereiro<\/strong> com as estimativas de valuation.<\/p>\n<p><img class=\"size-medium wp-image-60 aligncenter\" src=\"https:\/\/wp.ufpel.edu.br\/lafiufpel\/files\/2026\/03\/ITUB3-400x287.png\" alt=\"\" width=\"400\" height=\"287\" srcset=\"https:\/\/wp.ufpel.edu.br\/lafiufpel\/files\/2026\/03\/ITUB3-400x287.png 400w, https:\/\/wp.ufpel.edu.br\/lafiufpel\/files\/2026\/03\/ITUB3-768x551.png 768w, https:\/\/wp.ufpel.edu.br\/lafiufpel\/files\/2026\/03\/ITUB3.png 817w\" sizes=\"(max-width: 400px) 100vw, 400px\" \/><\/p>\n<p>Todos os modelos anteciparam um pre\u00e7o-alvo de cerca de R$ 38,00. O LAFI Model apontou uma estimativa de R$ 43,31. <strong>Portanto, predizemos que ITUB3 cairia entre o limite m\u00ednimo de R$ 38,00 e o m\u00e1ximo R$ 43,31. Quando rodamos os modelos a a\u00e7\u00e3o estava em R$ 45,60, conforme gr\u00e1fico tamb\u00e9m evidencia<\/strong>.<\/p>\n<p>O valor previsto pelo LAFI Model foi atingido no dia 23 de fevereiro, isto \u00e9, <strong>apenas 11 dias ap\u00f3s publicarmos nossa an\u00e1lise<\/strong>.\u00a0\u00a0Mas, tal como os outros modelos descritos no gr\u00e1fico apontaram, ITUB3 continuou a cair e fechou em R$ 40,49 no dia 18 de mar\u00e7o de 2026. <strong>Assim, acertamos este valor considerando tanto a margem de erro (R$ 1,92 para cima ou para baixo), como o intervalo de previs\u00e3o (pre\u00e7o-alvo entre R$ 38,00 e R$ 43,31)<\/strong>.<\/p>\n<p>Ressaltamos que <strong>nosso foco n\u00e3o \u00e9 recomendar investimentos<\/strong>. Apenas divulgamos resultados de nossas pesquisas. Elas s\u00e3o feitas com extremo rigor e sem conflito de interesses (nosso foco \u00e9 puramente acad\u00eamico).<\/p>\n<p>O LAFI \u00e9 formado pelos seguintes pesquisadores:<\/p>\n<p>Clarissa de Souza \u2013 departamento financeiro da Safras &amp; Cifras e acad\u00eamica do Curso de Ci\u00eancias Econ\u00f4micas da UFPEL.<\/p>\n<p>Prof\u00aa Dra. Daniela Miguel Coelho \u2013 Professora e pesquisadora do Departamento de Economia e do Programa de P\u00f3s-Gradua\u00e7\u00e3o em Organiza\u00e7\u00f5es e Mercados da Universidade Federal de Pelotas (DECON\/PPGOM\/UFPEL). Doutora em Ci\u00eancias Cont\u00e1beis pela Unisinos.<\/p>\n<p>Fl\u00e1vio de Vasconcellos Corr\u00eaa \u2013 economista e engenheiro da UFPEL. Mestrando em Economia Aplicada no PPGOM\/UFPEL.<\/p>\n<p>Isabelle Braum de Mello \u2013 discente do Curso de Ci\u00eancias Econ\u00f4micas da UFPEL.<\/p>\n<p>Prof. Dr. Marcelo de Oliveira Passos \u2013 Coordenador do LAFI. Professor e pesquisador do DECON\/PPGOM\/UFPEL. Doutor em Desenvolvimento Econ\u00f4mico pela UFPR. Est\u00e1gio p\u00f3s-doutoral em Economia Computacional no Research Unit on Complexity and Economics da Universidade de Lisboa.<\/p>\n","protected":false},"excerpt":{"rendered":"<p>Novamente acertamos uma previs\u00e3o sobre uma das a\u00e7\u00f5es mais importantes da B3: a do Ita\u00fa Unibanco ON N1 (ITUB3). Quem realmente conhece modelos quantitativos de valuation de a\u00e7\u00f5es, sabe o quanto \u00e9 dif\u00edcil avaliar a\u00e7\u00f5es de bancos e seguradoras. \u00c9 o que dizem Koller, Goedhart e Wessels (2022), neste livro patrocinado pela Mckinsey, uma das [&hellip;]<\/p>\n","protected":false},"author":1546,"featured_media":0,"parent":0,"menu_order":0,"comment_status":"closed","ping_status":"closed","template":"","meta":{"footnotes":""},"class_list":["post-58","page","type-page","status-publish","hentry"],"_links":{"self":[{"href":"https:\/\/wp.ufpel.edu.br\/lafiufpel\/wp-json\/wp\/v2\/pages\/58","targetHints":{"allow":["GET"]}}],"collection":[{"href":"https:\/\/wp.ufpel.edu.br\/lafiufpel\/wp-json\/wp\/v2\/pages"}],"about":[{"href":"https:\/\/wp.ufpel.edu.br\/lafiufpel\/wp-json\/wp\/v2\/types\/page"}],"author":[{"embeddable":true,"href":"https:\/\/wp.ufpel.edu.br\/lafiufpel\/wp-json\/wp\/v2\/users\/1546"}],"replies":[{"embeddable":true,"href":"https:\/\/wp.ufpel.edu.br\/lafiufpel\/wp-json\/wp\/v2\/comments?post=58"}],"version-history":[{"count":3,"href":"https:\/\/wp.ufpel.edu.br\/lafiufpel\/wp-json\/wp\/v2\/pages\/58\/revisions"}],"predecessor-version":[{"id":63,"href":"https:\/\/wp.ufpel.edu.br\/lafiufpel\/wp-json\/wp\/v2\/pages\/58\/revisions\/63"}],"wp:attachment":[{"href":"https:\/\/wp.ufpel.edu.br\/lafiufpel\/wp-json\/wp\/v2\/media?parent=58"}],"curies":[{"name":"wp","href":"https:\/\/api.w.org\/{rel}","templated":true}]}}