{"id":22,"date":"2025-12-10T18:29:56","date_gmt":"2025-12-10T21:29:56","guid":{"rendered":"https:\/\/wp.ufpel.edu.br\/lafiufpel\/?page_id=22"},"modified":"2025-12-10T18:29:56","modified_gmt":"2025-12-10T21:29:56","slug":"acertamos-o-preco-teto-da-vale3-com-quatro-meses-de-antecedencia-alta-de-2025","status":"publish","type":"page","link":"https:\/\/wp.ufpel.edu.br\/lafiufpel\/acertamos-o-preco-teto-da-vale3-com-quatro-meses-de-antecedencia-alta-de-2025\/","title":{"rendered":"Acertamos o pre\u00e7o teto da Vale3 com quatro meses de anteced\u00eancia: alta de 20,25%!"},"content":{"rendered":"<div class=\"mc-column content-text active-extra-styles active-capital-letter\" data-block-type=\"unstyled\" data-block-weight=\"58\" data-block-id=\"1\">\n<p class=\" content-text__container theme-color-primary-first-letter\" data-track-category=\"Link no Texto\" data-track-links=\"\" data-mrf-recirculation=\"Article links\">As a\u00e7\u00f5es da\u00a0<a class=\"\" href=\"https:\/\/valor.globo.com\/empresas\/valor-empresas-360\/vale?360&amp;interno_origem=multicontent\" data-mrf-link=\"https:\/\/valor.globo.com\/empresas\/valor-empresas-360\/vale?360&amp;interno_origem=multicontent\">Vale<\/a> (VALE3) registraram uma alta expressiva nesta quarta-feira (10). As raz\u00f5es para alta encontram-se na subida das cota\u00e7\u00f5es do min\u00e9rio de ferro no mercado internacional e tamb\u00e9m pelo fato de estarmos pr\u00f3ximos da data-com da distribui\u00e7\u00e3o dos proventos que foram previstos para o final do m\u00eas de novembro. O pre\u00e7o de fechamento da a\u00e7\u00e3o foi de R$ 70.81.<\/p>\n<\/div>\n<div class=\"wall protected-content\">\n<div class=\"mc-column content-text active-extra-styles \" data-block-type=\"unstyled\" data-block-weight=\"61\" data-block-id=\"2\">\n<p class=\" content-text__container \" data-track-category=\"Link no Texto\" data-track-links=\"\" data-mrf-recirculation=\"Article links\">O LAFI, em <strong><a href=\"https:\/\/lafiufpel.blogspot.com\/2025\/07\/relatorio-de-valuation-da-acao-vale3.html\">relat\u00f3rio divulgado no dia\u00a0 22 de julho no blog<\/a><\/strong>, apontou estimativas de valuation para este ativo que foram as seguintes (reproduzimos o gr\u00e1fico postado naquela data):<\/p>\n<\/div>\n<p data-track-category=\"Link no Texto\" data-track-links=\"\" data-mrf-recirculation=\"Article links\"><img class=\"aligncenter\" src=\"https:\/\/blogger.googleusercontent.com\/img\/b\/R29vZ2xl\/AVvXsEgbECJTmSlIfc2eECFcyEeJp7YtFiPi9dBT9-x-bKK46GX079XxJYgK_uXsRTKhX_2NW5o0CWD7rmJjMICWES663aa5h1vqHGoRKHdiRCXqsFIy5CiXta5xZSDJJfpU5F3R5T76HMVz6WqBlaNedSXuimqu6rzOOU3q5FAk7hYY814uFrAF9CqzjGSC\/s860\/VALE%203%20prec%CC%A7o%20alvo%2021%2007%2025.png\" width=\"577\" height=\"428\" \/><\/p>\n<p data-track-category=\"Link no Texto\" data-track-links=\"\" data-mrf-recirculation=\"Article links\">J\u00e1 no dia 28 de novembro deste ano, a cota\u00e7\u00e3o de fechamento de VALE3 <strong>atingiu o pre\u00e7o teto que nossos modelos estimaram: R$ 67,40.<\/strong><\/p>\n<p data-track-category=\"Link no Texto\" data-track-links=\"\" data-mrf-recirculation=\"Article links\">Quer dizer: <strong>n\u00f3s previmos este pre\u00e7o teto em 22\/07\/2025, ou seja, com cerca de quatro meses de anteced\u00eancia<\/strong>, quando a\u00e7\u00e3o ainda estava cotada a R$ 56,05 (cota\u00e7\u00e3o de 21\/07).<\/p>\n<p data-track-category=\"Link no Texto\" data-track-links=\"\" data-mrf-recirculation=\"Article links\">Resumindo: quem comprou a a\u00e7\u00e3o naquela data conseguiu um <strong>expressivo retorno de 20,25% (o equivalente a R$ 11,35\u00a0 \u00b4\u00b4por a\u00e7\u00e3o) em apenas quatro meses<\/strong>.<\/p>\n<p data-track-category=\"Link no Texto\" data-track-links=\"\" data-mrf-recirculation=\"Article links\">Quem acompanha nossas an\u00e1lises pelo blog e aqui pelo site sabe que elas s\u00e3o feitas dentro do maior rigor anal\u00edtico poss\u00edvel. <strong>N\u00f3s fazemos pesquisa independente. N\u00e3o somos vinculados a nenhuma institui\u00e7\u00e3o financeira ou empresa privada<\/strong>. Nosso compromisso \u00e9 puramente com a ci\u00eancia econ\u00f4mica e financeira.<\/p>\n<p data-track-category=\"Link no Texto\" data-track-links=\"\" data-mrf-recirculation=\"Article links\">Continuaremos divulgando novos resultados de pesquisa e, agora com um grupo maior, poderemos fazer isto com maior const\u00e2ncia e ainda mais efici\u00eancia.<\/p>\n<\/div>\n","protected":false},"excerpt":{"rendered":"<p>As a\u00e7\u00f5es da\u00a0Vale (VALE3) registraram uma alta expressiva nesta quarta-feira (10). As raz\u00f5es para alta encontram-se na subida das cota\u00e7\u00f5es do min\u00e9rio de ferro no mercado internacional e tamb\u00e9m pelo fato de estarmos pr\u00f3ximos da data-com da distribui\u00e7\u00e3o dos proventos que foram previstos para o final do m\u00eas de novembro. O pre\u00e7o de fechamento da [&hellip;]<\/p>\n","protected":false},"author":1546,"featured_media":0,"parent":0,"menu_order":0,"comment_status":"closed","ping_status":"closed","template":"","meta":{"footnotes":""},"class_list":["post-22","page","type-page","status-publish","hentry"],"_links":{"self":[{"href":"https:\/\/wp.ufpel.edu.br\/lafiufpel\/wp-json\/wp\/v2\/pages\/22","targetHints":{"allow":["GET"]}}],"collection":[{"href":"https:\/\/wp.ufpel.edu.br\/lafiufpel\/wp-json\/wp\/v2\/pages"}],"about":[{"href":"https:\/\/wp.ufpel.edu.br\/lafiufpel\/wp-json\/wp\/v2\/types\/page"}],"author":[{"embeddable":true,"href":"https:\/\/wp.ufpel.edu.br\/lafiufpel\/wp-json\/wp\/v2\/users\/1546"}],"replies":[{"embeddable":true,"href":"https:\/\/wp.ufpel.edu.br\/lafiufpel\/wp-json\/wp\/v2\/comments?post=22"}],"version-history":[{"count":1,"href":"https:\/\/wp.ufpel.edu.br\/lafiufpel\/wp-json\/wp\/v2\/pages\/22\/revisions"}],"predecessor-version":[{"id":24,"href":"https:\/\/wp.ufpel.edu.br\/lafiufpel\/wp-json\/wp\/v2\/pages\/22\/revisions\/24"}],"wp:attachment":[{"href":"https:\/\/wp.ufpel.edu.br\/lafiufpel\/wp-json\/wp\/v2\/media?parent=22"}],"curies":[{"name":"wp","href":"https:\/\/api.w.org\/{rel}","templated":true}]}}