{"id":178,"date":"2019-08-28T22:29:21","date_gmt":"2019-08-29T01:29:21","guid":{"rendered":"https:\/\/wp.ufpel.edu.br\/laficardio\/?page_id=178"},"modified":"2021-05-30T12:08:58","modified_gmt":"2021-05-30T15:08:58","slug":"equipe","status":"publish","type":"page","link":"https:\/\/wp.ufpel.edu.br\/laficardio\/equipe\/","title":{"rendered":"Equipe"},"content":{"rendered":"<p style=\"text-align: center\"><em><strong>Coordena\u00e7\u00e3o:<\/strong><\/em><br \/>\nPaulo Cavalheiro Schenkel<\/p>\n<p style=\"text-align: center\"><em><strong>Alunos do PPG-Nutri\u00e7\u00e3o e Alimentos da UFPel:<\/strong><\/em><\/p>\n<p style=\"text-align: center\">Ta\u00eds K Ta\u00eds K\u00f6pp da Silveira<br \/>\nFabr\u00edcio Tabeli\u00e3o Degrandis<br \/>\nDiego de Almeida Souza<br \/>\nKaren Martirena Monks da Silva<\/p>\n<p style=\"text-align: center\"><em>Mestres formados pela UFPel:<\/em><\/p>\n<div style=\"text-align: center\">Caroline Bitencourt Pedrotti<\/div>\n<div style=\"text-align: center\">Rog\u00e9rio Nogueira Soares<\/div>\n<div style=\"text-align: center\">Fabr\u00edcio Tabeli\u00e3o Degrandis<\/div>\n<p style=\"text-align: center\"><strong><em>Alunos do PPG-Fisiologia da UFRGS:<\/em><\/strong><\/p>\n<p style=\"text-align: center\">Guilherme de Oliveira Branco<\/p>\n<p style=\"text-align: center\"><em>Mestres formados pela UFRGS:<\/em><\/p>\n<div style=\"text-align: center\">Alan Christhian Bahr<\/div>\n<div style=\"text-align: center\">Eduardo Echer dos Reis<\/div>\n<p style=\"text-align: center\"><strong><em>Alunos de Gradua\u00e7\u00e3o:<\/em><\/strong><\/p>\n<div style=\"text-align: center\">Fernanda Rafaela Toledo Bierhals<\/div>\n<div style=\"text-align: center\">Paulo S\u00e9rgio Vieira Machado<\/div>\n<div style=\"text-align: center\">Mariana Parron Paim<br \/>\nPaola Quevedo da Costa<\/div>\n<div style=\"text-align: center\">Alana Carolina Andrade Dalla Costa<\/div>\n<div style=\"text-align: center\">Mariana Gouv\u00eaa Silveira<\/div>\n<div style=\"text-align: center\">Alvaro Batista Silva<\/div>\n<div style=\"text-align: center\">Brunna Machado Medeiros<\/div>\n<div style=\"text-align: center\">Guilherme da Cunha Cita<\/div>\n<div style=\"text-align: center\">Liandra Dias Rodrigues<\/div>\n<div style=\"text-align: center\">Luis Fellipe de Oliveira Manco<\/div>\n<div style=\"text-align: center\">Murillo Oliveira Honorio<\/div>\n<div style=\"text-align: center\">Natalie Rinaldo Mishima<\/div>\n<div style=\"text-align: center\">Pedro Manzke Glanzel<\/div>\n<div style=\"text-align: center\">Rayane Gon\u00e7alves de Oliveira<\/div>\n<div style=\"text-align: center\">Vitor Dias Furtado<\/div>\n","protected":false},"excerpt":{"rendered":"<p>Coordena\u00e7\u00e3o: Paulo Cavalheiro Schenkel Alunos do PPG-Nutri\u00e7\u00e3o e Alimentos da UFPel: Ta\u00eds K Ta\u00eds K\u00f6pp da Silveira Fabr\u00edcio Tabeli\u00e3o Degrandis Diego de Almeida Souza Karen Martirena Monks da Silva Mestres formados pela UFPel: Caroline Bitencourt Pedrotti Rog\u00e9rio Nogueira Soares Fabr\u00edcio Tabeli\u00e3o Degrandis Alunos do PPG-Fisiologia da UFRGS: Guilherme de Oliveira Branco Mestres formados pela UFRGS: [&hellip;]<\/p>\n","protected":false},"author":950,"featured_media":0,"parent":0,"menu_order":0,"comment_status":"closed","ping_status":"closed","template":"","meta":{"footnotes":""},"class_list":["post-178","page","type-page","status-publish","hentry"],"_links":{"self":[{"href":"https:\/\/wp.ufpel.edu.br\/laficardio\/wp-json\/wp\/v2\/pages\/178","targetHints":{"allow":["GET"]}}],"collection":[{"href":"https:\/\/wp.ufpel.edu.br\/laficardio\/wp-json\/wp\/v2\/pages"}],"about":[{"href":"https:\/\/wp.ufpel.edu.br\/laficardio\/wp-json\/wp\/v2\/types\/page"}],"author":[{"embeddable":true,"href":"https:\/\/wp.ufpel.edu.br\/laficardio\/wp-json\/wp\/v2\/users\/950"}],"replies":[{"embeddable":true,"href":"https:\/\/wp.ufpel.edu.br\/laficardio\/wp-json\/wp\/v2\/comments?post=178"}],"version-history":[{"count":8,"href":"https:\/\/wp.ufpel.edu.br\/laficardio\/wp-json\/wp\/v2\/pages\/178\/revisions"}],"predecessor-version":[{"id":518,"href":"https:\/\/wp.ufpel.edu.br\/laficardio\/wp-json\/wp\/v2\/pages\/178\/revisions\/518"}],"wp:attachment":[{"href":"https:\/\/wp.ufpel.edu.br\/laficardio\/wp-json\/wp\/v2\/media?parent=178"}],"curies":[{"name":"wp","href":"https:\/\/api.w.org\/{rel}","templated":true}]}}