{"id":818,"date":"2023-06-07T00:35:52","date_gmt":"2023-06-07T03:35:52","guid":{"rendered":"https:\/\/wp.ufpel.edu.br\/laffimat\/?page_id=818"},"modified":"2023-06-07T00:35:52","modified_gmt":"2023-06-07T03:35:52","slug":"celulas-eletroliticas","status":"publish","type":"page","link":"https:\/\/wp.ufpel.edu.br\/laffimat\/laboratorio-infraestrutura\/celulas-eletroliticas\/","title":{"rendered":"C\u00e9lulas Eletrol\u00edticas"},"content":{"rendered":"<p><strong>C\u00e9lulas Eletrol\u00edticas<\/strong> para medi\u00e7\u00e3o de filmes eletrocr\u00f4micos e eletr\u00f3litos em diversos estados f\u00edsicos.<\/p>\n","protected":false},"excerpt":{"rendered":"<p>C\u00e9lulas Eletrol\u00edticas para medi\u00e7\u00e3o de filmes eletrocr\u00f4micos e eletr\u00f3litos em diversos estados f\u00edsicos.<\/p>\n","protected":false},"author":733,"featured_media":0,"parent":79,"menu_order":0,"comment_status":"closed","ping_status":"closed","template":"","meta":{"footnotes":""},"class_list":["post-818","page","type-page","status-publish","hentry"],"jetpack_sharing_enabled":true,"_links":{"self":[{"href":"https:\/\/wp.ufpel.edu.br\/laffimat\/wp-json\/wp\/v2\/pages\/818","targetHints":{"allow":["GET"]}}],"collection":[{"href":"https:\/\/wp.ufpel.edu.br\/laffimat\/wp-json\/wp\/v2\/pages"}],"about":[{"href":"https:\/\/wp.ufpel.edu.br\/laffimat\/wp-json\/wp\/v2\/types\/page"}],"author":[{"embeddable":true,"href":"https:\/\/wp.ufpel.edu.br\/laffimat\/wp-json\/wp\/v2\/users\/733"}],"replies":[{"embeddable":true,"href":"https:\/\/wp.ufpel.edu.br\/laffimat\/wp-json\/wp\/v2\/comments?post=818"}],"version-history":[{"count":1,"href":"https:\/\/wp.ufpel.edu.br\/laffimat\/wp-json\/wp\/v2\/pages\/818\/revisions"}],"predecessor-version":[{"id":819,"href":"https:\/\/wp.ufpel.edu.br\/laffimat\/wp-json\/wp\/v2\/pages\/818\/revisions\/819"}],"up":[{"embeddable":true,"href":"https:\/\/wp.ufpel.edu.br\/laffimat\/wp-json\/wp\/v2\/pages\/79"}],"wp:attachment":[{"href":"https:\/\/wp.ufpel.edu.br\/laffimat\/wp-json\/wp\/v2\/media?parent=818"}],"curies":[{"name":"wp","href":"https:\/\/api.w.org\/{rel}","templated":true}]}}