{"id":79,"date":"2018-01-29T22:00:18","date_gmt":"2018-01-30T00:00:18","guid":{"rendered":"https:\/\/wp.ufpel.edu.br\/laffimat\/?page_id=79"},"modified":"2023-06-07T00:36:21","modified_gmt":"2023-06-07T03:36:21","slug":"laboratorio-infraestrutura","status":"publish","type":"page","link":"https:\/\/wp.ufpel.edu.br\/laffimat\/laboratorio-infraestrutura\/","title":{"rendered":"Laborat\u00f3rio &#8211; Infraestrutura"},"content":{"rendered":"<p><strong>1. <a href=\"https:\/\/wp.ufpel.edu.br\/laffimat\/laboratorio-infraestrutura\/modulo-light-ivium\/\">Modulo Light \u2013 Ivium<\/a><\/strong><\/p>\n<p><strong>2. <a href=\"https:\/\/wp.ufpel.edu.br\/laffimat\/laboratorio-infraestrutura\/spin-coating\/\">Spin Coating<\/a><\/strong><\/p>\n<p><strong>3. <a href=\"https:\/\/wp.ufpel.edu.br\/laffimat\/laboratorio-infraestrutura\/dip-coating\/\">Dip Coating<\/a><\/strong><\/p>\n<p><strong>4. <a href=\"https:\/\/wp.ufpel.edu.br\/laffimat\/laboratorio-infraestrutura\/potenciostato-autolab-pgstat32-2\/\">Potenciostato Autolab PGSTAT32<\/a><\/strong><\/p>\n<p><strong>5. <a href=\"https:\/\/wp.ufpel.edu.br\/laffimat\/laboratorio-infraestrutura\/photokit-para-celulas-solares\/\">Photokit para c\u00e9lulas solares<\/a><\/strong><\/p>\n<p><strong>6. <a href=\"https:\/\/wp.ufpel.edu.br\/laffimat\/laboratorio-infraestrutura\/forno-mufla\/\">Forno Mufla EDG<\/a><\/strong><\/p>\n<p><strong>7. <a href=\"https:\/\/wp.ufpel.edu.br\/laffimat\/laboratorio-infraestrutura\/forno-mufla\/\">Forno EDG10-S<\/a><\/strong><\/p>\n<p><strong>8. <a href=\"https:\/\/wp.ufpel.edu.br\/laffimat\/laboratorio-infraestrutura\/potenciostato-iviumsat-com-modulo-de-impedancia\/\">Potenciostato IviumSat com m\u00f3dulo de Imped\u00e2ncia<\/a><\/strong><\/p>\n<p><strong>9. <a href=\"https:\/\/wp.ufpel.edu.br\/laffimat\/laboratorio-infraestrutura\/ultrassom\/\">Banho de Ultrassom Bio Ultra 3.8 Litros\u00a0<\/a><\/strong><\/p>\n<p><strong>10. <a href=\"https:\/\/wp.ufpel.edu.br\/laffimat\/celulas-eletroliticas\/\">C\u00e9lulas Eletrol\u00edticas<\/a><\/strong><\/p>\n","protected":false},"excerpt":{"rendered":"<p>1. Modulo Light \u2013 Ivium 2. Spin Coating 3. Dip Coating 4. Potenciostato Autolab PGSTAT32 5. Photokit para c\u00e9lulas solares 6. Forno Mufla EDG 7. Forno EDG10-S 8. Potenciostato IviumSat com m\u00f3dulo de Imped\u00e2ncia 9. Banho de Ultrassom Bio Ultra &hellip; <a href=\"https:\/\/wp.ufpel.edu.br\/laffimat\/laboratorio-infraestrutura\/\">Continue lendo <span class=\"meta-nav\">&rarr;<\/span><\/a><\/p>\n","protected":false},"author":733,"featured_media":0,"parent":0,"menu_order":0,"comment_status":"closed","ping_status":"closed","template":"","meta":{"footnotes":""},"class_list":["post-79","page","type-page","status-publish","hentry"],"jetpack_sharing_enabled":true,"_links":{"self":[{"href":"https:\/\/wp.ufpel.edu.br\/laffimat\/wp-json\/wp\/v2\/pages\/79","targetHints":{"allow":["GET"]}}],"collection":[{"href":"https:\/\/wp.ufpel.edu.br\/laffimat\/wp-json\/wp\/v2\/pages"}],"about":[{"href":"https:\/\/wp.ufpel.edu.br\/laffimat\/wp-json\/wp\/v2\/types\/page"}],"author":[{"embeddable":true,"href":"https:\/\/wp.ufpel.edu.br\/laffimat\/wp-json\/wp\/v2\/users\/733"}],"replies":[{"embeddable":true,"href":"https:\/\/wp.ufpel.edu.br\/laffimat\/wp-json\/wp\/v2\/comments?post=79"}],"version-history":[{"count":17,"href":"https:\/\/wp.ufpel.edu.br\/laffimat\/wp-json\/wp\/v2\/pages\/79\/revisions"}],"predecessor-version":[{"id":187,"href":"https:\/\/wp.ufpel.edu.br\/laffimat\/wp-json\/wp\/v2\/pages\/79\/revisions\/187"}],"wp:attachment":[{"href":"https:\/\/wp.ufpel.edu.br\/laffimat\/wp-json\/wp\/v2\/media?parent=79"}],"curies":[{"name":"wp","href":"https:\/\/api.w.org\/{rel}","templated":true}]}}