{"id":760,"date":"2023-02-10T17:56:01","date_gmt":"2023-02-10T20:56:01","guid":{"rendered":"https:\/\/wp.ufpel.edu.br\/laffimat\/?page_id=760"},"modified":"2023-02-10T17:56:34","modified_gmt":"2023-02-10T20:56:34","slug":"dip-coating","status":"publish","type":"page","link":"https:\/\/wp.ufpel.edu.br\/laffimat\/laboratorio-infraestrutura\/dip-coating\/","title":{"rendered":"Dip Coating"},"content":{"rendered":"<p>O <strong>Dip Coating<\/strong> \u00e9 um equipamento que proporciona um revestimento, por imers\u00e3o de substratos planos, em uma solu\u00e7\u00e3o. \u00c9 considerado um processo de revestimento industrial, muito utilizado para produ\u00e7\u00e3o de eletrodos.<\/p>\n","protected":false},"excerpt":{"rendered":"<p>O Dip Coating \u00e9 um equipamento que proporciona um revestimento, por imers\u00e3o de substratos planos, em uma solu\u00e7\u00e3o. \u00c9 considerado um processo de revestimento industrial, muito utilizado para produ\u00e7\u00e3o de eletrodos.<\/p>\n","protected":false},"author":733,"featured_media":0,"parent":79,"menu_order":0,"comment_status":"closed","ping_status":"closed","template":"","meta":{"footnotes":""},"class_list":["post-760","page","type-page","status-publish","hentry"],"jetpack_sharing_enabled":true,"_links":{"self":[{"href":"https:\/\/wp.ufpel.edu.br\/laffimat\/wp-json\/wp\/v2\/pages\/760","targetHints":{"allow":["GET"]}}],"collection":[{"href":"https:\/\/wp.ufpel.edu.br\/laffimat\/wp-json\/wp\/v2\/pages"}],"about":[{"href":"https:\/\/wp.ufpel.edu.br\/laffimat\/wp-json\/wp\/v2\/types\/page"}],"author":[{"embeddable":true,"href":"https:\/\/wp.ufpel.edu.br\/laffimat\/wp-json\/wp\/v2\/users\/733"}],"replies":[{"embeddable":true,"href":"https:\/\/wp.ufpel.edu.br\/laffimat\/wp-json\/wp\/v2\/comments?post=760"}],"version-history":[{"count":2,"href":"https:\/\/wp.ufpel.edu.br\/laffimat\/wp-json\/wp\/v2\/pages\/760\/revisions"}],"predecessor-version":[{"id":762,"href":"https:\/\/wp.ufpel.edu.br\/laffimat\/wp-json\/wp\/v2\/pages\/760\/revisions\/762"}],"up":[{"embeddable":true,"href":"https:\/\/wp.ufpel.edu.br\/laffimat\/wp-json\/wp\/v2\/pages\/79"}],"wp:attachment":[{"href":"https:\/\/wp.ufpel.edu.br\/laffimat\/wp-json\/wp\/v2\/media?parent=760"}],"curies":[{"name":"wp","href":"https:\/\/api.w.org\/{rel}","templated":true}]}}