{"id":699,"date":"2022-05-23T21:39:17","date_gmt":"2022-05-24T00:39:17","guid":{"rendered":"https:\/\/wp.ufpel.edu.br\/laffimat\/?page_id=699"},"modified":"2023-02-11T19:57:21","modified_gmt":"2023-02-11T22:57:21","slug":"projetos-de-pesquisa","status":"publish","type":"page","link":"https:\/\/wp.ufpel.edu.br\/laffimat\/projetos-de-pesquisa\/","title":{"rendered":"Projetos de Pesquisa"},"content":{"rendered":"<ul>\n<li>Prepara\u00e7\u00e3o e caracteriza\u00e7\u00e3o de eletr\u00f3lito s\u00f3lido a base de Polivinilpirrolidona (PVP);<\/li>\n<li>Simula\u00e7\u00e3o de Processos Difusionais em Filmes finos Eletrocr\u00f4micos;<\/li>\n<li>Eletr\u00f3litos G\u00e9is para Aplica\u00e7\u00e3o em Dispositivos Eletrocr\u00f4micos;<\/li>\n<\/ul>\n","protected":false},"excerpt":{"rendered":"<p>Prepara\u00e7\u00e3o e caracteriza\u00e7\u00e3o de eletr\u00f3lito s\u00f3lido a base de Polivinilpirrolidona (PVP); Simula\u00e7\u00e3o de Processos Difusionais em Filmes finos Eletrocr\u00f4micos; Eletr\u00f3litos G\u00e9is para Aplica\u00e7\u00e3o em Dispositivos Eletrocr\u00f4micos;<\/p>\n","protected":false},"author":733,"featured_media":0,"parent":0,"menu_order":0,"comment_status":"closed","ping_status":"closed","template":"","meta":{"footnotes":""},"class_list":["post-699","page","type-page","status-publish","hentry"],"jetpack_sharing_enabled":true,"_links":{"self":[{"href":"https:\/\/wp.ufpel.edu.br\/laffimat\/wp-json\/wp\/v2\/pages\/699","targetHints":{"allow":["GET"]}}],"collection":[{"href":"https:\/\/wp.ufpel.edu.br\/laffimat\/wp-json\/wp\/v2\/pages"}],"about":[{"href":"https:\/\/wp.ufpel.edu.br\/laffimat\/wp-json\/wp\/v2\/types\/page"}],"author":[{"embeddable":true,"href":"https:\/\/wp.ufpel.edu.br\/laffimat\/wp-json\/wp\/v2\/users\/733"}],"replies":[{"embeddable":true,"href":"https:\/\/wp.ufpel.edu.br\/laffimat\/wp-json\/wp\/v2\/comments?post=699"}],"version-history":[{"count":4,"href":"https:\/\/wp.ufpel.edu.br\/laffimat\/wp-json\/wp\/v2\/pages\/699\/revisions"}],"predecessor-version":[{"id":800,"href":"https:\/\/wp.ufpel.edu.br\/laffimat\/wp-json\/wp\/v2\/pages\/699\/revisions\/800"}],"wp:attachment":[{"href":"https:\/\/wp.ufpel.edu.br\/laffimat\/wp-json\/wp\/v2\/media?parent=699"}],"curies":[{"name":"wp","href":"https:\/\/api.w.org\/{rel}","templated":true}]}}