{"id":605,"date":"2020-06-29T12:08:59","date_gmt":"2020-06-29T15:08:59","guid":{"rendered":"https:\/\/wp.ufpel.edu.br\/laffimat\/?page_id=605"},"modified":"2024-07-22T13:21:11","modified_gmt":"2024-07-22T16:21:11","slug":"participacoes","status":"publish","type":"page","link":"https:\/\/wp.ufpel.edu.br\/laffimat\/eventos\/participacoes\/","title":{"rendered":"Participa\u00e7\u00f5es"},"content":{"rendered":"<ul>\n<li><strong>2023<\/strong><\/li>\n<\/ul>\n<p><a href=\"https:\/\/sites.unipampa.edu.br\/eventos\/eventos\/15o-salao-internacional-de-ensino-pesquisa-e-extensao-siepe\/\">15\u00ba Sal\u00e3o Internacional de Ensino, Pesquisa e Extens\u00e3o &#8211; SIEPE<\/a>, Ca\u00e7apava do Sul &#8211; RS Brasil, 28 a 30 de novembro de 2023.<\/p>\n<p><a href=\"https:\/\/wp.ufpel.edu.br\/siiepe\/\">9\u00aa SIIEPE Semana Integrada de Inova\u00e7\u00e3o, Ensino, Pesquisa e Extens\u00e3o<\/a>, Pelotas &#8211; RS Brasil, 20 a 24 de novembro de 2023.<\/p>\n<p><a href=\"https:\/\/univates.br\/evento\/xxiv-simposio-brasileiro-de-eletroquimica-e-eletroanalitica\">XXIV SIMP\u00d3SIO BRASILEIRO DE ELETROQU\u00cdMICA E ELETROANAL\u00cdTICA<\/a>, Porto Alegre &#8211; RS Brasil, 2 a 5 de outubro de 2023.<\/p>\n<ul>\n<li><strong>2022<\/strong><\/li>\n<\/ul>\n<p><a href=\"https:\/\/wp.ufpel.edu.br\/siiepe\/\">8\u00aa SIIEPE Semana Integrada de Inova\u00e7\u00e3o, Ensino, Pesquisa e Extens\u00e3o<\/a>, Pelotas &#8211; RS Brasil, 17 a 21 de outubro de 2022.<\/p>\n<p><a href=\"https:\/\/eventos.unipampa.edu.br\/siepe\/\">14\u00ba Sal\u00e3o Internacional de Ensino Pesquisa e Extens\u00e3o<\/a>, RS Brasil, 30 a 02 de dezembro de 2022.<\/p>\n<ul>\n<li><strong>2021<\/strong><\/li>\n<\/ul>\n<p><a href=\"https:\/\/wp.ufpel.edu.br\/siiepe\/\">7\u00aa SIIEPE Semana Integrada de Inova\u00e7\u00e3o, Ensino, Pesquisa e Extens\u00e3o<\/a>, Pelotas &#8211; RS Brasil, 18 a 22 de outubro de 2021 (evento virtual).<\/p>\n<p><a href=\"https:\/\/www.ufrgs.br\/pgcimat\/?page_id=2439\">II Encontro de Ci\u00eancia e Engenharia de Materiais no Sul do Brasil (II MULTIMAT)<\/a>, 15 a 19 de mar\u00e7o de 2021 (evento virtual).<\/p>\n<ul>\n<li><strong>2020<\/strong><\/li>\n<\/ul>\n<p><a href=\"https:\/\/wp.ufpel.edu.br\/siiepe\/\">6\u00aa SIIEPE Semana Integrada de Inova\u00e7\u00e3o, Ensino, Pesquisa e Extens\u00e3o<\/a>, Pelotas &#8211; RS Brasil, 23 a 27 de novembro de 2020 (evento virtual).<\/p>\n<p><a href=\"https:\/\/eventos.unipampa.edu.br\/siepe\/\">12\u00ba Sal\u00e3o Internacional de Ensino Pesquisa e Extens\u00e3o<\/a>, Santana do Livramento RS Brasil, 24 a 26 de novembro de 2020 (evento virtual).<\/p>\n<ul>\n<li><strong>2019<\/strong><\/li>\n<\/ul>\n<p><a href=\"https:\/\/www.sbqsul2019.com.br\/\">SBQ Sul 26\u00ba Encontro de Qu\u00edmica da Regi\u00e3o Sul<\/a>, Caxias do Sul &#8211; RS Brasil, 20 a 22 de novembro de 2019.<\/p>\n<p><a href=\"https:\/\/eventos.unipampa.edu.br\/siepe\/\">11\u00ba Sal\u00e3o Internacional de Ensino Pesquisa e Extens\u00e3o<\/a>, Santana do Livramento &#8211; RS Brasil, 22 a 24 de outubro de 2019.<\/p>\n<p><a href=\"https:\/\/wp.ufpel.edu.br\/siiepe\/\">5\u00aa SIIEPE Semana Integrada de Inova\u00e7\u00e3o, Ensino, Pesquisa e Extens\u00e3o<\/a>, Pelotas &#8211; RS Brasil, 21 a 25 de outubro de 2019.<\/p>\n<p><a class=\"tribe-event-url\" title=\"XVIII Reuni\u00e3o da B-MRS.\" href=\"https:\/\/www.sbpmat.org.br\/en\/evento\/xviii-encontro-da-sbpmat-b-mrs-meeting\/\" rel=\"bookmark\">XVIII Reuni\u00e3o da B-MRS.<\/a>, <span class=\"tribe-address\"><span class=\"tribe-locality\">Balne\u00e1rio Cambori\u00fa &#8211;<\/span><\/span><span class=\"tribe-address\"><span class=\"tribe-delimiter\">\u00a0<\/span><\/span><span class=\"tribe-address\"><abbr class=\"tribe-region tribe-events-abbr\" title=\"Carolina do Sul\">SC Brasil, <\/abbr><\/span>22 a <span class=\"tribe-event-date-end\">26 de setembro de 2019.<\/span><\/p>\n<p><a href=\"http:\/\/xxiisibee.com.br\/\">XXII SIBEE \u2013 XXII Simp\u00f3sio Brasileiro de Eletroqu\u00edmica e Eletroanal\u00edtica<\/a>, Ribeir\u00e3o Preto &#8211; SP Brasil,\u00a0 01 a 05 de setembro de 2019.<\/p>\n<p><a title=\"I Encontro de P\u00f3s-Gradua\u00e7\u00e3o em Qu\u00edmica da Metade Sul do Rio Grande\" href=\"https:\/\/wp.ufpel.edu.br\/epgqsul\/\" rel=\"home\">I Encontro de P\u00f3s-Gradua\u00e7\u00e3o em Qu\u00edmica da Metade Sul do Rio Grande<\/a>, Rio Grande &#8211; RS Brasil, 20 a 21 de mar\u00e7o de 2019.<\/p>\n<ul>\n<li><strong>2018<\/strong><\/li>\n<\/ul>\n<p><a href=\"https:\/\/wp.ufpel.edu.br\/siiepe\/siiepe-2018\/\">4\u00aa SIIEPE<\/a>, Pelotas &#8211; RS Brasil, 22 a 26 de outubro de 2018.<\/p>\n<ul>\n<li><strong>2017<\/strong><\/li>\n<\/ul>\n<p><a href=\"https:\/\/wp.ufpel.edu.br\/siiepe\/siiepe-2017\/\">3\u00aa SIIEPE<\/a>, Pelotas &#8211; RS Brasil, 20 a 24 de novembro de 2017.<\/p>\n<p><a href=\"https:\/\/www.sbpmat.org.br\/16encontro\/home\/\">XVI Brazilian MRS meeting<\/a>, Gramado &#8211; RS Brasil, 10 a 12 de setembro de 2017.<\/p>\n<p>&nbsp;<\/p>\n","protected":false},"excerpt":{"rendered":"<p>2023 15\u00ba Sal\u00e3o Internacional de Ensino, Pesquisa e Extens\u00e3o &#8211; SIEPE, Ca\u00e7apava do Sul &#8211; RS Brasil, 28 a 30 de novembro de 2023. 9\u00aa SIIEPE Semana Integrada de Inova\u00e7\u00e3o, Ensino, Pesquisa e Extens\u00e3o, Pelotas &#8211; RS Brasil, 20 a &hellip; <a href=\"https:\/\/wp.ufpel.edu.br\/laffimat\/eventos\/participacoes\/\">Continue lendo <span class=\"meta-nav\">&rarr;<\/span><\/a><\/p>\n","protected":false},"author":733,"featured_media":0,"parent":73,"menu_order":0,"comment_status":"closed","ping_status":"closed","template":"","meta":{"footnotes":""},"class_list":["post-605","page","type-page","status-publish","hentry"],"jetpack_sharing_enabled":true,"_links":{"self":[{"href":"https:\/\/wp.ufpel.edu.br\/laffimat\/wp-json\/wp\/v2\/pages\/605","targetHints":{"allow":["GET"]}}],"collection":[{"href":"https:\/\/wp.ufpel.edu.br\/laffimat\/wp-json\/wp\/v2\/pages"}],"about":[{"href":"https:\/\/wp.ufpel.edu.br\/laffimat\/wp-json\/wp\/v2\/types\/page"}],"author":[{"embeddable":true,"href":"https:\/\/wp.ufpel.edu.br\/laffimat\/wp-json\/wp\/v2\/users\/733"}],"replies":[{"embeddable":true,"href":"https:\/\/wp.ufpel.edu.br\/laffimat\/wp-json\/wp\/v2\/comments?post=605"}],"version-history":[{"count":6,"href":"https:\/\/wp.ufpel.edu.br\/laffimat\/wp-json\/wp\/v2\/pages\/605\/revisions"}],"predecessor-version":[{"id":911,"href":"https:\/\/wp.ufpel.edu.br\/laffimat\/wp-json\/wp\/v2\/pages\/605\/revisions\/911"}],"up":[{"embeddable":true,"href":"https:\/\/wp.ufpel.edu.br\/laffimat\/wp-json\/wp\/v2\/pages\/73"}],"wp:attachment":[{"href":"https:\/\/wp.ufpel.edu.br\/laffimat\/wp-json\/wp\/v2\/media?parent=605"}],"curies":[{"name":"wp","href":"https:\/\/api.w.org\/{rel}","templated":true}]}}