{"id":569,"date":"2020-06-27T15:27:06","date_gmt":"2020-06-27T18:27:06","guid":{"rendered":"https:\/\/wp.ufpel.edu.br\/laffimat\/?page_id=569"},"modified":"2024-01-23T14:08:14","modified_gmt":"2024-01-23T17:08:14","slug":"publicacoes","status":"publish","type":"page","link":"https:\/\/wp.ufpel.edu.br\/laffimat\/publicacoes\/","title":{"rendered":"Publica\u00e7\u00f5es"},"content":{"rendered":"<ul>\n<li><span style=\"font-size: 12pt;\"><strong>Artigos 2023<\/strong><\/span><\/li>\n<\/ul>\n<ol>\n<li style=\"text-align: justify;\"><span style=\"font-size: 12pt;\">PERES, LEANDRO L. ; CHOLANT, CAMILA M. ; LEMOS, RAFAELA M.J. ; RODRIGUES, MARCO P. ; KR\u00dcGER, LUANA U. ; PEREIRA, RICHARD ; FLORES, WLADIMIR H. ; G\u00dcNDEL, ANDR\u00c9 ; DA SILVA, DOUGLAS L. ; PAWLICKA, AGNIESZKA ;\u00a0AVELLANEDA, C\u00c9SAR O.. <strong>Effect of ZnO dopant on V2O5:ZnO films electrochromic properties.<\/strong> MATERIALS CHEMISTRY AND PHYSICS, v. 1, p. 128423, 2023.<\/span><\/li>\n<\/ol>\n<ul>\n<li><span style=\"font-size: 12pt;\"><strong>Artigos 2022<\/strong><\/span><\/li>\n<\/ul>\n<ol>\n<li style=\"text-align: justify;\"><span style=\"font-size: 12pt;\">KR\u00dcGER, LUANA U.; CHOLANT, CAMILA M.; RODRIGUES, MARCO P.; GOMEZ, JAVIER A.; LANDARIN, D.M.; LUCIO, C.S.; LOPES, DANIELE F.; BULH\u00d5ES, L.O.S.; AVELLANEDA, CESAR O.. <strong>Photochromism of doped and undoped WO3 sol-gel films: Determination and analysis of optical constants.<\/strong> OPTICAL MATERIALS, v. 128, p. 112357, 2022.<\/span><br \/>\n<hr \/>\n<p><span style=\"font-size: 12pt;\">2. CHOLANT, CAMILA M.; RODRIGUES, MARCO P.; BALBONI, RAPHAEL D. C.; KR\u00dcGER, LUANA U.; LEMOS, RAFAELA M. J.; LOPES, DANIELE F.; PAWLICKA, AGNIESZKA; AVELLANEDA, C\u00c9SAR O.. <strong>Study of the effect of LiClO4 concentration on the ionic transport of solid polymer electrolyte based on poly(vinyl alcohol)\/gum Arabic.<\/strong> IONICS, v. 1, p. 1-15, 2022.<\/span><\/li>\n<\/ol>\n<hr \/>\n<ul>\n<li><span style=\"font-size: 12pt;\"><strong>Artigos 2021<\/strong><\/span><\/li>\n<\/ul>\n<ol>\n<li style=\"text-align: justify;\"><span style=\"font-size: 12pt;\">RODRIGUES, MARCO P. ; CHOLANT, CAMILA M. ; KR\u00dcGER, LUANA U. ; RODRIGUES, LOURENZO M. ; GOMEZ, JAVIER A. ; PROLO FILHO, JO\u00c3O F. ; FLORES, WLADIMIR H. ; G\u00dcNDEL, ANDR\u00c9 ; PAWLICKA, AGNIESZKA ; AVELLANEDA, C\u00c9SAR O. <strong>A Diffusional Study of Electrochromical Effect and Electrointercalation of Li+ Ions in WO3 Thin Films.<\/strong> JOURNAL OF ELECTRONIC MATERIALS, v. 1, p. 1, 2021.<\/span><br \/>\n<hr \/>\n<p><span style=\"font-size: 12pt;\">2. LEMOS, RAFAELA M. J.; BALBONI, RAPHAEL D. C.; CHOLANT, CAMILA M.; AZEVEDO, CRISTIANE F.; PAWLICKA, AGNIESZKA; GUNDEL, ANDR\u00c9; FLORES, WLADIMIR; AVELLANEDA, CESAR O. <strong>Molybdenum doping effect on sol-gel Nb2O5:Li+ thin films: Investigation of structural, optical and electrochromic properties.<\/strong> MATERIALS SCIENCE IN SEMICONDUCTOR PROCESSING, v. 134, p. 105995, 2021.<\/span><\/p>\n<hr \/>\n<p><span style=\"font-size: 12pt;\">3. BALBONI, RAPHAEL D.C.; CHOLANT, CAMILA M.; KR\u00dcGER, LUANA U.; MOURA, ELTON A.; MARON, GUILHERME K.; FLORES, WLADIMIR H.; G\u00dcNDEL, ANDR\u00c9; GATTO, DARCI A.; PAWLICKA, AGNIESZKA; AVELLANEDA, CESAR A.O.; ANDREAZZA, ROBSON. <strong>Influence of weathering and temperature on the electrochemical and microscopical characteristics of CeO2 and CeO2:V2O5 sol-gel thin films.<\/strong> MATERIALS RESEARCH BULLETIN, v. 142, p. 111432, 2021.<\/span><\/li>\n<\/ol>\n<hr \/>\n<ul>\n<li><span style=\"font-size: 12pt;\"><strong>Artigos 2020<\/strong><\/span><\/li>\n<\/ul>\n<ol>\n<li style=\"text-align: justify;\"><span style=\"font-size: 12pt;\">CHOLANT, CAMILA M.; RODRIGUES, MARCO P. ; PERES, LEANDRO L. ; BALBONI, RAPHAEL D. C. ; KR\u00dcGER, LUANA U. ; PLACIDO, DANIELA N. ; FLORES, WLADIMIR H. ; G\u00dcNDEL, ANDR\u00c9 ; PAWLICKA, AGNIESZKA ; AVELLANEDA, C\u00c9SAR O. . <strong>Study of the conductivity of solid polymeric electrolyte based on PVA\/GA blend with addition of acetic acid.<\/strong> JOURNAL OF SOLID STATE ELECTROCHEMISTRY, v. 2, p. 1-9, 2020.<\/span><br \/>\n<hr \/>\n<\/li>\n<li style=\"text-align: justify;\"><span style=\"font-size: 12pt;\">CHOLANT, CAMILA M.; KR\u00dcGER, LUANA U. ; BALBONI, RAPHAEL D. C ; RODRIGUES, MARCO P. ; TAVARES, FABIELE C. ; PERES, LEANDRO L. ; FLORES, WLADIMIR H. ; G\u00dcNDEL, ANDR\u00c9 ; PAWLICKA, AGNIESZKA ; AVELLANEDA, C\u00c9SAR O. . <strong>Synthesis and characterization of solid polymer electrolyte based on poly(vinyl alcohol)\/gum Arabic\/LiClO4.<\/strong> IONICS, p. 1-8, 2020.<\/span><br \/>\n<hr \/>\n<p><span style=\"font-size: 12pt;\">3. PORTO, JOSEANE DA SILVA ; FREITAS, JULYE MOURA RAMALHO DE ; BALBONI, RAPHAEL DORNELES CALDEIRA ; TREICHEL, SUZANA ; CUNHA, EDUARDO GRALA DA ; MATTOS, RENIE SANTOS DE ; LEITZKE, RODRIGO KARINI ; CHOLANT, CAMILA MONTEIRO ; AVELLANEDA, C\u00c9SAR ANTONIO OROPESA. <strong>Desempenho termoenerg\u00e9tico e luminoso de uma edifica\u00e7\u00e3o de escrit\u00f3rio com a utiliza\u00e7\u00e3o de vidros eletrocr\u00f4micos.<\/strong> Materia-Rio de Janeiro, v. 25, p. e-12806, 2020.<\/span><\/p>\n<hr \/>\n<\/li>\n<\/ol>\n<ul>\n<li style=\"text-align: justify;\"><span style=\"font-size: 12pt;\"><b>Artigos 2019<\/b><\/span><\/li>\n<\/ul>\n<ol>\n<li style=\"text-align: justify;\"><span style=\"font-size: 12pt;\">LEITZKE, D.W. ; CHOLANT, C.M. ; LANDARIN, D.M. ; LUCIO, C.S. ; KR\u00dcGER, L.U. ; G\u00dcNDEL, A. ; FLORES, W.H. ; RODRIGUES, M.P. ; BALBONI, R.D.C. ; PAWLICKA, A. ; AVELLANEDA, C.O<b>.<\/b>\u00a0.\u00a0<b>Electrochemical<\/b> <b>properties<\/b> <b>of<\/b><b> WO3 sol-gel <\/b><b>thin<\/b> <b>films<\/b> <b>on<\/b> <b>indium<\/b> <b>tin<\/b><b> oxide\/<\/b><b>poly<\/b><b>(<\/b><b>ethylene<\/b> <b>terephthalate<\/b><b>) <\/b><b>substrate<\/b><b>.<\/b>\u00a0THIN SOLID FILMS, v. 683, p. 8-15, 2019.<\/span><br \/>\n<hr \/>\n<\/li>\n<li style=\"text-align: justify;\"><span style=\"font-size: 12pt;\">TABARELLI, A. ; GARCEZ, E. O. ; NUNES, F. M. ; CHOLANT, C. ; SCHEIBLER, S. B. ;\u00a0AVELLANEDA, C. O.\u00a0. <strong>Investigating the Effect of Curing in the Chloride Diffusion Coefficient of Conventional Concrete.<\/strong> MATERIALS RESEARCH, v. 22, p. 1516, 2019.<\/span><br \/>\n<hr \/>\n<\/li>\n<li style=\"text-align: justify;\"><span style=\"font-size: 12pt;\">LOI, MONIQUE R. ; MOURA, ELTON A. ; WESTPHAL, TALITA M. ; BALBONI, RAPHAEL. D.C. ; G\u00dcNDEL, ANDR\u00c9 ; FLORES, WLADIMIR H. ; PEREIRA, MARCELO B. ; SANTOS, MARCOS J.L. ; SANTOS, JAQUELINE F.L. ; PAWLICKA, AGNIESZKA ; AVELLANEDA, C\u00c9SAR O.\u00a0.<b><\/b><b>Impact<\/b> <b>of<\/b><b> Zr precursor <\/b><b>on<\/b> <b>the<\/b> <b>electrochemical<\/b> <b>properties<\/b> <b>of<\/b><b> V2O5 sol-gel <\/b><b>films<\/b><b>.<\/b>JOURNAL OF ELECTROANALYTICAL CHEMISTRY, v. 839, p. 67-74, 2019.<\/span><br \/>\n<hr \/>\n<\/li>\n<li style=\"text-align: justify;\"><span style=\"font-size: 12pt;\">PAWLICKA, A. ; TAVARES, F.C. ; D\u00d6RR, D.S. ; CHOLANT, C.M. ; ELY, F. ; SANTOS, M.J.L. ; AVELLANEDA, C.O.\u00a0.\u00a0<b>Dielectric<\/b> <b>behavior<\/b> <b>and<\/b><b> FTIR <\/b><b>studies<\/b> <b>of<\/b> <b>xanthan<\/b> <b>gum-based<\/b> <b>solid<\/b> <b>polymer<\/b> <b>electrolytes<\/b><b>.<\/b>ELECTROCHIMICA ACTA, v. 305, p. 232-239, 2019.<\/span><br \/>\n<hr \/>\n<\/li>\n<li style=\"text-align: justify;\"><span style=\"font-size: 12pt;\">PAWLICKA, A. ; AVELLANEDA, C. O ; SILVA, M. ; KAJZAR, F. .\u00a0<b>Optical<\/b> <b>Properties<\/b> <b>of<\/b> <b>Thin<\/b> <b>Films<\/b> <b>and<\/b> <b>Electrochromic<\/b> <b>Devices<\/b><b>. NONLINEAR OPTICS, QUANTUM OPTICS<\/b>, v. 50, p. 165-182, 2019.<\/span><br \/>\n<hr \/>\n<\/li>\n<\/ol>\n<ul>\n<li style=\"text-align: justify;\"><span style=\"font-size: 12pt;\"><b>Artigos 2018<\/b><\/span><\/li>\n<\/ul>\n<ol style=\"text-align: justify;\">\n<li><span style=\"font-size: 12pt;\">TAVARES, FABIELE COLLOVINI ; D\u00d6RR, D\u00d3RIS SIPPEL ; PAWLICKA, AGNIESZKA ;\u00a0OROPESA AVELLANEDA, C\u00c9SAR\u00a0. <strong>Microbial origin xanthan gum-based solid polymer electrolytes.<\/strong> JOURNAL OF APPLIED POLYMER SCIENCE, v. 135, p. 46229, 2018.<\/span><br \/>\n<hr \/>\n<\/li>\n<li><span style=\"font-size: 12pt;\">BALBONI, R. D. C. ; LEMOS, R. M. J. ; MOURA, E. A. ; CHOLANT, C. M.\u00a0; AZEVEDO, C. F. ; CALDEIRA, I. M. ; G\u00dcNDEL, A. ; FLORES, W. H. ; PAWLICKA, A. ; AVELLANEDA, C. O. .\u00a0<b>Electrochemical<\/b><b>, UV-Vis, <\/b><b>and<\/b> <b>microscopical<\/b> <b>characteristics<\/b> <b>of<\/b><b> sol-gel CeO2:V2O5 <\/b><b>thin<\/b> <b>film<\/b><b>.<\/b>Journal of Materials Science: Materials in Electronics, v. 29, p. 16911-16920, 2018.<\/span><br \/>\n<hr \/>\n<\/li>\n<li><span style=\"font-size: 12pt;\">MOURA, E.A. ;\u00a0CHOLANT, C.M.\u00a0; BALBONI, R.D.C. ; WESTPHAL, T.M. ; LEMOS, R.M.J. ; AZEVEDO, C.F. ; G\u00dcNDEL, A. ; FLORES, W.H. ; GOMEZ, J.A. ; ELY, F. ; PAWLICKA, A. ; AVELLANEDA, C.O.\u00a0<b>. <\/b><b>Electrochemical<\/b> <b>properties<\/b> <b>of<\/b> <b>thin<\/b> <b>films<\/b> <b>of<\/b><b> V 2 O 5 <\/b><b>doped<\/b> <b>with<\/b> <b>TiO<\/b><b> 2.<\/b>JOURNAL OF PHYSICS AND CHEMISTRY OF SOLIDS, v. 119, p. 1-8, 2018.<\/span><br \/>\n<hr \/>\n<\/li>\n<li><span style=\"font-size: 12pt;\">CALDEIRA, IZABEL ; L\u00dcDTKE, ANDRESSA ; TAVARES, FABIELE ; CHOLANT, CAMILA ; BALBONI, RAPHAEL ; FLORES, WLADIMIR H. ; GALIO, ALEXANDRE ; PAWLICKA, AGNIESZKA ; AVELLANEDA, C\u00c9SAR O. . <b>Ecologically<\/b> <b>friendly<\/b> <b>xanthan<\/b> <b>gum<\/b><b>-PVA <\/b><b>matrix<\/b><b> for <\/b><b>solid<\/b> <b>polymeric<\/b> <b>electrolytes<\/b><b>.<\/b>\u00a0IONICS, v. 24, p. 413-420, 2018.<\/span><\/li>\n<\/ol>\n<hr \/>\n<ul>\n<li><span style=\"font-size: 12pt;\"><b>Artigos 2017<\/b><\/span><\/li>\n<\/ul>\n<ol>\n<li style=\"text-align: justify;\"><span style=\"font-size: 12pt;\">CHOLANT, C. M.; WESTPHAL, T. M.; BALBONI, R. D. C.; MOURA, E. A.; G\u00dcNDEL, A.; FLORES, W. H.; PAWLICKA, A.; AVELLANEDA, C. O.;\u00a0<b>Thin<\/b> <b>films<\/b> <b>of<\/b><b> V2O5\/MoO3 <\/b><b>and<\/b> <b>their<\/b> <b>applications<\/b><b> in <\/b><b>electrochromism<\/b><b>.\u00a0<\/b>Journal of Solid State Electrochemistry, Maio 2017, Volume 21, ISSN 5, pp 1509\u20131515.<\/span><br \/>\n<hr \/>\n<\/li>\n<li style=\"text-align: justify;\"><span style=\"font-size: 12pt;\">CHOLANT C. M.; AZEVEDO C. F.; CALDEIRA, I.; BALBONI, R. D. C.; MOURA, E. A.; WESTPHAL, T. M.; PAWLICKA, A.; BERTON, M.A.C.; GOMEZ, J. A.; AVELLANEDA, C.O.\u00a0<b>Li+ <\/b><b>Ions<\/b> <b>Diffusion<\/b> <b>Coefficient<\/b><b> in V2O5:MoO3 Sol-Gel <\/b><b>Films<\/b><b>.<\/b>Journal of Molecular Crystals and Liquid Crystals, Dezembro 2017, Vol 655, ISSN 1542-1406, pp 61-70.<\/span><br \/>\n<hr \/>\n<\/li>\n<li style=\"text-align: justify;\"><span style=\"font-size: 12pt;\">WESPHAL, T. M.; CHOLANT, C. M.; AZEVEDO, C. F.; MOURA, E. A.; DA SILVA, D. L.; LEMOS, R. M. J.; PAWLICKA, A.; G\u00dcNDEL, A.; FLORES, W. H.; AVELLANEDA, C. O.\u00a0<b>Influence<\/b> <b>of<\/b> <b>the<\/b><b> Nb2O5 doping <\/b><b>on<\/b> <b>the<\/b> <b>electrochemical<\/b> <b>properties<\/b> <b>of<\/b><b> V2O5 <\/b><b>thin<\/b> <b>films<\/b><b>.<\/b>Journal of Electroanalytical Chemistry, Abril 2017, Vol 790, ISSN 1, pp 50-56.<\/span><br \/>\n<hr \/>\n<\/li>\n<li style=\"text-align: justify;\"><span style=\"font-size: 12pt;\">AZEVEDO, C. F.; BALBONI, R. D. C.; CHOLANT, C. M.; MOURA, E. A.; LEMOS, R. M. J.; PAWLICKA, A.; G\u00dcNDEL, A.; FLORES, W. H.; PEREIRA, M.; AVELLANEDA, C. O.\u00a0<b>New <\/b><b>Thin<\/b> <b>Films<\/b> <b>of<\/b> <b>NiO<\/b> <b>Doped<\/b> <b>with<\/b><b> V2O5 for <\/b><b>Electrochromic<\/b> <b>Applications<\/b>, Journal of Physics and Chemestry of Solids, Maio 2017, Vol 110, pp 30-35.<\/span><br \/>\n<hr \/>\n<\/li>\n<li style=\"text-align: justify;\"><span style=\"font-size: 12pt;\">CALDEIRA, I.; L\u00dcDTKE, A.; TAVARES, F.; CHOLANT, C.; BALBONI, R.; FLORES, W. H.; GALIO, A.; PAWLICKA, A.; AVELLANEDA, C.O.\u00a0<b>Ecologically<\/b> <b>Friendly<\/b> <b>Xanthan<\/b> <b>Gum<\/b><b>-PVA Matrix for <\/b><b>Solid<\/b> <b>Polymeric<\/b> <b>Electrolytes<\/b><b>.<\/b>Ionics, Julho 2017, pp 1-8.<\/span><br \/>\n<hr \/>\n<\/li>\n<li style=\"text-align: justify;\"><span style=\"font-size: 12pt;\">AZEVEDO, G. F.; LEMOS, R. M. J.; ANDRADE, J.; CASTAGNO, K. R. L.; GUNDEL, A.; CHOLANT, C. M.; AZEVEDO, C. F.; PAWLICKA, A.; AVELLANEDA, C. O.\u00a0<b>Influence<\/b> <b>of<\/b><b> Li+:V2O5 Doping <\/b><b>on<\/b><b> Nb2O5 <\/b><b>Thin<\/b> <b>Films<\/b> <b>Electrochemical<\/b><b> Performance.<\/b>Journal Molecular Crystals and Liquid Crystals. Dezembro 2017, Vol 655, ISSN: 1542-1406, pp 71-78.<\/span><br \/>\n<hr \/>\n<\/li>\n<li style=\"text-align: justify;\"><span style=\"font-size: 12pt;\">J.L. Salazar Cuaila , W. Alayo, C\u00e9sar O. Avellaneda<b>Ferromagnetism<\/b><b> in spin-<\/b><b>coated<\/b> <b>cobalt-doped<\/b><b> TiO2 <\/b><b>thin<\/b> <b>films<\/b> <b>and<\/b> <b>the<\/b><b> role <\/b><b>of<\/b> <b>crystalline<\/b> <b>phases<\/b>, Journal of Magnetism and Magnetic Materials 442 (2017) 212\u2013217.<\/span><br \/>\n<hr \/>\n<\/li>\n<li style=\"text-align: justify;\"><span style=\"font-size: 12pt;\">R.M.J. Lemos, J.C.B. Alc\u00e1zar, N.L.V. Carre\u00f1o, J. Andrade, A. Pawlicka, J. Kanicki, A. Gundel, C.F. Azevedo, and C.O. Avellaneda,\u00a0<b>Influence<\/b> <b>of<\/b> <b>molybdenum<\/b> <b>trioxide<\/b> <b>thin<\/b> <b>film<\/b> <b>thickness<\/b> <b>on<\/b><b> its <\/b><b>electrochemical<\/b> <b>properties<\/b>, Journal of Molecular Crystals and Liquid Crystals, Dezembro 2017, Vol 655, ISSN 1542-1406, pp 40-50.<\/span><\/li>\n<\/ol>\n","protected":false},"excerpt":{"rendered":"<p>Artigos 2023 PERES, LEANDRO L. ; CHOLANT, CAMILA M. ; LEMOS, RAFAELA M.J. ; RODRIGUES, MARCO P. ; KR\u00dcGER, LUANA U. ; PEREIRA, RICHARD ; FLORES, WLADIMIR H. ; G\u00dcNDEL, ANDR\u00c9 ; DA SILVA, DOUGLAS L. ; PAWLICKA, AGNIESZKA ;\u00a0AVELLANEDA, &hellip; <a href=\"https:\/\/wp.ufpel.edu.br\/laffimat\/publicacoes\/\">Continue lendo <span class=\"meta-nav\">&rarr;<\/span><\/a><\/p>\n","protected":false},"author":733,"featured_media":0,"parent":0,"menu_order":0,"comment_status":"closed","ping_status":"closed","template":"","meta":{"footnotes":""},"class_list":["post-569","page","type-page","status-publish","hentry"],"jetpack_sharing_enabled":true,"_links":{"self":[{"href":"https:\/\/wp.ufpel.edu.br\/laffimat\/wp-json\/wp\/v2\/pages\/569","targetHints":{"allow":["GET"]}}],"collection":[{"href":"https:\/\/wp.ufpel.edu.br\/laffimat\/wp-json\/wp\/v2\/pages"}],"about":[{"href":"https:\/\/wp.ufpel.edu.br\/laffimat\/wp-json\/wp\/v2\/types\/page"}],"author":[{"embeddable":true,"href":"https:\/\/wp.ufpel.edu.br\/laffimat\/wp-json\/wp\/v2\/users\/733"}],"replies":[{"embeddable":true,"href":"https:\/\/wp.ufpel.edu.br\/laffimat\/wp-json\/wp\/v2\/comments?post=569"}],"version-history":[{"count":8,"href":"https:\/\/wp.ufpel.edu.br\/laffimat\/wp-json\/wp\/v2\/pages\/569\/revisions"}],"predecessor-version":[{"id":864,"href":"https:\/\/wp.ufpel.edu.br\/laffimat\/wp-json\/wp\/v2\/pages\/569\/revisions\/864"}],"wp:attachment":[{"href":"https:\/\/wp.ufpel.edu.br\/laffimat\/wp-json\/wp\/v2\/media?parent=569"}],"curies":[{"name":"wp","href":"https:\/\/api.w.org\/{rel}","templated":true}]}}